{"id":3141,"date":"2023-09-05T11:14:56","date_gmt":"2023-09-05T14:14:56","guid":{"rendered":"https:\/\/buzios-vibe.com\/alimentos-e-bebidas"},"modified":"2023-10-17T13:06:01","modified_gmt":"2023-10-17T16:06:01","slug":"alimentos-e-bebidas","status":"publish","type":"page","link":"https:\/\/buzios-vibe.com\/pt-br\/alimentos-e-bebidas","title":{"rendered":"Alimentos e bebidas"},"content":{"rendered":"<div  class='flex_column av-av_one_full-048119fdb636ea3d70edc0b975509c6c av_one_full  avia-builder-el-0  avia-builder-el-no-sibling  first flex_column_div  '     ><p>\n<style type=\"text\/css\" data-created_by=\"avia_inline_auto\" id=\"style-css-av-lnuimldf-4d61f6e1256135ffa6a50f3ee7eed857\">\n#top .av-special-heading.av-lnuimldf-4d61f6e1256135ffa6a50f3ee7eed857{\npadding-bottom:10px;\n}\nbody .av-special-heading.av-lnuimldf-4d61f6e1256135ffa6a50f3ee7eed857 .av-special-heading-tag .heading-char{\nfont-size:25px;\n}\n.av-special-heading.av-lnuimldf-4d61f6e1256135ffa6a50f3ee7eed857 .av-subheading{\nfont-size:15px;\n}\n<\/style>\n<div  class='av-special-heading av-lnuimldf-4d61f6e1256135ffa6a50f3ee7eed857 av-special-heading-h1  avia-builder-el-1  el_before_av_textblock  avia-builder-el-first '><h1 class='av-special-heading-tag'  itemprop=\"headline\"  >ALIMENTOS E BEBIDAS EM B\u00daZIOS, BRASIL<\/h1><div class=\"special-heading-border\"><div class=\"special-heading-inner-border\"><\/div><\/div><\/div><br \/>\n<section  class='av_textblock_section av-lnuim1ri-e8e0b3ec5ac9e84721f0372ece944b02 '   itemscope=\"itemscope\" itemtype=\"https:\/\/schema.org\/CreativeWork\" ><div class='avia_textblock'  itemprop=\"text\" ><p>Bem-vindo \u00e0 categoria Comidas e Bebidas, onde exploramos as maravilhas gastron\u00f3micas de B\u00fazios, Brasil &#8211; um destino t\u00e3o rico em sabores como em beleza natural. Aninhada ao longo da costa c\u00e9nica, esta cidade encantadora oferece uma viagem culin\u00e1ria que \u00e9 t\u00e3o diversa e vibrante como a sua cultura. Desde a comida de rua local at\u00e9 experi\u00eancias gastron\u00f3micas requintadas, B\u00fazios oferece uma variedade de op\u00e7\u00f5es que prometem seduzir o seu paladar.<\/p>\n<p>Nesta categoria deliciosamente selecionada, voc\u00ea encontrar\u00e1:<\/p>\n<ul>\n<li><strong>Culin\u00e1ria local:<\/strong> Descubra os sabores aut\u00eanticos de B\u00fazios, desde frutos do mar rec\u00e9m pescados at\u00e9 pratos tradicionais brasileiros como feijoada e acaraj\u00e9.<\/li>\n<li><strong>Restaurantes finos:<\/strong> Conhe\u00e7a os restaurantes de alto padr\u00e3o da cidade que oferecem card\u00e1pios gourmet e vistas deslumbrantes para o mar.<\/li>\n<li><strong>Caf\u00e9s \u00e0 beira-mar:<\/strong> Tome uma caipirinha enquanto aprecia a brisa do mar. N\u00f3s guiamo-lo at\u00e9 aos melhores locais.<\/li>\n<li><strong>Bares e vida nocturna:<\/strong> De vibrantes bares de samba a descontra\u00eddos lounges de praia, explore a din\u00e2mica vida noturna de B\u00fazios.<\/li>\n<li><strong>Comida de rua e petiscos:<\/strong> Saiba onde encontrar comida r\u00e1pida, saborosa e barata na cidade.<\/li>\n<li><strong>Cervejarias e Vinhos:<\/strong> Interessado em cervejas locais ou vinhos sul-americanos? Temos tudo o que precisa.<\/li>\n<\/ul>\n<p>Se voc\u00ea \u00e9 um foodie em busca de sabores ex\u00f3ticos, um casal \u00e0 procura de um lugar para um jantar rom\u00e2ntico, ou um viajante ansioso para mergulhar na cultura local atrav\u00e9s de sua culin\u00e1ria, esta categoria \u00e9 o seu guia definitivo para comer e beber em B\u00fazios. Bom apetite e sa\u00fade!<\/p>\n<\/div><\/section><br \/>\n<div  data-slideshow-options=\"{&quot;animation&quot;:&quot;fade&quot;,&quot;autoplay&quot;:false,&quot;loop_autoplay&quot;:&quot;once&quot;,&quot;interval&quot;:&quot;5&quot;,&quot;loop_manual&quot;:&quot;manual-once&quot;,&quot;autoplay_stopper&quot;:false,&quot;noNavigation&quot;:false,&quot;show_slide_delay&quot;:90}\" class='avia-content-slider avia-content-slider-active avia-content-slider1 avia-content-slider-odd  avia-builder-el-3  el_after_av_textblock  el_before_av_postslider  av-slideshow-ui av-control-default   av-no-slider-navigation av-slideshow-manual av-loop-once av-loop-manual-once '  itemscope=\"itemscope\" itemtype=\"https:\/\/schema.org\/Blog\" ><div class=\"avia-content-slider-inner\"><div class=\"slide-entry-wrap\"><article class='slide-entry flex_column  post-entry post-entry-3487 slide-entry-overview slide-loop-1 slide-parity-odd  av_one_third first real-thumbnail posttype-post post-format-standard'  itemscope=\"itemscope\" itemtype=\"https:\/\/schema.org\/CreativeWork\" ><a href='https:\/\/buzios-vibe.com\/pt-br\/frutas-locais-que-voce-deve-experimentar-quando-visitar-buzios-brasil' data-rel='slide-1' class='slide-image' title='Frutas locais que voc\u00ea deve experimentar quando visitar B\u00fazios, Brasil'><img decoding=\"async\" width=\"495\" height=\"400\" src=\"https:\/\/buzios-vibe.com\/wp-content\/uploads\/2023\/09\/papaya_mamao_buzios-495x400.png\" class=\"wp-image-2906 avia-img-lazy-loading-not-2906 attachment-portfolio size-portfolio wp-post-image\" alt=\"\" srcset=\"https:\/\/buzios-vibe.com\/wp-content\/uploads\/2023\/09\/papaya_mamao_buzios-495x400.png 495w, https:\/\/buzios-vibe.com\/wp-content\/uploads\/2023\/09\/papaya_mamao_buzios-845x684.png 845w\" sizes=\"(max-width: 495px) 100vw, 495px\" \/><\/a><div class=\"slide-content\"><header class=\"entry-content-header\"><span class=\"blog-categories minor-meta\"><a href=\"https:\/\/buzios-vibe.com\/pt-br\/category\/alimentos-e-bebidas-em-buzios-brasil\" rel=\"tag\">Alimentos e bebidas em B\u00fazios, Brasil<\/a>  <\/span><h3 class='slide-entry-title entry-title '  itemprop=\"headline\" ><a href='https:\/\/buzios-vibe.com\/pt-br\/frutas-locais-que-voce-deve-experimentar-quando-visitar-buzios-brasil' title='Frutas locais que voc\u00ea deve experimentar quando visitar B\u00fazios, Brasil'>Frutas locais que voc\u00ea deve experimentar quando visitar B\u00fazios, Brasil<\/a><\/h3><span class=\"av-vertical-delimiter\"><\/span><\/header><div class='slide-entry-excerpt entry-content'  itemprop=\"text\" >\nB\u00fazios, uma pitoresca cidade costeira no Rio de Janeiro, Brasil, \u00e9 mais do que apenas um para\u00edso tropical adornado com praias imaculadas. \u00c9 um lugar onde a terra oferece generosamente uma variedade de frutos que n\u00e3o vai querer perder.\u2026<div class=\"read-more-link\"><a href=\"https:\/\/buzios-vibe.com\/pt-br\/frutas-locais-que-voce-deve-experimentar-quando-visitar-buzios-brasil\" class=\"more-link\">Read more<span class=\"more-link-arrow\"><\/span><\/a><\/div><\/div><\/div><footer class=\"entry-footer\"><div class=\"slide-meta\"><time class='slide-meta-time updated'  itemprop=\"datePublished\" datetime=\"2023-09-12T14:31:53-03:00\" >September 12, 2023<\/time><div class=\"slide-meta-del\">\/<\/div><div class=\"slide-meta-comments\"><a href='https:\/\/buzios-vibe.com\/pt-br\/frutas-locais-que-voce-deve-experimentar-quando-visitar-buzios-brasil#respond'>0 Comments<\/a><\/div><\/div><\/footer><span class='hidden'>\n\t\t\t\t<span class='av-structured-data'  itemprop=\"image\" itemscope=\"itemscope\" itemtype=\"https:\/\/schema.org\/ImageObject\" >\n\t\t\t\t\t\t<span itemprop='url'>https:\/\/buzios-vibe.com\/wp-content\/uploads\/2023\/09\/papaya_mamao_buzios.png<\/span>\n\t\t\t\t\t\t<span itemprop='height'>1976<\/span>\n\t\t\t\t\t\t<span itemprop='width'>2634<\/span>\n\t\t\t\t<\/span>\n\t\t\t\t<span class='av-structured-data'  itemprop=\"publisher\" itemtype=\"https:\/\/schema.org\/Organization\" itemscope=\"itemscope\" >\n\t\t\t\t\t\t<span itemprop='name'>Marrai<\/span>\n\t\t\t\t\t\t<span itemprop='logo' itemscope itemtype='https:\/\/schema.org\/ImageObject'>\n\t\t\t\t\t\t\t<span itemprop='url'>https:\/\/buzios-vibe.com\/wp-content\/uploads\/2023\/04\/cropped-Buzios_Vibe_Logo-300x100.png<\/span>\n\t\t\t\t\t\t<\/span>\n\t\t\t\t<\/span><span class='av-structured-data'  itemprop=\"author\" itemscope=\"itemscope\" itemtype=\"https:\/\/schema.org\/Person\" ><span itemprop='name'>Marrai<\/span><\/span><span class='av-structured-data'  itemprop=\"datePublished\" datetime=\"2023-09-05T11:14:56-03:00\" >2023-09-12 14:31:53<\/span><span class='av-structured-data'  itemprop=\"dateModified\" itemtype=\"https:\/\/schema.org\/dateModified\" >2024-11-15 15:32:18<\/span><span class='av-structured-data'  itemprop=\"mainEntityOfPage\" itemtype=\"https:\/\/schema.org\/mainEntityOfPage\" ><span itemprop='name'>Frutas locais que voc\u00ea deve experimentar quando visitar B\u00fazios, Brasil<\/span><\/span><\/span><\/article><article class='slide-entry flex_column  post-entry post-entry-3483 slide-entry-overview slide-loop-2 slide-parity-even  av_one_third  real-thumbnail posttype-post post-format-standard'  itemscope=\"itemscope\" itemtype=\"https:\/\/schema.org\/CreativeWork\" ><a href='https:\/\/buzios-vibe.com\/pt-br\/um-tour-culinario-a-imperdivel-comida-de-rua-das-praias-de-buzios' data-rel='slide-1' class='slide-image' title='Um Tour Culin\u00e1rio: A Imperd\u00edvel Comida de Rua das Praias de B\u00fazios'><img decoding=\"async\" width=\"495\" height=\"400\" src=\"https:\/\/buzios-vibe.com\/wp-content\/uploads\/2023\/09\/Buzios_vendedor_acai_travel_blog-495x400.png\" class=\"wp-image-2641 avia-img-lazy-loading-not-2641 attachment-portfolio size-portfolio wp-post-image\" alt=\"\" srcset=\"https:\/\/buzios-vibe.com\/wp-content\/uploads\/2023\/09\/Buzios_vendedor_acai_travel_blog-495x400.png 495w, https:\/\/buzios-vibe.com\/wp-content\/uploads\/2023\/09\/Buzios_vendedor_acai_travel_blog-845x684.png 845w\" sizes=\"(max-width: 495px) 100vw, 495px\" \/><\/a><div class=\"slide-content\"><header class=\"entry-content-header\"><span class=\"blog-categories minor-meta\"><a href=\"https:\/\/buzios-vibe.com\/pt-br\/category\/alimentos-e-bebidas-em-buzios-brasil\" rel=\"tag\">Alimentos e bebidas em B\u00fazios, Brasil<\/a>  <\/span><h3 class='slide-entry-title entry-title '  itemprop=\"headline\" ><a href='https:\/\/buzios-vibe.com\/pt-br\/um-tour-culinario-a-imperdivel-comida-de-rua-das-praias-de-buzios' title='Um Tour Culin\u00e1rio: A Imperd\u00edvel Comida de Rua das Praias de B\u00fazios'>Um Tour Culin\u00e1rio: A Imperd\u00edvel Comida de Rua das Praias de B\u00fazios<\/a><\/h3><span class=\"av-vertical-delimiter\"><\/span><\/header><div class='slide-entry-excerpt entry-content'  itemprop=\"text\" >\nAs deslumbrantes praias de B\u00fazios, no Brasil, s\u00e3o conhecidas em todo o mundo, mas o que torna um dia de praia verdadeiramente especial \u00e9 a viagem gastron\u00f3mica em que se pode embarcar sem sair da areia. A comida de rua em B\u00fazios oferece\u2026<div class=\"read-more-link\"><a href=\"https:\/\/buzios-vibe.com\/pt-br\/um-tour-culinario-a-imperdivel-comida-de-rua-das-praias-de-buzios\" class=\"more-link\">Read more<span class=\"more-link-arrow\"><\/span><\/a><\/div><\/div><\/div><footer class=\"entry-footer\"><div class=\"slide-meta\"><time class='slide-meta-time updated'  itemprop=\"datePublished\" datetime=\"2023-09-05T15:16:39-03:00\" >September 5, 2023<\/time><div class=\"slide-meta-del\">\/<\/div><div class=\"slide-meta-comments\"><a href='https:\/\/buzios-vibe.com\/pt-br\/um-tour-culinario-a-imperdivel-comida-de-rua-das-praias-de-buzios#respond'>0 Comments<\/a><\/div><\/div><\/footer><span class='hidden'>\n\t\t\t\t<span class='av-structured-data'  itemprop=\"image\" itemscope=\"itemscope\" itemtype=\"https:\/\/schema.org\/ImageObject\" >\n\t\t\t\t\t\t<span itemprop='url'>https:\/\/buzios-vibe.com\/wp-content\/uploads\/2023\/09\/Buzios_vendedor_acai_travel_blog.png<\/span>\n\t\t\t\t\t\t<span itemprop='height'>2266<\/span>\n\t\t\t\t\t\t<span itemprop='width'>3022<\/span>\n\t\t\t\t<\/span>\n\t\t\t\t<span class='av-structured-data'  itemprop=\"publisher\" itemtype=\"https:\/\/schema.org\/Organization\" itemscope=\"itemscope\" >\n\t\t\t\t\t\t<span itemprop='name'>Marrai<\/span>\n\t\t\t\t\t\t<span itemprop='logo' itemscope itemtype='https:\/\/schema.org\/ImageObject'>\n\t\t\t\t\t\t\t<span itemprop='url'>https:\/\/buzios-vibe.com\/wp-content\/uploads\/2023\/04\/cropped-Buzios_Vibe_Logo-300x100.png<\/span>\n\t\t\t\t\t\t<\/span>\n\t\t\t\t<\/span><span class='av-structured-data'  itemprop=\"author\" itemscope=\"itemscope\" itemtype=\"https:\/\/schema.org\/Person\" ><span itemprop='name'>Marrai<\/span><\/span><span class='av-structured-data'  itemprop=\"datePublished\" datetime=\"2023-09-05T11:14:56-03:00\" >2023-09-05 15:16:39<\/span><span class='av-structured-data'  itemprop=\"dateModified\" itemtype=\"https:\/\/schema.org\/dateModified\" >2024-11-15 15:33:26<\/span><span class='av-structured-data'  itemprop=\"mainEntityOfPage\" itemtype=\"https:\/\/schema.org\/mainEntityOfPage\" ><span itemprop='name'>Um Tour Culin\u00e1rio: A Imperd\u00edvel Comida de Rua das Praias de B\u00fazios<\/span><\/span><\/span><\/article><article class='slide-entry flex_column  post-entry post-entry-3410 slide-entry-overview slide-loop-3 slide-parity-odd  post-entry-last  av_one_third  real-thumbnail posttype-post post-format-standard'  itemscope=\"itemscope\" itemtype=\"https:\/\/schema.org\/CreativeWork\" ><a href='https:\/\/buzios-vibe.com\/pt-br\/uma-viagem-culinaria-por-buzios-descubra-os-sabores-da-joia-do-litoral-brasileiro' data-rel='slide-1' class='slide-image' title='Uma Viagem Culin\u00e1ria por B\u00fazios: Descubra os sabores da joia do litoral brasileiro'><img decoding=\"async\" width=\"495\" height=\"400\" src=\"https:\/\/buzios-vibe.com\/wp-content\/uploads\/2023\/08\/Picanha_brazilian_food_blog-495x400.jpg\" class=\"wp-image-2631 avia-img-lazy-loading-not-2631 attachment-portfolio size-portfolio wp-post-image\" alt=\"\" srcset=\"https:\/\/buzios-vibe.com\/wp-content\/uploads\/2023\/08\/Picanha_brazilian_food_blog-495x400.jpg 495w, https:\/\/buzios-vibe.com\/wp-content\/uploads\/2023\/08\/Picanha_brazilian_food_blog-845x684.jpg 845w\" sizes=\"(max-width: 495px) 100vw, 495px\" \/><\/a><div class=\"slide-content\"><header class=\"entry-content-header\"><span class=\"blog-categories minor-meta\"><a href=\"https:\/\/buzios-vibe.com\/pt-br\/category\/alimentos-e-bebidas-em-buzios-brasil\" rel=\"tag\">Alimentos e bebidas em B\u00fazios, Brasil<\/a>  <\/span><h3 class='slide-entry-title entry-title '  itemprop=\"headline\" ><a href='https:\/\/buzios-vibe.com\/pt-br\/uma-viagem-culinaria-por-buzios-descubra-os-sabores-da-joia-do-litoral-brasileiro' title='Uma Viagem Culin\u00e1ria por B\u00fazios: Descubra os sabores da joia do litoral brasileiro'>Uma Viagem Culin\u00e1ria por B\u00fazios: Descubra os sabores da joia do litoral brasileiro<\/a><\/h3><span class=\"av-vertical-delimiter\"><\/span><\/header><div class='slide-entry-excerpt entry-content'  itemprop=\"text\" >\nA cidade litor\u00e2nea brasileira de Arma\u00e7\u00e3o dos B\u00fazios, carinhosamente conhecida como B\u00fazios, \u00e9 conhecida por suas belas praias, paisagens exuberantes e cultura vibrante. No entanto, um dos seus atributos menos conhecidos, mas igualmente\u2026<div class=\"read-more-link\"><a href=\"https:\/\/buzios-vibe.com\/pt-br\/uma-viagem-culinaria-por-buzios-descubra-os-sabores-da-joia-do-litoral-brasileiro\" class=\"more-link\">Read more<span class=\"more-link-arrow\"><\/span><\/a><\/div><\/div><\/div><footer class=\"entry-footer\"><div class=\"slide-meta\"><time class='slide-meta-time updated'  itemprop=\"datePublished\" datetime=\"2023-08-30T10:44:11-03:00\" >August 30, 2023<\/time><div class=\"slide-meta-del\">\/<\/div><div class=\"slide-meta-comments\"><a href='https:\/\/buzios-vibe.com\/pt-br\/uma-viagem-culinaria-por-buzios-descubra-os-sabores-da-joia-do-litoral-brasileiro#respond'>0 Comments<\/a><\/div><\/div><\/footer><span class='hidden'>\n\t\t\t\t<span class='av-structured-data'  itemprop=\"image\" itemscope=\"itemscope\" itemtype=\"https:\/\/schema.org\/ImageObject\" >\n\t\t\t\t\t\t<span itemprop='url'>https:\/\/buzios-vibe.com\/wp-content\/uploads\/2023\/08\/Picanha_brazilian_food_blog-scaled.jpg<\/span>\n\t\t\t\t\t\t<span itemprop='height'>1707<\/span>\n\t\t\t\t\t\t<span itemprop='width'>2560<\/span>\n\t\t\t\t<\/span>\n\t\t\t\t<span class='av-structured-data'  itemprop=\"publisher\" itemtype=\"https:\/\/schema.org\/Organization\" itemscope=\"itemscope\" >\n\t\t\t\t\t\t<span itemprop='name'>Marrai<\/span>\n\t\t\t\t\t\t<span itemprop='logo' itemscope itemtype='https:\/\/schema.org\/ImageObject'>\n\t\t\t\t\t\t\t<span itemprop='url'>https:\/\/buzios-vibe.com\/wp-content\/uploads\/2023\/04\/cropped-Buzios_Vibe_Logo-300x100.png<\/span>\n\t\t\t\t\t\t<\/span>\n\t\t\t\t<\/span><span class='av-structured-data'  itemprop=\"author\" itemscope=\"itemscope\" itemtype=\"https:\/\/schema.org\/Person\" ><span itemprop='name'>Marrai<\/span><\/span><span class='av-structured-data'  itemprop=\"datePublished\" datetime=\"2023-09-05T11:14:56-03:00\" >2023-08-30 10:44:11<\/span><span class='av-structured-data'  itemprop=\"dateModified\" itemtype=\"https:\/\/schema.org\/dateModified\" >2024-11-15 15:28:14<\/span><span class='av-structured-data'  itemprop=\"mainEntityOfPage\" itemtype=\"https:\/\/schema.org\/mainEntityOfPage\" ><span itemprop='name'>Uma Viagem Culin\u00e1ria por B\u00fazios: Descubra os sabores da joia do litoral brasileiro<\/span><\/span><\/span><\/article><\/div><\/div><\/div><br \/>\n<br \/>\n<br \/>\n<br \/>\n<\/p><\/div>\n","protected":false},"excerpt":{"rendered":"","protected":false},"author":1,"featured_media":0,"parent":0,"menu_order":0,"comment_status":"closed","ping_status":"closed","template":"","meta":{"footnotes":""},"class_list":["post-3141","page","type-page","status-publish","hentry"],"yoast_head":"<!-- This site is optimized with the Yoast SEO plugin v25.7 - https:\/\/yoast.com\/wordpress\/plugins\/seo\/ -->\n<title>Guia de Comidas e Bebidas de B\u00fazios: Saboreie as del\u00edcias culin\u00e1rias do Brasil<\/title>\n<meta name=\"description\" content=\"Experimente a melhor comida de B\u00fazios, Brasil! Desde iguarias locais e jantares requintados a caf\u00e9s \u00e0 beira-mar e vida nocturna vibrante, explore a paisagem gastron\u00f3mica diversificada desta encantadora cidade costeira. Mergulhe nos sabores aut\u00eanticos, descubra os melhores restaurantes e delicie-se com o melhor da culin\u00e1ria de B\u00fazios.\" \/>\n<meta name=\"robots\" content=\"index, follow, max-snippet:-1, max-image-preview:large, max-video-preview:-1\" \/>\n<link rel=\"canonical\" href=\"https:\/\/buzios-vibe.com\/pt-br\/alimentos-e-bebidas\" \/>\n<meta property=\"og:locale\" content=\"pt_PT\" \/>\n<meta property=\"og:type\" content=\"article\" \/>\n<meta property=\"og:title\" content=\"Guia de Comidas e Bebidas de B\u00fazios: Saboreie as del\u00edcias culin\u00e1rias do Brasil\" \/>\n<meta property=\"og:description\" content=\"Experimente a melhor comida de B\u00fazios, Brasil! Desde iguarias locais e jantares requintados a caf\u00e9s \u00e0 beira-mar e vida nocturna vibrante, explore a paisagem gastron\u00f3mica diversificada desta encantadora cidade costeira. Mergulhe nos sabores aut\u00eanticos, descubra os melhores restaurantes e delicie-se com o melhor da culin\u00e1ria de B\u00fazios.\" \/>\n<meta property=\"og:url\" content=\"https:\/\/buzios-vibe.com\/pt-br\/alimentos-e-bebidas\" \/>\n<meta property=\"og:site_name\" content=\"Buzios Vibe - all you need to know about Buzios\" \/>\n<meta property=\"article:modified_time\" content=\"2023-10-17T16:06:01+00:00\" \/>\n<meta property=\"og:image\" content=\"https:\/\/buzios-vibe.com\/wp-content\/uploads\/2023\/10\/hotel_casas_brancas_buzios_brazil_travel_blog-1030x773.png\" \/>\n\t<meta property=\"og:image:width\" content=\"1030\" \/>\n\t<meta property=\"og:image:height\" content=\"773\" \/>\n\t<meta property=\"og:image:type\" content=\"image\/png\" \/>\n<meta name=\"twitter:card\" content=\"summary_large_image\" \/>\n<meta name=\"twitter:label1\" content=\"Est. reading time\" \/>\n\t<meta name=\"twitter:data1\" content=\"3 minutes\" \/>\n<script type=\"application\/ld+json\" class=\"yoast-schema-graph\">{\"@context\":\"https:\/\/schema.org\",\"@graph\":[{\"@type\":\"WebPage\",\"@id\":\"https:\/\/buzios-vibe.com\/pt-br\/alimentos-e-bebidas\",\"url\":\"https:\/\/buzios-vibe.com\/pt-br\/alimentos-e-bebidas\",\"name\":\"Guia de Comidas e Bebidas de B\u00fazios: Saboreie as del\u00edcias culin\u00e1rias do Brasil\",\"isPartOf\":{\"@id\":\"https:\/\/buzios-vibe.com\/pt-br#website\"},\"datePublished\":\"2023-09-05T14:14:56+00:00\",\"dateModified\":\"2023-10-17T16:06:01+00:00\",\"description\":\"Experimente a melhor comida de B\u00fazios, Brasil! Desde iguarias locais e jantares requintados a caf\u00e9s \u00e0 beira-mar e vida nocturna vibrante, explore a paisagem gastron\u00f3mica diversificada desta encantadora cidade costeira. Mergulhe nos sabores aut\u00eanticos, descubra os melhores restaurantes e delicie-se com o melhor da culin\u00e1ria de B\u00fazios.\",\"breadcrumb\":{\"@id\":\"https:\/\/buzios-vibe.com\/pt-br\/alimentos-e-bebidas#breadcrumb\"},\"inLanguage\":\"pt\",\"potentialAction\":[{\"@type\":\"ReadAction\",\"target\":[\"https:\/\/buzios-vibe.com\/pt-br\/alimentos-e-bebidas\"]}]},{\"@type\":\"BreadcrumbList\",\"@id\":\"https:\/\/buzios-vibe.com\/pt-br\/alimentos-e-bebidas#breadcrumb\",\"itemListElement\":[{\"@type\":\"ListItem\",\"position\":1,\"name\":\"Home\",\"item\":\"https:\/\/buzios-vibe.com\/pt-br\"},{\"@type\":\"ListItem\",\"position\":2,\"name\":\"Alimentos e bebidas\"}]},{\"@type\":\"WebSite\",\"@id\":\"https:\/\/buzios-vibe.com\/pt-br#website\",\"url\":\"https:\/\/buzios-vibe.com\/pt-br\",\"name\":\"Buzios Vibe - all you need to know about Buzios\",\"description\":\"Buzios Vibe - all you need to know about Buzios\",\"potentialAction\":[{\"@type\":\"SearchAction\",\"target\":{\"@type\":\"EntryPoint\",\"urlTemplate\":\"https:\/\/buzios-vibe.com\/pt-br?s={search_term_string}\"},\"query-input\":{\"@type\":\"PropertyValueSpecification\",\"valueRequired\":true,\"valueName\":\"search_term_string\"}}],\"inLanguage\":\"pt\"}]}<\/script>\n<!-- \/ Yoast SEO plugin. -->","yoast_head_json":{"title":"Guia de Comidas e Bebidas de B\u00fazios: Saboreie as del\u00edcias culin\u00e1rias do Brasil","description":"Experimente a melhor comida de B\u00fazios, Brasil! Desde iguarias locais e jantares requintados a caf\u00e9s \u00e0 beira-mar e vida nocturna vibrante, explore a paisagem gastron\u00f3mica diversificada desta encantadora cidade costeira. Mergulhe nos sabores aut\u00eanticos, descubra os melhores restaurantes e delicie-se com o melhor da culin\u00e1ria de B\u00fazios.","robots":{"index":"index","follow":"follow","max-snippet":"max-snippet:-1","max-image-preview":"max-image-preview:large","max-video-preview":"max-video-preview:-1"},"canonical":"https:\/\/buzios-vibe.com\/pt-br\/alimentos-e-bebidas","og_locale":"pt_PT","og_type":"article","og_title":"Guia de Comidas e Bebidas de B\u00fazios: Saboreie as del\u00edcias culin\u00e1rias do Brasil","og_description":"Experimente a melhor comida de B\u00fazios, Brasil! Desde iguarias locais e jantares requintados a caf\u00e9s \u00e0 beira-mar e vida nocturna vibrante, explore a paisagem gastron\u00f3mica diversificada desta encantadora cidade costeira. Mergulhe nos sabores aut\u00eanticos, descubra os melhores restaurantes e delicie-se com o melhor da culin\u00e1ria de B\u00fazios.","og_url":"https:\/\/buzios-vibe.com\/pt-br\/alimentos-e-bebidas","og_site_name":"Buzios Vibe - all you need to know about Buzios","article_modified_time":"2023-10-17T16:06:01+00:00","og_image":[{"width":1030,"height":773,"url":"https:\/\/buzios-vibe.com\/wp-content\/uploads\/2023\/10\/hotel_casas_brancas_buzios_brazil_travel_blog-1030x773.png","type":"image\/png"}],"twitter_card":"summary_large_image","twitter_misc":{"Est. reading time":"3 minutes"},"schema":{"@context":"https:\/\/schema.org","@graph":[{"@type":"WebPage","@id":"https:\/\/buzios-vibe.com\/pt-br\/alimentos-e-bebidas","url":"https:\/\/buzios-vibe.com\/pt-br\/alimentos-e-bebidas","name":"Guia de Comidas e Bebidas de B\u00fazios: Saboreie as del\u00edcias culin\u00e1rias do Brasil","isPartOf":{"@id":"https:\/\/buzios-vibe.com\/pt-br#website"},"datePublished":"2023-09-05T14:14:56+00:00","dateModified":"2023-10-17T16:06:01+00:00","description":"Experimente a melhor comida de B\u00fazios, Brasil! Desde iguarias locais e jantares requintados a caf\u00e9s \u00e0 beira-mar e vida nocturna vibrante, explore a paisagem gastron\u00f3mica diversificada desta encantadora cidade costeira. Mergulhe nos sabores aut\u00eanticos, descubra os melhores restaurantes e delicie-se com o melhor da culin\u00e1ria de B\u00fazios.","breadcrumb":{"@id":"https:\/\/buzios-vibe.com\/pt-br\/alimentos-e-bebidas#breadcrumb"},"inLanguage":"pt","potentialAction":[{"@type":"ReadAction","target":["https:\/\/buzios-vibe.com\/pt-br\/alimentos-e-bebidas"]}]},{"@type":"BreadcrumbList","@id":"https:\/\/buzios-vibe.com\/pt-br\/alimentos-e-bebidas#breadcrumb","itemListElement":[{"@type":"ListItem","position":1,"name":"Home","item":"https:\/\/buzios-vibe.com\/pt-br"},{"@type":"ListItem","position":2,"name":"Alimentos e bebidas"}]},{"@type":"WebSite","@id":"https:\/\/buzios-vibe.com\/pt-br#website","url":"https:\/\/buzios-vibe.com\/pt-br","name":"Buzios Vibe - all you need to know about Buzios","description":"Buzios Vibe - all you need to know about Buzios","potentialAction":[{"@type":"SearchAction","target":{"@type":"EntryPoint","urlTemplate":"https:\/\/buzios-vibe.com\/pt-br?s={search_term_string}"},"query-input":{"@type":"PropertyValueSpecification","valueRequired":true,"valueName":"search_term_string"}}],"inLanguage":"pt"}]}},"_links":{"self":[{"href":"https:\/\/buzios-vibe.com\/pt-br\/wp-json\/wp\/v2\/pages\/3141","targetHints":{"allow":["GET"]}}],"collection":[{"href":"https:\/\/buzios-vibe.com\/pt-br\/wp-json\/wp\/v2\/pages"}],"about":[{"href":"https:\/\/buzios-vibe.com\/pt-br\/wp-json\/wp\/v2\/types\/page"}],"author":[{"embeddable":true,"href":"https:\/\/buzios-vibe.com\/pt-br\/wp-json\/wp\/v2\/users\/1"}],"replies":[{"embeddable":true,"href":"https:\/\/buzios-vibe.com\/pt-br\/wp-json\/wp\/v2\/comments?post=3141"}],"version-history":[{"count":6,"href":"https:\/\/buzios-vibe.com\/pt-br\/wp-json\/wp\/v2\/pages\/3141\/revisions"}],"predecessor-version":[{"id":3730,"href":"https:\/\/buzios-vibe.com\/pt-br\/wp-json\/wp\/v2\/pages\/3141\/revisions\/3730"}],"wp:attachment":[{"href":"https:\/\/buzios-vibe.com\/pt-br\/wp-json\/wp\/v2\/media?parent=3141"}],"curies":[{"name":"wp","href":"https:\/\/api.w.org\/{rel}","templated":true}]}}