{"id":3140,"date":"2023-09-05T11:10:12","date_gmt":"2023-09-05T14:10:12","guid":{"rendered":"https:\/\/buzios-vibe.com\/cultura-e-historia"},"modified":"2023-10-17T13:22:33","modified_gmt":"2023-10-17T16:22:33","slug":"cultura-e-historia","status":"publish","type":"page","link":"https:\/\/buzios-vibe.com\/pt-br\/cultura-e-historia","title":{"rendered":"Cultura e Hist\u00f3ria"},"content":{"rendered":"<div  class='flex_column av-38ka70-6a75953a90a2a2ed36ad84e0f8f79008 av_one_full  avia-builder-el-0  avia-builder-el-no-sibling  first flex_column_div  '     ><p>\n<style type=\"text\/css\" data-created_by=\"avia_inline_auto\" id=\"style-css-av-lm6dzgia-b8abe504d4b4249fce070deec15d3dfd\">\n#top .av-special-heading.av-lm6dzgia-b8abe504d4b4249fce070deec15d3dfd{\npadding-bottom:10px;\n}\nbody .av-special-heading.av-lm6dzgia-b8abe504d4b4249fce070deec15d3dfd .av-special-heading-tag .heading-char{\nfont-size:25px;\n}\n.av-special-heading.av-lm6dzgia-b8abe504d4b4249fce070deec15d3dfd .av-subheading{\nfont-size:15px;\n}\n<\/style>\n<div  class='av-special-heading av-lm6dzgia-b8abe504d4b4249fce070deec15d3dfd av-special-heading-h1  avia-builder-el-1  el_before_av_textblock  avia-builder-el-first '><h1 class='av-special-heading-tag'  itemprop=\"headline\"  >Cultura e Hist\u00f3ria em B\u00fazios, Brasil<\/h1><div class=\"special-heading-border\"><div class=\"special-heading-inner-border\"><\/div><\/div><\/div><br \/>\n<section  class='av_textblock_section av-lm6dzzg9-e7361ebb449422db064bde8fdca6d374 '   itemscope=\"itemscope\" itemtype=\"https:\/\/schema.org\/CreativeWork\" ><div class='avia_textblock'  itemprop=\"text\" ><p>Mergulhe na rica tape\u00e7aria de cultura e hist\u00f3ria que envolve a encantadora cidade costeira de B\u00fazios, Brasil. Embora as praias e as paisagens naturais muitas vezes roubem as aten\u00e7\u00f5es, B\u00fazios \u00e9 tamb\u00e9m um local repleto de significado hist\u00f3rico e riqueza cultural. Esta sec\u00e7\u00e3o \u00e9 a sua porta de entrada para compreender as diversas influ\u00eancias e hist\u00f3rias que moldaram esta cidade \u00e0 beira-mar desde os seus prim\u00f3rdios como vila de pescadores at\u00e9 ao seu estatuto contempor\u00e2neo como destino cosmopolita.<\/p>\n<p>Nesta categoria de Cultura e Hist\u00f3ria, ir\u00e1 descobrir:<\/p>\n<ul>\n<li><strong>Marcos Hist\u00f3ricos:<\/strong> Explore os monumentos, igrejas e outros locais que contam o passado hist\u00f3rico de B\u00fazios.<\/li>\n<li><strong>Influ\u00eancias Culturais:<\/strong> Aprenda sobre a rica variedade de culturas que influenciaram B\u00fazios, desde as comunidades ind\u00edgenas at\u00e9 os exploradores portugueses e os residentes internacionais dos dias de hoje.<\/li>\n<li><strong>Arte e Artesanato:<\/strong> Descubra a pr\u00f3spera cena art\u00edstica local, de galerias a mercados ao ar livre com artesanato feito \u00e0 m\u00e3o.<\/li>\n<li><strong>Festivais e eventos locais:<\/strong> Saiba tudo sobre os festivais que n\u00e3o podem faltar, desde celebra\u00e7\u00f5es religiosas a eventos culturais que re\u00fanem a comunidade.<\/li>\n<li><strong>O impacto de Brigitte Bardot:<\/strong> Entenda como essa estrela do cinema internacional colocou B\u00fazios no mapa e como ela continua influenciando a cidade.<\/li>\n<li><strong>M\u00fasica e dan\u00e7a:<\/strong> Explore a cena musical local, que vai do samba tradicional ao pop brasileiro contempor\u00e2neo.<\/li>\n<li><strong>Heran\u00e7a ind\u00edgena:<\/strong> Conhe\u00e7a o papel dos povos ind\u00edgenas na forma\u00e7\u00e3o da hist\u00f3ria e da cultura da regi\u00e3o.<\/li>\n<\/ul>\n<p>Quer seja um f\u00e3 de hist\u00f3ria, um abutre da cultura ou um viajante que procura aprofundar o seu conhecimento sobre o seu destino de f\u00e9rias, esta categoria oferece uma vis\u00e3o completa da alma de B\u00fazios.<\/p>\n<\/div><\/section><br \/>\n<div  data-slideshow-options=\"{&quot;animation&quot;:&quot;fade&quot;,&quot;autoplay&quot;:false,&quot;loop_autoplay&quot;:&quot;once&quot;,&quot;interval&quot;:&quot;5&quot;,&quot;loop_manual&quot;:&quot;manual-once&quot;,&quot;autoplay_stopper&quot;:false,&quot;noNavigation&quot;:false,&quot;show_slide_delay&quot;:90}\" class='avia-content-slider avia-content-slider-active avia-content-slider1 avia-content-slider-odd  avia-builder-el-3  el_after_av_textblock  el_before_av_postslider  av-slideshow-ui av-control-default   av-no-slider-navigation av-slideshow-manual av-loop-once av-loop-manual-once '  itemscope=\"itemscope\" itemtype=\"https:\/\/schema.org\/Blog\" ><div class=\"avia-content-slider-inner\"><div class=\"slide-entry-wrap\"><article class='slide-entry flex_column  post-entry post-entry-3484 slide-entry-overview slide-loop-1 slide-parity-odd  av_one_third first real-thumbnail posttype-post post-format-standard'  itemscope=\"itemscope\" itemtype=\"https:\/\/schema.org\/CreativeWork\" ><a href='https:\/\/buzios-vibe.com\/pt-br\/descobrindo-o-passado-marcos-historicos-para-visitar-em-buzios' data-rel='slide-1' class='slide-image' title='Descobrindo o Passado: Marcos Hist\u00f3ricos para Visitar em B\u00fazios'><img decoding=\"async\" width=\"495\" height=\"400\" src=\"https:\/\/buzios-vibe.com\/wp-content\/uploads\/2023\/09\/church_sant_anna_buzios_brazil_travel_blog-495x400.png\" class=\"wp-image-2751 avia-img-lazy-loading-not-2751 attachment-portfolio size-portfolio wp-post-image\" alt=\"\" srcset=\"https:\/\/buzios-vibe.com\/wp-content\/uploads\/2023\/09\/church_sant_anna_buzios_brazil_travel_blog-495x400.png 495w, https:\/\/buzios-vibe.com\/wp-content\/uploads\/2023\/09\/church_sant_anna_buzios_brazil_travel_blog-845x684.png 845w\" sizes=\"(max-width: 495px) 100vw, 495px\" \/><\/a><div class=\"slide-content\"><header class=\"entry-content-header\"><span class=\"blog-categories minor-meta\"><a href=\"https:\/\/buzios-vibe.com\/pt-br\/category\/cultura-e-historia-em-buzios-brasil\" rel=\"tag\">Cultura e Hist\u00f3ria em B\u00fazios, Brasil<\/a>  <\/span><h3 class='slide-entry-title entry-title '  itemprop=\"headline\" ><a href='https:\/\/buzios-vibe.com\/pt-br\/descobrindo-o-passado-marcos-historicos-para-visitar-em-buzios' title='Descobrindo o Passado: Marcos Hist\u00f3ricos para Visitar em B\u00fazios'>Descobrindo o Passado: Marcos Hist\u00f3ricos para Visitar em B\u00fazios<\/a><\/h3><span class=\"av-vertical-delimiter\"><\/span><\/header><div class='slide-entry-excerpt entry-content'  itemprop=\"text\" >\nB\u00fazios, a ic\u00f3nica cidade costeira do Brasil, \u00e9 amplamente conhecida pelas suas praias id\u00edlicas, desportos aqu\u00e1ticos e atmosfera animada. No entanto, poucas pessoas sabem que este vibrante destino tur\u00edstico \u00e9 tamb\u00e9m o lar de uma s\u00e9rie\u2026<div class=\"read-more-link\"><a href=\"https:\/\/buzios-vibe.com\/pt-br\/descobrindo-o-passado-marcos-historicos-para-visitar-em-buzios\" class=\"more-link\">Read more<span class=\"more-link-arrow\"><\/span><\/a><\/div><\/div><\/div><footer class=\"entry-footer\"><div class=\"slide-meta\"><time class='slide-meta-time updated'  itemprop=\"datePublished\" datetime=\"2023-09-04T13:58:11-03:00\" >September 4, 2023<\/time><div class=\"slide-meta-del\">\/<\/div><div class=\"slide-meta-comments\"><a href='https:\/\/buzios-vibe.com\/pt-br\/descobrindo-o-passado-marcos-historicos-para-visitar-em-buzios#respond'>0 Comments<\/a><\/div><\/div><\/footer><span class='hidden'>\n\t\t\t\t<span class='av-structured-data'  itemprop=\"image\" itemscope=\"itemscope\" itemtype=\"https:\/\/schema.org\/ImageObject\" >\n\t\t\t\t\t\t<span itemprop='url'>https:\/\/buzios-vibe.com\/wp-content\/uploads\/2023\/09\/church_sant_anna_buzios_brazil_travel_blog.png<\/span>\n\t\t\t\t\t\t<span itemprop='height'>3024<\/span>\n\t\t\t\t\t\t<span itemprop='width'>4032<\/span>\n\t\t\t\t<\/span>\n\t\t\t\t<span class='av-structured-data'  itemprop=\"publisher\" itemtype=\"https:\/\/schema.org\/Organization\" itemscope=\"itemscope\" >\n\t\t\t\t\t\t<span itemprop='name'>Marrai<\/span>\n\t\t\t\t\t\t<span itemprop='logo' itemscope itemtype='https:\/\/schema.org\/ImageObject'>\n\t\t\t\t\t\t\t<span itemprop='url'>https:\/\/buzios-vibe.com\/wp-content\/uploads\/2023\/04\/cropped-Buzios_Vibe_Logo-300x100.png<\/span>\n\t\t\t\t\t\t<\/span>\n\t\t\t\t<\/span><span class='av-structured-data'  itemprop=\"author\" itemscope=\"itemscope\" itemtype=\"https:\/\/schema.org\/Person\" ><span itemprop='name'>Marrai<\/span><\/span><span class='av-structured-data'  itemprop=\"datePublished\" datetime=\"2023-09-05T11:10:12-03:00\" >2023-09-04 13:58:11<\/span><span class='av-structured-data'  itemprop=\"dateModified\" itemtype=\"https:\/\/schema.org\/dateModified\" >2024-11-15 15:34:31<\/span><span class='av-structured-data'  itemprop=\"mainEntityOfPage\" itemtype=\"https:\/\/schema.org\/mainEntityOfPage\" ><span itemprop='name'>Descobrindo o Passado: Marcos Hist\u00f3ricos para Visitar em B\u00fazios<\/span><\/span><\/span><\/article><article class='slide-entry flex_column  post-entry post-entry-3388 slide-entry-overview slide-loop-2 slide-parity-even  av_one_third  real-thumbnail posttype-post post-format-standard'  itemscope=\"itemscope\" itemtype=\"https:\/\/schema.org\/CreativeWork\" ><a href='https:\/\/buzios-vibe.com\/pt-br\/brigitte-bardot-a-estrela-que-colocou-buzios-no-mapa' data-rel='slide-1' class='slide-image' title='Brigitte Bardot: A estrela que colocou B\u00fazios no mapa'><img decoding=\"async\" width=\"495\" height=\"400\" src=\"https:\/\/buzios-vibe.com\/wp-content\/uploads\/2023\/08\/brigitte_bardot_statue_buzios_brazil_travel_blog-495x400.png\" class=\"wp-image-2706 avia-img-lazy-loading-not-2706 attachment-portfolio size-portfolio wp-post-image\" alt=\"\" srcset=\"https:\/\/buzios-vibe.com\/wp-content\/uploads\/2023\/08\/brigitte_bardot_statue_buzios_brazil_travel_blog-495x400.png 495w, https:\/\/buzios-vibe.com\/wp-content\/uploads\/2023\/08\/brigitte_bardot_statue_buzios_brazil_travel_blog-845x684.png 845w\" sizes=\"(max-width: 495px) 100vw, 495px\" \/><\/a><div class=\"slide-content\"><header class=\"entry-content-header\"><span class=\"blog-categories minor-meta\"><a href=\"https:\/\/buzios-vibe.com\/pt-br\/category\/cultura-e-historia-em-buzios-brasil\" rel=\"tag\">Cultura e Hist\u00f3ria em B\u00fazios, Brasil<\/a>  <\/span><h3 class='slide-entry-title entry-title '  itemprop=\"headline\" ><a href='https:\/\/buzios-vibe.com\/pt-br\/brigitte-bardot-a-estrela-que-colocou-buzios-no-mapa' title='Brigitte Bardot: A estrela que colocou B\u00fazios no mapa'>Brigitte Bardot: A estrela que colocou B\u00fazios no mapa<\/a><\/h3><span class=\"av-vertical-delimiter\"><\/span><\/header><div class='slide-entry-excerpt entry-content'  itemprop=\"text\" >\nNos anos 60, a visita da atriz francesa Brigitte Bardot transformou a pacata vila piscat\u00f3ria de Arma\u00e7\u00e3o dos B\u00fazios, no Brasil, num ponto de atra\u00e7\u00e3o tur\u00edstica internacional. O fasc\u00ednio de Bardot n\u00e3o se limitava apenas ao ecr\u00e3 de cinema;\u2026<div class=\"read-more-link\"><a href=\"https:\/\/buzios-vibe.com\/pt-br\/brigitte-bardot-a-estrela-que-colocou-buzios-no-mapa\" class=\"more-link\">Read more<span class=\"more-link-arrow\"><\/span><\/a><\/div><\/div><\/div><footer class=\"entry-footer\"><div class=\"slide-meta\"><time class='slide-meta-time updated'  itemprop=\"datePublished\" datetime=\"2023-08-31T10:46:11-03:00\" >August 31, 2023<\/time><div class=\"slide-meta-del\">\/<\/div><div class=\"slide-meta-comments\"><a href='https:\/\/buzios-vibe.com\/pt-br\/brigitte-bardot-a-estrela-que-colocou-buzios-no-mapa#respond'>0 Comments<\/a><\/div><\/div><\/footer><span class='hidden'>\n\t\t\t\t<span class='av-structured-data'  itemprop=\"image\" itemscope=\"itemscope\" itemtype=\"https:\/\/schema.org\/ImageObject\" >\n\t\t\t\t\t\t<span itemprop='url'>https:\/\/buzios-vibe.com\/wp-content\/uploads\/2023\/08\/brigitte_bardot_statue_buzios_brazil_travel_blog.png<\/span>\n\t\t\t\t\t\t<span itemprop='height'>3024<\/span>\n\t\t\t\t\t\t<span itemprop='width'>4032<\/span>\n\t\t\t\t<\/span>\n\t\t\t\t<span class='av-structured-data'  itemprop=\"publisher\" itemtype=\"https:\/\/schema.org\/Organization\" itemscope=\"itemscope\" >\n\t\t\t\t\t\t<span itemprop='name'>Marrai<\/span>\n\t\t\t\t\t\t<span itemprop='logo' itemscope itemtype='https:\/\/schema.org\/ImageObject'>\n\t\t\t\t\t\t\t<span itemprop='url'>https:\/\/buzios-vibe.com\/wp-content\/uploads\/2023\/04\/cropped-Buzios_Vibe_Logo-300x100.png<\/span>\n\t\t\t\t\t\t<\/span>\n\t\t\t\t<\/span><span class='av-structured-data'  itemprop=\"author\" itemscope=\"itemscope\" itemtype=\"https:\/\/schema.org\/Person\" ><span itemprop='name'>Marrai<\/span><\/span><span class='av-structured-data'  itemprop=\"datePublished\" datetime=\"2023-09-05T11:10:12-03:00\" >2023-08-31 10:46:11<\/span><span class='av-structured-data'  itemprop=\"dateModified\" itemtype=\"https:\/\/schema.org\/dateModified\" >2024-11-15 15:28:05<\/span><span class='av-structured-data'  itemprop=\"mainEntityOfPage\" itemtype=\"https:\/\/schema.org\/mainEntityOfPage\" ><span itemprop='name'>Brigitte Bardot: A estrela que colocou B\u00fazios no mapa<\/span><\/span><\/span><\/article><article class='slide-entry flex_column  post-entry post-entry-3194 slide-entry-overview slide-loop-3 slide-parity-odd  post-entry-last  av_one_third  real-thumbnail posttype-post post-format-standard'  itemscope=\"itemscope\" itemtype=\"https:\/\/schema.org\/CreativeWork\" ><a href='https:\/\/buzios-vibe.com\/pt-br\/a-fascinante-historia-de-buzios-de-vila-de-pescadores-a-cidade-turistica-glamorosa' data-rel='slide-1' class='slide-image' title='A Fascinante Hist\u00f3ria de B\u00fazios: De vila de pescadores a cidade tur\u00edstica glamorosa'><img decoding=\"async\" width=\"495\" height=\"400\" src=\"https:\/\/buzios-vibe.com\/wp-content\/uploads\/2023\/09\/tres_pescadores_buzios_brazil_travel_blog-495x400.png\" class=\"wp-image-2736 avia-img-lazy-loading-not-2736 attachment-portfolio size-portfolio wp-post-image\" alt=\"\" srcset=\"https:\/\/buzios-vibe.com\/wp-content\/uploads\/2023\/09\/tres_pescadores_buzios_brazil_travel_blog-495x400.png 495w, https:\/\/buzios-vibe.com\/wp-content\/uploads\/2023\/09\/tres_pescadores_buzios_brazil_travel_blog-845x684.png 845w\" sizes=\"(max-width: 495px) 100vw, 495px\" \/><\/a><div class=\"slide-content\"><header class=\"entry-content-header\"><span class=\"blog-categories minor-meta\"><a href=\"https:\/\/buzios-vibe.com\/pt-br\/category\/cultura-e-historia-em-buzios-brasil\" rel=\"tag\">Cultura e Hist\u00f3ria em B\u00fazios, Brasil<\/a>  <\/span><h3 class='slide-entry-title entry-title '  itemprop=\"headline\" ><a href='https:\/\/buzios-vibe.com\/pt-br\/a-fascinante-historia-de-buzios-de-vila-de-pescadores-a-cidade-turistica-glamorosa' title='A Fascinante Hist\u00f3ria de B\u00fazios: De vila de pescadores a cidade tur\u00edstica glamorosa'>A Fascinante Hist\u00f3ria de B\u00fazios: De vila de pescadores a cidade tur\u00edstica glamorosa<\/a><\/h3><span class=\"av-vertical-delimiter\"><\/span><\/header><div class='slide-entry-excerpt entry-content'  itemprop=\"text\" >\nArma\u00e7\u00e3o dos B\u00fazios, mais conhecida como B\u00fazios, \u00e9 hoje conhecida como um dos principais destinos tur\u00edsticos do Brasil, famosa por suas belas praias, resorts de luxo e vida noturna vibrante. No entanto, a hist\u00f3ria desta cidade tur\u00edstica\u2026<div class=\"read-more-link\"><a href=\"https:\/\/buzios-vibe.com\/pt-br\/a-fascinante-historia-de-buzios-de-vila-de-pescadores-a-cidade-turistica-glamorosa\" class=\"more-link\">Read more<span class=\"more-link-arrow\"><\/span><\/a><\/div><\/div><\/div><footer class=\"entry-footer\"><div class=\"slide-meta\"><time class='slide-meta-time updated'  itemprop=\"datePublished\" datetime=\"2023-08-29T09:40:39-03:00\" >August 29, 2023<\/time><div class=\"slide-meta-del\">\/<\/div><div class=\"slide-meta-comments\"><a href='https:\/\/buzios-vibe.com\/pt-br\/a-fascinante-historia-de-buzios-de-vila-de-pescadores-a-cidade-turistica-glamorosa#respond'>0 Comments<\/a><\/div><\/div><\/footer><span class='hidden'>\n\t\t\t\t<span class='av-structured-data'  itemprop=\"image\" itemscope=\"itemscope\" itemtype=\"https:\/\/schema.org\/ImageObject\" >\n\t\t\t\t\t\t<span itemprop='url'>https:\/\/buzios-vibe.com\/wp-content\/uploads\/2023\/09\/tres_pescadores_buzios_brazil_travel_blog.png<\/span>\n\t\t\t\t\t\t<span itemprop='height'>3024<\/span>\n\t\t\t\t\t\t<span itemprop='width'>4032<\/span>\n\t\t\t\t<\/span>\n\t\t\t\t<span class='av-structured-data'  itemprop=\"publisher\" itemtype=\"https:\/\/schema.org\/Organization\" itemscope=\"itemscope\" >\n\t\t\t\t\t\t<span itemprop='name'>Marrai<\/span>\n\t\t\t\t\t\t<span itemprop='logo' itemscope itemtype='https:\/\/schema.org\/ImageObject'>\n\t\t\t\t\t\t\t<span itemprop='url'>https:\/\/buzios-vibe.com\/wp-content\/uploads\/2023\/04\/cropped-Buzios_Vibe_Logo-300x100.png<\/span>\n\t\t\t\t\t\t<\/span>\n\t\t\t\t<\/span><span class='av-structured-data'  itemprop=\"author\" itemscope=\"itemscope\" itemtype=\"https:\/\/schema.org\/Person\" ><span itemprop='name'>Marrai<\/span><\/span><span class='av-structured-data'  itemprop=\"datePublished\" datetime=\"2023-09-05T11:10:12-03:00\" >2023-08-29 09:40:39<\/span><span class='av-structured-data'  itemprop=\"dateModified\" itemtype=\"https:\/\/schema.org\/dateModified\" >2024-11-15 15:16:39<\/span><span class='av-structured-data'  itemprop=\"mainEntityOfPage\" itemtype=\"https:\/\/schema.org\/mainEntityOfPage\" ><span itemprop='name'>A Fascinante Hist\u00f3ria de B\u00fazios: De vila de pescadores a cidade tur\u00edstica glamorosa<\/span><\/span><\/span><\/article><\/div><\/div><\/div><br \/>\n<br \/>\n<br \/>\n<br \/>\n<\/p><\/div>\n","protected":false},"excerpt":{"rendered":"","protected":false},"author":1,"featured_media":0,"parent":0,"menu_order":0,"comment_status":"closed","ping_status":"closed","template":"","meta":{"footnotes":""},"class_list":["post-3140","page","type-page","status-publish","hentry"],"yoast_head":"<!-- This site is optimized with the Yoast SEO plugin v25.7 - https:\/\/yoast.com\/wordpress\/plugins\/seo\/ -->\n<title>Cultura e Hist\u00f3ria de B\u00fazios: Descubra o cora\u00e7\u00e3o desta vila brasileira<\/title>\n<meta name=\"description\" content=\"Viaje pela rica hist\u00f3ria e cultura vibrante de B\u00fazios. Explore pontos de refer\u00eancia, mergulhe nas influ\u00eancias culturais, aprecie a arte local e muito mais. Desde a heran\u00e7a ind\u00edgena at\u00e9 o impacto de Brigitte Bardot, conhe\u00e7a tudo o que torna B\u00fazios verdadeiramente especial.\" \/>\n<meta name=\"robots\" content=\"index, follow, max-snippet:-1, max-image-preview:large, max-video-preview:-1\" \/>\n<link rel=\"canonical\" href=\"https:\/\/buzios-vibe.com\/pt-br\/cultura-e-historia\" \/>\n<meta property=\"og:locale\" content=\"pt_PT\" \/>\n<meta property=\"og:type\" content=\"article\" \/>\n<meta property=\"og:title\" content=\"Cultura e Hist\u00f3ria de B\u00fazios: Descubra o cora\u00e7\u00e3o desta vila brasileira\" \/>\n<meta property=\"og:description\" content=\"Viaje pela rica hist\u00f3ria e cultura vibrante de B\u00fazios. Explore pontos de refer\u00eancia, mergulhe nas influ\u00eancias culturais, aprecie a arte local e muito mais. Desde a heran\u00e7a ind\u00edgena at\u00e9 o impacto de Brigitte Bardot, conhe\u00e7a tudo o que torna B\u00fazios verdadeiramente especial.\" \/>\n<meta property=\"og:url\" content=\"https:\/\/buzios-vibe.com\/pt-br\/cultura-e-historia\" \/>\n<meta property=\"og:site_name\" content=\"Buzios Vibe - all you need to know about Buzios\" \/>\n<meta property=\"article:modified_time\" content=\"2023-10-17T16:22:33+00:00\" \/>\n<meta property=\"og:image\" content=\"https:\/\/buzios-vibe.com\/wp-content\/uploads\/2023\/10\/hotel_casas_brancas_buzios_brazil_travel_blog-1030x773.png\" \/>\n\t<meta property=\"og:image:width\" content=\"1030\" \/>\n\t<meta property=\"og:image:height\" content=\"773\" \/>\n\t<meta property=\"og:image:type\" content=\"image\/png\" \/>\n<meta name=\"twitter:card\" content=\"summary_large_image\" \/>\n<meta name=\"twitter:label1\" content=\"Est. reading time\" \/>\n\t<meta name=\"twitter:data1\" content=\"3 minutes\" \/>\n<script type=\"application\/ld+json\" class=\"yoast-schema-graph\">{\"@context\":\"https:\/\/schema.org\",\"@graph\":[{\"@type\":\"WebPage\",\"@id\":\"https:\/\/buzios-vibe.com\/pt-br\/cultura-e-historia\",\"url\":\"https:\/\/buzios-vibe.com\/pt-br\/cultura-e-historia\",\"name\":\"Cultura e Hist\u00f3ria de B\u00fazios: Descubra o cora\u00e7\u00e3o desta vila brasileira\",\"isPartOf\":{\"@id\":\"https:\/\/buzios-vibe.com\/pt-br#website\"},\"datePublished\":\"2023-09-05T14:10:12+00:00\",\"dateModified\":\"2023-10-17T16:22:33+00:00\",\"description\":\"Viaje pela rica hist\u00f3ria e cultura vibrante de B\u00fazios. Explore pontos de refer\u00eancia, mergulhe nas influ\u00eancias culturais, aprecie a arte local e muito mais. Desde a heran\u00e7a ind\u00edgena at\u00e9 o impacto de Brigitte Bardot, conhe\u00e7a tudo o que torna B\u00fazios verdadeiramente especial.\",\"breadcrumb\":{\"@id\":\"https:\/\/buzios-vibe.com\/pt-br\/cultura-e-historia#breadcrumb\"},\"inLanguage\":\"pt\",\"potentialAction\":[{\"@type\":\"ReadAction\",\"target\":[\"https:\/\/buzios-vibe.com\/pt-br\/cultura-e-historia\"]}]},{\"@type\":\"BreadcrumbList\",\"@id\":\"https:\/\/buzios-vibe.com\/pt-br\/cultura-e-historia#breadcrumb\",\"itemListElement\":[{\"@type\":\"ListItem\",\"position\":1,\"name\":\"Home\",\"item\":\"https:\/\/buzios-vibe.com\/pt-br\"},{\"@type\":\"ListItem\",\"position\":2,\"name\":\"Cultura e Hist\u00f3ria\"}]},{\"@type\":\"WebSite\",\"@id\":\"https:\/\/buzios-vibe.com\/pt-br#website\",\"url\":\"https:\/\/buzios-vibe.com\/pt-br\",\"name\":\"Buzios Vibe - all you need to know about Buzios\",\"description\":\"Buzios Vibe - all you need to know about Buzios\",\"potentialAction\":[{\"@type\":\"SearchAction\",\"target\":{\"@type\":\"EntryPoint\",\"urlTemplate\":\"https:\/\/buzios-vibe.com\/pt-br?s={search_term_string}\"},\"query-input\":{\"@type\":\"PropertyValueSpecification\",\"valueRequired\":true,\"valueName\":\"search_term_string\"}}],\"inLanguage\":\"pt\"}]}<\/script>\n<!-- \/ Yoast SEO plugin. -->","yoast_head_json":{"title":"Cultura e Hist\u00f3ria de B\u00fazios: Descubra o cora\u00e7\u00e3o desta vila brasileira","description":"Viaje pela rica hist\u00f3ria e cultura vibrante de B\u00fazios. Explore pontos de refer\u00eancia, mergulhe nas influ\u00eancias culturais, aprecie a arte local e muito mais. Desde a heran\u00e7a ind\u00edgena at\u00e9 o impacto de Brigitte Bardot, conhe\u00e7a tudo o que torna B\u00fazios verdadeiramente especial.","robots":{"index":"index","follow":"follow","max-snippet":"max-snippet:-1","max-image-preview":"max-image-preview:large","max-video-preview":"max-video-preview:-1"},"canonical":"https:\/\/buzios-vibe.com\/pt-br\/cultura-e-historia","og_locale":"pt_PT","og_type":"article","og_title":"Cultura e Hist\u00f3ria de B\u00fazios: Descubra o cora\u00e7\u00e3o desta vila brasileira","og_description":"Viaje pela rica hist\u00f3ria e cultura vibrante de B\u00fazios. Explore pontos de refer\u00eancia, mergulhe nas influ\u00eancias culturais, aprecie a arte local e muito mais. Desde a heran\u00e7a ind\u00edgena at\u00e9 o impacto de Brigitte Bardot, conhe\u00e7a tudo o que torna B\u00fazios verdadeiramente especial.","og_url":"https:\/\/buzios-vibe.com\/pt-br\/cultura-e-historia","og_site_name":"Buzios Vibe - all you need to know about Buzios","article_modified_time":"2023-10-17T16:22:33+00:00","og_image":[{"width":1030,"height":773,"url":"https:\/\/buzios-vibe.com\/wp-content\/uploads\/2023\/10\/hotel_casas_brancas_buzios_brazil_travel_blog-1030x773.png","type":"image\/png"}],"twitter_card":"summary_large_image","twitter_misc":{"Est. reading time":"3 minutes"},"schema":{"@context":"https:\/\/schema.org","@graph":[{"@type":"WebPage","@id":"https:\/\/buzios-vibe.com\/pt-br\/cultura-e-historia","url":"https:\/\/buzios-vibe.com\/pt-br\/cultura-e-historia","name":"Cultura e Hist\u00f3ria de B\u00fazios: Descubra o cora\u00e7\u00e3o desta vila brasileira","isPartOf":{"@id":"https:\/\/buzios-vibe.com\/pt-br#website"},"datePublished":"2023-09-05T14:10:12+00:00","dateModified":"2023-10-17T16:22:33+00:00","description":"Viaje pela rica hist\u00f3ria e cultura vibrante de B\u00fazios. Explore pontos de refer\u00eancia, mergulhe nas influ\u00eancias culturais, aprecie a arte local e muito mais. Desde a heran\u00e7a ind\u00edgena at\u00e9 o impacto de Brigitte Bardot, conhe\u00e7a tudo o que torna B\u00fazios verdadeiramente especial.","breadcrumb":{"@id":"https:\/\/buzios-vibe.com\/pt-br\/cultura-e-historia#breadcrumb"},"inLanguage":"pt","potentialAction":[{"@type":"ReadAction","target":["https:\/\/buzios-vibe.com\/pt-br\/cultura-e-historia"]}]},{"@type":"BreadcrumbList","@id":"https:\/\/buzios-vibe.com\/pt-br\/cultura-e-historia#breadcrumb","itemListElement":[{"@type":"ListItem","position":1,"name":"Home","item":"https:\/\/buzios-vibe.com\/pt-br"},{"@type":"ListItem","position":2,"name":"Cultura e Hist\u00f3ria"}]},{"@type":"WebSite","@id":"https:\/\/buzios-vibe.com\/pt-br#website","url":"https:\/\/buzios-vibe.com\/pt-br","name":"Buzios Vibe - all you need to know about Buzios","description":"Buzios Vibe - all you need to know about Buzios","potentialAction":[{"@type":"SearchAction","target":{"@type":"EntryPoint","urlTemplate":"https:\/\/buzios-vibe.com\/pt-br?s={search_term_string}"},"query-input":{"@type":"PropertyValueSpecification","valueRequired":true,"valueName":"search_term_string"}}],"inLanguage":"pt"}]}},"_links":{"self":[{"href":"https:\/\/buzios-vibe.com\/pt-br\/wp-json\/wp\/v2\/pages\/3140","targetHints":{"allow":["GET"]}}],"collection":[{"href":"https:\/\/buzios-vibe.com\/pt-br\/wp-json\/wp\/v2\/pages"}],"about":[{"href":"https:\/\/buzios-vibe.com\/pt-br\/wp-json\/wp\/v2\/types\/page"}],"author":[{"embeddable":true,"href":"https:\/\/buzios-vibe.com\/pt-br\/wp-json\/wp\/v2\/users\/1"}],"replies":[{"embeddable":true,"href":"https:\/\/buzios-vibe.com\/pt-br\/wp-json\/wp\/v2\/comments?post=3140"}],"version-history":[{"count":5,"href":"https:\/\/buzios-vibe.com\/pt-br\/wp-json\/wp\/v2\/pages\/3140\/revisions"}],"predecessor-version":[{"id":3742,"href":"https:\/\/buzios-vibe.com\/pt-br\/wp-json\/wp\/v2\/pages\/3140\/revisions\/3742"}],"wp:attachment":[{"href":"https:\/\/buzios-vibe.com\/pt-br\/wp-json\/wp\/v2\/media?parent=3140"}],"curies":[{"name":"wp","href":"https:\/\/api.w.org\/{rel}","templated":true}]}}