{"id":3139,"date":"2023-09-05T11:16:26","date_gmt":"2023-09-05T14:16:26","guid":{"rendered":"https:\/\/buzios-vibe.com\/alojamento"},"modified":"2024-11-15T15:32:18","modified_gmt":"2024-11-15T18:32:18","slug":"alojamento","status":"publish","type":"page","link":"https:\/\/buzios-vibe.com\/pt-br\/alojamento","title":{"rendered":"Alojamento"},"content":{"rendered":"<div  class='flex_column av-23j36r-234fdb38dbc7fd7f92753ad9a5c2ad24 av_one_full  avia-builder-el-0  avia-builder-el-no-sibling  first flex_column_div  '     ><p>\n<style type=\"text\/css\" data-created_by=\"avia_inline_auto\" id=\"style-css-av-lm6e7ufv-533f6da6531e9af8613948c30417bde5\">\n#top .av-special-heading.av-lm6e7ufv-533f6da6531e9af8613948c30417bde5{\npadding-bottom:10px;\n}\nbody .av-special-heading.av-lm6e7ufv-533f6da6531e9af8613948c30417bde5 .av-special-heading-tag .heading-char{\nfont-size:25px;\n}\n.av-special-heading.av-lm6e7ufv-533f6da6531e9af8613948c30417bde5 .av-subheading{\nfont-size:15px;\n}\n<\/style>\n<div  class='av-special-heading av-lm6e7ufv-533f6da6531e9af8613948c30417bde5 av-special-heading-h1  avia-builder-el-1  el_before_av_textblock  avia-builder-el-first '><h1 class='av-special-heading-tag'  itemprop=\"headline\"  >Alojamento em B\u00fazios, Brasil<\/h1><div class=\"special-heading-border\"><div class=\"special-heading-inner-border\"><\/div><\/div><\/div><br \/>\n<section  class='av_textblock_section av-lm6e89hb-6efc60a12acb9e3a4623e3a4eec586df '   itemscope=\"itemscope\" itemtype=\"https:\/\/schema.org\/CreativeWork\" ><div class='avia_textblock'  itemprop=\"text\" ><p>Planejando uma viagem para B\u00fazios e quer saber onde ficar? Est\u00e1 no s\u00edtio certo! A nossa categoria de Alojamento em B\u00fazios \u00e9 o seu guia completo para encontrar o alojamento perfeito que se adapta ao seu gosto, necessidades e or\u00e7amento. De luxuosos resorts \u00e0 beira-mar que oferecem comodidades de classe mundial a aconchegantes pousadas onde se pode experimentar a aut\u00eantica hospitalidade brasileira, B\u00fazios oferece uma mistura ecl\u00e9tica de op\u00e7\u00f5es de acomoda\u00e7\u00e3o que atendem a todos os tipos de viajantes.<\/p>\n<p>Nesta categoria, ir\u00e1 descobrir:<\/p>\n<ul>\n<li><strong>Resorts de luxo<\/strong>: Conhe\u00e7a os resorts mais bem avaliados de B\u00fazios, com spas, praias particulares e op\u00e7\u00f5es de restaurantes gourmet.<\/li>\n<li><strong>Hot\u00e9is boutique<\/strong>: Explore hot\u00e9is pequenos e elegantes que oferecem uma experi\u00eancia de viagem \u00fanica e personalizada.<\/li>\n<li><strong>Pousadas<\/strong>: Mergulhe em estabelecimentos familiares que oferecem uma atmosfera caseira e um toque local.<\/li>\n<li><strong>Albergues<\/strong>: Obtenha dicas sobre espa\u00e7os de vida em comum, econ\u00f3micos e ideais para mochileiros e viajantes individuais.<\/li>\n<li><strong>Aluguer de f\u00e9rias<\/strong>: O seu guia para experi\u00eancias de casa longe de casa, quer se trate de uma vivenda \u00e0 beira-mar ou de um apartamento pitoresco.<\/li>\n<li><strong>Estadias \u00fanicas<\/strong>: Desde cabanas e pousadas ecol\u00f3gicas a casas de h\u00f3spedes, descubra op\u00e7\u00f5es menos conhecidas para uma experi\u00eancia de alojamento \u00fanica.<\/li>\n<\/ul>\n<p>Tome decis\u00f5es informadas com nossas listas selecionadas, opini\u00f5es de especialistas e dicas privilegiadas, e encontre a acomoda\u00e7\u00e3o que tornar\u00e1 suas f\u00e9rias em B\u00fazios verdadeiramente inesquec\u00edveis.<\/p>\n<\/div><\/section><br \/>\n<div  data-slideshow-options=\"{&quot;animation&quot;:&quot;fade&quot;,&quot;autoplay&quot;:false,&quot;loop_autoplay&quot;:&quot;once&quot;,&quot;interval&quot;:&quot;5&quot;,&quot;loop_manual&quot;:&quot;manual-once&quot;,&quot;autoplay_stopper&quot;:false,&quot;noNavigation&quot;:false,&quot;show_slide_delay&quot;:90}\" class='avia-content-slider avia-content-slider-active avia-content-slider1 avia-content-slider-odd  avia-builder-el-3  el_after_av_textblock  el_before_av_postslider  av-slideshow-ui av-control-default   av-no-slider-navigation av-slideshow-manual av-loop-once av-loop-manual-once '  itemscope=\"itemscope\" itemtype=\"https:\/\/schema.org\/Blog\" ><div class=\"avia-content-slider-inner\"><div class=\"slide-entry-wrap\"><article class='slide-entry flex_column  post-entry post-entry-3540 slide-entry-overview slide-loop-1 slide-parity-odd  av_one_third first real-thumbnail posttype-post post-format-standard'  itemscope=\"itemscope\" itemtype=\"https:\/\/schema.org\/CreativeWork\" ><a href='https:\/\/buzios-vibe.com\/pt-br\/top-6-resorts-de-luxo-em-buzios-do-spa-ao-jantar-gourmet' data-rel='slide-1' class='slide-image' title='Top 6 Resorts de Luxo em B\u00fazios: Do Spa ao jantar gourmet'><img decoding=\"async\" width=\"495\" height=\"400\" src=\"https:\/\/buzios-vibe.com\/wp-content\/uploads\/2023\/10\/hotel_casas_brancas_buzios_brazil_travel_blog-495x400.png\" class=\"wp-image-3066 avia-img-lazy-loading-not-3066 attachment-portfolio size-portfolio wp-post-image\" alt=\"\" srcset=\"https:\/\/buzios-vibe.com\/wp-content\/uploads\/2023\/10\/hotel_casas_brancas_buzios_brazil_travel_blog-495x400.png 495w, https:\/\/buzios-vibe.com\/wp-content\/uploads\/2023\/10\/hotel_casas_brancas_buzios_brazil_travel_blog-845x684.png 845w\" sizes=\"(max-width: 495px) 100vw, 495px\" \/><\/a><div class=\"slide-content\"><header class=\"entry-content-header\"><span class=\"blog-categories minor-meta\"><a href=\"https:\/\/buzios-vibe.com\/pt-br\/category\/alojamento-em-buzios-brasil\" rel=\"tag\">Alojamento em B\u00fazios, Brasil<\/a>  <\/span><h3 class='slide-entry-title entry-title '  itemprop=\"headline\" ><a href='https:\/\/buzios-vibe.com\/pt-br\/top-6-resorts-de-luxo-em-buzios-do-spa-ao-jantar-gourmet' title='Top 6 Resorts de Luxo em B\u00fazios: Do Spa ao jantar gourmet'>Top 6 Resorts de Luxo em B\u00fazios: Do Spa ao jantar gourmet<\/a><\/h3><span class=\"av-vertical-delimiter\"><\/span><\/header><div class='slide-entry-excerpt entry-content'  itemprop=\"text\" >\nB\u00fazios oferece uma gama de acomoda\u00e7\u00f5es luxuosas para os viajantes que procuram as melhores experi\u00eancias. Neste artigo, vamos apresentar-lhe seis dos melhores resorts em B\u00fazios que prometem uma estadia inesquec\u00edvel.  \n\nSerena Buzios, 4\u2026<div class=\"read-more-link\"><a href=\"https:\/\/buzios-vibe.com\/pt-br\/top-6-resorts-de-luxo-em-buzios-do-spa-ao-jantar-gourmet\" class=\"more-link\">Read more<span class=\"more-link-arrow\"><\/span><\/a><\/div><\/div><\/div><footer class=\"entry-footer\"><div class=\"slide-meta\"><time class='slide-meta-time updated'  itemprop=\"datePublished\" datetime=\"2023-10-04T16:04:06-03:00\" >October 4, 2023<\/time><div class=\"slide-meta-del\">\/<\/div><div class=\"slide-meta-comments\"><a href='https:\/\/buzios-vibe.com\/pt-br\/top-6-resorts-de-luxo-em-buzios-do-spa-ao-jantar-gourmet#respond'>0 Comments<\/a><\/div><\/div><\/footer><span class='hidden'>\n\t\t\t\t<span class='av-structured-data'  itemprop=\"image\" itemscope=\"itemscope\" itemtype=\"https:\/\/schema.org\/ImageObject\" >\n\t\t\t\t\t\t<span itemprop='url'>https:\/\/buzios-vibe.com\/wp-content\/uploads\/2023\/10\/hotel_casas_brancas_buzios_brazil_travel_blog.png<\/span>\n\t\t\t\t\t\t<span itemprop='height'>3024<\/span>\n\t\t\t\t\t\t<span itemprop='width'>4032<\/span>\n\t\t\t\t<\/span>\n\t\t\t\t<span class='av-structured-data'  itemprop=\"publisher\" itemtype=\"https:\/\/schema.org\/Organization\" itemscope=\"itemscope\" >\n\t\t\t\t\t\t<span itemprop='name'>Marrai<\/span>\n\t\t\t\t\t\t<span itemprop='logo' itemscope itemtype='https:\/\/schema.org\/ImageObject'>\n\t\t\t\t\t\t\t<span itemprop='url'>https:\/\/buzios-vibe.com\/wp-content\/uploads\/2023\/04\/cropped-Buzios_Vibe_Logo-300x100.png<\/span>\n\t\t\t\t\t\t<\/span>\n\t\t\t\t<\/span><span class='av-structured-data'  itemprop=\"author\" itemscope=\"itemscope\" itemtype=\"https:\/\/schema.org\/Person\" ><span itemprop='name'>Marrai<\/span><\/span><span class='av-structured-data'  itemprop=\"datePublished\" datetime=\"2023-09-05T11:16:26-03:00\" >2023-10-04 16:04:06<\/span><span class='av-structured-data'  itemprop=\"dateModified\" itemtype=\"https:\/\/schema.org\/dateModified\" >2023-10-04 21:13:32<\/span><span class='av-structured-data'  itemprop=\"mainEntityOfPage\" itemtype=\"https:\/\/schema.org\/mainEntityOfPage\" ><span itemprop='name'>Top 6 Resorts de Luxo em B\u00fazios: Do Spa ao jantar gourmet<\/span><\/span><\/span><\/article><article class='slide-entry flex_column  post-entry post-entry-3537 slide-entry-overview slide-loop-2 slide-parity-even  av_one_third  real-thumbnail posttype-post post-format-standard'  itemscope=\"itemscope\" itemtype=\"https:\/\/schema.org\/CreativeWork\" ><a href='https:\/\/buzios-vibe.com\/pt-br\/5-hoteis-diretamente-na-praia-em-buzios-para-todos-os-bolsos' data-rel='slide-1' class='slide-image' title='5 hot\u00e9is diretamente na praia em B\u00fazios para todos os bolsos'><img decoding=\"async\" width=\"495\" height=\"400\" src=\"https:\/\/buzios-vibe.com\/wp-content\/uploads\/2023\/09\/buzios_beach_praia_do_canto_center-495x400.png\" class=\"wp-image-2976 avia-img-lazy-loading-not-2976 attachment-portfolio size-portfolio wp-post-image\" alt=\"\" srcset=\"https:\/\/buzios-vibe.com\/wp-content\/uploads\/2023\/09\/buzios_beach_praia_do_canto_center-495x400.png 495w, https:\/\/buzios-vibe.com\/wp-content\/uploads\/2023\/09\/buzios_beach_praia_do_canto_center-845x684.png 845w\" sizes=\"(max-width: 495px) 100vw, 495px\" \/><\/a><div class=\"slide-content\"><header class=\"entry-content-header\"><span class=\"blog-categories minor-meta\"><a href=\"https:\/\/buzios-vibe.com\/pt-br\/category\/alojamento-em-buzios-brasil\" rel=\"tag\">Alojamento em B\u00fazios, Brasil<\/a>  <\/span><h3 class='slide-entry-title entry-title '  itemprop=\"headline\" ><a href='https:\/\/buzios-vibe.com\/pt-br\/5-hoteis-diretamente-na-praia-em-buzios-para-todos-os-bolsos' title='5 hot\u00e9is diretamente na praia em B\u00fazios para todos os bolsos'>5 hot\u00e9is diretamente na praia em B\u00fazios para todos os bolsos<\/a><\/h3><span class=\"av-vertical-delimiter\"><\/span><\/header><div class='slide-entry-excerpt entry-content'  itemprop=\"text\" >\nVoc\u00ea est\u00e1 procurando um hotel de frente para a praia em B\u00fazios? Depois, consulte as nossas recomenda\u00e7\u00f5es de alojamentos que se situam diretamente nestas costas arenosas. Se acordar com o som das ondas e ir diretamente para a praia a partir\u2026<div class=\"read-more-link\"><a href=\"https:\/\/buzios-vibe.com\/pt-br\/5-hoteis-diretamente-na-praia-em-buzios-para-todos-os-bolsos\" class=\"more-link\">Read more<span class=\"more-link-arrow\"><\/span><\/a><\/div><\/div><\/div><footer class=\"entry-footer\"><div class=\"slide-meta\"><time class='slide-meta-time updated'  itemprop=\"datePublished\" datetime=\"2023-10-02T16:10:46-03:00\" >October 2, 2023<\/time><div class=\"slide-meta-del\">\/<\/div><div class=\"slide-meta-comments\"><a href='https:\/\/buzios-vibe.com\/pt-br\/5-hoteis-diretamente-na-praia-em-buzios-para-todos-os-bolsos#respond'>0 Comments<\/a><\/div><\/div><\/footer><span class='hidden'>\n\t\t\t\t<span class='av-structured-data'  itemprop=\"image\" itemscope=\"itemscope\" itemtype=\"https:\/\/schema.org\/ImageObject\" >\n\t\t\t\t\t\t<span itemprop='url'>https:\/\/buzios-vibe.com\/wp-content\/uploads\/2023\/09\/buzios_beach_praia_do_canto_center.png<\/span>\n\t\t\t\t\t\t<span itemprop='height'>2266<\/span>\n\t\t\t\t\t\t<span itemprop='width'>3022<\/span>\n\t\t\t\t<\/span>\n\t\t\t\t<span class='av-structured-data'  itemprop=\"publisher\" itemtype=\"https:\/\/schema.org\/Organization\" itemscope=\"itemscope\" >\n\t\t\t\t\t\t<span itemprop='name'>Marrai<\/span>\n\t\t\t\t\t\t<span itemprop='logo' itemscope itemtype='https:\/\/schema.org\/ImageObject'>\n\t\t\t\t\t\t\t<span itemprop='url'>https:\/\/buzios-vibe.com\/wp-content\/uploads\/2023\/04\/cropped-Buzios_Vibe_Logo-300x100.png<\/span>\n\t\t\t\t\t\t<\/span>\n\t\t\t\t<\/span><span class='av-structured-data'  itemprop=\"author\" itemscope=\"itemscope\" itemtype=\"https:\/\/schema.org\/Person\" ><span itemprop='name'>Marrai<\/span><\/span><span class='av-structured-data'  itemprop=\"datePublished\" datetime=\"2023-09-05T11:16:26-03:00\" >2023-10-02 16:10:46<\/span><span class='av-structured-data'  itemprop=\"dateModified\" itemtype=\"https:\/\/schema.org\/dateModified\" >2023-10-04 21:14:09<\/span><span class='av-structured-data'  itemprop=\"mainEntityOfPage\" itemtype=\"https:\/\/schema.org\/mainEntityOfPage\" ><span itemprop='name'>5 hot\u00e9is diretamente na praia em B\u00fazios para todos os bolsos<\/span><\/span><\/span><\/article><article class='slide-entry flex_column  post-entry post-entry-3409 slide-entry-overview slide-loop-3 slide-parity-odd  post-entry-last  av_one_third  real-thumbnail posttype-post post-format-standard'  itemscope=\"itemscope\" itemtype=\"https:\/\/schema.org\/CreativeWork\" ><a href='https:\/\/buzios-vibe.com\/pt-br\/opcoes-de-acomodacao-em-buzios-brasil-de-resorts-de-luxo-a-albergues-economicos' data-rel='slide-1' class='slide-image' title='Op\u00e7\u00f5es de acomoda\u00e7\u00e3o em B\u00fazios, Brasil: De resorts de luxo a albergues econ\u00f4micos'><img decoding=\"async\" width=\"495\" height=\"400\" src=\"https:\/\/buzios-vibe.com\/wp-content\/uploads\/2023\/08\/hotel_in_buzios-495x400.png\" class=\"wp-image-2831 avia-img-lazy-loading-not-2831 attachment-portfolio size-portfolio wp-post-image\" alt=\"\" srcset=\"https:\/\/buzios-vibe.com\/wp-content\/uploads\/2023\/08\/hotel_in_buzios-495x400.png 495w, https:\/\/buzios-vibe.com\/wp-content\/uploads\/2023\/08\/hotel_in_buzios-845x684.png 845w\" sizes=\"(max-width: 495px) 100vw, 495px\" \/><\/a><div class=\"slide-content\"><header class=\"entry-content-header\"><span class=\"blog-categories minor-meta\"><a href=\"https:\/\/buzios-vibe.com\/pt-br\/category\/alojamento-em-buzios-brasil\" rel=\"tag\">Alojamento em B\u00fazios, Brasil<\/a>  <\/span><h3 class='slide-entry-title entry-title '  itemprop=\"headline\" ><a href='https:\/\/buzios-vibe.com\/pt-br\/opcoes-de-acomodacao-em-buzios-brasil-de-resorts-de-luxo-a-albergues-economicos' title='Op\u00e7\u00f5es de acomoda\u00e7\u00e3o em B\u00fazios, Brasil: De resorts de luxo a albergues econ\u00f4micos'>Op\u00e7\u00f5es de acomoda\u00e7\u00e3o em B\u00fazios, Brasil: De resorts de luxo a albergues econ\u00f4micos<\/a><\/h3><span class=\"av-vertical-delimiter\"><\/span><\/header><div class='slide-entry-excerpt entry-content'  itemprop=\"text\" >\nArma\u00e7\u00e3o dos B\u00fazios, vulgarmente conhecida como B\u00fazios, \u00e9 uma encantadora cidade costeira no estado do Rio de Janeiro, no Brasil, que oferece uma grande variedade de op\u00e7\u00f5es de alojamento para todas as necessidades e or\u00e7amentos dos viajantes.\u2026<div class=\"read-more-link\"><a href=\"https:\/\/buzios-vibe.com\/pt-br\/opcoes-de-acomodacao-em-buzios-brasil-de-resorts-de-luxo-a-albergues-economicos\" class=\"more-link\">Read more<span class=\"more-link-arrow\"><\/span><\/a><\/div><\/div><\/div><footer class=\"entry-footer\"><div class=\"slide-meta\"><time class='slide-meta-time updated'  itemprop=\"datePublished\" datetime=\"2023-08-31T10:48:58-03:00\" >August 31, 2023<\/time><div class=\"slide-meta-del\">\/<\/div><div class=\"slide-meta-comments\"><a href='https:\/\/buzios-vibe.com\/pt-br\/opcoes-de-acomodacao-em-buzios-brasil-de-resorts-de-luxo-a-albergues-economicos#respond'>0 Comments<\/a><\/div><\/div><\/footer><span class='hidden'>\n\t\t\t\t<span class='av-structured-data'  itemprop=\"image\" itemscope=\"itemscope\" itemtype=\"https:\/\/schema.org\/ImageObject\" >\n\t\t\t\t\t\t<span itemprop='url'>https:\/\/buzios-vibe.com\/wp-content\/uploads\/2023\/08\/hotel_in_buzios.png<\/span>\n\t\t\t\t\t\t<span itemprop='height'>2266<\/span>\n\t\t\t\t\t\t<span itemprop='width'>3022<\/span>\n\t\t\t\t<\/span>\n\t\t\t\t<span class='av-structured-data'  itemprop=\"publisher\" itemtype=\"https:\/\/schema.org\/Organization\" itemscope=\"itemscope\" >\n\t\t\t\t\t\t<span itemprop='name'>Marrai<\/span>\n\t\t\t\t\t\t<span itemprop='logo' itemscope itemtype='https:\/\/schema.org\/ImageObject'>\n\t\t\t\t\t\t\t<span itemprop='url'>https:\/\/buzios-vibe.com\/wp-content\/uploads\/2023\/04\/cropped-Buzios_Vibe_Logo-300x100.png<\/span>\n\t\t\t\t\t\t<\/span>\n\t\t\t\t<\/span><span class='av-structured-data'  itemprop=\"author\" itemscope=\"itemscope\" itemtype=\"https:\/\/schema.org\/Person\" ><span itemprop='name'>Marrai<\/span><\/span><span class='av-structured-data'  itemprop=\"datePublished\" datetime=\"2023-09-05T11:16:26-03:00\" >2023-08-31 10:48:58<\/span><span class='av-structured-data'  itemprop=\"dateModified\" itemtype=\"https:\/\/schema.org\/dateModified\" >2024-11-15 15:32:20<\/span><span class='av-structured-data'  itemprop=\"mainEntityOfPage\" itemtype=\"https:\/\/schema.org\/mainEntityOfPage\" ><span itemprop='name'>Op\u00e7\u00f5es de acomoda\u00e7\u00e3o em B\u00fazios, Brasil: De resorts de luxo a albergues econ\u00f4micos<\/span><\/span><\/span><\/article><\/div><\/div><\/div><br \/>\n<br \/>\n<br \/>\n<br \/>\n<\/p><\/div>\n","protected":false},"excerpt":{"rendered":"","protected":false},"author":1,"featured_media":0,"parent":0,"menu_order":0,"comment_status":"closed","ping_status":"closed","template":"","meta":{"footnotes":""},"class_list":["post-3139","page","type-page","status-publish","hentry"],"yoast_head":"<!-- This site is optimized with the Yoast SEO plugin v25.7 - https:\/\/yoast.com\/wordpress\/plugins\/seo\/ -->\n<title>Guia de Hospedagem em B\u00fazios: De resorts de luxo a estadias exclusivas<\/title>\n<meta name=\"description\" content=\"Descubra os melhores lugares para ficar em B\u00fazios, Brasil. De opulentos resorts \u00e0 beira-mar e hot\u00e9is boutique a charmosas pousadas e albergues econ\u00f4micos, encontre o alojamento perfeito adaptado \u00e0s suas prefer\u00eancias e or\u00e7amento para uma experi\u00eancia inesquec\u00edvel em B\u00fazios.\" \/>\n<meta name=\"robots\" content=\"index, follow, max-snippet:-1, max-image-preview:large, max-video-preview:-1\" \/>\n<link rel=\"canonical\" href=\"https:\/\/buzios-vibe.com\/pt-br\/alojamento\" \/>\n<meta property=\"og:locale\" content=\"pt_PT\" \/>\n<meta property=\"og:type\" content=\"article\" \/>\n<meta property=\"og:title\" content=\"Guia de Hospedagem em B\u00fazios: De resorts de luxo a estadias exclusivas\" \/>\n<meta property=\"og:description\" content=\"Descubra os melhores lugares para ficar em B\u00fazios, Brasil. De opulentos resorts \u00e0 beira-mar e hot\u00e9is boutique a charmosas pousadas e albergues econ\u00f4micos, encontre o alojamento perfeito adaptado \u00e0s suas prefer\u00eancias e or\u00e7amento para uma experi\u00eancia inesquec\u00edvel em B\u00fazios.\" \/>\n<meta property=\"og:url\" content=\"https:\/\/buzios-vibe.com\/pt-br\/alojamento\" \/>\n<meta property=\"og:site_name\" content=\"Buzios Vibe - all you need to know about Buzios\" \/>\n<meta property=\"article:modified_time\" content=\"2024-11-15T18:32:18+00:00\" \/>\n<meta property=\"og:image\" content=\"https:\/\/buzios-vibe.com\/wp-content\/uploads\/2023\/10\/hotel_casas_brancas_buzios_brazil_travel_blog-1030x773.png\" \/>\n\t<meta property=\"og:image:width\" content=\"1030\" \/>\n\t<meta property=\"og:image:height\" content=\"773\" \/>\n\t<meta property=\"og:image:type\" content=\"image\/png\" \/>\n<meta name=\"twitter:card\" content=\"summary_large_image\" \/>\n<meta name=\"twitter:label1\" content=\"Est. reading time\" \/>\n\t<meta name=\"twitter:data1\" content=\"8 minutes\" \/>\n<script type=\"application\/ld+json\" class=\"yoast-schema-graph\">{\"@context\":\"https:\/\/schema.org\",\"@graph\":[{\"@type\":\"WebPage\",\"@id\":\"https:\/\/buzios-vibe.com\/pt-br\/alojamento\",\"url\":\"https:\/\/buzios-vibe.com\/pt-br\/alojamento\",\"name\":\"Guia de Hospedagem em B\u00fazios: De resorts de luxo a estadias exclusivas\",\"isPartOf\":{\"@id\":\"https:\/\/buzios-vibe.com\/pt-br#website\"},\"datePublished\":\"2023-09-05T14:16:26+00:00\",\"dateModified\":\"2024-11-15T18:32:18+00:00\",\"description\":\"Descubra os melhores lugares para ficar em B\u00fazios, Brasil. De opulentos resorts \u00e0 beira-mar e hot\u00e9is boutique a charmosas pousadas e albergues econ\u00f4micos, encontre o alojamento perfeito adaptado \u00e0s suas prefer\u00eancias e or\u00e7amento para uma experi\u00eancia inesquec\u00edvel em B\u00fazios.\",\"breadcrumb\":{\"@id\":\"https:\/\/buzios-vibe.com\/pt-br\/alojamento#breadcrumb\"},\"inLanguage\":\"pt\",\"potentialAction\":[{\"@type\":\"ReadAction\",\"target\":[\"https:\/\/buzios-vibe.com\/pt-br\/alojamento\"]}]},{\"@type\":\"BreadcrumbList\",\"@id\":\"https:\/\/buzios-vibe.com\/pt-br\/alojamento#breadcrumb\",\"itemListElement\":[{\"@type\":\"ListItem\",\"position\":1,\"name\":\"Home\",\"item\":\"https:\/\/buzios-vibe.com\/pt-br\"},{\"@type\":\"ListItem\",\"position\":2,\"name\":\"Alojamento\"}]},{\"@type\":\"WebSite\",\"@id\":\"https:\/\/buzios-vibe.com\/pt-br#website\",\"url\":\"https:\/\/buzios-vibe.com\/pt-br\",\"name\":\"Buzios Vibe - all you need to know about Buzios\",\"description\":\"Buzios Vibe - all you need to know about Buzios\",\"potentialAction\":[{\"@type\":\"SearchAction\",\"target\":{\"@type\":\"EntryPoint\",\"urlTemplate\":\"https:\/\/buzios-vibe.com\/pt-br?s={search_term_string}\"},\"query-input\":{\"@type\":\"PropertyValueSpecification\",\"valueRequired\":true,\"valueName\":\"search_term_string\"}}],\"inLanguage\":\"pt\"}]}<\/script>\n<!-- \/ Yoast SEO plugin. -->","yoast_head_json":{"title":"Guia de Hospedagem em B\u00fazios: De resorts de luxo a estadias exclusivas","description":"Descubra os melhores lugares para ficar em B\u00fazios, Brasil. De opulentos resorts \u00e0 beira-mar e hot\u00e9is boutique a charmosas pousadas e albergues econ\u00f4micos, encontre o alojamento perfeito adaptado \u00e0s suas prefer\u00eancias e or\u00e7amento para uma experi\u00eancia inesquec\u00edvel em B\u00fazios.","robots":{"index":"index","follow":"follow","max-snippet":"max-snippet:-1","max-image-preview":"max-image-preview:large","max-video-preview":"max-video-preview:-1"},"canonical":"https:\/\/buzios-vibe.com\/pt-br\/alojamento","og_locale":"pt_PT","og_type":"article","og_title":"Guia de Hospedagem em B\u00fazios: De resorts de luxo a estadias exclusivas","og_description":"Descubra os melhores lugares para ficar em B\u00fazios, Brasil. De opulentos resorts \u00e0 beira-mar e hot\u00e9is boutique a charmosas pousadas e albergues econ\u00f4micos, encontre o alojamento perfeito adaptado \u00e0s suas prefer\u00eancias e or\u00e7amento para uma experi\u00eancia inesquec\u00edvel em B\u00fazios.","og_url":"https:\/\/buzios-vibe.com\/pt-br\/alojamento","og_site_name":"Buzios Vibe - all you need to know about Buzios","article_modified_time":"2024-11-15T18:32:18+00:00","og_image":[{"width":1030,"height":773,"url":"https:\/\/buzios-vibe.com\/wp-content\/uploads\/2023\/10\/hotel_casas_brancas_buzios_brazil_travel_blog-1030x773.png","type":"image\/png"}],"twitter_card":"summary_large_image","twitter_misc":{"Est. reading time":"8 minutes"},"schema":{"@context":"https:\/\/schema.org","@graph":[{"@type":"WebPage","@id":"https:\/\/buzios-vibe.com\/pt-br\/alojamento","url":"https:\/\/buzios-vibe.com\/pt-br\/alojamento","name":"Guia de Hospedagem em B\u00fazios: De resorts de luxo a estadias exclusivas","isPartOf":{"@id":"https:\/\/buzios-vibe.com\/pt-br#website"},"datePublished":"2023-09-05T14:16:26+00:00","dateModified":"2024-11-15T18:32:18+00:00","description":"Descubra os melhores lugares para ficar em B\u00fazios, Brasil. De opulentos resorts \u00e0 beira-mar e hot\u00e9is boutique a charmosas pousadas e albergues econ\u00f4micos, encontre o alojamento perfeito adaptado \u00e0s suas prefer\u00eancias e or\u00e7amento para uma experi\u00eancia inesquec\u00edvel em B\u00fazios.","breadcrumb":{"@id":"https:\/\/buzios-vibe.com\/pt-br\/alojamento#breadcrumb"},"inLanguage":"pt","potentialAction":[{"@type":"ReadAction","target":["https:\/\/buzios-vibe.com\/pt-br\/alojamento"]}]},{"@type":"BreadcrumbList","@id":"https:\/\/buzios-vibe.com\/pt-br\/alojamento#breadcrumb","itemListElement":[{"@type":"ListItem","position":1,"name":"Home","item":"https:\/\/buzios-vibe.com\/pt-br"},{"@type":"ListItem","position":2,"name":"Alojamento"}]},{"@type":"WebSite","@id":"https:\/\/buzios-vibe.com\/pt-br#website","url":"https:\/\/buzios-vibe.com\/pt-br","name":"Buzios Vibe - all you need to know about Buzios","description":"Buzios Vibe - all you need to know about Buzios","potentialAction":[{"@type":"SearchAction","target":{"@type":"EntryPoint","urlTemplate":"https:\/\/buzios-vibe.com\/pt-br?s={search_term_string}"},"query-input":{"@type":"PropertyValueSpecification","valueRequired":true,"valueName":"search_term_string"}}],"inLanguage":"pt"}]}},"_links":{"self":[{"href":"https:\/\/buzios-vibe.com\/pt-br\/wp-json\/wp\/v2\/pages\/3139","targetHints":{"allow":["GET"]}}],"collection":[{"href":"https:\/\/buzios-vibe.com\/pt-br\/wp-json\/wp\/v2\/pages"}],"about":[{"href":"https:\/\/buzios-vibe.com\/pt-br\/wp-json\/wp\/v2\/types\/page"}],"author":[{"embeddable":true,"href":"https:\/\/buzios-vibe.com\/pt-br\/wp-json\/wp\/v2\/users\/1"}],"replies":[{"embeddable":true,"href":"https:\/\/buzios-vibe.com\/pt-br\/wp-json\/wp\/v2\/comments?post=3139"}],"version-history":[{"count":5,"href":"https:\/\/buzios-vibe.com\/pt-br\/wp-json\/wp\/v2\/pages\/3139\/revisions"}],"predecessor-version":[{"id":3989,"href":"https:\/\/buzios-vibe.com\/pt-br\/wp-json\/wp\/v2\/pages\/3139\/revisions\/3989"}],"wp:attachment":[{"href":"https:\/\/buzios-vibe.com\/pt-br\/wp-json\/wp\/v2\/media?parent=3139"}],"curies":[{"name":"wp","href":"https:\/\/api.w.org\/{rel}","templated":true}]}}