{"id":3125,"date":"2023-09-05T11:16:26","date_gmt":"2023-09-05T14:16:26","guid":{"rendered":"https:\/\/buzios-vibe.com\/sistemazione"},"modified":"2024-11-15T15:32:16","modified_gmt":"2024-11-15T18:32:16","slug":"sistemazione","status":"publish","type":"page","link":"https:\/\/buzios-vibe.com\/it\/sistemazione","title":{"rendered":"Sistemazione"},"content":{"rendered":"<div  class='flex_column av-23j36r-234fdb38dbc7fd7f92753ad9a5c2ad24 av_one_full  avia-builder-el-0  avia-builder-el-no-sibling  first flex_column_div  '     ><p>\n<style type=\"text\/css\" data-created_by=\"avia_inline_auto\" id=\"style-css-av-lm6e7ufv-b2d17855207574ada641e367b011024b\">\n#top .av-special-heading.av-lm6e7ufv-b2d17855207574ada641e367b011024b{\npadding-bottom:10px;\n}\nbody .av-special-heading.av-lm6e7ufv-b2d17855207574ada641e367b011024b .av-special-heading-tag .heading-char{\nfont-size:25px;\n}\n.av-special-heading.av-lm6e7ufv-b2d17855207574ada641e367b011024b .av-subheading{\nfont-size:15px;\n}\n<\/style>\n<div  class='av-special-heading av-lm6e7ufv-b2d17855207574ada641e367b011024b av-special-heading-h1  avia-builder-el-1  el_before_av_textblock  avia-builder-el-first '><h1 class='av-special-heading-tag'  itemprop=\"headline\"  >Alloggio a B\u00fazios, Brasile<\/h1><div class=\"special-heading-border\"><div class=\"special-heading-inner-border\"><\/div><\/div><\/div><br \/>\n<section  class='av_textblock_section av-lm6e89hb-6efc60a12acb9e3a4623e3a4eec586df '   itemscope=\"itemscope\" itemtype=\"https:\/\/schema.org\/CreativeWork\" ><div class='avia_textblock'  itemprop=\"text\" ><p>State programmando un viaggio a B\u00fazios e vi state chiedendo dove alloggiare? Siete nel posto giusto! La nostra categoria Alloggi a B\u00fazios \u00e8 la vostra guida completa per trovare l&#8217;alloggio perfetto che si adatta ai vostri gusti, alle vostre esigenze e al vostro budget. Dai lussuosi resort sull&#8217;oceano che offrono servizi di livello mondiale alle accoglienti pousadas dove sperimentare l&#8217;autentica ospitalit\u00e0 brasiliana, B\u00fazios offre un mix eclettico di opzioni di alloggio che soddisfano tutti i tipi di viaggiatori.<\/p>\n<p>In questa categoria scoprirete:<\/p>\n<ul>\n<li><strong>Villaggi di lusso<\/strong>: Scoprite i migliori resort di B\u00fazios, completi di spa, spiagge private e ristoranti gourmet.<\/li>\n<li><strong>Hotel di charme<\/strong>: Esplorate gli hotel piccoli e chic che offrono un&#8217;esperienza di viaggio unica e personalizzata.<\/li>\n<li><strong>Pousadas<\/strong>: Immergetevi in strutture a conduzione familiare che offrono un&#8217;atmosfera familiare e un&#8217;atmosfera locale.<\/li>\n<li><strong>Ostelli<\/strong>: Suggerimenti su spazi comuni economici, ideali per i viaggiatori con lo zaino in spalla e per chi viaggia da solo.<\/li>\n<li><strong>Case vacanza<\/strong>: La vostra guida all&#8217;esperienza di una casa lontano da casa, che si tratti di una villa sulla spiaggia o di un appartamento caratteristico.<\/li>\n<li><strong>Soggiorni unici<\/strong>: Da cabine ed eco-lodge a guest house, scoprite le opzioni meno conosciute per un&#8217;esperienza di alloggio unica.<\/li>\n<\/ul>\n<p>Prendete decisioni consapevoli grazie alle nostre liste curate, alle recensioni degli esperti e ai consigli degli addetti ai lavori, e trovate l&#8217;alloggio che render\u00e0 la vostra vacanza a B\u00fazios davvero indimenticabile.<\/p>\n<\/div><\/section><br \/>\n<div  data-slideshow-options=\"{&quot;animation&quot;:&quot;fade&quot;,&quot;autoplay&quot;:false,&quot;loop_autoplay&quot;:&quot;once&quot;,&quot;interval&quot;:&quot;5&quot;,&quot;loop_manual&quot;:&quot;manual-once&quot;,&quot;autoplay_stopper&quot;:false,&quot;noNavigation&quot;:false,&quot;show_slide_delay&quot;:90}\" class='avia-content-slider avia-content-slider-active avia-content-slider1 avia-content-slider-odd  avia-builder-el-3  el_after_av_textblock  el_before_av_postslider  av-slideshow-ui av-control-default   av-no-slider-navigation av-slideshow-manual av-loop-once av-loop-manual-once '  itemscope=\"itemscope\" itemtype=\"https:\/\/schema.org\/Blog\" ><div class=\"avia-content-slider-inner\"><div class=\"slide-entry-wrap\"><article class='slide-entry flex_column  post-entry post-entry-3516 slide-entry-overview slide-loop-1 slide-parity-odd  av_one_third first real-thumbnail posttype-post post-format-standard'  itemscope=\"itemscope\" itemtype=\"https:\/\/schema.org\/CreativeWork\" ><a href='https:\/\/buzios-vibe.com\/it\/i-6-migliori-resort-di-lusso-a-buzios-dalla-spa-alla-cucina-gourmet' data-rel='slide-1' class='slide-image' title='I 6 migliori resort di lusso a B\u00fazios: Dalla Spa alla cucina gourmet'><img decoding=\"async\" width=\"495\" height=\"400\" src=\"https:\/\/buzios-vibe.com\/wp-content\/uploads\/2023\/10\/hotel_casas_brancas_buzios_brazil_travel_blog-495x400.png\" class=\"wp-image-3065 avia-img-lazy-loading-not-3065 attachment-portfolio size-portfolio wp-post-image\" alt=\"\" srcset=\"https:\/\/buzios-vibe.com\/wp-content\/uploads\/2023\/10\/hotel_casas_brancas_buzios_brazil_travel_blog-495x400.png 495w, https:\/\/buzios-vibe.com\/wp-content\/uploads\/2023\/10\/hotel_casas_brancas_buzios_brazil_travel_blog-845x684.png 845w\" sizes=\"(max-width: 495px) 100vw, 495px\" \/><\/a><div class=\"slide-content\"><header class=\"entry-content-header\"><span class=\"blog-categories minor-meta\"><a href=\"https:\/\/buzios-vibe.com\/it\/category\/alloggio-a-buzios-brasile\" rel=\"tag\">Alloggio a B\u00fazios, Brasile<\/a>  <\/span><h3 class='slide-entry-title entry-title '  itemprop=\"headline\" ><a href='https:\/\/buzios-vibe.com\/it\/i-6-migliori-resort-di-lusso-a-buzios-dalla-spa-alla-cucina-gourmet' title='I 6 migliori resort di lusso a B\u00fazios: Dalla Spa alla cucina gourmet'>I 6 migliori resort di lusso a B\u00fazios: Dalla Spa alla cucina gourmet<\/a><\/h3><span class=\"av-vertical-delimiter\"><\/span><\/header><div class='slide-entry-excerpt entry-content'  itemprop=\"text\" >\nB\u00fazios offre una serie di alloggi lussuosi per i viaggiatori in cerca delle migliori esperienze. In questo articolo vi presenteremo sei dei migliori resort di Buzios che promettono un soggiorno da ricordare.  \n\nSerena Buzios, 4 stelle - Vicino\u2026<div class=\"read-more-link\"><a href=\"https:\/\/buzios-vibe.com\/it\/i-6-migliori-resort-di-lusso-a-buzios-dalla-spa-alla-cucina-gourmet\" class=\"more-link\">Continua a leggere<span class=\"more-link-arrow\"><\/span><\/a><\/div><\/div><\/div><footer class=\"entry-footer\"><div class=\"slide-meta\"><time class='slide-meta-time updated'  itemprop=\"datePublished\" datetime=\"2023-10-04T16:04:06-03:00\" >Ottobre 4, 2023<\/time><div class=\"slide-meta-del\">\/<\/div><div class=\"slide-meta-comments\"><a href='https:\/\/buzios-vibe.com\/it\/i-6-migliori-resort-di-lusso-a-buzios-dalla-spa-alla-cucina-gourmet#respond'>0 Commenti<\/a><\/div><\/div><\/footer><span class='hidden'>\n\t\t\t\t<span class='av-structured-data'  itemprop=\"image\" itemscope=\"itemscope\" itemtype=\"https:\/\/schema.org\/ImageObject\" >\n\t\t\t\t\t\t<span itemprop='url'>https:\/\/buzios-vibe.com\/wp-content\/uploads\/2023\/10\/hotel_casas_brancas_buzios_brazil_travel_blog.png<\/span>\n\t\t\t\t\t\t<span itemprop='height'>3024<\/span>\n\t\t\t\t\t\t<span itemprop='width'>4032<\/span>\n\t\t\t\t<\/span>\n\t\t\t\t<span class='av-structured-data'  itemprop=\"publisher\" itemtype=\"https:\/\/schema.org\/Organization\" itemscope=\"itemscope\" >\n\t\t\t\t\t\t<span itemprop='name'>Marrai<\/span>\n\t\t\t\t\t\t<span itemprop='logo' itemscope itemtype='https:\/\/schema.org\/ImageObject'>\n\t\t\t\t\t\t\t<span itemprop='url'>https:\/\/buzios-vibe.com\/wp-content\/uploads\/2023\/04\/cropped-Buzios_Vibe_Logo-300x100.png<\/span>\n\t\t\t\t\t\t<\/span>\n\t\t\t\t<\/span><span class='av-structured-data'  itemprop=\"author\" itemscope=\"itemscope\" itemtype=\"https:\/\/schema.org\/Person\" ><span itemprop='name'>Marrai<\/span><\/span><span class='av-structured-data'  itemprop=\"datePublished\" datetime=\"2023-09-05T11:16:26-03:00\" >2023-10-04 16:04:06<\/span><span class='av-structured-data'  itemprop=\"dateModified\" itemtype=\"https:\/\/schema.org\/dateModified\" >2023-10-04 21:13:27<\/span><span class='av-structured-data'  itemprop=\"mainEntityOfPage\" itemtype=\"https:\/\/schema.org\/mainEntityOfPage\" ><span itemprop='name'>I 6 migliori resort di lusso a B\u00fazios: Dalla Spa alla cucina gourmet<\/span><\/span><\/span><\/article><article class='slide-entry flex_column  post-entry post-entry-3515 slide-entry-overview slide-loop-2 slide-parity-even  av_one_third  real-thumbnail posttype-post post-format-standard'  itemscope=\"itemscope\" itemtype=\"https:\/\/schema.org\/CreativeWork\" ><a href='https:\/\/buzios-vibe.com\/it\/5-hotel-direttamente-sulla-spiaggia-di-buzios-per-tutte-le-tasche' data-rel='slide-1' class='slide-image' title='5 hotel direttamente sulla spiaggia di B\u00fazios per tutte le tasche'><img decoding=\"async\" width=\"495\" height=\"400\" src=\"https:\/\/buzios-vibe.com\/wp-content\/uploads\/2023\/09\/buzios_beach_praia_do_canto_center-495x400.png\" class=\"wp-image-2975 avia-img-lazy-loading-not-2975 attachment-portfolio size-portfolio wp-post-image\" alt=\"\" srcset=\"https:\/\/buzios-vibe.com\/wp-content\/uploads\/2023\/09\/buzios_beach_praia_do_canto_center-495x400.png 495w, https:\/\/buzios-vibe.com\/wp-content\/uploads\/2023\/09\/buzios_beach_praia_do_canto_center-845x684.png 845w\" sizes=\"(max-width: 495px) 100vw, 495px\" \/><\/a><div class=\"slide-content\"><header class=\"entry-content-header\"><span class=\"blog-categories minor-meta\"><a href=\"https:\/\/buzios-vibe.com\/it\/category\/alloggio-a-buzios-brasile\" rel=\"tag\">Alloggio a B\u00fazios, Brasile<\/a>  <\/span><h3 class='slide-entry-title entry-title '  itemprop=\"headline\" ><a href='https:\/\/buzios-vibe.com\/it\/5-hotel-direttamente-sulla-spiaggia-di-buzios-per-tutte-le-tasche' title='5 hotel direttamente sulla spiaggia di B\u00fazios per tutte le tasche'>5 hotel direttamente sulla spiaggia di B\u00fazios per tutte le tasche<\/a><\/h3><span class=\"av-vertical-delimiter\"><\/span><\/header><div class='slide-entry-excerpt entry-content'  itemprop=\"text\" >\nSta cercando un hotel sul mare a B\u00fazios? Allora controllate i nostri consigli per gli alloggi che si trovano direttamente su queste spiagge sabbiose. Se svegliarsi con il rumore delle onde e affacciarsi direttamente sulla spiaggia dal vostro\u2026<div class=\"read-more-link\"><a href=\"https:\/\/buzios-vibe.com\/it\/5-hotel-direttamente-sulla-spiaggia-di-buzios-per-tutte-le-tasche\" class=\"more-link\">Continua a leggere<span class=\"more-link-arrow\"><\/span><\/a><\/div><\/div><\/div><footer class=\"entry-footer\"><div class=\"slide-meta\"><time class='slide-meta-time updated'  itemprop=\"datePublished\" datetime=\"2023-10-02T16:10:46-03:00\" >Ottobre 2, 2023<\/time><div class=\"slide-meta-del\">\/<\/div><div class=\"slide-meta-comments\"><a href='https:\/\/buzios-vibe.com\/it\/5-hotel-direttamente-sulla-spiaggia-di-buzios-per-tutte-le-tasche#respond'>0 Commenti<\/a><\/div><\/div><\/footer><span class='hidden'>\n\t\t\t\t<span class='av-structured-data'  itemprop=\"image\" itemscope=\"itemscope\" itemtype=\"https:\/\/schema.org\/ImageObject\" >\n\t\t\t\t\t\t<span itemprop='url'>https:\/\/buzios-vibe.com\/wp-content\/uploads\/2023\/09\/buzios_beach_praia_do_canto_center.png<\/span>\n\t\t\t\t\t\t<span itemprop='height'>2266<\/span>\n\t\t\t\t\t\t<span itemprop='width'>3022<\/span>\n\t\t\t\t<\/span>\n\t\t\t\t<span class='av-structured-data'  itemprop=\"publisher\" itemtype=\"https:\/\/schema.org\/Organization\" itemscope=\"itemscope\" >\n\t\t\t\t\t\t<span itemprop='name'>Marrai<\/span>\n\t\t\t\t\t\t<span itemprop='logo' itemscope itemtype='https:\/\/schema.org\/ImageObject'>\n\t\t\t\t\t\t\t<span itemprop='url'>https:\/\/buzios-vibe.com\/wp-content\/uploads\/2023\/04\/cropped-Buzios_Vibe_Logo-300x100.png<\/span>\n\t\t\t\t\t\t<\/span>\n\t\t\t\t<\/span><span class='av-structured-data'  itemprop=\"author\" itemscope=\"itemscope\" itemtype=\"https:\/\/schema.org\/Person\" ><span itemprop='name'>Marrai<\/span><\/span><span class='av-structured-data'  itemprop=\"datePublished\" datetime=\"2023-09-05T11:16:26-03:00\" >2023-10-02 16:10:46<\/span><span class='av-structured-data'  itemprop=\"dateModified\" itemtype=\"https:\/\/schema.org\/dateModified\" >2023-10-04 21:14:07<\/span><span class='av-structured-data'  itemprop=\"mainEntityOfPage\" itemtype=\"https:\/\/schema.org\/mainEntityOfPage\" ><span itemprop='name'>5 hotel direttamente sulla spiaggia di B\u00fazios per tutte le tasche<\/span><\/span><\/span><\/article><article class='slide-entry flex_column  post-entry post-entry-3382 slide-entry-overview slide-loop-3 slide-parity-odd  post-entry-last  av_one_third  real-thumbnail posttype-post post-format-standard'  itemscope=\"itemscope\" itemtype=\"https:\/\/schema.org\/CreativeWork\" ><a href='https:\/\/buzios-vibe.com\/it\/opzioni-di-alloggio-a-buzios-brasile-dai-resort-di-lusso-agli-ostelli-economici' data-rel='slide-1' class='slide-image' title='Opzioni di alloggio a B\u00fazios, Brasile: Dai resort di lusso agli ostelli economici'><img decoding=\"async\" width=\"495\" height=\"400\" src=\"https:\/\/buzios-vibe.com\/wp-content\/uploads\/2023\/08\/hotel_in_buzios-495x400.png\" class=\"wp-image-2830 avia-img-lazy-loading-not-2830 attachment-portfolio size-portfolio wp-post-image\" alt=\"\" srcset=\"https:\/\/buzios-vibe.com\/wp-content\/uploads\/2023\/08\/hotel_in_buzios-495x400.png 495w, https:\/\/buzios-vibe.com\/wp-content\/uploads\/2023\/08\/hotel_in_buzios-845x684.png 845w\" sizes=\"(max-width: 495px) 100vw, 495px\" \/><\/a><div class=\"slide-content\"><header class=\"entry-content-header\"><span class=\"blog-categories minor-meta\"><a href=\"https:\/\/buzios-vibe.com\/it\/category\/alloggio-a-buzios-brasile\" rel=\"tag\">Alloggio a B\u00fazios, Brasile<\/a>  <\/span><h3 class='slide-entry-title entry-title '  itemprop=\"headline\" ><a href='https:\/\/buzios-vibe.com\/it\/opzioni-di-alloggio-a-buzios-brasile-dai-resort-di-lusso-agli-ostelli-economici' title='Opzioni di alloggio a B\u00fazios, Brasile: Dai resort di lusso agli ostelli economici'>Opzioni di alloggio a B\u00fazios, Brasile: Dai resort di lusso agli ostelli economici<\/a><\/h3><span class=\"av-vertical-delimiter\"><\/span><\/header><div class='slide-entry-excerpt entry-content'  itemprop=\"text\" >\nArma\u00e7\u00e3o dos B\u00fazios, comunemente nota come B\u00fazios, \u00e8 un'incantevole citt\u00e0 costiera nello stato brasiliano di Rio de Janeiro che offre un'ampia gamma di opzioni di alloggio per ogni esigenza e budget del viaggiatore. Dai grandi resort di\u2026<div class=\"read-more-link\"><a href=\"https:\/\/buzios-vibe.com\/it\/opzioni-di-alloggio-a-buzios-brasile-dai-resort-di-lusso-agli-ostelli-economici\" class=\"more-link\">Continua a leggere<span class=\"more-link-arrow\"><\/span><\/a><\/div><\/div><\/div><footer class=\"entry-footer\"><div class=\"slide-meta\"><time class='slide-meta-time updated'  itemprop=\"datePublished\" datetime=\"2023-08-31T10:48:58-03:00\" >Agosto 31, 2023<\/time><div class=\"slide-meta-del\">\/<\/div><div class=\"slide-meta-comments\"><a href='https:\/\/buzios-vibe.com\/it\/opzioni-di-alloggio-a-buzios-brasile-dai-resort-di-lusso-agli-ostelli-economici#respond'>0 Commenti<\/a><\/div><\/div><\/footer><span class='hidden'>\n\t\t\t\t<span class='av-structured-data'  itemprop=\"image\" itemscope=\"itemscope\" itemtype=\"https:\/\/schema.org\/ImageObject\" >\n\t\t\t\t\t\t<span itemprop='url'>https:\/\/buzios-vibe.com\/wp-content\/uploads\/2023\/08\/hotel_in_buzios.png<\/span>\n\t\t\t\t\t\t<span itemprop='height'>2266<\/span>\n\t\t\t\t\t\t<span itemprop='width'>3022<\/span>\n\t\t\t\t<\/span>\n\t\t\t\t<span class='av-structured-data'  itemprop=\"publisher\" itemtype=\"https:\/\/schema.org\/Organization\" itemscope=\"itemscope\" >\n\t\t\t\t\t\t<span itemprop='name'>Marrai<\/span>\n\t\t\t\t\t\t<span itemprop='logo' itemscope itemtype='https:\/\/schema.org\/ImageObject'>\n\t\t\t\t\t\t\t<span itemprop='url'>https:\/\/buzios-vibe.com\/wp-content\/uploads\/2023\/04\/cropped-Buzios_Vibe_Logo-300x100.png<\/span>\n\t\t\t\t\t\t<\/span>\n\t\t\t\t<\/span><span class='av-structured-data'  itemprop=\"author\" itemscope=\"itemscope\" itemtype=\"https:\/\/schema.org\/Person\" ><span itemprop='name'>Marrai<\/span><\/span><span class='av-structured-data'  itemprop=\"datePublished\" datetime=\"2023-09-05T11:16:26-03:00\" >2023-08-31 10:48:58<\/span><span class='av-structured-data'  itemprop=\"dateModified\" itemtype=\"https:\/\/schema.org\/dateModified\" >2024-11-15 15:28:26<\/span><span class='av-structured-data'  itemprop=\"mainEntityOfPage\" itemtype=\"https:\/\/schema.org\/mainEntityOfPage\" ><span itemprop='name'>Opzioni di alloggio a B\u00fazios, Brasile: Dai resort di lusso agli ostelli economici<\/span><\/span><\/span><\/article><\/div><\/div><\/div><br \/>\n<br \/>\n<br \/>\n<br \/>\n<\/p><\/div>\n","protected":false},"excerpt":{"rendered":"","protected":false},"author":1,"featured_media":0,"parent":0,"menu_order":0,"comment_status":"closed","ping_status":"closed","template":"","meta":{"footnotes":""},"class_list":["post-3125","page","type-page","status-publish","hentry"],"yoast_head":"<!-- This site is optimized with the Yoast SEO plugin v25.7 - https:\/\/yoast.com\/wordpress\/plugins\/seo\/ -->\n<title>Guida agli alloggi di B\u00fazios: Dai resort di lusso ai soggiorni unici<\/title>\n<meta name=\"description\" content=\"Scopri i migliori posti dove alloggiare a B\u00fazios, Brasile. Dagli opulenti resort sull&#039;oceano agli hotel boutique, dalle affascinanti pousadas agli ostelli economici, trovate l&#039;alloggio perfetto in base alle vostre preferenze e al vostro budget per un&#039;esperienza indimenticabile a B\u00fazios.\" \/>\n<meta name=\"robots\" content=\"index, follow, max-snippet:-1, max-image-preview:large, max-video-preview:-1\" \/>\n<link rel=\"canonical\" href=\"https:\/\/buzios-vibe.com\/it\/sistemazione\" \/>\n<meta property=\"og:locale\" content=\"it_IT\" \/>\n<meta property=\"og:type\" content=\"article\" \/>\n<meta property=\"og:title\" content=\"Guida agli alloggi di B\u00fazios: Dai resort di lusso ai soggiorni unici\" \/>\n<meta property=\"og:description\" content=\"Scopri i migliori posti dove alloggiare a B\u00fazios, Brasile. Dagli opulenti resort sull&#039;oceano agli hotel boutique, dalle affascinanti pousadas agli ostelli economici, trovate l&#039;alloggio perfetto in base alle vostre preferenze e al vostro budget per un&#039;esperienza indimenticabile a B\u00fazios.\" \/>\n<meta property=\"og:url\" content=\"https:\/\/buzios-vibe.com\/it\/sistemazione\" \/>\n<meta property=\"og:site_name\" content=\"Buzios Vibe - all you need to know about Buzios\" \/>\n<meta property=\"article:modified_time\" content=\"2024-11-15T18:32:16+00:00\" \/>\n<meta property=\"og:image\" content=\"https:\/\/buzios-vibe.com\/wp-content\/uploads\/2023\/10\/hotel_casas_brancas_buzios_brazil_travel_blog-1030x773.png\" \/>\n\t<meta property=\"og:image:width\" content=\"1030\" \/>\n\t<meta property=\"og:image:height\" content=\"773\" \/>\n\t<meta property=\"og:image:type\" content=\"image\/png\" \/>\n<meta name=\"twitter:card\" content=\"summary_large_image\" \/>\n<meta name=\"twitter:label1\" content=\"Tempo di lettura stimato\" \/>\n\t<meta name=\"twitter:data1\" content=\"8 minuti\" \/>\n<script type=\"application\/ld+json\" class=\"yoast-schema-graph\">{\"@context\":\"https:\/\/schema.org\",\"@graph\":[{\"@type\":\"WebPage\",\"@id\":\"https:\/\/buzios-vibe.com\/it\/sistemazione\",\"url\":\"https:\/\/buzios-vibe.com\/it\/sistemazione\",\"name\":\"Guida agli alloggi di B\u00fazios: Dai resort di lusso ai soggiorni unici\",\"isPartOf\":{\"@id\":\"https:\/\/buzios-vibe.com\/it#website\"},\"datePublished\":\"2023-09-05T14:16:26+00:00\",\"dateModified\":\"2024-11-15T18:32:16+00:00\",\"description\":\"Scopri i migliori posti dove alloggiare a B\u00fazios, Brasile. Dagli opulenti resort sull'oceano agli hotel boutique, dalle affascinanti pousadas agli ostelli economici, trovate l'alloggio perfetto in base alle vostre preferenze e al vostro budget per un'esperienza indimenticabile a B\u00fazios.\",\"breadcrumb\":{\"@id\":\"https:\/\/buzios-vibe.com\/it\/sistemazione#breadcrumb\"},\"inLanguage\":\"it-IT\",\"potentialAction\":[{\"@type\":\"ReadAction\",\"target\":[\"https:\/\/buzios-vibe.com\/it\/sistemazione\"]}]},{\"@type\":\"BreadcrumbList\",\"@id\":\"https:\/\/buzios-vibe.com\/it\/sistemazione#breadcrumb\",\"itemListElement\":[{\"@type\":\"ListItem\",\"position\":1,\"name\":\"Home\",\"item\":\"https:\/\/buzios-vibe.com\/it\"},{\"@type\":\"ListItem\",\"position\":2,\"name\":\"Sistemazione\"}]},{\"@type\":\"WebSite\",\"@id\":\"https:\/\/buzios-vibe.com\/it#website\",\"url\":\"https:\/\/buzios-vibe.com\/it\",\"name\":\"Buzios Vibe - all you need to know about Buzios\",\"description\":\"Buzios Vibe - all you need to know about Buzios\",\"potentialAction\":[{\"@type\":\"SearchAction\",\"target\":{\"@type\":\"EntryPoint\",\"urlTemplate\":\"https:\/\/buzios-vibe.com\/it?s={search_term_string}\"},\"query-input\":{\"@type\":\"PropertyValueSpecification\",\"valueRequired\":true,\"valueName\":\"search_term_string\"}}],\"inLanguage\":\"it-IT\"}]}<\/script>\n<!-- \/ Yoast SEO plugin. -->","yoast_head_json":{"title":"Guida agli alloggi di B\u00fazios: Dai resort di lusso ai soggiorni unici","description":"Scopri i migliori posti dove alloggiare a B\u00fazios, Brasile. Dagli opulenti resort sull'oceano agli hotel boutique, dalle affascinanti pousadas agli ostelli economici, trovate l'alloggio perfetto in base alle vostre preferenze e al vostro budget per un'esperienza indimenticabile a B\u00fazios.","robots":{"index":"index","follow":"follow","max-snippet":"max-snippet:-1","max-image-preview":"max-image-preview:large","max-video-preview":"max-video-preview:-1"},"canonical":"https:\/\/buzios-vibe.com\/it\/sistemazione","og_locale":"it_IT","og_type":"article","og_title":"Guida agli alloggi di B\u00fazios: Dai resort di lusso ai soggiorni unici","og_description":"Scopri i migliori posti dove alloggiare a B\u00fazios, Brasile. Dagli opulenti resort sull'oceano agli hotel boutique, dalle affascinanti pousadas agli ostelli economici, trovate l'alloggio perfetto in base alle vostre preferenze e al vostro budget per un'esperienza indimenticabile a B\u00fazios.","og_url":"https:\/\/buzios-vibe.com\/it\/sistemazione","og_site_name":"Buzios Vibe - all you need to know about Buzios","article_modified_time":"2024-11-15T18:32:16+00:00","og_image":[{"width":1030,"height":773,"url":"https:\/\/buzios-vibe.com\/wp-content\/uploads\/2023\/10\/hotel_casas_brancas_buzios_brazil_travel_blog-1030x773.png","type":"image\/png"}],"twitter_card":"summary_large_image","twitter_misc":{"Tempo di lettura stimato":"8 minuti"},"schema":{"@context":"https:\/\/schema.org","@graph":[{"@type":"WebPage","@id":"https:\/\/buzios-vibe.com\/it\/sistemazione","url":"https:\/\/buzios-vibe.com\/it\/sistemazione","name":"Guida agli alloggi di B\u00fazios: Dai resort di lusso ai soggiorni unici","isPartOf":{"@id":"https:\/\/buzios-vibe.com\/it#website"},"datePublished":"2023-09-05T14:16:26+00:00","dateModified":"2024-11-15T18:32:16+00:00","description":"Scopri i migliori posti dove alloggiare a B\u00fazios, Brasile. Dagli opulenti resort sull'oceano agli hotel boutique, dalle affascinanti pousadas agli ostelli economici, trovate l'alloggio perfetto in base alle vostre preferenze e al vostro budget per un'esperienza indimenticabile a B\u00fazios.","breadcrumb":{"@id":"https:\/\/buzios-vibe.com\/it\/sistemazione#breadcrumb"},"inLanguage":"it-IT","potentialAction":[{"@type":"ReadAction","target":["https:\/\/buzios-vibe.com\/it\/sistemazione"]}]},{"@type":"BreadcrumbList","@id":"https:\/\/buzios-vibe.com\/it\/sistemazione#breadcrumb","itemListElement":[{"@type":"ListItem","position":1,"name":"Home","item":"https:\/\/buzios-vibe.com\/it"},{"@type":"ListItem","position":2,"name":"Sistemazione"}]},{"@type":"WebSite","@id":"https:\/\/buzios-vibe.com\/it#website","url":"https:\/\/buzios-vibe.com\/it","name":"Buzios Vibe - all you need to know about Buzios","description":"Buzios Vibe - all you need to know about Buzios","potentialAction":[{"@type":"SearchAction","target":{"@type":"EntryPoint","urlTemplate":"https:\/\/buzios-vibe.com\/it?s={search_term_string}"},"query-input":{"@type":"PropertyValueSpecification","valueRequired":true,"valueName":"search_term_string"}}],"inLanguage":"it-IT"}]}},"_links":{"self":[{"href":"https:\/\/buzios-vibe.com\/it\/wp-json\/wp\/v2\/pages\/3125","targetHints":{"allow":["GET"]}}],"collection":[{"href":"https:\/\/buzios-vibe.com\/it\/wp-json\/wp\/v2\/pages"}],"about":[{"href":"https:\/\/buzios-vibe.com\/it\/wp-json\/wp\/v2\/types\/page"}],"author":[{"embeddable":true,"href":"https:\/\/buzios-vibe.com\/it\/wp-json\/wp\/v2\/users\/1"}],"replies":[{"embeddable":true,"href":"https:\/\/buzios-vibe.com\/it\/wp-json\/wp\/v2\/comments?post=3125"}],"version-history":[{"count":3,"href":"https:\/\/buzios-vibe.com\/it\/wp-json\/wp\/v2\/pages\/3125\/revisions"}],"predecessor-version":[{"id":3164,"href":"https:\/\/buzios-vibe.com\/it\/wp-json\/wp\/v2\/pages\/3125\/revisions\/3164"}],"wp:attachment":[{"href":"https:\/\/buzios-vibe.com\/it\/wp-json\/wp\/v2\/media?parent=3125"}],"curies":[{"name":"wp","href":"https:\/\/api.w.org\/{rel}","templated":true}]}}