{"id":3124,"date":"2023-09-05T11:14:56","date_gmt":"2023-09-05T14:14:56","guid":{"rendered":"https:\/\/buzios-vibe.com\/cibo-e-bevande"},"modified":"2024-11-15T15:32:13","modified_gmt":"2024-11-15T18:32:13","slug":"cibo-e-bevande","status":"publish","type":"page","link":"https:\/\/buzios-vibe.com\/it\/cibo-e-bevande","title":{"rendered":"Cibo e bevande"},"content":{"rendered":"<div  class='flex_column av-2z4cjl-7b2ae6dc39253611299deb859040d805 av_one_full  avia-builder-el-0  avia-builder-el-no-sibling  first flex_column_div  '     ><p>\n<style type=\"text\/css\" data-created_by=\"avia_inline_auto\" id=\"style-css-av-lm6e5y2p-498e0cf6727b319a901e48ce6a565fb0\">\n#top .av-special-heading.av-lm6e5y2p-498e0cf6727b319a901e48ce6a565fb0{\npadding-bottom:10px;\n}\nbody .av-special-heading.av-lm6e5y2p-498e0cf6727b319a901e48ce6a565fb0 .av-special-heading-tag .heading-char{\nfont-size:25px;\n}\n.av-special-heading.av-lm6e5y2p-498e0cf6727b319a901e48ce6a565fb0 .av-subheading{\nfont-size:15px;\n}\n<\/style>\n<div  class='av-special-heading av-lm6e5y2p-498e0cf6727b319a901e48ce6a565fb0 av-special-heading-h1  avia-builder-el-1  el_before_av_textblock  avia-builder-el-first '><h1 class='av-special-heading-tag'  itemprop=\"headline\"  >Food <span class='special_amp'>&amp;<\/span> Drinks in B\u00fazios, Brazil<\/h1><div class=\"special-heading-border\"><div class=\"special-heading-inner-border\"><\/div><\/div><\/div><br \/>\n<section  class='av_textblock_section av-lm6e6ci8-680f9ed91ccadc4bfb8f5e520a7dd4e3 '   itemscope=\"itemscope\" itemtype=\"https:\/\/schema.org\/CreativeWork\" ><div class='avia_textblock'  itemprop=\"text\" ><p>Welcome to the Food &amp; Drinks category, where we explore the gastronomic wonders of B\u00fazios, Brazil\u2014a destination as rich in flavors as it is in natural beauty. Nestled along the scenic coastline, this charming town offers a culinary journey that is as diverse and vibrant as its culture. From local street food to fine dining experiences, B\u00fazios serves up an array of options that promise to tantalize your taste buds.<\/p>\n<p>In this deliciously curated category, you&#8217;ll find:<\/p>\n<ul>\n<li><strong>Local Cuisine<\/strong>: Discover the authentic flavors of B\u00fazios, from freshly caught seafood to traditional Brazilian dishes like feijoada and acaraj\u00e9.<\/li>\n<li><strong>Fine Dining<\/strong>: Learn about the town&#8217;s high-end restaurants that offer gourmet menus and stunning ocean views.<\/li>\n<li><strong>Beachfront Caf\u00e9s<\/strong>: Sip on a caipirinha while enjoying the sea breeze. We&#8217;ll guide you to the best spots.<\/li>\n<li><strong>Bars and Nightlife<\/strong>: From vibrant samba bars to relaxed beach lounges, explore B\u00fazios&#8217; dynamic nightlife.<\/li>\n<li><strong>Street Food and Snacks<\/strong>: Get the scoop on where to find quick, tasty, and budget-friendly eats around town.<\/li>\n<li><strong>Breweries and Wine<\/strong>: Interested in local brews or South American wines? We&#8217;ve got you covered.<\/li>\n<\/ul>\n<p>Whether you&#8217;re a foodie on the hunt for exotic flavors, a couple looking for a romantic dinner spot, or a traveler eager to dive into local culture through its cuisine, this category is your ultimate guide to eating and drinking your way through B\u00fazios. Bon app\u00e9tit and Sa\u00fade!<\/p>\n<\/div><\/section><br \/>\n<div  data-slideshow-options=\"{&quot;animation&quot;:&quot;fade&quot;,&quot;autoplay&quot;:false,&quot;loop_autoplay&quot;:&quot;once&quot;,&quot;interval&quot;:&quot;5&quot;,&quot;loop_manual&quot;:&quot;manual-once&quot;,&quot;autoplay_stopper&quot;:false,&quot;noNavigation&quot;:false,&quot;show_slide_delay&quot;:90}\" class='avia-content-slider avia-content-slider-active avia-content-slider1 avia-content-slider-odd  avia-builder-el-3  el_after_av_textblock  el_before_av_postslider  av-slideshow-ui av-control-default   av-no-slider-navigation av-slideshow-manual av-loop-once av-loop-manual-once '  itemscope=\"itemscope\" itemtype=\"https:\/\/schema.org\/Blog\" ><div class=\"avia-content-slider-inner\"><div class=\"slide-entry-wrap\"><article class='slide-entry flex_column  post-entry post-entry-3461 slide-entry-overview slide-loop-1 slide-parity-odd  av_one_third first real-thumbnail posttype-post post-format-standard'  itemscope=\"itemscope\" itemtype=\"https:\/\/schema.org\/CreativeWork\" ><a href='https:\/\/buzios-vibe.com\/it\/i-frutti-locali-da-provare-quando-si-visita-buzios-brasile' data-rel='slide-1' class='slide-image' title='I frutti locali da provare quando si visita B\u00fazios, Brasile'><img decoding=\"async\" width=\"495\" height=\"400\" src=\"https:\/\/buzios-vibe.com\/wp-content\/uploads\/2023\/09\/papaya_mamao_buzios-495x400.png\" class=\"wp-image-2905 avia-img-lazy-loading-not-2905 attachment-portfolio size-portfolio wp-post-image\" alt=\"\" srcset=\"https:\/\/buzios-vibe.com\/wp-content\/uploads\/2023\/09\/papaya_mamao_buzios-495x400.png 495w, https:\/\/buzios-vibe.com\/wp-content\/uploads\/2023\/09\/papaya_mamao_buzios-845x684.png 845w\" sizes=\"(max-width: 495px) 100vw, 495px\" \/><\/a><div class=\"slide-content\"><header class=\"entry-content-header\"><span class=\"blog-categories minor-meta\"><a href=\"https:\/\/buzios-vibe.com\/it\/category\/cibi-e-bevande-a-buzios-brasile\" rel=\"tag\">Cibi e bevande a B\u00fazios, Brasile<\/a>  <\/span><h3 class='slide-entry-title entry-title '  itemprop=\"headline\" ><a href='https:\/\/buzios-vibe.com\/it\/i-frutti-locali-da-provare-quando-si-visita-buzios-brasile' title='I frutti locali da provare quando si visita B\u00fazios, Brasile'>I frutti locali da provare quando si visita B\u00fazios, Brasile<\/a><\/h3><span class=\"av-vertical-delimiter\"><\/span><\/header><div class='slide-entry-excerpt entry-content'  itemprop=\"text\" >\nB\u00fazios, una pittoresca cittadina costiera di Rio de Janeiro, in Brasile, non \u00e8 solo un paradiso tropicale ornato da spiagge incontaminate. \u00c8 un luogo in cui la terra offre generosamente una serie di frutti da non perdere. Sebbene la citt\u00e0\u2026<div class=\"read-more-link\"><a href=\"https:\/\/buzios-vibe.com\/it\/i-frutti-locali-da-provare-quando-si-visita-buzios-brasile\" class=\"more-link\">Continua a leggere<span class=\"more-link-arrow\"><\/span><\/a><\/div><\/div><\/div><footer class=\"entry-footer\"><div class=\"slide-meta\"><time class='slide-meta-time updated'  itemprop=\"datePublished\" datetime=\"2023-09-12T14:31:53-03:00\" >Settembre 12, 2023<\/time><div class=\"slide-meta-del\">\/<\/div><div class=\"slide-meta-comments\"><a href='https:\/\/buzios-vibe.com\/it\/i-frutti-locali-da-provare-quando-si-visita-buzios-brasile#respond'>0 Commenti<\/a><\/div><\/div><\/footer><span class='hidden'>\n\t\t\t\t<span class='av-structured-data'  itemprop=\"image\" itemscope=\"itemscope\" itemtype=\"https:\/\/schema.org\/ImageObject\" >\n\t\t\t\t\t\t<span itemprop='url'>https:\/\/buzios-vibe.com\/wp-content\/uploads\/2023\/09\/papaya_mamao_buzios.png<\/span>\n\t\t\t\t\t\t<span itemprop='height'>1976<\/span>\n\t\t\t\t\t\t<span itemprop='width'>2634<\/span>\n\t\t\t\t<\/span>\n\t\t\t\t<span class='av-structured-data'  itemprop=\"publisher\" itemtype=\"https:\/\/schema.org\/Organization\" itemscope=\"itemscope\" >\n\t\t\t\t\t\t<span itemprop='name'>Marrai<\/span>\n\t\t\t\t\t\t<span itemprop='logo' itemscope itemtype='https:\/\/schema.org\/ImageObject'>\n\t\t\t\t\t\t\t<span itemprop='url'>https:\/\/buzios-vibe.com\/wp-content\/uploads\/2023\/04\/cropped-Buzios_Vibe_Logo-300x100.png<\/span>\n\t\t\t\t\t\t<\/span>\n\t\t\t\t<\/span><span class='av-structured-data'  itemprop=\"author\" itemscope=\"itemscope\" itemtype=\"https:\/\/schema.org\/Person\" ><span itemprop='name'>Marrai<\/span><\/span><span class='av-structured-data'  itemprop=\"datePublished\" datetime=\"2023-09-05T11:14:56-03:00\" >2023-09-12 14:31:53<\/span><span class='av-structured-data'  itemprop=\"dateModified\" itemtype=\"https:\/\/schema.org\/dateModified\" >2024-11-15 15:32:15<\/span><span class='av-structured-data'  itemprop=\"mainEntityOfPage\" itemtype=\"https:\/\/schema.org\/mainEntityOfPage\" ><span itemprop='name'>I frutti locali da provare quando si visita B\u00fazios, Brasile<\/span><\/span><\/span><\/article><article class='slide-entry flex_column  post-entry post-entry-3458 slide-entry-overview slide-loop-2 slide-parity-even  av_one_third  real-thumbnail posttype-post post-format-standard'  itemscope=\"itemscope\" itemtype=\"https:\/\/schema.org\/CreativeWork\" ><a href='https:\/\/buzios-vibe.com\/it\/un-tour-culinario-limperdibile-street-food-delle-spiagge-di-buzios' data-rel='slide-1' class='slide-image' title='Un tour culinario: L&#8217;imperdibile street food delle spiagge di B\u00fazios'><img decoding=\"async\" width=\"495\" height=\"400\" src=\"https:\/\/buzios-vibe.com\/wp-content\/uploads\/2023\/09\/Buzios_vendedor_acai_travel_blog-495x400.png\" class=\"wp-image-2640 avia-img-lazy-loading-not-2640 attachment-portfolio size-portfolio wp-post-image\" alt=\"\" srcset=\"https:\/\/buzios-vibe.com\/wp-content\/uploads\/2023\/09\/Buzios_vendedor_acai_travel_blog-495x400.png 495w, https:\/\/buzios-vibe.com\/wp-content\/uploads\/2023\/09\/Buzios_vendedor_acai_travel_blog-845x684.png 845w\" sizes=\"(max-width: 495px) 100vw, 495px\" \/><\/a><div class=\"slide-content\"><header class=\"entry-content-header\"><span class=\"blog-categories minor-meta\"><a href=\"https:\/\/buzios-vibe.com\/it\/category\/cibi-e-bevande-a-buzios-brasile\" rel=\"tag\">Cibi e bevande a B\u00fazios, Brasile<\/a>  <\/span><h3 class='slide-entry-title entry-title '  itemprop=\"headline\" ><a href='https:\/\/buzios-vibe.com\/it\/un-tour-culinario-limperdibile-street-food-delle-spiagge-di-buzios' title='Un tour culinario: L&#8217;imperdibile street food delle spiagge di B\u00fazios'>Un tour culinario: L&#8217;imperdibile street food delle spiagge di B\u00fazios<\/a><\/h3><span class=\"av-vertical-delimiter\"><\/span><\/header><div class='slide-entry-excerpt entry-content'  itemprop=\"text\" >\nLe splendide spiagge di B\u00fazios, in Brasile, sono rinomate in tutto il mondo, ma ci\u00f2 che rende davvero speciale una giornata in spiaggia \u00e8 il viaggio gastronomico che si pu\u00f2 intraprendere senza mai lasciare le rive sabbiose. Il cibo di strada\u2026<div class=\"read-more-link\"><a href=\"https:\/\/buzios-vibe.com\/it\/un-tour-culinario-limperdibile-street-food-delle-spiagge-di-buzios\" class=\"more-link\">Continua a leggere<span class=\"more-link-arrow\"><\/span><\/a><\/div><\/div><\/div><footer class=\"entry-footer\"><div class=\"slide-meta\"><time class='slide-meta-time updated'  itemprop=\"datePublished\" datetime=\"2023-09-05T15:16:39-03:00\" >Settembre 5, 2023<\/time><div class=\"slide-meta-del\">\/<\/div><div class=\"slide-meta-comments\"><a href='https:\/\/buzios-vibe.com\/it\/un-tour-culinario-limperdibile-street-food-delle-spiagge-di-buzios#respond'>0 Commenti<\/a><\/div><\/div><\/footer><span class='hidden'>\n\t\t\t\t<span class='av-structured-data'  itemprop=\"image\" itemscope=\"itemscope\" itemtype=\"https:\/\/schema.org\/ImageObject\" >\n\t\t\t\t\t\t<span itemprop='url'>https:\/\/buzios-vibe.com\/wp-content\/uploads\/2023\/09\/Buzios_vendedor_acai_travel_blog.png<\/span>\n\t\t\t\t\t\t<span itemprop='height'>2266<\/span>\n\t\t\t\t\t\t<span itemprop='width'>3022<\/span>\n\t\t\t\t<\/span>\n\t\t\t\t<span class='av-structured-data'  itemprop=\"publisher\" itemtype=\"https:\/\/schema.org\/Organization\" itemscope=\"itemscope\" >\n\t\t\t\t\t\t<span itemprop='name'>Marrai<\/span>\n\t\t\t\t\t\t<span itemprop='logo' itemscope itemtype='https:\/\/schema.org\/ImageObject'>\n\t\t\t\t\t\t\t<span itemprop='url'>https:\/\/buzios-vibe.com\/wp-content\/uploads\/2023\/04\/cropped-Buzios_Vibe_Logo-300x100.png<\/span>\n\t\t\t\t\t\t<\/span>\n\t\t\t\t<\/span><span class='av-structured-data'  itemprop=\"author\" itemscope=\"itemscope\" itemtype=\"https:\/\/schema.org\/Person\" ><span itemprop='name'>Marrai<\/span><\/span><span class='av-structured-data'  itemprop=\"datePublished\" datetime=\"2023-09-05T11:14:56-03:00\" >2023-09-05 15:16:39<\/span><span class='av-structured-data'  itemprop=\"dateModified\" itemtype=\"https:\/\/schema.org\/dateModified\" >2024-11-15 15:33:23<\/span><span class='av-structured-data'  itemprop=\"mainEntityOfPage\" itemtype=\"https:\/\/schema.org\/mainEntityOfPage\" ><span itemprop='name'>Un tour culinario: L&#8217;imperdibile street food delle spiagge di B\u00fazios<\/span><\/span><\/span><\/article><article class='slide-entry flex_column  post-entry post-entry-3383 slide-entry-overview slide-loop-3 slide-parity-odd  post-entry-last  av_one_third  real-thumbnail posttype-post post-format-standard'  itemscope=\"itemscope\" itemtype=\"https:\/\/schema.org\/CreativeWork\" ><a href='https:\/\/buzios-vibe.com\/it\/un-viaggio-culinario-attraverso-buzios-alla-scoperta-dei-sapori-della-gemma-costiera-del-brasile' data-rel='slide-1' class='slide-image' title='Un viaggio culinario attraverso B\u00fazios: Alla scoperta dei sapori della gemma costiera del Brasile'><img decoding=\"async\" width=\"495\" height=\"400\" src=\"https:\/\/buzios-vibe.com\/wp-content\/uploads\/2023\/08\/Picanha_brazilian_food_blog-495x400.jpg\" class=\"wp-image-2630 avia-img-lazy-loading-not-2630 attachment-portfolio size-portfolio wp-post-image\" alt=\"\" srcset=\"https:\/\/buzios-vibe.com\/wp-content\/uploads\/2023\/08\/Picanha_brazilian_food_blog-495x400.jpg 495w, https:\/\/buzios-vibe.com\/wp-content\/uploads\/2023\/08\/Picanha_brazilian_food_blog-845x684.jpg 845w\" sizes=\"(max-width: 495px) 100vw, 495px\" \/><\/a><div class=\"slide-content\"><header class=\"entry-content-header\"><span class=\"blog-categories minor-meta\"><a href=\"https:\/\/buzios-vibe.com\/it\/category\/cibi-e-bevande-a-buzios-brasile\" rel=\"tag\">Cibi e bevande a B\u00fazios, Brasile<\/a>  <\/span><h3 class='slide-entry-title entry-title '  itemprop=\"headline\" ><a href='https:\/\/buzios-vibe.com\/it\/un-viaggio-culinario-attraverso-buzios-alla-scoperta-dei-sapori-della-gemma-costiera-del-brasile' title='Un viaggio culinario attraverso B\u00fazios: Alla scoperta dei sapori della gemma costiera del Brasile'>Un viaggio culinario attraverso B\u00fazios: Alla scoperta dei sapori della gemma costiera del Brasile<\/a><\/h3><span class=\"av-vertical-delimiter\"><\/span><\/header><div class='slide-entry-excerpt entry-content'  itemprop=\"text\" >\nLa citt\u00e0 costiera brasiliana di Arma\u00e7\u00e3o dos B\u00fazios, affettuosamente nota come B\u00fazios, \u00e8 rinomata per le sue splendide spiagge, i paesaggi lussureggianti e la cultura vivace. Tuttavia, una delle sue caratteristiche meno conosciute ma altrettanto\u2026<div class=\"read-more-link\"><a href=\"https:\/\/buzios-vibe.com\/it\/un-viaggio-culinario-attraverso-buzios-alla-scoperta-dei-sapori-della-gemma-costiera-del-brasile\" class=\"more-link\">Continua a leggere<span class=\"more-link-arrow\"><\/span><\/a><\/div><\/div><\/div><footer class=\"entry-footer\"><div class=\"slide-meta\"><time class='slide-meta-time updated'  itemprop=\"datePublished\" datetime=\"2023-08-30T10:44:11-03:00\" >Agosto 30, 2023<\/time><div class=\"slide-meta-del\">\/<\/div><div class=\"slide-meta-comments\"><a href='https:\/\/buzios-vibe.com\/it\/un-viaggio-culinario-attraverso-buzios-alla-scoperta-dei-sapori-della-gemma-costiera-del-brasile#respond'>0 Commenti<\/a><\/div><\/div><\/footer><span class='hidden'>\n\t\t\t\t<span class='av-structured-data'  itemprop=\"image\" itemscope=\"itemscope\" itemtype=\"https:\/\/schema.org\/ImageObject\" >\n\t\t\t\t\t\t<span itemprop='url'>https:\/\/buzios-vibe.com\/wp-content\/uploads\/2023\/08\/Picanha_brazilian_food_blog-scaled.jpg<\/span>\n\t\t\t\t\t\t<span itemprop='height'>1707<\/span>\n\t\t\t\t\t\t<span itemprop='width'>2560<\/span>\n\t\t\t\t<\/span>\n\t\t\t\t<span class='av-structured-data'  itemprop=\"publisher\" itemtype=\"https:\/\/schema.org\/Organization\" itemscope=\"itemscope\" >\n\t\t\t\t\t\t<span itemprop='name'>Marrai<\/span>\n\t\t\t\t\t\t<span itemprop='logo' itemscope itemtype='https:\/\/schema.org\/ImageObject'>\n\t\t\t\t\t\t\t<span itemprop='url'>https:\/\/buzios-vibe.com\/wp-content\/uploads\/2023\/04\/cropped-Buzios_Vibe_Logo-300x100.png<\/span>\n\t\t\t\t\t\t<\/span>\n\t\t\t\t<\/span><span class='av-structured-data'  itemprop=\"author\" itemscope=\"itemscope\" itemtype=\"https:\/\/schema.org\/Person\" ><span itemprop='name'>Marrai<\/span><\/span><span class='av-structured-data'  itemprop=\"datePublished\" datetime=\"2023-09-05T11:14:56-03:00\" >2023-08-30 10:44:11<\/span><span class='av-structured-data'  itemprop=\"dateModified\" itemtype=\"https:\/\/schema.org\/dateModified\" >2024-11-15 15:28:11<\/span><span class='av-structured-data'  itemprop=\"mainEntityOfPage\" itemtype=\"https:\/\/schema.org\/mainEntityOfPage\" ><span itemprop='name'>Un viaggio culinario attraverso B\u00fazios: Alla scoperta dei sapori della gemma costiera del Brasile<\/span><\/span><\/span><\/article><\/div><\/div><\/div><br \/>\n<br \/>\n<br \/>\n<br \/>\n<\/p><\/div>\n","protected":false},"excerpt":{"rendered":"","protected":false},"author":1,"featured_media":0,"parent":0,"menu_order":0,"comment_status":"closed","ping_status":"closed","template":"","meta":{"footnotes":""},"class_list":["post-3124","page","type-page","status-publish","hentry"],"yoast_head":"<!-- This site is optimized with the Yoast SEO plugin v25.7 - https:\/\/yoast.com\/wordpress\/plugins\/seo\/ -->\n<title>Guida ai cibi e alle bevande di B\u00fazios: Assaporare le delizie culinarie del Brasile<\/title>\n<meta name=\"description\" content=\"Prova il miglior cibo di B\u00fazios, Brasile! Dalle prelibatezze locali ai ristoranti raffinati, dai caff\u00e8 sulla spiaggia alla vivace vita notturna, esplorate il variegato panorama culinario di questa affascinante citt\u00e0 costiera. Immergetevi nei sapori autentici, scoprite i migliori ristoranti e assaporate il meglio della cucina di B\u00fazios.\" \/>\n<meta name=\"robots\" content=\"index, follow, max-snippet:-1, max-image-preview:large, max-video-preview:-1\" \/>\n<link rel=\"canonical\" href=\"https:\/\/buzios-vibe.com\/it\/cibo-e-bevande\" \/>\n<meta property=\"og:locale\" content=\"it_IT\" \/>\n<meta property=\"og:type\" content=\"article\" \/>\n<meta property=\"og:title\" content=\"Guida ai cibi e alle bevande di B\u00fazios: Assaporare le delizie culinarie del Brasile\" \/>\n<meta property=\"og:description\" content=\"Prova il miglior cibo di B\u00fazios, Brasile! Dalle prelibatezze locali ai ristoranti raffinati, dai caff\u00e8 sulla spiaggia alla vivace vita notturna, esplorate il variegato panorama culinario di questa affascinante citt\u00e0 costiera. Immergetevi nei sapori autentici, scoprite i migliori ristoranti e assaporate il meglio della cucina di B\u00fazios.\" \/>\n<meta property=\"og:url\" content=\"https:\/\/buzios-vibe.com\/it\/cibo-e-bevande\" \/>\n<meta property=\"og:site_name\" content=\"Buzios Vibe - all you need to know about Buzios\" \/>\n<meta property=\"article:modified_time\" content=\"2024-11-15T18:32:13+00:00\" \/>\n<meta property=\"og:image\" content=\"https:\/\/buzios-vibe.com\/wp-content\/uploads\/2023\/10\/hotel_casas_brancas_buzios_brazil_travel_blog-1030x773.png\" \/>\n\t<meta property=\"og:image:width\" content=\"1030\" \/>\n\t<meta property=\"og:image:height\" content=\"773\" \/>\n\t<meta property=\"og:image:type\" content=\"image\/png\" \/>\n<meta name=\"twitter:card\" content=\"summary_large_image\" \/>\n<meta name=\"twitter:label1\" content=\"Tempo di lettura stimato\" \/>\n\t<meta name=\"twitter:data1\" content=\"8 minuti\" \/>\n<script type=\"application\/ld+json\" class=\"yoast-schema-graph\">{\"@context\":\"https:\/\/schema.org\",\"@graph\":[{\"@type\":\"WebPage\",\"@id\":\"https:\/\/buzios-vibe.com\/it\/cibo-e-bevande\",\"url\":\"https:\/\/buzios-vibe.com\/it\/cibo-e-bevande\",\"name\":\"Guida ai cibi e alle bevande di B\u00fazios: Assaporare le delizie culinarie del Brasile\",\"isPartOf\":{\"@id\":\"https:\/\/buzios-vibe.com\/it#website\"},\"datePublished\":\"2023-09-05T14:14:56+00:00\",\"dateModified\":\"2024-11-15T18:32:13+00:00\",\"description\":\"Prova il miglior cibo di B\u00fazios, Brasile! Dalle prelibatezze locali ai ristoranti raffinati, dai caff\u00e8 sulla spiaggia alla vivace vita notturna, esplorate il variegato panorama culinario di questa affascinante citt\u00e0 costiera. Immergetevi nei sapori autentici, scoprite i migliori ristoranti e assaporate il meglio della cucina di B\u00fazios.\",\"breadcrumb\":{\"@id\":\"https:\/\/buzios-vibe.com\/it\/cibo-e-bevande#breadcrumb\"},\"inLanguage\":\"it-IT\",\"potentialAction\":[{\"@type\":\"ReadAction\",\"target\":[\"https:\/\/buzios-vibe.com\/it\/cibo-e-bevande\"]}]},{\"@type\":\"BreadcrumbList\",\"@id\":\"https:\/\/buzios-vibe.com\/it\/cibo-e-bevande#breadcrumb\",\"itemListElement\":[{\"@type\":\"ListItem\",\"position\":1,\"name\":\"Home\",\"item\":\"https:\/\/buzios-vibe.com\/it\"},{\"@type\":\"ListItem\",\"position\":2,\"name\":\"Cibo e bevande\"}]},{\"@type\":\"WebSite\",\"@id\":\"https:\/\/buzios-vibe.com\/it#website\",\"url\":\"https:\/\/buzios-vibe.com\/it\",\"name\":\"Buzios Vibe - all you need to know about Buzios\",\"description\":\"Buzios Vibe - all you need to know about Buzios\",\"potentialAction\":[{\"@type\":\"SearchAction\",\"target\":{\"@type\":\"EntryPoint\",\"urlTemplate\":\"https:\/\/buzios-vibe.com\/it?s={search_term_string}\"},\"query-input\":{\"@type\":\"PropertyValueSpecification\",\"valueRequired\":true,\"valueName\":\"search_term_string\"}}],\"inLanguage\":\"it-IT\"}]}<\/script>\n<!-- \/ Yoast SEO plugin. -->","yoast_head_json":{"title":"Guida ai cibi e alle bevande di B\u00fazios: Assaporare le delizie culinarie del Brasile","description":"Prova il miglior cibo di B\u00fazios, Brasile! Dalle prelibatezze locali ai ristoranti raffinati, dai caff\u00e8 sulla spiaggia alla vivace vita notturna, esplorate il variegato panorama culinario di questa affascinante citt\u00e0 costiera. Immergetevi nei sapori autentici, scoprite i migliori ristoranti e assaporate il meglio della cucina di B\u00fazios.","robots":{"index":"index","follow":"follow","max-snippet":"max-snippet:-1","max-image-preview":"max-image-preview:large","max-video-preview":"max-video-preview:-1"},"canonical":"https:\/\/buzios-vibe.com\/it\/cibo-e-bevande","og_locale":"it_IT","og_type":"article","og_title":"Guida ai cibi e alle bevande di B\u00fazios: Assaporare le delizie culinarie del Brasile","og_description":"Prova il miglior cibo di B\u00fazios, Brasile! Dalle prelibatezze locali ai ristoranti raffinati, dai caff\u00e8 sulla spiaggia alla vivace vita notturna, esplorate il variegato panorama culinario di questa affascinante citt\u00e0 costiera. Immergetevi nei sapori autentici, scoprite i migliori ristoranti e assaporate il meglio della cucina di B\u00fazios.","og_url":"https:\/\/buzios-vibe.com\/it\/cibo-e-bevande","og_site_name":"Buzios Vibe - all you need to know about Buzios","article_modified_time":"2024-11-15T18:32:13+00:00","og_image":[{"width":1030,"height":773,"url":"https:\/\/buzios-vibe.com\/wp-content\/uploads\/2023\/10\/hotel_casas_brancas_buzios_brazil_travel_blog-1030x773.png","type":"image\/png"}],"twitter_card":"summary_large_image","twitter_misc":{"Tempo di lettura stimato":"8 minuti"},"schema":{"@context":"https:\/\/schema.org","@graph":[{"@type":"WebPage","@id":"https:\/\/buzios-vibe.com\/it\/cibo-e-bevande","url":"https:\/\/buzios-vibe.com\/it\/cibo-e-bevande","name":"Guida ai cibi e alle bevande di B\u00fazios: Assaporare le delizie culinarie del Brasile","isPartOf":{"@id":"https:\/\/buzios-vibe.com\/it#website"},"datePublished":"2023-09-05T14:14:56+00:00","dateModified":"2024-11-15T18:32:13+00:00","description":"Prova il miglior cibo di B\u00fazios, Brasile! Dalle prelibatezze locali ai ristoranti raffinati, dai caff\u00e8 sulla spiaggia alla vivace vita notturna, esplorate il variegato panorama culinario di questa affascinante citt\u00e0 costiera. Immergetevi nei sapori autentici, scoprite i migliori ristoranti e assaporate il meglio della cucina di B\u00fazios.","breadcrumb":{"@id":"https:\/\/buzios-vibe.com\/it\/cibo-e-bevande#breadcrumb"},"inLanguage":"it-IT","potentialAction":[{"@type":"ReadAction","target":["https:\/\/buzios-vibe.com\/it\/cibo-e-bevande"]}]},{"@type":"BreadcrumbList","@id":"https:\/\/buzios-vibe.com\/it\/cibo-e-bevande#breadcrumb","itemListElement":[{"@type":"ListItem","position":1,"name":"Home","item":"https:\/\/buzios-vibe.com\/it"},{"@type":"ListItem","position":2,"name":"Cibo e bevande"}]},{"@type":"WebSite","@id":"https:\/\/buzios-vibe.com\/it#website","url":"https:\/\/buzios-vibe.com\/it","name":"Buzios Vibe - all you need to know about Buzios","description":"Buzios Vibe - all you need to know about Buzios","potentialAction":[{"@type":"SearchAction","target":{"@type":"EntryPoint","urlTemplate":"https:\/\/buzios-vibe.com\/it?s={search_term_string}"},"query-input":{"@type":"PropertyValueSpecification","valueRequired":true,"valueName":"search_term_string"}}],"inLanguage":"it-IT"}]}},"_links":{"self":[{"href":"https:\/\/buzios-vibe.com\/it\/wp-json\/wp\/v2\/pages\/3124","targetHints":{"allow":["GET"]}}],"collection":[{"href":"https:\/\/buzios-vibe.com\/it\/wp-json\/wp\/v2\/pages"}],"about":[{"href":"https:\/\/buzios-vibe.com\/it\/wp-json\/wp\/v2\/types\/page"}],"author":[{"embeddable":true,"href":"https:\/\/buzios-vibe.com\/it\/wp-json\/wp\/v2\/users\/1"}],"replies":[{"embeddable":true,"href":"https:\/\/buzios-vibe.com\/it\/wp-json\/wp\/v2\/comments?post=3124"}],"version-history":[{"count":3,"href":"https:\/\/buzios-vibe.com\/it\/wp-json\/wp\/v2\/pages\/3124\/revisions"}],"predecessor-version":[{"id":3980,"href":"https:\/\/buzios-vibe.com\/it\/wp-json\/wp\/v2\/pages\/3124\/revisions\/3980"}],"wp:attachment":[{"href":"https:\/\/buzios-vibe.com\/it\/wp-json\/wp\/v2\/media?parent=3124"}],"curies":[{"name":"wp","href":"https:\/\/api.w.org\/{rel}","templated":true}]}}