{"id":3107,"date":"2023-09-05T11:14:56","date_gmt":"2023-09-05T14:14:56","guid":{"rendered":"https:\/\/buzios-vibe.com\/alimentation-et-boissons"},"modified":"2023-10-17T12:34:07","modified_gmt":"2023-10-17T15:34:07","slug":"alimentation-et-boissons","status":"publish","type":"page","link":"https:\/\/buzios-vibe.com\/fr\/alimentation-et-boissons","title":{"rendered":"Alimentation et boissons"},"content":{"rendered":"<div  class='flex_column av-2z4cjl-7b2ae6dc39253611299deb859040d805 av_one_full  avia-builder-el-0  avia-builder-el-no-sibling  first flex_column_div  '     ><p>\n<style type=\"text\/css\" data-created_by=\"avia_inline_auto\" id=\"style-css-av-lm6e5y2p-fe218b2aa831c2a1474894aabae06e73\">\n#top .av-special-heading.av-lm6e5y2p-fe218b2aa831c2a1474894aabae06e73{\npadding-bottom:10px;\n}\nbody .av-special-heading.av-lm6e5y2p-fe218b2aa831c2a1474894aabae06e73 .av-special-heading-tag .heading-char{\nfont-size:25px;\n}\n.av-special-heading.av-lm6e5y2p-fe218b2aa831c2a1474894aabae06e73 .av-subheading{\nfont-size:15px;\n}\n<\/style>\n<div  class='av-special-heading av-lm6e5y2p-fe218b2aa831c2a1474894aabae06e73 av-special-heading-h1  avia-builder-el-1  el_before_av_textblock  avia-builder-el-first '><h1 class='av-special-heading-tag'  itemprop=\"headline\"  >Alimentation et boissons \u00e0 B\u00fazios, Br\u00e9sil<\/h1><div class=\"special-heading-border\"><div class=\"special-heading-inner-border\"><\/div><\/div><\/div><br \/>\n<section  class='av_textblock_section av-lm6e6ci8-680f9ed91ccadc4bfb8f5e520a7dd4e3 '   itemscope=\"itemscope\" itemtype=\"https:\/\/schema.org\/CreativeWork\" ><div class='avia_textblock'  itemprop=\"text\" ><p>Bienvenue dans la cat\u00e9gorie \u00ab\u00a0Nourriture et boissons\u00a0\u00bb, o\u00f9 nous explorons les merveilles gastronomiques de B\u00fazios, au Br\u00e9sil, une destination aussi riche en saveurs qu&rsquo;en beaut\u00e9 naturelle. Nich\u00e9e le long de la c\u00f4te, cette charmante ville offre un voyage culinaire aussi vari\u00e9 et dynamique que sa culture. De la cuisine de rue locale aux exp\u00e9riences gastronomiques, B\u00fazios offre un \u00e9ventail d&rsquo;options qui promettent de titiller vos papilles gustatives.<\/p>\n<p>Dans cette cat\u00e9gorie d\u00e9licieusement s\u00e9lectionn\u00e9e, vous trouverez :<\/p>\n<ul>\n<li><strong>Cuisine locale<\/strong> : D\u00e9couvrez les saveurs authentiques de B\u00fazios, des fruits de mer fra\u00eechement p\u00each\u00e9s aux plats br\u00e9siliens traditionnels comme la feijoada et l&rsquo;acaraj\u00e9.<\/li>\n<li><strong>Gastronomie<\/strong> : D\u00e9couvrez les restaurants haut de gamme de la ville qui proposent des menus gastronomiques et des vues imprenables sur l&rsquo;oc\u00e9an.<\/li>\n<li><strong>Caf\u00e9s en bord de mer<\/strong> : Sirotez une caipirinha en profitant de la brise marine. Nous vous guiderons vers les meilleurs endroits.<\/li>\n<li><strong>Bars et vie nocturne<\/strong> : Des bars \u00e0 samba anim\u00e9s aux salons de plage d\u00e9contract\u00e9s, explorez la vie nocturne dynamique de B\u00fazios.<\/li>\n<li><strong>Cuisine de rue et en-cas<\/strong> : D\u00e9couvrez o\u00f9 trouver des plats rapides, savoureux et bon march\u00e9 dans la ville.<\/li>\n<li><strong>Brasseries et vins<\/strong> : Vous \u00eates int\u00e9ress\u00e9 par les brasseries locales ou les vins sud-am\u00e9ricains ? Nous avons ce qu&rsquo;il vous faut.<\/li>\n<\/ul>\n<p>Que vous soyez un gourmand en qu\u00eate de saveurs exotiques, un couple \u00e0 la recherche d&rsquo;un lieu de d\u00eener romantique ou un voyageur d\u00e9sireux de plonger dans la culture locale par le biais de sa cuisine, cette cat\u00e9gorie est votre guide ultime pour manger et boire \u00e0 votre guise \u00e0 B\u00fazios. Bon app\u00e9tit et Sa\u00fade !<\/p>\n<\/div><\/section><br \/>\n<div  data-slideshow-options=\"{&quot;animation&quot;:&quot;fade&quot;,&quot;autoplay&quot;:false,&quot;loop_autoplay&quot;:&quot;once&quot;,&quot;interval&quot;:&quot;5&quot;,&quot;loop_manual&quot;:&quot;manual-once&quot;,&quot;autoplay_stopper&quot;:false,&quot;noNavigation&quot;:false,&quot;show_slide_delay&quot;:90}\" class='avia-content-slider avia-content-slider-active avia-content-slider1 avia-content-slider-odd  avia-builder-el-3  el_after_av_textblock  el_before_av_postslider  av-slideshow-ui av-control-default   av-no-slider-navigation av-slideshow-manual av-loop-once av-loop-manual-once '  itemscope=\"itemscope\" itemtype=\"https:\/\/schema.org\/Blog\" ><div class=\"avia-content-slider-inner\"><div class=\"slide-entry-wrap\"><article class='slide-entry flex_column  post-entry post-entry-3434 slide-entry-overview slide-loop-1 slide-parity-odd  av_one_third first real-thumbnail posttype-post post-format-standard'  itemscope=\"itemscope\" itemtype=\"https:\/\/schema.org\/CreativeWork\" ><a href='https:\/\/buzios-vibe.com\/fr\/fruits-locaux-a-gouter-absolument-lors-de-votre-visite-a-buzios-bresil' data-rel='slide-1' class='slide-image' title='Fruits locaux \u00e0 go\u00fbter absolument lors de votre visite \u00e0 B\u00fazios, Br\u00e9sil'><img decoding=\"async\" width=\"495\" height=\"400\" src=\"https:\/\/buzios-vibe.com\/wp-content\/uploads\/2023\/09\/papaya_mamao_buzios-495x400.png\" class=\"wp-image-2903 avia-img-lazy-loading-not-2903 attachment-portfolio size-portfolio wp-post-image\" alt=\"\" srcset=\"https:\/\/buzios-vibe.com\/wp-content\/uploads\/2023\/09\/papaya_mamao_buzios-495x400.png 495w, https:\/\/buzios-vibe.com\/wp-content\/uploads\/2023\/09\/papaya_mamao_buzios-845x684.png 845w\" sizes=\"(max-width: 495px) 100vw, 495px\" \/><\/a><div class=\"slide-content\"><header class=\"entry-content-header\"><span class=\"blog-categories minor-meta\"><a href=\"https:\/\/buzios-vibe.com\/fr\/category\/nourriture-et-boissons-a-buzios-bresil\" rel=\"tag\">Nourriture et boissons \u00e0 B\u00fazios, Br\u00e9sil<\/a>  <\/span><h3 class='slide-entry-title entry-title '  itemprop=\"headline\" ><a href='https:\/\/buzios-vibe.com\/fr\/fruits-locaux-a-gouter-absolument-lors-de-votre-visite-a-buzios-bresil' title='Fruits locaux \u00e0 go\u00fbter absolument lors de votre visite \u00e0 B\u00fazios, Br\u00e9sil'>Fruits locaux \u00e0 go\u00fbter absolument lors de votre visite \u00e0 B\u00fazios, Br\u00e9sil<\/a><\/h3><span class=\"av-vertical-delimiter\"><\/span><\/header><div class='slide-entry-excerpt entry-content'  itemprop=\"text\" >\nB\u00fazios, ville c\u00f4ti\u00e8re pittoresque de Rio de Janeiro, au Br\u00e9sil, est bien plus qu'un paradis tropical orn\u00e9 de plages immacul\u00e9es. C'est un endroit o\u00f9 la terre offre g\u00e9n\u00e9reusement un \u00e9ventail de fruits \u00e0 ne pas manquer. Bien que la\u2026<div class=\"read-more-link\"><a href=\"https:\/\/buzios-vibe.com\/fr\/fruits-locaux-a-gouter-absolument-lors-de-votre-visite-a-buzios-bresil\" class=\"more-link\">Lire la suite<span class=\"more-link-arrow\"><\/span><\/a><\/div><\/div><\/div><footer class=\"entry-footer\"><div class=\"slide-meta\"><time class='slide-meta-time updated'  itemprop=\"datePublished\" datetime=\"2023-09-12T14:31:53-03:00\" >septembre 12, 2023<\/time><div class=\"slide-meta-del\">\/<\/div><div class=\"slide-meta-comments\"><a href='https:\/\/buzios-vibe.com\/fr\/fruits-locaux-a-gouter-absolument-lors-de-votre-visite-a-buzios-bresil#respond'>0 Commentaires<\/a><\/div><\/div><\/footer><span class='hidden'>\n\t\t\t\t<span class='av-structured-data'  itemprop=\"image\" itemscope=\"itemscope\" itemtype=\"https:\/\/schema.org\/ImageObject\" >\n\t\t\t\t\t\t<span itemprop='url'>https:\/\/buzios-vibe.com\/wp-content\/uploads\/2023\/09\/papaya_mamao_buzios.png<\/span>\n\t\t\t\t\t\t<span itemprop='height'>1976<\/span>\n\t\t\t\t\t\t<span itemprop='width'>2634<\/span>\n\t\t\t\t<\/span>\n\t\t\t\t<span class='av-structured-data'  itemprop=\"publisher\" itemtype=\"https:\/\/schema.org\/Organization\" itemscope=\"itemscope\" >\n\t\t\t\t\t\t<span itemprop='name'>Marrai<\/span>\n\t\t\t\t\t\t<span itemprop='logo' itemscope itemtype='https:\/\/schema.org\/ImageObject'>\n\t\t\t\t\t\t\t<span itemprop='url'>https:\/\/buzios-vibe.com\/wp-content\/uploads\/2023\/04\/cropped-Buzios_Vibe_Logo-300x100.png<\/span>\n\t\t\t\t\t\t<\/span>\n\t\t\t\t<\/span><span class='av-structured-data'  itemprop=\"author\" itemscope=\"itemscope\" itemtype=\"https:\/\/schema.org\/Person\" ><span itemprop='name'>Marrai<\/span><\/span><span class='av-structured-data'  itemprop=\"datePublished\" datetime=\"2023-09-05T11:14:56-03:00\" >2023-09-12 14:31:53<\/span><span class='av-structured-data'  itemprop=\"dateModified\" itemtype=\"https:\/\/schema.org\/dateModified\" >2024-11-15 15:32:36<\/span><span class='av-structured-data'  itemprop=\"mainEntityOfPage\" itemtype=\"https:\/\/schema.org\/mainEntityOfPage\" ><span itemprop='name'>Fruits locaux \u00e0 go\u00fbter absolument lors de votre visite \u00e0 B\u00fazios, Br\u00e9sil<\/span><\/span><\/span><\/article><article class='slide-entry flex_column  post-entry post-entry-3429 slide-entry-overview slide-loop-2 slide-parity-even  av_one_third  real-thumbnail posttype-post post-format-standard'  itemscope=\"itemscope\" itemtype=\"https:\/\/schema.org\/CreativeWork\" ><a href='https:\/\/buzios-vibe.com\/fr\/un-tour-culinaire-lincontournable-cuisine-de-rue-des-plages-de-buzios' data-rel='slide-1' class='slide-image' title='Un tour culinaire : L&rsquo;incontournable cuisine de rue des plages de B\u00fazios'><img decoding=\"async\" width=\"495\" height=\"400\" src=\"https:\/\/buzios-vibe.com\/wp-content\/uploads\/2023\/09\/Buzios_vendedor_acai_travel_blog-495x400.png\" class=\"wp-image-2638 avia-img-lazy-loading-not-2638 attachment-portfolio size-portfolio wp-post-image\" alt=\"\" srcset=\"https:\/\/buzios-vibe.com\/wp-content\/uploads\/2023\/09\/Buzios_vendedor_acai_travel_blog-495x400.png 495w, https:\/\/buzios-vibe.com\/wp-content\/uploads\/2023\/09\/Buzios_vendedor_acai_travel_blog-845x684.png 845w\" sizes=\"(max-width: 495px) 100vw, 495px\" \/><\/a><div class=\"slide-content\"><header class=\"entry-content-header\"><span class=\"blog-categories minor-meta\"><a href=\"https:\/\/buzios-vibe.com\/fr\/category\/nourriture-et-boissons-a-buzios-bresil\" rel=\"tag\">Nourriture et boissons \u00e0 B\u00fazios, Br\u00e9sil<\/a>  <\/span><h3 class='slide-entry-title entry-title '  itemprop=\"headline\" ><a href='https:\/\/buzios-vibe.com\/fr\/un-tour-culinaire-lincontournable-cuisine-de-rue-des-plages-de-buzios' title='Un tour culinaire : L&rsquo;incontournable cuisine de rue des plages de B\u00fazios'>Un tour culinaire : L&rsquo;incontournable cuisine de rue des plages de B\u00fazios<\/a><\/h3><span class=\"av-vertical-delimiter\"><\/span><\/header><div class='slide-entry-excerpt entry-content'  itemprop=\"text\" >\nLes magnifiques plages de B\u00fazios, au Br\u00e9sil, sont r\u00e9put\u00e9es dans le monde entier, mais ce qui rend une journ\u00e9e \u00e0 la plage vraiment sp\u00e9ciale, c'est le voyage gastronomique dans lequel vous pouvez vous embarquer sans jamais quitter les\u2026<div class=\"read-more-link\"><a href=\"https:\/\/buzios-vibe.com\/fr\/un-tour-culinaire-lincontournable-cuisine-de-rue-des-plages-de-buzios\" class=\"more-link\">Lire la suite<span class=\"more-link-arrow\"><\/span><\/a><\/div><\/div><\/div><footer class=\"entry-footer\"><div class=\"slide-meta\"><time class='slide-meta-time updated'  itemprop=\"datePublished\" datetime=\"2023-09-05T15:16:39-03:00\" >septembre 5, 2023<\/time><div class=\"slide-meta-del\">\/<\/div><div class=\"slide-meta-comments\"><a href='https:\/\/buzios-vibe.com\/fr\/un-tour-culinaire-lincontournable-cuisine-de-rue-des-plages-de-buzios#respond'>0 Commentaires<\/a><\/div><\/div><\/footer><span class='hidden'>\n\t\t\t\t<span class='av-structured-data'  itemprop=\"image\" itemscope=\"itemscope\" itemtype=\"https:\/\/schema.org\/ImageObject\" >\n\t\t\t\t\t\t<span itemprop='url'>https:\/\/buzios-vibe.com\/wp-content\/uploads\/2023\/09\/Buzios_vendedor_acai_travel_blog.png<\/span>\n\t\t\t\t\t\t<span itemprop='height'>2266<\/span>\n\t\t\t\t\t\t<span itemprop='width'>3022<\/span>\n\t\t\t\t<\/span>\n\t\t\t\t<span class='av-structured-data'  itemprop=\"publisher\" itemtype=\"https:\/\/schema.org\/Organization\" itemscope=\"itemscope\" >\n\t\t\t\t\t\t<span itemprop='name'>Marrai<\/span>\n\t\t\t\t\t\t<span itemprop='logo' itemscope itemtype='https:\/\/schema.org\/ImageObject'>\n\t\t\t\t\t\t\t<span itemprop='url'>https:\/\/buzios-vibe.com\/wp-content\/uploads\/2023\/04\/cropped-Buzios_Vibe_Logo-300x100.png<\/span>\n\t\t\t\t\t\t<\/span>\n\t\t\t\t<\/span><span class='av-structured-data'  itemprop=\"author\" itemscope=\"itemscope\" itemtype=\"https:\/\/schema.org\/Person\" ><span itemprop='name'>Marrai<\/span><\/span><span class='av-structured-data'  itemprop=\"datePublished\" datetime=\"2023-09-05T11:14:56-03:00\" >2023-09-05 15:16:39<\/span><span class='av-structured-data'  itemprop=\"dateModified\" itemtype=\"https:\/\/schema.org\/dateModified\" >2024-11-15 15:34:36<\/span><span class='av-structured-data'  itemprop=\"mainEntityOfPage\" itemtype=\"https:\/\/schema.org\/mainEntityOfPage\" ><span itemprop='name'>Un tour culinaire : L&rsquo;incontournable cuisine de rue des plages de B\u00fazios<\/span><\/span><\/span><\/article><article class='slide-entry flex_column  post-entry post-entry-3366 slide-entry-overview slide-loop-3 slide-parity-odd  post-entry-last  av_one_third  real-thumbnail posttype-post post-format-standard'  itemscope=\"itemscope\" itemtype=\"https:\/\/schema.org\/CreativeWork\" ><a href='https:\/\/buzios-vibe.com\/fr\/un-voyage-culinaire-a-travers-buzios-decouvrez-les-saveurs-de-ce-joyau-de-la-cote-bresilienne' data-rel='slide-1' class='slide-image' title='Un voyage culinaire \u00e0 travers B\u00fazios : D\u00e9couvrez les saveurs de ce joyau de la c\u00f4te br\u00e9silienne'><img decoding=\"async\" width=\"495\" height=\"400\" src=\"https:\/\/buzios-vibe.com\/wp-content\/uploads\/2023\/08\/Picanha_brazilian_food_blog-495x400.jpg\" class=\"wp-image-2628 avia-img-lazy-loading-not-2628 attachment-portfolio size-portfolio wp-post-image\" alt=\"\" srcset=\"https:\/\/buzios-vibe.com\/wp-content\/uploads\/2023\/08\/Picanha_brazilian_food_blog-495x400.jpg 495w, https:\/\/buzios-vibe.com\/wp-content\/uploads\/2023\/08\/Picanha_brazilian_food_blog-845x684.jpg 845w\" sizes=\"(max-width: 495px) 100vw, 495px\" \/><\/a><div class=\"slide-content\"><header class=\"entry-content-header\"><span class=\"blog-categories minor-meta\"><a href=\"https:\/\/buzios-vibe.com\/fr\/category\/nourriture-et-boissons-a-buzios-bresil\" rel=\"tag\">Nourriture et boissons \u00e0 B\u00fazios, Br\u00e9sil<\/a>  <\/span><h3 class='slide-entry-title entry-title '  itemprop=\"headline\" ><a href='https:\/\/buzios-vibe.com\/fr\/un-voyage-culinaire-a-travers-buzios-decouvrez-les-saveurs-de-ce-joyau-de-la-cote-bresilienne' title='Un voyage culinaire \u00e0 travers B\u00fazios : D\u00e9couvrez les saveurs de ce joyau de la c\u00f4te br\u00e9silienne'>Un voyage culinaire \u00e0 travers B\u00fazios : D\u00e9couvrez les saveurs de ce joyau de la c\u00f4te br\u00e9silienne<\/a><\/h3><span class=\"av-vertical-delimiter\"><\/span><\/header><div class='slide-entry-excerpt entry-content'  itemprop=\"text\" >\nLa ville c\u00f4ti\u00e8re br\u00e9silienne d'Arma\u00e7\u00e3o dos B\u00fazios, affectueusement appel\u00e9e B\u00fazios, est r\u00e9put\u00e9e pour ses belles plages, ses paysages luxuriants et sa culture dynamique. Cependant, l'un de ses attributs moins connus mais tout aussi\u2026<div class=\"read-more-link\"><a href=\"https:\/\/buzios-vibe.com\/fr\/un-voyage-culinaire-a-travers-buzios-decouvrez-les-saveurs-de-ce-joyau-de-la-cote-bresilienne\" class=\"more-link\">Lire la suite<span class=\"more-link-arrow\"><\/span><\/a><\/div><\/div><\/div><footer class=\"entry-footer\"><div class=\"slide-meta\"><time class='slide-meta-time updated'  itemprop=\"datePublished\" datetime=\"2023-08-30T10:44:11-03:00\" >ao\u00fbt 30, 2023<\/time><div class=\"slide-meta-del\">\/<\/div><div class=\"slide-meta-comments\"><a href='https:\/\/buzios-vibe.com\/fr\/un-voyage-culinaire-a-travers-buzios-decouvrez-les-saveurs-de-ce-joyau-de-la-cote-bresilienne#respond'>0 Commentaires<\/a><\/div><\/div><\/footer><span class='hidden'>\n\t\t\t\t<span class='av-structured-data'  itemprop=\"image\" itemscope=\"itemscope\" itemtype=\"https:\/\/schema.org\/ImageObject\" >\n\t\t\t\t\t\t<span itemprop='url'>https:\/\/buzios-vibe.com\/wp-content\/uploads\/2023\/08\/Picanha_brazilian_food_blog-scaled.jpg<\/span>\n\t\t\t\t\t\t<span itemprop='height'>1707<\/span>\n\t\t\t\t\t\t<span itemprop='width'>2560<\/span>\n\t\t\t\t<\/span>\n\t\t\t\t<span class='av-structured-data'  itemprop=\"publisher\" itemtype=\"https:\/\/schema.org\/Organization\" itemscope=\"itemscope\" >\n\t\t\t\t\t\t<span itemprop='name'>Marrai<\/span>\n\t\t\t\t\t\t<span itemprop='logo' itemscope itemtype='https:\/\/schema.org\/ImageObject'>\n\t\t\t\t\t\t\t<span itemprop='url'>https:\/\/buzios-vibe.com\/wp-content\/uploads\/2023\/04\/cropped-Buzios_Vibe_Logo-300x100.png<\/span>\n\t\t\t\t\t\t<\/span>\n\t\t\t\t<\/span><span class='av-structured-data'  itemprop=\"author\" itemscope=\"itemscope\" itemtype=\"https:\/\/schema.org\/Person\" ><span itemprop='name'>Marrai<\/span><\/span><span class='av-structured-data'  itemprop=\"datePublished\" datetime=\"2023-09-05T11:14:56-03:00\" >2023-08-30 10:44:11<\/span><span class='av-structured-data'  itemprop=\"dateModified\" itemtype=\"https:\/\/schema.org\/dateModified\" >2024-11-15 15:28:07<\/span><span class='av-structured-data'  itemprop=\"mainEntityOfPage\" itemtype=\"https:\/\/schema.org\/mainEntityOfPage\" ><span itemprop='name'>Un voyage culinaire \u00e0 travers B\u00fazios : D\u00e9couvrez les saveurs de ce joyau de la c\u00f4te br\u00e9silienne<\/span><\/span><\/span><\/article><\/div><\/div><\/div><br \/>\n<br \/>\n<br \/>\n<br \/>\n<\/p><\/div>\n","protected":false},"excerpt":{"rendered":"","protected":false},"author":1,"featured_media":0,"parent":0,"menu_order":0,"comment_status":"closed","ping_status":"closed","template":"","meta":{"footnotes":""},"class_list":["post-3107","page","type-page","status-publish","hentry"],"yoast_head":"<!-- This site is optimized with the Yoast SEO plugin v25.7 - https:\/\/yoast.com\/wordpress\/plugins\/seo\/ -->\n<title>Guide des aliments et boissons de B\u00fazios : Savourez les d\u00e9lices culinaires du Br\u00e9sil<\/title>\n<meta name=\"description\" content=\"Go\u00fbtez \u00e0 la meilleure cuisine de B\u00fazios, au Br\u00e9sil ! Des sp\u00e9cialit\u00e9s locales aux restaurants raffin\u00e9s, en passant par les caf\u00e9s de bord de mer et la vie nocturne anim\u00e9e, explorez le paysage culinaire vari\u00e9 de cette charmante ville c\u00f4ti\u00e8re. Plongez dans les saveurs authentiques, d\u00e9couvrez les meilleurs restaurants et laissez-vous tenter par le meilleur de la cuisine de B\u00fazios.\" \/>\n<meta name=\"robots\" content=\"index, follow, max-snippet:-1, max-image-preview:large, max-video-preview:-1\" \/>\n<link rel=\"canonical\" href=\"https:\/\/buzios-vibe.com\/fr\/alimentation-et-boissons\" \/>\n<meta property=\"og:locale\" content=\"fr_FR\" \/>\n<meta property=\"og:type\" content=\"article\" \/>\n<meta property=\"og:title\" content=\"Guide des aliments et boissons de B\u00fazios : Savourez les d\u00e9lices culinaires du Br\u00e9sil\" \/>\n<meta property=\"og:description\" content=\"Go\u00fbtez \u00e0 la meilleure cuisine de B\u00fazios, au Br\u00e9sil ! Des sp\u00e9cialit\u00e9s locales aux restaurants raffin\u00e9s, en passant par les caf\u00e9s de bord de mer et la vie nocturne anim\u00e9e, explorez le paysage culinaire vari\u00e9 de cette charmante ville c\u00f4ti\u00e8re. Plongez dans les saveurs authentiques, d\u00e9couvrez les meilleurs restaurants et laissez-vous tenter par le meilleur de la cuisine de B\u00fazios.\" \/>\n<meta property=\"og:url\" content=\"https:\/\/buzios-vibe.com\/fr\/alimentation-et-boissons\" \/>\n<meta property=\"og:site_name\" content=\"Buzios Vibe - all you need to know about Buzios\" \/>\n<meta property=\"article:modified_time\" content=\"2023-10-17T15:34:07+00:00\" \/>\n<meta property=\"og:image\" content=\"https:\/\/buzios-vibe.com\/wp-content\/uploads\/2023\/10\/hotel_casas_brancas_buzios_brazil_travel_blog-1030x773.png\" \/>\n\t<meta property=\"og:image:width\" content=\"1030\" \/>\n\t<meta property=\"og:image:height\" content=\"773\" \/>\n\t<meta property=\"og:image:type\" content=\"image\/png\" \/>\n<meta name=\"twitter:card\" content=\"summary_large_image\" \/>\n<meta name=\"twitter:label1\" content=\"Dur\u00e9e de lecture estim\u00e9e\" \/>\n\t<meta name=\"twitter:data1\" content=\"3 minutes\" \/>\n<script type=\"application\/ld+json\" class=\"yoast-schema-graph\">{\"@context\":\"https:\/\/schema.org\",\"@graph\":[{\"@type\":\"WebPage\",\"@id\":\"https:\/\/buzios-vibe.com\/fr\/alimentation-et-boissons\",\"url\":\"https:\/\/buzios-vibe.com\/fr\/alimentation-et-boissons\",\"name\":\"Guide des aliments et boissons de B\u00fazios : Savourez les d\u00e9lices culinaires du Br\u00e9sil\",\"isPartOf\":{\"@id\":\"https:\/\/buzios-vibe.com\/fr#website\"},\"datePublished\":\"2023-09-05T14:14:56+00:00\",\"dateModified\":\"2023-10-17T15:34:07+00:00\",\"description\":\"Go\u00fbtez \u00e0 la meilleure cuisine de B\u00fazios, au Br\u00e9sil ! Des sp\u00e9cialit\u00e9s locales aux restaurants raffin\u00e9s, en passant par les caf\u00e9s de bord de mer et la vie nocturne anim\u00e9e, explorez le paysage culinaire vari\u00e9 de cette charmante ville c\u00f4ti\u00e8re. Plongez dans les saveurs authentiques, d\u00e9couvrez les meilleurs restaurants et laissez-vous tenter par le meilleur de la cuisine de B\u00fazios.\",\"breadcrumb\":{\"@id\":\"https:\/\/buzios-vibe.com\/fr\/alimentation-et-boissons#breadcrumb\"},\"inLanguage\":\"fr-FR\",\"potentialAction\":[{\"@type\":\"ReadAction\",\"target\":[\"https:\/\/buzios-vibe.com\/fr\/alimentation-et-boissons\"]}]},{\"@type\":\"BreadcrumbList\",\"@id\":\"https:\/\/buzios-vibe.com\/fr\/alimentation-et-boissons#breadcrumb\",\"itemListElement\":[{\"@type\":\"ListItem\",\"position\":1,\"name\":\"Home\",\"item\":\"https:\/\/buzios-vibe.com\/fr\"},{\"@type\":\"ListItem\",\"position\":2,\"name\":\"Alimentation et boissons\"}]},{\"@type\":\"WebSite\",\"@id\":\"https:\/\/buzios-vibe.com\/fr#website\",\"url\":\"https:\/\/buzios-vibe.com\/fr\",\"name\":\"Buzios Vibe - all you need to know about Buzios\",\"description\":\"Buzios Vibe - all you need to know about Buzios\",\"potentialAction\":[{\"@type\":\"SearchAction\",\"target\":{\"@type\":\"EntryPoint\",\"urlTemplate\":\"https:\/\/buzios-vibe.com\/fr?s={search_term_string}\"},\"query-input\":{\"@type\":\"PropertyValueSpecification\",\"valueRequired\":true,\"valueName\":\"search_term_string\"}}],\"inLanguage\":\"fr-FR\"}]}<\/script>\n<!-- \/ Yoast SEO plugin. -->","yoast_head_json":{"title":"Guide des aliments et boissons de B\u00fazios : Savourez les d\u00e9lices culinaires du Br\u00e9sil","description":"Go\u00fbtez \u00e0 la meilleure cuisine de B\u00fazios, au Br\u00e9sil ! Des sp\u00e9cialit\u00e9s locales aux restaurants raffin\u00e9s, en passant par les caf\u00e9s de bord de mer et la vie nocturne anim\u00e9e, explorez le paysage culinaire vari\u00e9 de cette charmante ville c\u00f4ti\u00e8re. Plongez dans les saveurs authentiques, d\u00e9couvrez les meilleurs restaurants et laissez-vous tenter par le meilleur de la cuisine de B\u00fazios.","robots":{"index":"index","follow":"follow","max-snippet":"max-snippet:-1","max-image-preview":"max-image-preview:large","max-video-preview":"max-video-preview:-1"},"canonical":"https:\/\/buzios-vibe.com\/fr\/alimentation-et-boissons","og_locale":"fr_FR","og_type":"article","og_title":"Guide des aliments et boissons de B\u00fazios : Savourez les d\u00e9lices culinaires du Br\u00e9sil","og_description":"Go\u00fbtez \u00e0 la meilleure cuisine de B\u00fazios, au Br\u00e9sil ! Des sp\u00e9cialit\u00e9s locales aux restaurants raffin\u00e9s, en passant par les caf\u00e9s de bord de mer et la vie nocturne anim\u00e9e, explorez le paysage culinaire vari\u00e9 de cette charmante ville c\u00f4ti\u00e8re. Plongez dans les saveurs authentiques, d\u00e9couvrez les meilleurs restaurants et laissez-vous tenter par le meilleur de la cuisine de B\u00fazios.","og_url":"https:\/\/buzios-vibe.com\/fr\/alimentation-et-boissons","og_site_name":"Buzios Vibe - all you need to know about Buzios","article_modified_time":"2023-10-17T15:34:07+00:00","og_image":[{"width":1030,"height":773,"url":"https:\/\/buzios-vibe.com\/wp-content\/uploads\/2023\/10\/hotel_casas_brancas_buzios_brazil_travel_blog-1030x773.png","type":"image\/png"}],"twitter_card":"summary_large_image","twitter_misc":{"Dur\u00e9e de lecture estim\u00e9e":"3 minutes"},"schema":{"@context":"https:\/\/schema.org","@graph":[{"@type":"WebPage","@id":"https:\/\/buzios-vibe.com\/fr\/alimentation-et-boissons","url":"https:\/\/buzios-vibe.com\/fr\/alimentation-et-boissons","name":"Guide des aliments et boissons de B\u00fazios : Savourez les d\u00e9lices culinaires du Br\u00e9sil","isPartOf":{"@id":"https:\/\/buzios-vibe.com\/fr#website"},"datePublished":"2023-09-05T14:14:56+00:00","dateModified":"2023-10-17T15:34:07+00:00","description":"Go\u00fbtez \u00e0 la meilleure cuisine de B\u00fazios, au Br\u00e9sil ! Des sp\u00e9cialit\u00e9s locales aux restaurants raffin\u00e9s, en passant par les caf\u00e9s de bord de mer et la vie nocturne anim\u00e9e, explorez le paysage culinaire vari\u00e9 de cette charmante ville c\u00f4ti\u00e8re. Plongez dans les saveurs authentiques, d\u00e9couvrez les meilleurs restaurants et laissez-vous tenter par le meilleur de la cuisine de B\u00fazios.","breadcrumb":{"@id":"https:\/\/buzios-vibe.com\/fr\/alimentation-et-boissons#breadcrumb"},"inLanguage":"fr-FR","potentialAction":[{"@type":"ReadAction","target":["https:\/\/buzios-vibe.com\/fr\/alimentation-et-boissons"]}]},{"@type":"BreadcrumbList","@id":"https:\/\/buzios-vibe.com\/fr\/alimentation-et-boissons#breadcrumb","itemListElement":[{"@type":"ListItem","position":1,"name":"Home","item":"https:\/\/buzios-vibe.com\/fr"},{"@type":"ListItem","position":2,"name":"Alimentation et boissons"}]},{"@type":"WebSite","@id":"https:\/\/buzios-vibe.com\/fr#website","url":"https:\/\/buzios-vibe.com\/fr","name":"Buzios Vibe - all you need to know about Buzios","description":"Buzios Vibe - all you need to know about Buzios","potentialAction":[{"@type":"SearchAction","target":{"@type":"EntryPoint","urlTemplate":"https:\/\/buzios-vibe.com\/fr?s={search_term_string}"},"query-input":{"@type":"PropertyValueSpecification","valueRequired":true,"valueName":"search_term_string"}}],"inLanguage":"fr-FR"}]}},"_links":{"self":[{"href":"https:\/\/buzios-vibe.com\/fr\/wp-json\/wp\/v2\/pages\/3107","targetHints":{"allow":["GET"]}}],"collection":[{"href":"https:\/\/buzios-vibe.com\/fr\/wp-json\/wp\/v2\/pages"}],"about":[{"href":"https:\/\/buzios-vibe.com\/fr\/wp-json\/wp\/v2\/types\/page"}],"author":[{"embeddable":true,"href":"https:\/\/buzios-vibe.com\/fr\/wp-json\/wp\/v2\/users\/1"}],"replies":[{"embeddable":true,"href":"https:\/\/buzios-vibe.com\/fr\/wp-json\/wp\/v2\/comments?post=3107"}],"version-history":[{"count":4,"href":"https:\/\/buzios-vibe.com\/fr\/wp-json\/wp\/v2\/pages\/3107\/revisions"}],"predecessor-version":[{"id":3704,"href":"https:\/\/buzios-vibe.com\/fr\/wp-json\/wp\/v2\/pages\/3107\/revisions\/3704"}],"wp:attachment":[{"href":"https:\/\/buzios-vibe.com\/fr\/wp-json\/wp\/v2\/media?parent=3107"}],"curies":[{"name":"wp","href":"https:\/\/api.w.org\/{rel}","templated":true}]}}