{"id":3103,"date":"2023-09-05T11:10:12","date_gmt":"2023-09-05T14:10:12","guid":{"rendered":"https:\/\/buzios-vibe.com\/culture-et-histoire"},"modified":"2023-10-17T12:37:35","modified_gmt":"2023-10-17T15:37:35","slug":"culture-et-histoire","status":"publish","type":"page","link":"https:\/\/buzios-vibe.com\/fr\/culture-et-histoire","title":{"rendered":"Culture et histoire"},"content":{"rendered":"<div  class='flex_column av-38ka70-6a75953a90a2a2ed36ad84e0f8f79008 av_one_full  avia-builder-el-0  avia-builder-el-no-sibling  first flex_column_div  '     ><p>\n<style type=\"text\/css\" data-created_by=\"avia_inline_auto\" id=\"style-css-av-lm6dzgia-49ba448d66060a3425b2e52babef7ff3\">\n#top .av-special-heading.av-lm6dzgia-49ba448d66060a3425b2e52babef7ff3{\npadding-bottom:10px;\n}\nbody .av-special-heading.av-lm6dzgia-49ba448d66060a3425b2e52babef7ff3 .av-special-heading-tag .heading-char{\nfont-size:25px;\n}\n.av-special-heading.av-lm6dzgia-49ba448d66060a3425b2e52babef7ff3 .av-subheading{\nfont-size:15px;\n}\n<\/style>\n<div  class='av-special-heading av-lm6dzgia-49ba448d66060a3425b2e52babef7ff3 av-special-heading-h1  avia-builder-el-1  el_before_av_textblock  avia-builder-el-first '><h1 class='av-special-heading-tag'  itemprop=\"headline\"  >Culture et histoire \u00e0 B\u00fazios, Br\u00e9sil<\/h1><div class=\"special-heading-border\"><div class=\"special-heading-inner-border\"><\/div><\/div><\/div><br \/>\n<section  class='av_textblock_section av-lm6dzzg9-e7361ebb449422db064bde8fdca6d374 '   itemscope=\"itemscope\" itemtype=\"https:\/\/schema.org\/CreativeWork\" ><div class='avia_textblock'  itemprop=\"text\" ><p>Plongez dans la riche tapisserie de culture et d&rsquo;histoire qui enveloppe la charmante ville c\u00f4ti\u00e8re de B\u00fazios, au Br\u00e9sil. Si les plages et les paysages naturels volent souvent la vedette, B\u00fazios est aussi un lieu charg\u00e9 d&rsquo;histoire et de richesse culturelle. Cette section vous permettra de comprendre les diverses influences et histoires qui ont fa\u00e7onn\u00e9 cette ville c\u00f4ti\u00e8re, depuis ses d\u00e9buts en tant que village de p\u00eacheurs jusqu&rsquo;\u00e0 son statut actuel de destination cosmopolite.<\/p>\n<p>Dans cette cat\u00e9gorie Culture et Histoire, vous d\u00e9couvrirez :<\/p>\n<ul>\n<li><strong>Les sites historiques<\/strong> : Les monuments, les \u00e9glises et les autres sites qui racontent l&rsquo;histoire de B\u00fazios.<\/li>\n<li><strong>Influences culturelles<\/strong> : D\u00e9couvrez la riche mosa\u00efque de cultures qui ont influenc\u00e9 B\u00fazios, des communaut\u00e9s indig\u00e8nes aux explorateurs portugais, en passant par les r\u00e9sidents internationaux d&rsquo;aujourd&rsquo;hui.<\/li>\n<li><strong>Art et artisanat<\/strong> : D\u00e9couvrez la sc\u00e8ne artistique locale florissante, des galeries aux march\u00e9s en plein air o\u00f9 l&rsquo;on trouve de l&rsquo;artisanat.<\/li>\n<li><strong>Festivals et \u00e9v\u00e9nements locaux<\/strong> : D\u00e9couvrez les festivals incontournables, qu&rsquo;il s&rsquo;agisse de c\u00e9l\u00e9brations religieuses ou d&rsquo;\u00e9v\u00e9nements culturels qui rassemblent la communaut\u00e9.<\/li>\n<li><strong>L&rsquo;impact de Brigitte Bardot<\/strong> : D\u00e9couvrez comment cette star internationale du cin\u00e9ma a fait conna\u00eetre B\u00fazios et l&rsquo;influence qu&rsquo;elle continue d&rsquo;exercer sur la ville.<\/li>\n<li><strong>Musique et danse<\/strong> : Explorez la sc\u00e8ne musicale locale, qui va de la samba traditionnelle \u00e0 la pop br\u00e9silienne contemporaine.<\/li>\n<li><strong>Patrimoine indig\u00e8ne<\/strong> : D\u00e9couvrez le r\u00f4le des peuples indig\u00e8nes dans l&rsquo;histoire et la culture de la r\u00e9gion.<\/li>\n<\/ul>\n<p>Whether you are a history buff, a culture vulture, or a traveler looking to deepen your understanding of your holiday destination, this category offers a well-rounded look into the soul of B\u00fazios.<\/p>\n<\/div><\/section><br \/>\n<div  data-slideshow-options=\"{&quot;animation&quot;:&quot;fade&quot;,&quot;autoplay&quot;:false,&quot;loop_autoplay&quot;:&quot;once&quot;,&quot;interval&quot;:&quot;5&quot;,&quot;loop_manual&quot;:&quot;manual-once&quot;,&quot;autoplay_stopper&quot;:false,&quot;noNavigation&quot;:false,&quot;show_slide_delay&quot;:90}\" class='avia-content-slider avia-content-slider-active avia-content-slider1 avia-content-slider-odd  avia-builder-el-3  el_after_av_textblock  el_before_av_postslider  av-slideshow-ui av-control-default   av-no-slider-navigation av-slideshow-manual av-loop-once av-loop-manual-once '  itemscope=\"itemscope\" itemtype=\"https:\/\/schema.org\/Blog\" ><div class=\"avia-content-slider-inner\"><div class=\"slide-entry-wrap\"><article class='slide-entry flex_column  post-entry post-entry-3426 slide-entry-overview slide-loop-1 slide-parity-odd  av_one_third first real-thumbnail posttype-post post-format-standard'  itemscope=\"itemscope\" itemtype=\"https:\/\/schema.org\/CreativeWork\" ><a href='https:\/\/buzios-vibe.com\/fr\/a-la-decouverte-du-passe-sites-historiques-a-visiter-a-buzios' data-rel='slide-1' class='slide-image' title='\u00c0 la d\u00e9couverte du pass\u00e9 : sites historiques \u00e0 visiter \u00e0 B\u00fazios'><img decoding=\"async\" width=\"495\" height=\"400\" src=\"https:\/\/buzios-vibe.com\/wp-content\/uploads\/2023\/09\/church_sant_anna_buzios_brazil_travel_blog-495x400.png\" class=\"wp-image-2748 avia-img-lazy-loading-not-2748 attachment-portfolio size-portfolio wp-post-image\" alt=\"\" srcset=\"https:\/\/buzios-vibe.com\/wp-content\/uploads\/2023\/09\/church_sant_anna_buzios_brazil_travel_blog-495x400.png 495w, https:\/\/buzios-vibe.com\/wp-content\/uploads\/2023\/09\/church_sant_anna_buzios_brazil_travel_blog-845x684.png 845w\" sizes=\"(max-width: 495px) 100vw, 495px\" \/><\/a><div class=\"slide-content\"><header class=\"entry-content-header\"><span class=\"blog-categories minor-meta\"><a href=\"https:\/\/buzios-vibe.com\/fr\/category\/culture-et-histoire-a-buzios-bresil\" rel=\"tag\">Culture et histoire \u00e0 B\u00fazios, Br\u00e9sil<\/a>  <\/span><h3 class='slide-entry-title entry-title '  itemprop=\"headline\" ><a href='https:\/\/buzios-vibe.com\/fr\/a-la-decouverte-du-passe-sites-historiques-a-visiter-a-buzios' title='\u00c0 la d\u00e9couverte du pass\u00e9 : sites historiques \u00e0 visiter \u00e0 B\u00fazios'>\u00c0 la d\u00e9couverte du pass\u00e9 : sites historiques \u00e0 visiter \u00e0 B\u00fazios<\/a><\/h3><span class=\"av-vertical-delimiter\"><\/span><\/header><div class='slide-entry-excerpt entry-content'  itemprop=\"text\" >\nB\u00fazios, ville c\u00f4ti\u00e8re embl\u00e9matique du Br\u00e9sil, est largement c\u00e9l\u00e9br\u00e9e pour ses plages idylliques, ses sports nautiques et son atmosph\u00e8re anim\u00e9e. Cependant, peu de gens savent que cette destination touristique dynamique abrite \u00e9galement\u2026<div class=\"read-more-link\"><a href=\"https:\/\/buzios-vibe.com\/fr\/a-la-decouverte-du-passe-sites-historiques-a-visiter-a-buzios\" class=\"more-link\">Lire la suite<span class=\"more-link-arrow\"><\/span><\/a><\/div><\/div><\/div><footer class=\"entry-footer\"><div class=\"slide-meta\"><time class='slide-meta-time updated'  itemprop=\"datePublished\" datetime=\"2023-09-04T13:58:11-03:00\" >septembre 4, 2023<\/time><div class=\"slide-meta-del\">\/<\/div><div class=\"slide-meta-comments\"><a href='https:\/\/buzios-vibe.com\/fr\/a-la-decouverte-du-passe-sites-historiques-a-visiter-a-buzios#respond'>0 Commentaires<\/a><\/div><\/div><\/footer><span class='hidden'>\n\t\t\t\t<span class='av-structured-data'  itemprop=\"image\" itemscope=\"itemscope\" itemtype=\"https:\/\/schema.org\/ImageObject\" >\n\t\t\t\t\t\t<span itemprop='url'>https:\/\/buzios-vibe.com\/wp-content\/uploads\/2023\/09\/church_sant_anna_buzios_brazil_travel_blog.png<\/span>\n\t\t\t\t\t\t<span itemprop='height'>3024<\/span>\n\t\t\t\t\t\t<span itemprop='width'>4032<\/span>\n\t\t\t\t<\/span>\n\t\t\t\t<span class='av-structured-data'  itemprop=\"publisher\" itemtype=\"https:\/\/schema.org\/Organization\" itemscope=\"itemscope\" >\n\t\t\t\t\t\t<span itemprop='name'>Marrai<\/span>\n\t\t\t\t\t\t<span itemprop='logo' itemscope itemtype='https:\/\/schema.org\/ImageObject'>\n\t\t\t\t\t\t\t<span itemprop='url'>https:\/\/buzios-vibe.com\/wp-content\/uploads\/2023\/04\/cropped-Buzios_Vibe_Logo-300x100.png<\/span>\n\t\t\t\t\t\t<\/span>\n\t\t\t\t<\/span><span class='av-structured-data'  itemprop=\"author\" itemscope=\"itemscope\" itemtype=\"https:\/\/schema.org\/Person\" ><span itemprop='name'>Marrai<\/span><\/span><span class='av-structured-data'  itemprop=\"datePublished\" datetime=\"2023-09-05T11:10:12-03:00\" >2023-09-04 13:58:11<\/span><span class='av-structured-data'  itemprop=\"dateModified\" itemtype=\"https:\/\/schema.org\/dateModified\" >2024-11-15 15:32:31<\/span><span class='av-structured-data'  itemprop=\"mainEntityOfPage\" itemtype=\"https:\/\/schema.org\/mainEntityOfPage\" ><span itemprop='name'>\u00c0 la d\u00e9couverte du pass\u00e9 : sites historiques \u00e0 visiter \u00e0 B\u00fazios<\/span><\/span><\/span><\/article><article class='slide-entry flex_column  post-entry post-entry-3362 slide-entry-overview slide-loop-2 slide-parity-even  av_one_third  real-thumbnail posttype-post post-format-standard'  itemscope=\"itemscope\" itemtype=\"https:\/\/schema.org\/CreativeWork\" ><a href='https:\/\/buzios-vibe.com\/fr\/brigitte-bardot-la-star-qui-a-fait-connaitre-buzios' data-rel='slide-1' class='slide-image' title='Brigitte Bardot : la star qui a fait conna\u00eetre B\u00fazios'><img decoding=\"async\" width=\"495\" height=\"400\" src=\"https:\/\/buzios-vibe.com\/wp-content\/uploads\/2023\/08\/brigitte_bardot_statue_buzios_brazil_travel_blog-495x400.png\" class=\"wp-image-2703 avia-img-lazy-loading-not-2703 attachment-portfolio size-portfolio wp-post-image\" alt=\"\" srcset=\"https:\/\/buzios-vibe.com\/wp-content\/uploads\/2023\/08\/brigitte_bardot_statue_buzios_brazil_travel_blog-495x400.png 495w, https:\/\/buzios-vibe.com\/wp-content\/uploads\/2023\/08\/brigitte_bardot_statue_buzios_brazil_travel_blog-845x684.png 845w\" sizes=\"(max-width: 495px) 100vw, 495px\" \/><\/a><div class=\"slide-content\"><header class=\"entry-content-header\"><span class=\"blog-categories minor-meta\"><a href=\"https:\/\/buzios-vibe.com\/fr\/category\/culture-et-histoire-a-buzios-bresil\" rel=\"tag\">Culture et histoire \u00e0 B\u00fazios, Br\u00e9sil<\/a>  <\/span><h3 class='slide-entry-title entry-title '  itemprop=\"headline\" ><a href='https:\/\/buzios-vibe.com\/fr\/brigitte-bardot-la-star-qui-a-fait-connaitre-buzios' title='Brigitte Bardot : la star qui a fait conna\u00eetre B\u00fazios'>Brigitte Bardot : la star qui a fait conna\u00eetre B\u00fazios<\/a><\/h3><span class=\"av-vertical-delimiter\"><\/span><\/header><div class='slide-entry-excerpt entry-content'  itemprop=\"text\" >\nDans les ann\u00e9es 1960, la visite de l'actrice fran\u00e7aise Brigitte Bardot a transform\u00e9 le paisible village de p\u00eacheurs d'Arma\u00e7\u00e3o dos B\u00fazios, au Br\u00e9sil, en un haut lieu du tourisme international. L'attrait de Bardot ne se limitait pas au\u2026<div class=\"read-more-link\"><a href=\"https:\/\/buzios-vibe.com\/fr\/brigitte-bardot-la-star-qui-a-fait-connaitre-buzios\" class=\"more-link\">Lire la suite<span class=\"more-link-arrow\"><\/span><\/a><\/div><\/div><\/div><footer class=\"entry-footer\"><div class=\"slide-meta\"><time class='slide-meta-time updated'  itemprop=\"datePublished\" datetime=\"2023-08-31T10:46:11-03:00\" >ao\u00fbt 31, 2023<\/time><div class=\"slide-meta-del\">\/<\/div><div class=\"slide-meta-comments\"><a href='https:\/\/buzios-vibe.com\/fr\/brigitte-bardot-la-star-qui-a-fait-connaitre-buzios#respond'>0 Commentaires<\/a><\/div><\/div><\/footer><span class='hidden'>\n\t\t\t\t<span class='av-structured-data'  itemprop=\"image\" itemscope=\"itemscope\" itemtype=\"https:\/\/schema.org\/ImageObject\" >\n\t\t\t\t\t\t<span itemprop='url'>https:\/\/buzios-vibe.com\/wp-content\/uploads\/2023\/08\/brigitte_bardot_statue_buzios_brazil_travel_blog.png<\/span>\n\t\t\t\t\t\t<span itemprop='height'>3024<\/span>\n\t\t\t\t\t\t<span itemprop='width'>4032<\/span>\n\t\t\t\t<\/span>\n\t\t\t\t<span class='av-structured-data'  itemprop=\"publisher\" itemtype=\"https:\/\/schema.org\/Organization\" itemscope=\"itemscope\" >\n\t\t\t\t\t\t<span itemprop='name'>Marrai<\/span>\n\t\t\t\t\t\t<span itemprop='logo' itemscope itemtype='https:\/\/schema.org\/ImageObject'>\n\t\t\t\t\t\t\t<span itemprop='url'>https:\/\/buzios-vibe.com\/wp-content\/uploads\/2023\/04\/cropped-Buzios_Vibe_Logo-300x100.png<\/span>\n\t\t\t\t\t\t<\/span>\n\t\t\t\t<\/span><span class='av-structured-data'  itemprop=\"author\" itemscope=\"itemscope\" itemtype=\"https:\/\/schema.org\/Person\" ><span itemprop='name'>Marrai<\/span><\/span><span class='av-structured-data'  itemprop=\"datePublished\" datetime=\"2023-09-05T11:10:12-03:00\" >2023-08-31 10:46:11<\/span><span class='av-structured-data'  itemprop=\"dateModified\" itemtype=\"https:\/\/schema.org\/dateModified\" >2024-11-15 15:27:58<\/span><span class='av-structured-data'  itemprop=\"mainEntityOfPage\" itemtype=\"https:\/\/schema.org\/mainEntityOfPage\" ><span itemprop='name'>Brigitte Bardot : la star qui a fait conna\u00eetre B\u00fazios<\/span><\/span><\/span><\/article><article class='slide-entry flex_column  post-entry post-entry-3148 slide-entry-overview slide-loop-3 slide-parity-odd  post-entry-last  av_one_third  real-thumbnail posttype-post post-format-standard'  itemscope=\"itemscope\" itemtype=\"https:\/\/schema.org\/CreativeWork\" ><a href='https:\/\/buzios-vibe.com\/fr\/lhistoire-fascinante-de-buzios-du-village-de-pecheurs-a-la-station-balneaire-glamour' data-rel='slide-1' class='slide-image' title='L&rsquo;histoire fascinante de B\u00fazios : Du village de p\u00eacheurs \u00e0 la station baln\u00e9aire glamour'><img decoding=\"async\" width=\"495\" height=\"400\" src=\"https:\/\/buzios-vibe.com\/wp-content\/uploads\/2023\/09\/tres_pescadores_buzios_brazil_travel_blog-495x400.png\" class=\"wp-image-2733 avia-img-lazy-loading-not-2733 attachment-portfolio size-portfolio wp-post-image\" alt=\"\" srcset=\"https:\/\/buzios-vibe.com\/wp-content\/uploads\/2023\/09\/tres_pescadores_buzios_brazil_travel_blog-495x400.png 495w, https:\/\/buzios-vibe.com\/wp-content\/uploads\/2023\/09\/tres_pescadores_buzios_brazil_travel_blog-845x684.png 845w\" sizes=\"(max-width: 495px) 100vw, 495px\" \/><\/a><div class=\"slide-content\"><header class=\"entry-content-header\"><span class=\"blog-categories minor-meta\"><a href=\"https:\/\/buzios-vibe.com\/fr\/category\/culture-et-histoire-a-buzios-bresil\" rel=\"tag\">Culture et histoire \u00e0 B\u00fazios, Br\u00e9sil<\/a>  <\/span><h3 class='slide-entry-title entry-title '  itemprop=\"headline\" ><a href='https:\/\/buzios-vibe.com\/fr\/lhistoire-fascinante-de-buzios-du-village-de-pecheurs-a-la-station-balneaire-glamour' title='L&rsquo;histoire fascinante de B\u00fazios : Du village de p\u00eacheurs \u00e0 la station baln\u00e9aire glamour'>L&rsquo;histoire fascinante de B\u00fazios : Du village de p\u00eacheurs \u00e0 la station baln\u00e9aire glamour<\/a><\/h3><span class=\"av-vertical-delimiter\"><\/span><\/header><div class='slide-entry-excerpt entry-content'  itemprop=\"text\" >\nArma\u00e7\u00e3o dos B\u00fazios, commun\u00e9ment appel\u00e9e B\u00fazios, est aujourd'hui consid\u00e9r\u00e9e comme l'une des principales destinations touristiques du Br\u00e9sil, c\u00e9l\u00e8bre pour ses belles plages, ses stations baln\u00e9aires haut de gamme et sa vie nocturne\u2026<div class=\"read-more-link\"><a href=\"https:\/\/buzios-vibe.com\/fr\/lhistoire-fascinante-de-buzios-du-village-de-pecheurs-a-la-station-balneaire-glamour\" class=\"more-link\">Lire la suite<span class=\"more-link-arrow\"><\/span><\/a><\/div><\/div><\/div><footer class=\"entry-footer\"><div class=\"slide-meta\"><time class='slide-meta-time updated'  itemprop=\"datePublished\" datetime=\"2023-08-29T09:40:39-03:00\" >ao\u00fbt 29, 2023<\/time><div class=\"slide-meta-del\">\/<\/div><div class=\"slide-meta-comments\"><a href='https:\/\/buzios-vibe.com\/fr\/lhistoire-fascinante-de-buzios-du-village-de-pecheurs-a-la-station-balneaire-glamour#respond'>0 Commentaires<\/a><\/div><\/div><\/footer><span class='hidden'>\n\t\t\t\t<span class='av-structured-data'  itemprop=\"image\" itemscope=\"itemscope\" itemtype=\"https:\/\/schema.org\/ImageObject\" >\n\t\t\t\t\t\t<span itemprop='url'>https:\/\/buzios-vibe.com\/wp-content\/uploads\/2023\/09\/tres_pescadores_buzios_brazil_travel_blog.png<\/span>\n\t\t\t\t\t\t<span itemprop='height'>3024<\/span>\n\t\t\t\t\t\t<span itemprop='width'>4032<\/span>\n\t\t\t\t<\/span>\n\t\t\t\t<span class='av-structured-data'  itemprop=\"publisher\" itemtype=\"https:\/\/schema.org\/Organization\" itemscope=\"itemscope\" >\n\t\t\t\t\t\t<span itemprop='name'>Marrai<\/span>\n\t\t\t\t\t\t<span itemprop='logo' itemscope itemtype='https:\/\/schema.org\/ImageObject'>\n\t\t\t\t\t\t\t<span itemprop='url'>https:\/\/buzios-vibe.com\/wp-content\/uploads\/2023\/04\/cropped-Buzios_Vibe_Logo-300x100.png<\/span>\n\t\t\t\t\t\t<\/span>\n\t\t\t\t<\/span><span class='av-structured-data'  itemprop=\"author\" itemscope=\"itemscope\" itemtype=\"https:\/\/schema.org\/Person\" ><span itemprop='name'>Marrai<\/span><\/span><span class='av-structured-data'  itemprop=\"datePublished\" datetime=\"2023-09-05T11:10:12-03:00\" >2023-08-29 09:40:39<\/span><span class='av-structured-data'  itemprop=\"dateModified\" itemtype=\"https:\/\/schema.org\/dateModified\" >2024-11-15 15:15:39<\/span><span class='av-structured-data'  itemprop=\"mainEntityOfPage\" itemtype=\"https:\/\/schema.org\/mainEntityOfPage\" ><span itemprop='name'>L&rsquo;histoire fascinante de B\u00fazios : Du village de p\u00eacheurs \u00e0 la station baln\u00e9aire glamour<\/span><\/span><\/span><\/article><\/div><\/div><\/div><br \/>\n<br \/>\n<br \/>\n<br \/>\n<\/p><\/div>\n","protected":false},"excerpt":{"rendered":"","protected":false},"author":1,"featured_media":0,"parent":0,"menu_order":0,"comment_status":"closed","ping_status":"closed","template":"","meta":{"footnotes":""},"class_list":["post-3103","page","type-page","status-publish","hentry"],"yoast_head":"<!-- This site is optimized with the Yoast SEO plugin v25.7 - https:\/\/yoast.com\/wordpress\/plugins\/seo\/ -->\n<title>Culture et histoire de B\u00fazios : D\u00e9couvrez le c\u0153ur de ce village br\u00e9silien<\/title>\n<meta name=\"description\" content=\"Voyagez \u00e0 travers la riche histoire et la culture vibrante de B\u00fazios. Explorez les monuments, plongez dans les influences culturelles, appr\u00e9ciez l&#039;art local, et bien plus encore. De son patrimoine indig\u00e8ne \u00e0 l&#039;impact de Brigitte Bardot, d\u00e9couvrez ce qui fait la sp\u00e9cificit\u00e9 de B\u00fazios.\" \/>\n<meta name=\"robots\" content=\"index, follow, max-snippet:-1, max-image-preview:large, max-video-preview:-1\" \/>\n<link rel=\"canonical\" href=\"https:\/\/buzios-vibe.com\/fr\/culture-et-histoire\" \/>\n<meta property=\"og:locale\" content=\"fr_FR\" \/>\n<meta property=\"og:type\" content=\"article\" \/>\n<meta property=\"og:title\" content=\"Culture et histoire de B\u00fazios : D\u00e9couvrez le c\u0153ur de ce village br\u00e9silien\" \/>\n<meta property=\"og:description\" content=\"Voyagez \u00e0 travers la riche histoire et la culture vibrante de B\u00fazios. Explorez les monuments, plongez dans les influences culturelles, appr\u00e9ciez l&#039;art local, et bien plus encore. De son patrimoine indig\u00e8ne \u00e0 l&#039;impact de Brigitte Bardot, d\u00e9couvrez ce qui fait la sp\u00e9cificit\u00e9 de B\u00fazios.\" \/>\n<meta property=\"og:url\" content=\"https:\/\/buzios-vibe.com\/fr\/culture-et-histoire\" \/>\n<meta property=\"og:site_name\" content=\"Buzios Vibe - all you need to know about Buzios\" \/>\n<meta property=\"article:modified_time\" content=\"2023-10-17T15:37:35+00:00\" \/>\n<meta property=\"og:image\" content=\"https:\/\/buzios-vibe.com\/wp-content\/uploads\/2023\/10\/hotel_casas_brancas_buzios_brazil_travel_blog-1030x773.png\" \/>\n\t<meta property=\"og:image:width\" content=\"1030\" \/>\n\t<meta property=\"og:image:height\" content=\"773\" \/>\n\t<meta property=\"og:image:type\" content=\"image\/png\" \/>\n<meta name=\"twitter:card\" content=\"summary_large_image\" \/>\n<meta name=\"twitter:label1\" content=\"Dur\u00e9e de lecture estim\u00e9e\" \/>\n\t<meta name=\"twitter:data1\" content=\"3 minutes\" \/>\n<script type=\"application\/ld+json\" class=\"yoast-schema-graph\">{\"@context\":\"https:\/\/schema.org\",\"@graph\":[{\"@type\":\"WebPage\",\"@id\":\"https:\/\/buzios-vibe.com\/fr\/culture-et-histoire\",\"url\":\"https:\/\/buzios-vibe.com\/fr\/culture-et-histoire\",\"name\":\"Culture et histoire de B\u00fazios : D\u00e9couvrez le c\u0153ur de ce village br\u00e9silien\",\"isPartOf\":{\"@id\":\"https:\/\/buzios-vibe.com\/fr#website\"},\"datePublished\":\"2023-09-05T14:10:12+00:00\",\"dateModified\":\"2023-10-17T15:37:35+00:00\",\"description\":\"Voyagez \u00e0 travers la riche histoire et la culture vibrante de B\u00fazios. Explorez les monuments, plongez dans les influences culturelles, appr\u00e9ciez l'art local, et bien plus encore. De son patrimoine indig\u00e8ne \u00e0 l'impact de Brigitte Bardot, d\u00e9couvrez ce qui fait la sp\u00e9cificit\u00e9 de B\u00fazios.\",\"breadcrumb\":{\"@id\":\"https:\/\/buzios-vibe.com\/fr\/culture-et-histoire#breadcrumb\"},\"inLanguage\":\"fr-FR\",\"potentialAction\":[{\"@type\":\"ReadAction\",\"target\":[\"https:\/\/buzios-vibe.com\/fr\/culture-et-histoire\"]}]},{\"@type\":\"BreadcrumbList\",\"@id\":\"https:\/\/buzios-vibe.com\/fr\/culture-et-histoire#breadcrumb\",\"itemListElement\":[{\"@type\":\"ListItem\",\"position\":1,\"name\":\"Home\",\"item\":\"https:\/\/buzios-vibe.com\/fr\"},{\"@type\":\"ListItem\",\"position\":2,\"name\":\"Culture et histoire\"}]},{\"@type\":\"WebSite\",\"@id\":\"https:\/\/buzios-vibe.com\/fr#website\",\"url\":\"https:\/\/buzios-vibe.com\/fr\",\"name\":\"Buzios Vibe - all you need to know about Buzios\",\"description\":\"Buzios Vibe - all you need to know about Buzios\",\"potentialAction\":[{\"@type\":\"SearchAction\",\"target\":{\"@type\":\"EntryPoint\",\"urlTemplate\":\"https:\/\/buzios-vibe.com\/fr?s={search_term_string}\"},\"query-input\":{\"@type\":\"PropertyValueSpecification\",\"valueRequired\":true,\"valueName\":\"search_term_string\"}}],\"inLanguage\":\"fr-FR\"}]}<\/script>\n<!-- \/ Yoast SEO plugin. -->","yoast_head_json":{"title":"Culture et histoire de B\u00fazios : D\u00e9couvrez le c\u0153ur de ce village br\u00e9silien","description":"Voyagez \u00e0 travers la riche histoire et la culture vibrante de B\u00fazios. Explorez les monuments, plongez dans les influences culturelles, appr\u00e9ciez l'art local, et bien plus encore. De son patrimoine indig\u00e8ne \u00e0 l'impact de Brigitte Bardot, d\u00e9couvrez ce qui fait la sp\u00e9cificit\u00e9 de B\u00fazios.","robots":{"index":"index","follow":"follow","max-snippet":"max-snippet:-1","max-image-preview":"max-image-preview:large","max-video-preview":"max-video-preview:-1"},"canonical":"https:\/\/buzios-vibe.com\/fr\/culture-et-histoire","og_locale":"fr_FR","og_type":"article","og_title":"Culture et histoire de B\u00fazios : D\u00e9couvrez le c\u0153ur de ce village br\u00e9silien","og_description":"Voyagez \u00e0 travers la riche histoire et la culture vibrante de B\u00fazios. Explorez les monuments, plongez dans les influences culturelles, appr\u00e9ciez l'art local, et bien plus encore. De son patrimoine indig\u00e8ne \u00e0 l'impact de Brigitte Bardot, d\u00e9couvrez ce qui fait la sp\u00e9cificit\u00e9 de B\u00fazios.","og_url":"https:\/\/buzios-vibe.com\/fr\/culture-et-histoire","og_site_name":"Buzios Vibe - all you need to know about Buzios","article_modified_time":"2023-10-17T15:37:35+00:00","og_image":[{"width":1030,"height":773,"url":"https:\/\/buzios-vibe.com\/wp-content\/uploads\/2023\/10\/hotel_casas_brancas_buzios_brazil_travel_blog-1030x773.png","type":"image\/png"}],"twitter_card":"summary_large_image","twitter_misc":{"Dur\u00e9e de lecture estim\u00e9e":"3 minutes"},"schema":{"@context":"https:\/\/schema.org","@graph":[{"@type":"WebPage","@id":"https:\/\/buzios-vibe.com\/fr\/culture-et-histoire","url":"https:\/\/buzios-vibe.com\/fr\/culture-et-histoire","name":"Culture et histoire de B\u00fazios : D\u00e9couvrez le c\u0153ur de ce village br\u00e9silien","isPartOf":{"@id":"https:\/\/buzios-vibe.com\/fr#website"},"datePublished":"2023-09-05T14:10:12+00:00","dateModified":"2023-10-17T15:37:35+00:00","description":"Voyagez \u00e0 travers la riche histoire et la culture vibrante de B\u00fazios. Explorez les monuments, plongez dans les influences culturelles, appr\u00e9ciez l'art local, et bien plus encore. De son patrimoine indig\u00e8ne \u00e0 l'impact de Brigitte Bardot, d\u00e9couvrez ce qui fait la sp\u00e9cificit\u00e9 de B\u00fazios.","breadcrumb":{"@id":"https:\/\/buzios-vibe.com\/fr\/culture-et-histoire#breadcrumb"},"inLanguage":"fr-FR","potentialAction":[{"@type":"ReadAction","target":["https:\/\/buzios-vibe.com\/fr\/culture-et-histoire"]}]},{"@type":"BreadcrumbList","@id":"https:\/\/buzios-vibe.com\/fr\/culture-et-histoire#breadcrumb","itemListElement":[{"@type":"ListItem","position":1,"name":"Home","item":"https:\/\/buzios-vibe.com\/fr"},{"@type":"ListItem","position":2,"name":"Culture et histoire"}]},{"@type":"WebSite","@id":"https:\/\/buzios-vibe.com\/fr#website","url":"https:\/\/buzios-vibe.com\/fr","name":"Buzios Vibe - all you need to know about Buzios","description":"Buzios Vibe - all you need to know about Buzios","potentialAction":[{"@type":"SearchAction","target":{"@type":"EntryPoint","urlTemplate":"https:\/\/buzios-vibe.com\/fr?s={search_term_string}"},"query-input":{"@type":"PropertyValueSpecification","valueRequired":true,"valueName":"search_term_string"}}],"inLanguage":"fr-FR"}]}},"_links":{"self":[{"href":"https:\/\/buzios-vibe.com\/fr\/wp-json\/wp\/v2\/pages\/3103","targetHints":{"allow":["GET"]}}],"collection":[{"href":"https:\/\/buzios-vibe.com\/fr\/wp-json\/wp\/v2\/pages"}],"about":[{"href":"https:\/\/buzios-vibe.com\/fr\/wp-json\/wp\/v2\/types\/page"}],"author":[{"embeddable":true,"href":"https:\/\/buzios-vibe.com\/fr\/wp-json\/wp\/v2\/users\/1"}],"replies":[{"embeddable":true,"href":"https:\/\/buzios-vibe.com\/fr\/wp-json\/wp\/v2\/comments?post=3103"}],"version-history":[{"count":4,"href":"https:\/\/buzios-vibe.com\/fr\/wp-json\/wp\/v2\/pages\/3103\/revisions"}],"predecessor-version":[{"id":3707,"href":"https:\/\/buzios-vibe.com\/fr\/wp-json\/wp\/v2\/pages\/3103\/revisions\/3707"}],"wp:attachment":[{"href":"https:\/\/buzios-vibe.com\/fr\/wp-json\/wp\/v2\/media?parent=3103"}],"curies":[{"name":"wp","href":"https:\/\/api.w.org\/{rel}","templated":true}]}}