{"id":3101,"date":"2023-09-05T11:16:26","date_gmt":"2023-09-05T14:16:26","guid":{"rendered":"https:\/\/buzios-vibe.com\/hebergement"},"modified":"2024-11-15T15:31:50","modified_gmt":"2024-11-15T18:31:50","slug":"hebergement","status":"publish","type":"page","link":"https:\/\/buzios-vibe.com\/fr\/hebergement","title":{"rendered":"H\u00e9bergement"},"content":{"rendered":"<div  class='flex_column av-23j36r-234fdb38dbc7fd7f92753ad9a5c2ad24 av_one_full  avia-builder-el-0  avia-builder-el-no-sibling  first flex_column_div  '     ><p>\n<style type=\"text\/css\" data-created_by=\"avia_inline_auto\" id=\"style-css-av-lm6e7ufv-6f424e9728ed5c892251893c5527455e\">\n#top .av-special-heading.av-lm6e7ufv-6f424e9728ed5c892251893c5527455e{\npadding-bottom:10px;\n}\nbody .av-special-heading.av-lm6e7ufv-6f424e9728ed5c892251893c5527455e .av-special-heading-tag .heading-char{\nfont-size:25px;\n}\n.av-special-heading.av-lm6e7ufv-6f424e9728ed5c892251893c5527455e .av-subheading{\nfont-size:15px;\n}\n<\/style>\n<div  class='av-special-heading av-lm6e7ufv-6f424e9728ed5c892251893c5527455e av-special-heading-h1  avia-builder-el-1  el_before_av_textblock  avia-builder-el-first '><h1 class='av-special-heading-tag'  itemprop=\"headline\"  >H\u00e9bergement \u00e0 B\u00fazios, Br\u00e9sil<\/h1><div class=\"special-heading-border\"><div class=\"special-heading-inner-border\"><\/div><\/div><\/div><br \/>\n<section  class='av_textblock_section av-lm6e89hb-6efc60a12acb9e3a4623e3a4eec586df '   itemscope=\"itemscope\" itemtype=\"https:\/\/schema.org\/CreativeWork\" ><div class='avia_textblock'  itemprop=\"text\" ><p>Vous pr\u00e9voyez un voyage \u00e0 B\u00fazios et vous vous demandez o\u00f9 s\u00e9journer ? Vous \u00eates au bon endroit ! Notre cat\u00e9gorie H\u00e9bergement \u00e0 B\u00fazios est votre guide complet pour trouver l&rsquo;h\u00e9bergement id\u00e9al correspondant \u00e0 vos go\u00fbts, \u00e0 vos besoins et \u00e0 votre budget. B\u00fazios offre un m\u00e9lange \u00e9clectique d&rsquo;options d&rsquo;h\u00e9bergement qui s&rsquo;adressent \u00e0 tous les types de voyageurs, qu&rsquo;il s&rsquo;agisse de luxueuses stations baln\u00e9aires offrant des \u00e9quipements de classe mondiale ou de pousadas douillettes o\u00f9 vous pourrez faire l&rsquo;exp\u00e9rience de l&rsquo;authentique hospitalit\u00e9 br\u00e9silienne.<\/p>\n<p>Dans cette cat\u00e9gorie, vous d\u00e9couvrirez<\/p>\n<ul>\n<li><strong>Stations de luxe<\/strong>: D\u00e9couvrez les stations baln\u00e9aires les plus r\u00e9put\u00e9es de B\u00fazios, avec leurs spas, leurs plages priv\u00e9es et leurs restaurants gastronomiques.<\/li>\n<li><strong>H\u00f4tels-boutiques<\/strong>: D\u00e9couvrez de petits h\u00f4tels chics qui offrent une exp\u00e9rience de voyage unique et personnalis\u00e9e.<\/li>\n<li><strong>Pousadas<\/strong>: Plongez dans des \u00e9tablissements familiaux qui offrent une atmosph\u00e8re chaleureuse et une touche locale.<\/li>\n<li><strong>Auberges de jeunesse<\/strong>: Obtenez des conseils sur les espaces de vie commune \u00e0 prix raisonnable, id\u00e9aux pour les routards et les voyageurs en solo.<\/li>\n<li><strong>Locations de vacances<\/strong>: Votre guide pour vivre une exp\u00e9rience loin de chez soi, qu&rsquo;il s&rsquo;agisse d&rsquo;une villa en bord de mer ou d&rsquo;un appartement pittoresque.<\/li>\n<li><strong>S\u00e9jours uniques<\/strong>: Des cabanes aux \u00e9colodges en passant par les maisons d&rsquo;h\u00f4tes, d\u00e9couvrez des options moins connues pour une exp\u00e9rience d&rsquo;h\u00e9bergement unique.<\/li>\n<\/ul>\n<p>Prenez des d\u00e9cisions \u00e9clair\u00e9es gr\u00e2ce \u00e0 nos listes, nos avis d&rsquo;experts et nos conseils d&rsquo;initi\u00e9s, et trouvez l&rsquo;h\u00e9bergement qui rendra vos vacances \u00e0 B\u00fazios vraiment inoubliables.<\/p>\n<\/div><\/section><br \/>\n<div  data-slideshow-options=\"{&quot;animation&quot;:&quot;fade&quot;,&quot;autoplay&quot;:false,&quot;loop_autoplay&quot;:&quot;once&quot;,&quot;interval&quot;:&quot;5&quot;,&quot;loop_manual&quot;:&quot;manual-once&quot;,&quot;autoplay_stopper&quot;:false,&quot;noNavigation&quot;:false,&quot;show_slide_delay&quot;:90}\" class='avia-content-slider avia-content-slider-active avia-content-slider1 avia-content-slider-odd  avia-builder-el-3  el_after_av_textblock  el_before_av_postslider  av-slideshow-ui av-control-default   av-no-slider-navigation av-slideshow-manual av-loop-once av-loop-manual-once '  itemscope=\"itemscope\" itemtype=\"https:\/\/schema.org\/Blog\" ><div class=\"avia-content-slider-inner\"><div class=\"slide-entry-wrap\"><article class='slide-entry flex_column  post-entry post-entry-3600 slide-entry-overview slide-loop-1 slide-parity-odd  av_one_third first real-thumbnail posttype-post post-format-standard'  itemscope=\"itemscope\" itemtype=\"https:\/\/schema.org\/CreativeWork\" ><a href='https:\/\/buzios-vibe.com\/fr\/les-6-meilleurs-complexes-hoteliers-de-luxe-a-buzios-du-spa-a-la-gastronomie' data-rel='slide-1' class='slide-image' title='Les 6 meilleurs complexes h\u00f4teliers de luxe \u00e0 B\u00fazios : Du spa \u00e0 la gastronomie'><img decoding=\"async\" width=\"495\" height=\"400\" src=\"https:\/\/buzios-vibe.com\/wp-content\/uploads\/2023\/10\/hotel_casas_brancas_buzios_brazil_travel_blog-495x400.png\" class=\"wp-image-3063 avia-img-lazy-loading-not-3063 attachment-portfolio size-portfolio wp-post-image\" alt=\"\" srcset=\"https:\/\/buzios-vibe.com\/wp-content\/uploads\/2023\/10\/hotel_casas_brancas_buzios_brazil_travel_blog-495x400.png 495w, https:\/\/buzios-vibe.com\/wp-content\/uploads\/2023\/10\/hotel_casas_brancas_buzios_brazil_travel_blog-845x684.png 845w\" sizes=\"(max-width: 495px) 100vw, 495px\" \/><\/a><div class=\"slide-content\"><header class=\"entry-content-header\"><span class=\"blog-categories minor-meta\"><a href=\"https:\/\/buzios-vibe.com\/fr\/category\/hebergement-a-buzios-bresil\" rel=\"tag\">H\u00e9bergement \u00e0 B\u00fazios, Br\u00e9sil<\/a>  <\/span><h3 class='slide-entry-title entry-title '  itemprop=\"headline\" ><a href='https:\/\/buzios-vibe.com\/fr\/les-6-meilleurs-complexes-hoteliers-de-luxe-a-buzios-du-spa-a-la-gastronomie' title='Les 6 meilleurs complexes h\u00f4teliers de luxe \u00e0 B\u00fazios : Du spa \u00e0 la gastronomie'>Les 6 meilleurs complexes h\u00f4teliers de luxe \u00e0 B\u00fazios : Du spa \u00e0 la gastronomie<\/a><\/h3><span class=\"av-vertical-delimiter\"><\/span><\/header><div class='slide-entry-excerpt entry-content'  itemprop=\"text\" >\nB\u00fazios propose une gamme d'h\u00e9bergements luxueux pour les voyageurs \u00e0 la recherche des meilleures exp\u00e9riences. Dans cet article, nous vous pr\u00e9sentons six des meilleurs centres de vill\u00e9giature de Buzios, qui vous promettent un s\u00e9jour inoubliable.\u2026<div class=\"read-more-link\"><a href=\"https:\/\/buzios-vibe.com\/fr\/les-6-meilleurs-complexes-hoteliers-de-luxe-a-buzios-du-spa-a-la-gastronomie\" class=\"more-link\">Lire la suite<span class=\"more-link-arrow\"><\/span><\/a><\/div><\/div><\/div><footer class=\"entry-footer\"><div class=\"slide-meta\"><time class='slide-meta-time updated'  itemprop=\"datePublished\" datetime=\"2023-10-04T16:04:06-03:00\" >octobre 4, 2023<\/time><div class=\"slide-meta-del\">\/<\/div><div class=\"slide-meta-comments\"><a href='https:\/\/buzios-vibe.com\/fr\/les-6-meilleurs-complexes-hoteliers-de-luxe-a-buzios-du-spa-a-la-gastronomie#respond'>0 Commentaires<\/a><\/div><\/div><\/footer><span class='hidden'>\n\t\t\t\t<span class='av-structured-data'  itemprop=\"image\" itemscope=\"itemscope\" itemtype=\"https:\/\/schema.org\/ImageObject\" >\n\t\t\t\t\t\t<span itemprop='url'>https:\/\/buzios-vibe.com\/wp-content\/uploads\/2023\/10\/hotel_casas_brancas_buzios_brazil_travel_blog.png<\/span>\n\t\t\t\t\t\t<span itemprop='height'>3024<\/span>\n\t\t\t\t\t\t<span itemprop='width'>4032<\/span>\n\t\t\t\t<\/span>\n\t\t\t\t<span class='av-structured-data'  itemprop=\"publisher\" itemtype=\"https:\/\/schema.org\/Organization\" itemscope=\"itemscope\" >\n\t\t\t\t\t\t<span itemprop='name'>Marrai<\/span>\n\t\t\t\t\t\t<span itemprop='logo' itemscope itemtype='https:\/\/schema.org\/ImageObject'>\n\t\t\t\t\t\t\t<span itemprop='url'>https:\/\/buzios-vibe.com\/wp-content\/uploads\/2023\/04\/cropped-Buzios_Vibe_Logo-300x100.png<\/span>\n\t\t\t\t\t\t<\/span>\n\t\t\t\t<\/span><span class='av-structured-data'  itemprop=\"author\" itemscope=\"itemscope\" itemtype=\"https:\/\/schema.org\/Person\" ><span itemprop='name'>Marrai<\/span><\/span><span class='av-structured-data'  itemprop=\"datePublished\" datetime=\"2023-09-05T11:16:26-03:00\" >2023-10-04 16:04:06<\/span><span class='av-structured-data'  itemprop=\"dateModified\" itemtype=\"https:\/\/schema.org\/dateModified\" >2023-10-04 21:14:27<\/span><span class='av-structured-data'  itemprop=\"mainEntityOfPage\" itemtype=\"https:\/\/schema.org\/mainEntityOfPage\" ><span itemprop='name'>Les 6 meilleurs complexes h\u00f4teliers de luxe \u00e0 B\u00fazios : Du spa \u00e0 la gastronomie<\/span><\/span><\/span><\/article><article class='slide-entry flex_column  post-entry post-entry-3592 slide-entry-overview slide-loop-2 slide-parity-even  av_one_third  real-thumbnail posttype-post post-format-standard'  itemscope=\"itemscope\" itemtype=\"https:\/\/schema.org\/CreativeWork\" ><a href='https:\/\/buzios-vibe.com\/fr\/5-hotels-directement-sur-la-plage-a-buzios-pour-tous-les-budgets' data-rel='slide-1' class='slide-image' title='5 h\u00f4tels directement sur la plage \u00e0 B\u00fazios pour tous les budgets'><img decoding=\"async\" width=\"495\" height=\"400\" src=\"https:\/\/buzios-vibe.com\/wp-content\/uploads\/2023\/09\/buzios_beach_praia_do_canto_center-495x400.png\" class=\"wp-image-2973 avia-img-lazy-loading-not-2973 attachment-portfolio size-portfolio wp-post-image\" alt=\"\" srcset=\"https:\/\/buzios-vibe.com\/wp-content\/uploads\/2023\/09\/buzios_beach_praia_do_canto_center-495x400.png 495w, https:\/\/buzios-vibe.com\/wp-content\/uploads\/2023\/09\/buzios_beach_praia_do_canto_center-845x684.png 845w\" sizes=\"(max-width: 495px) 100vw, 495px\" \/><\/a><div class=\"slide-content\"><header class=\"entry-content-header\"><span class=\"blog-categories minor-meta\"><a href=\"https:\/\/buzios-vibe.com\/fr\/category\/hebergement-a-buzios-bresil\" rel=\"tag\">H\u00e9bergement \u00e0 B\u00fazios, Br\u00e9sil<\/a>  <\/span><h3 class='slide-entry-title entry-title '  itemprop=\"headline\" ><a href='https:\/\/buzios-vibe.com\/fr\/5-hotels-directement-sur-la-plage-a-buzios-pour-tous-les-budgets' title='5 h\u00f4tels directement sur la plage \u00e0 B\u00fazios pour tous les budgets'>5 h\u00f4tels directement sur la plage \u00e0 B\u00fazios pour tous les budgets<\/a><\/h3><span class=\"av-vertical-delimiter\"><\/span><\/header><div class='slide-entry-excerpt entry-content'  itemprop=\"text\" >\nVous cherchez un h\u00f4tel en bord de mer \u00e0 B\u00fazios ? Consultez ensuite nos recommandations d'h\u00e9bergements situ\u00e9s directement sur ces rivages sablonneux. Si vous vous r\u00e9veillez au son des vagues et que vous acc\u00e9dez directement \u00e0 la plage\u2026<div class=\"read-more-link\"><a href=\"https:\/\/buzios-vibe.com\/fr\/5-hotels-directement-sur-la-plage-a-buzios-pour-tous-les-budgets\" class=\"more-link\">Lire la suite<span class=\"more-link-arrow\"><\/span><\/a><\/div><\/div><\/div><footer class=\"entry-footer\"><div class=\"slide-meta\"><time class='slide-meta-time updated'  itemprop=\"datePublished\" datetime=\"2023-10-02T16:10:46-03:00\" >octobre 2, 2023<\/time><div class=\"slide-meta-del\">\/<\/div><div class=\"slide-meta-comments\"><a href='https:\/\/buzios-vibe.com\/fr\/5-hotels-directement-sur-la-plage-a-buzios-pour-tous-les-budgets#respond'>0 Commentaires<\/a><\/div><\/div><\/footer><span class='hidden'>\n\t\t\t\t<span class='av-structured-data'  itemprop=\"image\" itemscope=\"itemscope\" itemtype=\"https:\/\/schema.org\/ImageObject\" >\n\t\t\t\t\t\t<span itemprop='url'>https:\/\/buzios-vibe.com\/wp-content\/uploads\/2023\/09\/buzios_beach_praia_do_canto_center.png<\/span>\n\t\t\t\t\t\t<span itemprop='height'>2266<\/span>\n\t\t\t\t\t\t<span itemprop='width'>3022<\/span>\n\t\t\t\t<\/span>\n\t\t\t\t<span class='av-structured-data'  itemprop=\"publisher\" itemtype=\"https:\/\/schema.org\/Organization\" itemscope=\"itemscope\" >\n\t\t\t\t\t\t<span itemprop='name'>Marrai<\/span>\n\t\t\t\t\t\t<span itemprop='logo' itemscope itemtype='https:\/\/schema.org\/ImageObject'>\n\t\t\t\t\t\t\t<span itemprop='url'>https:\/\/buzios-vibe.com\/wp-content\/uploads\/2023\/04\/cropped-Buzios_Vibe_Logo-300x100.png<\/span>\n\t\t\t\t\t\t<\/span>\n\t\t\t\t<\/span><span class='av-structured-data'  itemprop=\"author\" itemscope=\"itemscope\" itemtype=\"https:\/\/schema.org\/Person\" ><span itemprop='name'>Marrai<\/span><\/span><span class='av-structured-data'  itemprop=\"datePublished\" datetime=\"2023-09-05T11:16:26-03:00\" >2023-10-02 16:10:46<\/span><span class='av-structured-data'  itemprop=\"dateModified\" itemtype=\"https:\/\/schema.org\/dateModified\" >2023-10-04 21:14:23<\/span><span class='av-structured-data'  itemprop=\"mainEntityOfPage\" itemtype=\"https:\/\/schema.org\/mainEntityOfPage\" ><span itemprop='name'>5 h\u00f4tels directement sur la plage \u00e0 B\u00fazios pour tous les budgets<\/span><\/span><\/span><\/article><article class='slide-entry flex_column  post-entry post-entry-3365 slide-entry-overview slide-loop-3 slide-parity-odd  post-entry-last  av_one_third  real-thumbnail posttype-post post-format-standard'  itemscope=\"itemscope\" itemtype=\"https:\/\/schema.org\/CreativeWork\" ><a href='https:\/\/buzios-vibe.com\/fr\/options-dhebergement-a-buzios-bresil-des-complexes-hoteliers-de-luxe-aux-auberges-de-jeunesse-bon-marche' data-rel='slide-1' class='slide-image' title='Options d&rsquo;h\u00e9bergement \u00e0 B\u00fazios, Br\u00e9sil : Des complexes h\u00f4teliers de luxe aux auberges de jeunesse bon march\u00e9'><img decoding=\"async\" width=\"495\" height=\"400\" src=\"https:\/\/buzios-vibe.com\/wp-content\/uploads\/2023\/08\/hotel_in_buzios-495x400.png\" class=\"wp-image-2828 avia-img-lazy-loading-not-2828 attachment-portfolio size-portfolio wp-post-image\" alt=\"\" srcset=\"https:\/\/buzios-vibe.com\/wp-content\/uploads\/2023\/08\/hotel_in_buzios-495x400.png 495w, https:\/\/buzios-vibe.com\/wp-content\/uploads\/2023\/08\/hotel_in_buzios-845x684.png 845w\" sizes=\"(max-width: 495px) 100vw, 495px\" \/><\/a><div class=\"slide-content\"><header class=\"entry-content-header\"><span class=\"blog-categories minor-meta\"><a href=\"https:\/\/buzios-vibe.com\/fr\/category\/hebergement-a-buzios-bresil\" rel=\"tag\">H\u00e9bergement \u00e0 B\u00fazios, Br\u00e9sil<\/a>  <\/span><h3 class='slide-entry-title entry-title '  itemprop=\"headline\" ><a href='https:\/\/buzios-vibe.com\/fr\/options-dhebergement-a-buzios-bresil-des-complexes-hoteliers-de-luxe-aux-auberges-de-jeunesse-bon-marche' title='Options d&rsquo;h\u00e9bergement \u00e0 B\u00fazios, Br\u00e9sil : Des complexes h\u00f4teliers de luxe aux auberges de jeunesse bon march\u00e9'>Options d&rsquo;h\u00e9bergement \u00e0 B\u00fazios, Br\u00e9sil : Des complexes h\u00f4teliers de luxe aux auberges de jeunesse bon march\u00e9<\/a><\/h3><span class=\"av-vertical-delimiter\"><\/span><\/header><div class='slide-entry-excerpt entry-content'  itemprop=\"text\" >\nArma\u00e7\u00e3o dos B\u00fazios, commun\u00e9ment appel\u00e9e B\u00fazios, est une charmante ville c\u00f4ti\u00e8re de l'\u00c9tat br\u00e9silien de Rio de Janeiro qui offre un large \u00e9ventail d'options d'h\u00e9bergement pour tous les besoins et budgets des voyageurs. Des vastes\u2026<div class=\"read-more-link\"><a href=\"https:\/\/buzios-vibe.com\/fr\/options-dhebergement-a-buzios-bresil-des-complexes-hoteliers-de-luxe-aux-auberges-de-jeunesse-bon-marche\" class=\"more-link\">Lire la suite<span class=\"more-link-arrow\"><\/span><\/a><\/div><\/div><\/div><footer class=\"entry-footer\"><div class=\"slide-meta\"><time class='slide-meta-time updated'  itemprop=\"datePublished\" datetime=\"2023-08-31T10:48:58-03:00\" >ao\u00fbt 31, 2023<\/time><div class=\"slide-meta-del\">\/<\/div><div class=\"slide-meta-comments\"><a href='https:\/\/buzios-vibe.com\/fr\/options-dhebergement-a-buzios-bresil-des-complexes-hoteliers-de-luxe-aux-auberges-de-jeunesse-bon-marche#respond'>0 Commentaires<\/a><\/div><\/div><\/footer><span class='hidden'>\n\t\t\t\t<span class='av-structured-data'  itemprop=\"image\" itemscope=\"itemscope\" itemtype=\"https:\/\/schema.org\/ImageObject\" >\n\t\t\t\t\t\t<span itemprop='url'>https:\/\/buzios-vibe.com\/wp-content\/uploads\/2023\/08\/hotel_in_buzios.png<\/span>\n\t\t\t\t\t\t<span itemprop='height'>2266<\/span>\n\t\t\t\t\t\t<span itemprop='width'>3022<\/span>\n\t\t\t\t<\/span>\n\t\t\t\t<span class='av-structured-data'  itemprop=\"publisher\" itemtype=\"https:\/\/schema.org\/Organization\" itemscope=\"itemscope\" >\n\t\t\t\t\t\t<span itemprop='name'>Marrai<\/span>\n\t\t\t\t\t\t<span itemprop='logo' itemscope itemtype='https:\/\/schema.org\/ImageObject'>\n\t\t\t\t\t\t\t<span itemprop='url'>https:\/\/buzios-vibe.com\/wp-content\/uploads\/2023\/04\/cropped-Buzios_Vibe_Logo-300x100.png<\/span>\n\t\t\t\t\t\t<\/span>\n\t\t\t\t<\/span><span class='av-structured-data'  itemprop=\"author\" itemscope=\"itemscope\" itemtype=\"https:\/\/schema.org\/Person\" ><span itemprop='name'>Marrai<\/span><\/span><span class='av-structured-data'  itemprop=\"datePublished\" datetime=\"2023-09-05T11:16:26-03:00\" >2023-08-31 10:48:58<\/span><span class='av-structured-data'  itemprop=\"dateModified\" itemtype=\"https:\/\/schema.org\/dateModified\" >2024-11-15 15:29:09<\/span><span class='av-structured-data'  itemprop=\"mainEntityOfPage\" itemtype=\"https:\/\/schema.org\/mainEntityOfPage\" ><span itemprop='name'>Options d&rsquo;h\u00e9bergement \u00e0 B\u00fazios, Br\u00e9sil : Des complexes h\u00f4teliers de luxe aux auberges de jeunesse bon march\u00e9<\/span><\/span><\/span><\/article><\/div><\/div><\/div><br \/>\n<br \/>\n<br \/>\n<br \/>\n<\/p><\/div>\n","protected":false},"excerpt":{"rendered":"","protected":false},"author":1,"featured_media":0,"parent":0,"menu_order":0,"comment_status":"closed","ping_status":"closed","template":"","meta":{"footnotes":""},"class_list":["post-3101","page","type-page","status-publish","hentry"],"yoast_head":"<!-- This site is optimized with the Yoast SEO plugin v25.7 - https:\/\/yoast.com\/wordpress\/plugins\/seo\/ -->\n<title>Guide de l&#039;h\u00e9bergement \u00e0 B\u00fazios : Des centres de vill\u00e9giature de luxe aux s\u00e9jours uniques<\/title>\n<meta name=\"description\" content=\"D\u00e9couvrez les meilleurs endroits o\u00f9 s\u00e9journer \u00e0 B\u00fazios, Br\u00e9sil. Des complexes h\u00f4teliers opulents en bord de mer aux h\u00f4tels de charme en passant par les pousadas et les auberges de jeunesse, trouvez l&#039;h\u00e9bergement id\u00e9al, adapt\u00e9 \u00e0 vos pr\u00e9f\u00e9rences et \u00e0 votre budget, pour une exp\u00e9rience inoubliable \u00e0 B\u00fazios.\" \/>\n<meta name=\"robots\" content=\"index, follow, max-snippet:-1, max-image-preview:large, max-video-preview:-1\" \/>\n<link rel=\"canonical\" href=\"https:\/\/buzios-vibe.com\/fr\/hebergement\" \/>\n<meta property=\"og:locale\" content=\"fr_FR\" \/>\n<meta property=\"og:type\" content=\"article\" \/>\n<meta property=\"og:title\" content=\"Guide de l&#039;h\u00e9bergement \u00e0 B\u00fazios : Des centres de vill\u00e9giature de luxe aux s\u00e9jours uniques\" \/>\n<meta property=\"og:description\" content=\"D\u00e9couvrez les meilleurs endroits o\u00f9 s\u00e9journer \u00e0 B\u00fazios, Br\u00e9sil. Des complexes h\u00f4teliers opulents en bord de mer aux h\u00f4tels de charme en passant par les pousadas et les auberges de jeunesse, trouvez l&#039;h\u00e9bergement id\u00e9al, adapt\u00e9 \u00e0 vos pr\u00e9f\u00e9rences et \u00e0 votre budget, pour une exp\u00e9rience inoubliable \u00e0 B\u00fazios.\" \/>\n<meta property=\"og:url\" content=\"https:\/\/buzios-vibe.com\/fr\/hebergement\" \/>\n<meta property=\"og:site_name\" content=\"Buzios Vibe - all you need to know about Buzios\" \/>\n<meta property=\"article:modified_time\" content=\"2024-11-15T18:31:50+00:00\" \/>\n<meta property=\"og:image\" content=\"https:\/\/buzios-vibe.com\/wp-content\/uploads\/2023\/10\/hotel_casas_brancas_buzios_brazil_travel_blog-1030x773.png\" \/>\n\t<meta property=\"og:image:width\" content=\"1030\" \/>\n\t<meta property=\"og:image:height\" content=\"773\" \/>\n\t<meta property=\"og:image:type\" content=\"image\/png\" \/>\n<meta name=\"twitter:card\" content=\"summary_large_image\" \/>\n<meta name=\"twitter:label1\" content=\"Dur\u00e9e de lecture estim\u00e9e\" \/>\n\t<meta name=\"twitter:data1\" content=\"8 minutes\" \/>\n<script type=\"application\/ld+json\" class=\"yoast-schema-graph\">{\"@context\":\"https:\/\/schema.org\",\"@graph\":[{\"@type\":\"WebPage\",\"@id\":\"https:\/\/buzios-vibe.com\/fr\/hebergement\",\"url\":\"https:\/\/buzios-vibe.com\/fr\/hebergement\",\"name\":\"Guide de l'h\u00e9bergement \u00e0 B\u00fazios : Des centres de vill\u00e9giature de luxe aux s\u00e9jours uniques\",\"isPartOf\":{\"@id\":\"https:\/\/buzios-vibe.com\/fr#website\"},\"datePublished\":\"2023-09-05T14:16:26+00:00\",\"dateModified\":\"2024-11-15T18:31:50+00:00\",\"description\":\"D\u00e9couvrez les meilleurs endroits o\u00f9 s\u00e9journer \u00e0 B\u00fazios, Br\u00e9sil. Des complexes h\u00f4teliers opulents en bord de mer aux h\u00f4tels de charme en passant par les pousadas et les auberges de jeunesse, trouvez l'h\u00e9bergement id\u00e9al, adapt\u00e9 \u00e0 vos pr\u00e9f\u00e9rences et \u00e0 votre budget, pour une exp\u00e9rience inoubliable \u00e0 B\u00fazios.\",\"breadcrumb\":{\"@id\":\"https:\/\/buzios-vibe.com\/fr\/hebergement#breadcrumb\"},\"inLanguage\":\"fr-FR\",\"potentialAction\":[{\"@type\":\"ReadAction\",\"target\":[\"https:\/\/buzios-vibe.com\/fr\/hebergement\"]}]},{\"@type\":\"BreadcrumbList\",\"@id\":\"https:\/\/buzios-vibe.com\/fr\/hebergement#breadcrumb\",\"itemListElement\":[{\"@type\":\"ListItem\",\"position\":1,\"name\":\"Home\",\"item\":\"https:\/\/buzios-vibe.com\/fr\"},{\"@type\":\"ListItem\",\"position\":2,\"name\":\"H\u00e9bergement\"}]},{\"@type\":\"WebSite\",\"@id\":\"https:\/\/buzios-vibe.com\/fr#website\",\"url\":\"https:\/\/buzios-vibe.com\/fr\",\"name\":\"Buzios Vibe - all you need to know about Buzios\",\"description\":\"Buzios Vibe - all you need to know about Buzios\",\"potentialAction\":[{\"@type\":\"SearchAction\",\"target\":{\"@type\":\"EntryPoint\",\"urlTemplate\":\"https:\/\/buzios-vibe.com\/fr?s={search_term_string}\"},\"query-input\":{\"@type\":\"PropertyValueSpecification\",\"valueRequired\":true,\"valueName\":\"search_term_string\"}}],\"inLanguage\":\"fr-FR\"}]}<\/script>\n<!-- \/ Yoast SEO plugin. -->","yoast_head_json":{"title":"Guide de l'h\u00e9bergement \u00e0 B\u00fazios : Des centres de vill\u00e9giature de luxe aux s\u00e9jours uniques","description":"D\u00e9couvrez les meilleurs endroits o\u00f9 s\u00e9journer \u00e0 B\u00fazios, Br\u00e9sil. Des complexes h\u00f4teliers opulents en bord de mer aux h\u00f4tels de charme en passant par les pousadas et les auberges de jeunesse, trouvez l'h\u00e9bergement id\u00e9al, adapt\u00e9 \u00e0 vos pr\u00e9f\u00e9rences et \u00e0 votre budget, pour une exp\u00e9rience inoubliable \u00e0 B\u00fazios.","robots":{"index":"index","follow":"follow","max-snippet":"max-snippet:-1","max-image-preview":"max-image-preview:large","max-video-preview":"max-video-preview:-1"},"canonical":"https:\/\/buzios-vibe.com\/fr\/hebergement","og_locale":"fr_FR","og_type":"article","og_title":"Guide de l'h\u00e9bergement \u00e0 B\u00fazios : Des centres de vill\u00e9giature de luxe aux s\u00e9jours uniques","og_description":"D\u00e9couvrez les meilleurs endroits o\u00f9 s\u00e9journer \u00e0 B\u00fazios, Br\u00e9sil. Des complexes h\u00f4teliers opulents en bord de mer aux h\u00f4tels de charme en passant par les pousadas et les auberges de jeunesse, trouvez l'h\u00e9bergement id\u00e9al, adapt\u00e9 \u00e0 vos pr\u00e9f\u00e9rences et \u00e0 votre budget, pour une exp\u00e9rience inoubliable \u00e0 B\u00fazios.","og_url":"https:\/\/buzios-vibe.com\/fr\/hebergement","og_site_name":"Buzios Vibe - all you need to know about Buzios","article_modified_time":"2024-11-15T18:31:50+00:00","og_image":[{"width":1030,"height":773,"url":"https:\/\/buzios-vibe.com\/wp-content\/uploads\/2023\/10\/hotel_casas_brancas_buzios_brazil_travel_blog-1030x773.png","type":"image\/png"}],"twitter_card":"summary_large_image","twitter_misc":{"Dur\u00e9e de lecture estim\u00e9e":"8 minutes"},"schema":{"@context":"https:\/\/schema.org","@graph":[{"@type":"WebPage","@id":"https:\/\/buzios-vibe.com\/fr\/hebergement","url":"https:\/\/buzios-vibe.com\/fr\/hebergement","name":"Guide de l'h\u00e9bergement \u00e0 B\u00fazios : Des centres de vill\u00e9giature de luxe aux s\u00e9jours uniques","isPartOf":{"@id":"https:\/\/buzios-vibe.com\/fr#website"},"datePublished":"2023-09-05T14:16:26+00:00","dateModified":"2024-11-15T18:31:50+00:00","description":"D\u00e9couvrez les meilleurs endroits o\u00f9 s\u00e9journer \u00e0 B\u00fazios, Br\u00e9sil. Des complexes h\u00f4teliers opulents en bord de mer aux h\u00f4tels de charme en passant par les pousadas et les auberges de jeunesse, trouvez l'h\u00e9bergement id\u00e9al, adapt\u00e9 \u00e0 vos pr\u00e9f\u00e9rences et \u00e0 votre budget, pour une exp\u00e9rience inoubliable \u00e0 B\u00fazios.","breadcrumb":{"@id":"https:\/\/buzios-vibe.com\/fr\/hebergement#breadcrumb"},"inLanguage":"fr-FR","potentialAction":[{"@type":"ReadAction","target":["https:\/\/buzios-vibe.com\/fr\/hebergement"]}]},{"@type":"BreadcrumbList","@id":"https:\/\/buzios-vibe.com\/fr\/hebergement#breadcrumb","itemListElement":[{"@type":"ListItem","position":1,"name":"Home","item":"https:\/\/buzios-vibe.com\/fr"},{"@type":"ListItem","position":2,"name":"H\u00e9bergement"}]},{"@type":"WebSite","@id":"https:\/\/buzios-vibe.com\/fr#website","url":"https:\/\/buzios-vibe.com\/fr","name":"Buzios Vibe - all you need to know about Buzios","description":"Buzios Vibe - all you need to know about Buzios","potentialAction":[{"@type":"SearchAction","target":{"@type":"EntryPoint","urlTemplate":"https:\/\/buzios-vibe.com\/fr?s={search_term_string}"},"query-input":{"@type":"PropertyValueSpecification","valueRequired":true,"valueName":"search_term_string"}}],"inLanguage":"fr-FR"}]}},"_links":{"self":[{"href":"https:\/\/buzios-vibe.com\/fr\/wp-json\/wp\/v2\/pages\/3101","targetHints":{"allow":["GET"]}}],"collection":[{"href":"https:\/\/buzios-vibe.com\/fr\/wp-json\/wp\/v2\/pages"}],"about":[{"href":"https:\/\/buzios-vibe.com\/fr\/wp-json\/wp\/v2\/types\/page"}],"author":[{"embeddable":true,"href":"https:\/\/buzios-vibe.com\/fr\/wp-json\/wp\/v2\/users\/1"}],"replies":[{"embeddable":true,"href":"https:\/\/buzios-vibe.com\/fr\/wp-json\/wp\/v2\/comments?post=3101"}],"version-history":[{"count":1,"href":"https:\/\/buzios-vibe.com\/fr\/wp-json\/wp\/v2\/pages\/3101\/revisions"}],"predecessor-version":[{"id":3118,"href":"https:\/\/buzios-vibe.com\/fr\/wp-json\/wp\/v2\/pages\/3101\/revisions\/3118"}],"wp:attachment":[{"href":"https:\/\/buzios-vibe.com\/fr\/wp-json\/wp\/v2\/media?parent=3101"}],"curies":[{"name":"wp","href":"https:\/\/api.w.org\/{rel}","templated":true}]}}