{"id":3088,"date":"2023-09-05T11:14:56","date_gmt":"2023-09-05T14:14:56","guid":{"rendered":"https:\/\/buzios-vibe.com\/comida-y-bebida"},"modified":"2023-10-17T12:47:23","modified_gmt":"2023-10-17T15:47:23","slug":"comida-y-bebida","status":"publish","type":"page","link":"https:\/\/buzios-vibe.com\/es\/comida-y-bebida","title":{"rendered":"Comida y bebida"},"content":{"rendered":"<div  class='flex_column av-2z4cjl-7b2ae6dc39253611299deb859040d805 av_one_full  avia-builder-el-0  avia-builder-el-no-sibling  first flex_column_div  '     ><p>\n<style type=\"text\/css\" data-created_by=\"avia_inline_auto\" id=\"style-css-av-lm6e5y2p-890e73de6bf34f2750d6d14833c7b064\">\n#top .av-special-heading.av-lm6e5y2p-890e73de6bf34f2750d6d14833c7b064{\npadding-bottom:10px;\n}\nbody .av-special-heading.av-lm6e5y2p-890e73de6bf34f2750d6d14833c7b064 .av-special-heading-tag .heading-char{\nfont-size:25px;\n}\n.av-special-heading.av-lm6e5y2p-890e73de6bf34f2750d6d14833c7b064 .av-subheading{\nfont-size:15px;\n}\n<\/style>\n<div  class='av-special-heading av-lm6e5y2p-890e73de6bf34f2750d6d14833c7b064 av-special-heading-h1  avia-builder-el-1  el_before_av_textblock  avia-builder-el-first '><h1 class='av-special-heading-tag'  itemprop=\"headline\"  >Comida y bebida en B\u00fazios, Brasil<\/h1><div class=\"special-heading-border\"><div class=\"special-heading-inner-border\"><\/div><\/div><\/div><br \/>\n<section  class='av_textblock_section av-lm6e6ci8-680f9ed91ccadc4bfb8f5e520a7dd4e3 '   itemscope=\"itemscope\" itemtype=\"https:\/\/schema.org\/CreativeWork\" ><div class='avia_textblock'  itemprop=\"text\" ><p>Bienvenido a la categor\u00eda de Alimentos y Bebidas, donde exploramos las maravillas gastron\u00f3micas de B\u00fazios (Brasil), un destino tan rico en sabores como en belleza natural. Enclavada a lo largo de la pintoresca costa, esta encantadora ciudad ofrece un viaje culinario tan diverso y vibrante como su cultura. Desde la comida callejera local hasta las experiencias gastron\u00f3micas m\u00e1s refinadas, B\u00fazios ofrece una gran variedad de opciones que prometen deleitar su paladar.<\/p>\n<p>En esta deliciosa categor\u00eda encontrar\u00e1:<\/p>\n<ul>\n<li><strong>Cocina Local:<\/strong> Descubra los aut\u00e9nticos sabores de B\u00fazios, desde el marisco reci\u00e9n capturado hasta platos tradicionales brasile\u00f1os como la feijoada y el acaraj\u00e9.<\/li>\n<li><strong>Alta cocina:<\/strong> Conozca los restaurantes de lujo de la ciudad que ofrecen men\u00fas gourmet e impresionantes vistas al oc\u00e9ano.<\/li>\n<li><strong>Caf\u00e9s a pie de playa:<\/strong> Saboree una caipirinha mientras disfruta de la brisa marina. Le guiaremos a los mejores lugares.<\/li>\n<li><strong>Bares y vida nocturna:<\/strong> Desde vibrantes bares de samba hasta relajados salones de playa, explore la din\u00e1mica vida nocturna de B\u00fazios.<\/li>\n<li><strong>Comida callejera y aperitivos:<\/strong> Inf\u00f3rmate sobre d\u00f3nde encontrar comida r\u00e1pida, sabrosa y econ\u00f3mica por la ciudad.<\/li>\n<li><strong>Cervecer\u00edas y vinos:<\/strong> \u00bfLe interesan las cervezas locales o los vinos sudamericanos? No se preocupe.<\/li>\n<\/ul>\n<p>Tanto si es un amante de la gastronom\u00eda en busca de sabores ex\u00f3ticos, una pareja en busca de un lugar para una cena rom\u00e1ntica o un viajero deseoso de sumergirse en la cultura local a trav\u00e9s de su cocina, esta categor\u00eda es su gu\u00eda definitiva para comer y beber en B\u00fazios. \u00a1Buen provecho y salud!<\/p>\n<\/div><\/section><br \/>\n<div  data-slideshow-options=\"{&quot;animation&quot;:&quot;fade&quot;,&quot;autoplay&quot;:false,&quot;loop_autoplay&quot;:&quot;once&quot;,&quot;interval&quot;:&quot;5&quot;,&quot;loop_manual&quot;:&quot;manual-once&quot;,&quot;autoplay_stopper&quot;:false,&quot;noNavigation&quot;:false,&quot;show_slide_delay&quot;:90}\" class='avia-content-slider avia-content-slider-active avia-content-slider1 avia-content-slider-odd  avia-builder-el-3  el_after_av_textblock  el_before_av_postslider  av-slideshow-ui av-control-default   av-no-slider-navigation av-slideshow-manual av-loop-once av-loop-manual-once '  itemscope=\"itemscope\" itemtype=\"https:\/\/schema.org\/Blog\" ><div class=\"avia-content-slider-inner\"><div class=\"slide-entry-wrap\"><article class='slide-entry flex_column  post-entry post-entry-3405 slide-entry-overview slide-loop-1 slide-parity-odd  av_one_third first real-thumbnail posttype-post post-format-standard'  itemscope=\"itemscope\" itemtype=\"https:\/\/schema.org\/CreativeWork\" ><a href='https:\/\/buzios-vibe.com\/es\/frutas-locales-que-debe-probar-cuando-visite-buzios-brasil' data-rel='slide-1' class='slide-image' title='Frutas locales que debe probar cuando visite B\u00fazios, Brasil'><img decoding=\"async\" width=\"495\" height=\"400\" src=\"https:\/\/buzios-vibe.com\/wp-content\/uploads\/2023\/09\/papaya_mamao_buzios-495x400.png\" class=\"wp-image-2907 avia-img-lazy-loading-not-2907 attachment-portfolio size-portfolio wp-post-image\" alt=\"\" srcset=\"https:\/\/buzios-vibe.com\/wp-content\/uploads\/2023\/09\/papaya_mamao_buzios-495x400.png 495w, https:\/\/buzios-vibe.com\/wp-content\/uploads\/2023\/09\/papaya_mamao_buzios-845x684.png 845w\" sizes=\"(max-width: 495px) 100vw, 495px\" \/><\/a><div class=\"slide-content\"><header class=\"entry-content-header\"><span class=\"blog-categories minor-meta\"><a href=\"https:\/\/buzios-vibe.com\/es\/category\/comida-y-bebida-en-buzios-brasil\" rel=\"tag\">Comida y bebida en B\u00fazios, Brasil<\/a>  <\/span><h3 class='slide-entry-title entry-title '  itemprop=\"headline\" ><a href='https:\/\/buzios-vibe.com\/es\/frutas-locales-que-debe-probar-cuando-visite-buzios-brasil' title='Frutas locales que debe probar cuando visite B\u00fazios, Brasil'>Frutas locales que debe probar cuando visite B\u00fazios, Brasil<\/a><\/h3><span class=\"av-vertical-delimiter\"><\/span><\/header><div class='slide-entry-excerpt entry-content'  itemprop=\"text\" >\nB\u00fazios, pintoresca localidad costera de R\u00edo de Janeiro (Brasil), es algo m\u00e1s que un para\u00edso tropical adornado con playas v\u00edrgenes. Es un lugar donde la tierra ofrece generosamente una variedad de frutas que no querr\u00e1 perderse. Aunque\u2026<div class=\"read-more-link\"><a href=\"https:\/\/buzios-vibe.com\/es\/frutas-locales-que-debe-probar-cuando-visite-buzios-brasil\" class=\"more-link\">Leer m\u00e1s<span class=\"more-link-arrow\"><\/span><\/a><\/div><\/div><\/div><footer class=\"entry-footer\"><div class=\"slide-meta\"><time class='slide-meta-time updated'  itemprop=\"datePublished\" datetime=\"2023-09-12T14:31:53-03:00\" >septiembre 12, 2023<\/time><div class=\"slide-meta-del\">\/<\/div><div class=\"slide-meta-comments\"><a href='https:\/\/buzios-vibe.com\/es\/frutas-locales-que-debe-probar-cuando-visite-buzios-brasil#respond'>0 Comentarios<\/a><\/div><\/div><\/footer><span class='hidden'>\n\t\t\t\t<span class='av-structured-data'  itemprop=\"image\" itemscope=\"itemscope\" itemtype=\"https:\/\/schema.org\/ImageObject\" >\n\t\t\t\t\t\t<span itemprop='url'>https:\/\/buzios-vibe.com\/wp-content\/uploads\/2023\/09\/papaya_mamao_buzios.png<\/span>\n\t\t\t\t\t\t<span itemprop='height'>1976<\/span>\n\t\t\t\t\t\t<span itemprop='width'>2634<\/span>\n\t\t\t\t<\/span>\n\t\t\t\t<span class='av-structured-data'  itemprop=\"publisher\" itemtype=\"https:\/\/schema.org\/Organization\" itemscope=\"itemscope\" >\n\t\t\t\t\t\t<span itemprop='name'>Marrai<\/span>\n\t\t\t\t\t\t<span itemprop='logo' itemscope itemtype='https:\/\/schema.org\/ImageObject'>\n\t\t\t\t\t\t\t<span itemprop='url'>https:\/\/buzios-vibe.com\/wp-content\/uploads\/2023\/04\/cropped-Buzios_Vibe_Logo-300x100.png<\/span>\n\t\t\t\t\t\t<\/span>\n\t\t\t\t<\/span><span class='av-structured-data'  itemprop=\"author\" itemscope=\"itemscope\" itemtype=\"https:\/\/schema.org\/Person\" ><span itemprop='name'>Marrai<\/span><\/span><span class='av-structured-data'  itemprop=\"datePublished\" datetime=\"2023-09-05T11:14:56-03:00\" >2023-09-12 14:31:53<\/span><span class='av-structured-data'  itemprop=\"dateModified\" itemtype=\"https:\/\/schema.org\/dateModified\" >2024-11-15 15:32:22<\/span><span class='av-structured-data'  itemprop=\"mainEntityOfPage\" itemtype=\"https:\/\/schema.org\/mainEntityOfPage\" ><span itemprop='name'>Frutas locales que debe probar cuando visite B\u00fazios, Brasil<\/span><\/span><\/span><\/article><article class='slide-entry flex_column  post-entry post-entry-3398 slide-entry-overview slide-loop-2 slide-parity-even  av_one_third  real-thumbnail posttype-post post-format-standard'  itemscope=\"itemscope\" itemtype=\"https:\/\/schema.org\/CreativeWork\" ><a href='https:\/\/buzios-vibe.com\/es\/un-tour-culinario-la-imperdible-comida-callejera-de-las-playas-de-buzios' data-rel='slide-1' class='slide-image' title='Un Tour Culinario: La imperdible comida callejera de las playas de B\u00fazios'><img decoding=\"async\" width=\"495\" height=\"400\" src=\"https:\/\/buzios-vibe.com\/wp-content\/uploads\/2023\/09\/Buzios_vendedor_acai_travel_blog-495x400.png\" class=\"wp-image-2642 avia-img-lazy-loading-not-2642 attachment-portfolio size-portfolio wp-post-image\" alt=\"\" srcset=\"https:\/\/buzios-vibe.com\/wp-content\/uploads\/2023\/09\/Buzios_vendedor_acai_travel_blog-495x400.png 495w, https:\/\/buzios-vibe.com\/wp-content\/uploads\/2023\/09\/Buzios_vendedor_acai_travel_blog-845x684.png 845w\" sizes=\"(max-width: 495px) 100vw, 495px\" \/><\/a><div class=\"slide-content\"><header class=\"entry-content-header\"><span class=\"blog-categories minor-meta\"><a href=\"https:\/\/buzios-vibe.com\/es\/category\/comida-y-bebida-en-buzios-brasil\" rel=\"tag\">Comida y bebida en B\u00fazios, Brasil<\/a>  <\/span><h3 class='slide-entry-title entry-title '  itemprop=\"headline\" ><a href='https:\/\/buzios-vibe.com\/es\/un-tour-culinario-la-imperdible-comida-callejera-de-las-playas-de-buzios' title='Un Tour Culinario: La imperdible comida callejera de las playas de B\u00fazios'>Un Tour Culinario: La imperdible comida callejera de las playas de B\u00fazios<\/a><\/h3><span class=\"av-vertical-delimiter\"><\/span><\/header><div class='slide-entry-excerpt entry-content'  itemprop=\"text\" >\nLas impresionantes playas de B\u00fazios, en Brasil, son famosas en todo el mundo, pero lo que hace que un d\u00eda en la playa sea realmente especial es el viaje gastron\u00f3mico en el que puede embarcarse sin abandonar la arena. La comida callejera\u2026<div class=\"read-more-link\"><a href=\"https:\/\/buzios-vibe.com\/es\/un-tour-culinario-la-imperdible-comida-callejera-de-las-playas-de-buzios\" class=\"more-link\">Leer m\u00e1s<span class=\"more-link-arrow\"><\/span><\/a><\/div><\/div><\/div><footer class=\"entry-footer\"><div class=\"slide-meta\"><time class='slide-meta-time updated'  itemprop=\"datePublished\" datetime=\"2023-09-05T15:16:39-03:00\" >septiembre 5, 2023<\/time><div class=\"slide-meta-del\">\/<\/div><div class=\"slide-meta-comments\"><a href='https:\/\/buzios-vibe.com\/es\/un-tour-culinario-la-imperdible-comida-callejera-de-las-playas-de-buzios#respond'>0 Comentarios<\/a><\/div><\/div><\/footer><span class='hidden'>\n\t\t\t\t<span class='av-structured-data'  itemprop=\"image\" itemscope=\"itemscope\" itemtype=\"https:\/\/schema.org\/ImageObject\" >\n\t\t\t\t\t\t<span itemprop='url'>https:\/\/buzios-vibe.com\/wp-content\/uploads\/2023\/09\/Buzios_vendedor_acai_travel_blog.png<\/span>\n\t\t\t\t\t\t<span itemprop='height'>2266<\/span>\n\t\t\t\t\t\t<span itemprop='width'>3022<\/span>\n\t\t\t\t<\/span>\n\t\t\t\t<span class='av-structured-data'  itemprop=\"publisher\" itemtype=\"https:\/\/schema.org\/Organization\" itemscope=\"itemscope\" >\n\t\t\t\t\t\t<span itemprop='name'>Marrai<\/span>\n\t\t\t\t\t\t<span itemprop='logo' itemscope itemtype='https:\/\/schema.org\/ImageObject'>\n\t\t\t\t\t\t\t<span itemprop='url'>https:\/\/buzios-vibe.com\/wp-content\/uploads\/2023\/04\/cropped-Buzios_Vibe_Logo-300x100.png<\/span>\n\t\t\t\t\t\t<\/span>\n\t\t\t\t<\/span><span class='av-structured-data'  itemprop=\"author\" itemscope=\"itemscope\" itemtype=\"https:\/\/schema.org\/Person\" ><span itemprop='name'>Marrai<\/span><\/span><span class='av-structured-data'  itemprop=\"datePublished\" datetime=\"2023-09-05T11:14:56-03:00\" >2023-09-05 15:16:39<\/span><span class='av-structured-data'  itemprop=\"dateModified\" itemtype=\"https:\/\/schema.org\/dateModified\" >2024-11-15 15:33:28<\/span><span class='av-structured-data'  itemprop=\"mainEntityOfPage\" itemtype=\"https:\/\/schema.org\/mainEntityOfPage\" ><span itemprop='name'>Un Tour Culinario: La imperdible comida callejera de las playas de B\u00fazios<\/span><\/span><\/span><\/article><article class='slide-entry flex_column  post-entry post-entry-3351 slide-entry-overview slide-loop-3 slide-parity-odd  post-entry-last  av_one_third  real-thumbnail posttype-post post-format-standard'  itemscope=\"itemscope\" itemtype=\"https:\/\/schema.org\/CreativeWork\" ><a href='https:\/\/buzios-vibe.com\/es\/un-viaje-culinario-por-buzios-descubra-los-sabores-de-la-joya-costera-de-brasil' data-rel='slide-1' class='slide-image' title='Un viaje culinario por B\u00fazios: Descubra los sabores de la joya costera de Brasil'><img decoding=\"async\" width=\"495\" height=\"400\" src=\"https:\/\/buzios-vibe.com\/wp-content\/uploads\/2023\/08\/Picanha_brazilian_food_blog-495x400.jpg\" class=\"wp-image-2632 avia-img-lazy-loading-not-2632 attachment-portfolio size-portfolio wp-post-image\" alt=\"\" srcset=\"https:\/\/buzios-vibe.com\/wp-content\/uploads\/2023\/08\/Picanha_brazilian_food_blog-495x400.jpg 495w, https:\/\/buzios-vibe.com\/wp-content\/uploads\/2023\/08\/Picanha_brazilian_food_blog-845x684.jpg 845w\" sizes=\"(max-width: 495px) 100vw, 495px\" \/><\/a><div class=\"slide-content\"><header class=\"entry-content-header\"><span class=\"blog-categories minor-meta\"><a href=\"https:\/\/buzios-vibe.com\/es\/category\/comida-y-bebida-en-buzios-brasil\" rel=\"tag\">Comida y bebida en B\u00fazios, Brasil<\/a>  <\/span><h3 class='slide-entry-title entry-title '  itemprop=\"headline\" ><a href='https:\/\/buzios-vibe.com\/es\/un-viaje-culinario-por-buzios-descubra-los-sabores-de-la-joya-costera-de-brasil' title='Un viaje culinario por B\u00fazios: Descubra los sabores de la joya costera de Brasil'>Un viaje culinario por B\u00fazios: Descubra los sabores de la joya costera de Brasil<\/a><\/h3><span class=\"av-vertical-delimiter\"><\/span><\/header><div class='slide-entry-excerpt entry-content'  itemprop=\"text\" >\nLa ciudad costera brasile\u00f1a de Arma\u00e7\u00e3o dos B\u00fazios, conocida cari\u00f1osamente como B\u00fazios, es famosa por sus hermosas playas, exuberantes paisajes y vibrante cultura. Sin embargo, uno de sus atributos menos conocidos pero igualmente cautivadores\u2026<div class=\"read-more-link\"><a href=\"https:\/\/buzios-vibe.com\/es\/un-viaje-culinario-por-buzios-descubra-los-sabores-de-la-joya-costera-de-brasil\" class=\"more-link\">Leer m\u00e1s<span class=\"more-link-arrow\"><\/span><\/a><\/div><\/div><\/div><footer class=\"entry-footer\"><div class=\"slide-meta\"><time class='slide-meta-time updated'  itemprop=\"datePublished\" datetime=\"2023-08-30T10:44:11-03:00\" >agosto 30, 2023<\/time><div class=\"slide-meta-del\">\/<\/div><div class=\"slide-meta-comments\"><a href='https:\/\/buzios-vibe.com\/es\/un-viaje-culinario-por-buzios-descubra-los-sabores-de-la-joya-costera-de-brasil#respond'>0 Comentarios<\/a><\/div><\/div><\/footer><span class='hidden'>\n\t\t\t\t<span class='av-structured-data'  itemprop=\"image\" itemscope=\"itemscope\" itemtype=\"https:\/\/schema.org\/ImageObject\" >\n\t\t\t\t\t\t<span itemprop='url'>https:\/\/buzios-vibe.com\/wp-content\/uploads\/2023\/08\/Picanha_brazilian_food_blog-scaled.jpg<\/span>\n\t\t\t\t\t\t<span itemprop='height'>1707<\/span>\n\t\t\t\t\t\t<span itemprop='width'>2560<\/span>\n\t\t\t\t<\/span>\n\t\t\t\t<span class='av-structured-data'  itemprop=\"publisher\" itemtype=\"https:\/\/schema.org\/Organization\" itemscope=\"itemscope\" >\n\t\t\t\t\t\t<span itemprop='name'>Marrai<\/span>\n\t\t\t\t\t\t<span itemprop='logo' itemscope itemtype='https:\/\/schema.org\/ImageObject'>\n\t\t\t\t\t\t\t<span itemprop='url'>https:\/\/buzios-vibe.com\/wp-content\/uploads\/2023\/04\/cropped-Buzios_Vibe_Logo-300x100.png<\/span>\n\t\t\t\t\t\t<\/span>\n\t\t\t\t<\/span><span class='av-structured-data'  itemprop=\"author\" itemscope=\"itemscope\" itemtype=\"https:\/\/schema.org\/Person\" ><span itemprop='name'>Marrai<\/span><\/span><span class='av-structured-data'  itemprop=\"datePublished\" datetime=\"2023-09-05T11:14:56-03:00\" >2023-08-30 10:44:11<\/span><span class='av-structured-data'  itemprop=\"dateModified\" itemtype=\"https:\/\/schema.org\/dateModified\" >2024-11-15 15:29:04<\/span><span class='av-structured-data'  itemprop=\"mainEntityOfPage\" itemtype=\"https:\/\/schema.org\/mainEntityOfPage\" ><span itemprop='name'>Un viaje culinario por B\u00fazios: Descubra los sabores de la joya costera de Brasil<\/span><\/span><\/span><\/article><\/div><\/div><\/div><br \/>\n<br \/>\n<br \/>\n<br \/>\n<\/p><\/div>\n","protected":false},"excerpt":{"rendered":"","protected":false},"author":1,"featured_media":0,"parent":0,"menu_order":0,"comment_status":"closed","ping_status":"closed","template":"","meta":{"footnotes":""},"class_list":["post-3088","page","type-page","status-publish","hentry"],"yoast_head":"<!-- This site is optimized with the Yoast SEO plugin v25.7 - https:\/\/yoast.com\/wordpress\/plugins\/seo\/ -->\n<title>Gu\u00eda de comidas y bebidas de B\u00fazios: Saborea las delicias culinarias de Brasil<\/title>\n<meta name=\"description\" content=\"\u00a1Pruebe la mejor comida en B\u00fazios, Brasil! Explore el variado paisaje culinario de esta encantadora ciudad costera, desde exquisiteces locales y restaurantes de alta cocina hasta caf\u00e9s frente al mar y una animada vida nocturna. Sum\u00e9rjase en sabores aut\u00e9nticos, descubra los mejores restaurantes y del\u00e9itese con lo mejor de la cocina de B\u00fazios.\" \/>\n<meta name=\"robots\" content=\"index, follow, max-snippet:-1, max-image-preview:large, max-video-preview:-1\" \/>\n<link rel=\"canonical\" href=\"https:\/\/buzios-vibe.com\/es\/comida-y-bebida\" \/>\n<meta property=\"og:locale\" content=\"es_ES\" \/>\n<meta property=\"og:type\" content=\"article\" \/>\n<meta property=\"og:title\" content=\"Gu\u00eda de comidas y bebidas de B\u00fazios: Saborea las delicias culinarias de Brasil\" \/>\n<meta property=\"og:description\" content=\"\u00a1Pruebe la mejor comida en B\u00fazios, Brasil! Explore el variado paisaje culinario de esta encantadora ciudad costera, desde exquisiteces locales y restaurantes de alta cocina hasta caf\u00e9s frente al mar y una animada vida nocturna. Sum\u00e9rjase en sabores aut\u00e9nticos, descubra los mejores restaurantes y del\u00e9itese con lo mejor de la cocina de B\u00fazios.\" \/>\n<meta property=\"og:url\" content=\"https:\/\/buzios-vibe.com\/es\/comida-y-bebida\" \/>\n<meta property=\"og:site_name\" content=\"Buzios Vibe - all you need to know about Buzios\" \/>\n<meta property=\"article:modified_time\" content=\"2023-10-17T15:47:23+00:00\" \/>\n<meta property=\"og:image\" content=\"https:\/\/buzios-vibe.com\/wp-content\/uploads\/2023\/10\/hotel_casas_brancas_buzios_brazil_travel_blog-1030x773.png\" \/>\n\t<meta property=\"og:image:width\" content=\"1030\" \/>\n\t<meta property=\"og:image:height\" content=\"773\" \/>\n\t<meta property=\"og:image:type\" content=\"image\/png\" \/>\n<meta name=\"twitter:card\" content=\"summary_large_image\" \/>\n<meta name=\"twitter:label1\" content=\"Tiempo de lectura\" \/>\n\t<meta name=\"twitter:data1\" content=\"3 minutos\" \/>\n<script type=\"application\/ld+json\" class=\"yoast-schema-graph\">{\"@context\":\"https:\/\/schema.org\",\"@graph\":[{\"@type\":\"WebPage\",\"@id\":\"https:\/\/buzios-vibe.com\/es\/comida-y-bebida\",\"url\":\"https:\/\/buzios-vibe.com\/es\/comida-y-bebida\",\"name\":\"Gu\u00eda de comidas y bebidas de B\u00fazios: Saborea las delicias culinarias de Brasil\",\"isPartOf\":{\"@id\":\"https:\/\/buzios-vibe.com\/es#website\"},\"datePublished\":\"2023-09-05T14:14:56+00:00\",\"dateModified\":\"2023-10-17T15:47:23+00:00\",\"description\":\"\u00a1Pruebe la mejor comida en B\u00fazios, Brasil! Explore el variado paisaje culinario de esta encantadora ciudad costera, desde exquisiteces locales y restaurantes de alta cocina hasta caf\u00e9s frente al mar y una animada vida nocturna. Sum\u00e9rjase en sabores aut\u00e9nticos, descubra los mejores restaurantes y del\u00e9itese con lo mejor de la cocina de B\u00fazios.\",\"breadcrumb\":{\"@id\":\"https:\/\/buzios-vibe.com\/es\/comida-y-bebida#breadcrumb\"},\"inLanguage\":\"es\",\"potentialAction\":[{\"@type\":\"ReadAction\",\"target\":[\"https:\/\/buzios-vibe.com\/es\/comida-y-bebida\"]}]},{\"@type\":\"BreadcrumbList\",\"@id\":\"https:\/\/buzios-vibe.com\/es\/comida-y-bebida#breadcrumb\",\"itemListElement\":[{\"@type\":\"ListItem\",\"position\":1,\"name\":\"Home\",\"item\":\"https:\/\/buzios-vibe.com\/es\"},{\"@type\":\"ListItem\",\"position\":2,\"name\":\"Comida y bebida\"}]},{\"@type\":\"WebSite\",\"@id\":\"https:\/\/buzios-vibe.com\/es#website\",\"url\":\"https:\/\/buzios-vibe.com\/es\",\"name\":\"Buzios Vibe - all you need to know about Buzios\",\"description\":\"Buzios Vibe - all you need to know about Buzios\",\"potentialAction\":[{\"@type\":\"SearchAction\",\"target\":{\"@type\":\"EntryPoint\",\"urlTemplate\":\"https:\/\/buzios-vibe.com\/es?s={search_term_string}\"},\"query-input\":{\"@type\":\"PropertyValueSpecification\",\"valueRequired\":true,\"valueName\":\"search_term_string\"}}],\"inLanguage\":\"es\"}]}<\/script>\n<!-- \/ Yoast SEO plugin. -->","yoast_head_json":{"title":"Gu\u00eda de comidas y bebidas de B\u00fazios: Saborea las delicias culinarias de Brasil","description":"\u00a1Pruebe la mejor comida en B\u00fazios, Brasil! Explore el variado paisaje culinario de esta encantadora ciudad costera, desde exquisiteces locales y restaurantes de alta cocina hasta caf\u00e9s frente al mar y una animada vida nocturna. Sum\u00e9rjase en sabores aut\u00e9nticos, descubra los mejores restaurantes y del\u00e9itese con lo mejor de la cocina de B\u00fazios.","robots":{"index":"index","follow":"follow","max-snippet":"max-snippet:-1","max-image-preview":"max-image-preview:large","max-video-preview":"max-video-preview:-1"},"canonical":"https:\/\/buzios-vibe.com\/es\/comida-y-bebida","og_locale":"es_ES","og_type":"article","og_title":"Gu\u00eda de comidas y bebidas de B\u00fazios: Saborea las delicias culinarias de Brasil","og_description":"\u00a1Pruebe la mejor comida en B\u00fazios, Brasil! Explore el variado paisaje culinario de esta encantadora ciudad costera, desde exquisiteces locales y restaurantes de alta cocina hasta caf\u00e9s frente al mar y una animada vida nocturna. Sum\u00e9rjase en sabores aut\u00e9nticos, descubra los mejores restaurantes y del\u00e9itese con lo mejor de la cocina de B\u00fazios.","og_url":"https:\/\/buzios-vibe.com\/es\/comida-y-bebida","og_site_name":"Buzios Vibe - all you need to know about Buzios","article_modified_time":"2023-10-17T15:47:23+00:00","og_image":[{"width":1030,"height":773,"url":"https:\/\/buzios-vibe.com\/wp-content\/uploads\/2023\/10\/hotel_casas_brancas_buzios_brazil_travel_blog-1030x773.png","type":"image\/png"}],"twitter_card":"summary_large_image","twitter_misc":{"Tiempo de lectura":"3 minutos"},"schema":{"@context":"https:\/\/schema.org","@graph":[{"@type":"WebPage","@id":"https:\/\/buzios-vibe.com\/es\/comida-y-bebida","url":"https:\/\/buzios-vibe.com\/es\/comida-y-bebida","name":"Gu\u00eda de comidas y bebidas de B\u00fazios: Saborea las delicias culinarias de Brasil","isPartOf":{"@id":"https:\/\/buzios-vibe.com\/es#website"},"datePublished":"2023-09-05T14:14:56+00:00","dateModified":"2023-10-17T15:47:23+00:00","description":"\u00a1Pruebe la mejor comida en B\u00fazios, Brasil! Explore el variado paisaje culinario de esta encantadora ciudad costera, desde exquisiteces locales y restaurantes de alta cocina hasta caf\u00e9s frente al mar y una animada vida nocturna. Sum\u00e9rjase en sabores aut\u00e9nticos, descubra los mejores restaurantes y del\u00e9itese con lo mejor de la cocina de B\u00fazios.","breadcrumb":{"@id":"https:\/\/buzios-vibe.com\/es\/comida-y-bebida#breadcrumb"},"inLanguage":"es","potentialAction":[{"@type":"ReadAction","target":["https:\/\/buzios-vibe.com\/es\/comida-y-bebida"]}]},{"@type":"BreadcrumbList","@id":"https:\/\/buzios-vibe.com\/es\/comida-y-bebida#breadcrumb","itemListElement":[{"@type":"ListItem","position":1,"name":"Home","item":"https:\/\/buzios-vibe.com\/es"},{"@type":"ListItem","position":2,"name":"Comida y bebida"}]},{"@type":"WebSite","@id":"https:\/\/buzios-vibe.com\/es#website","url":"https:\/\/buzios-vibe.com\/es","name":"Buzios Vibe - all you need to know about Buzios","description":"Buzios Vibe - all you need to know about Buzios","potentialAction":[{"@type":"SearchAction","target":{"@type":"EntryPoint","urlTemplate":"https:\/\/buzios-vibe.com\/es?s={search_term_string}"},"query-input":{"@type":"PropertyValueSpecification","valueRequired":true,"valueName":"search_term_string"}}],"inLanguage":"es"}]}},"_links":{"self":[{"href":"https:\/\/buzios-vibe.com\/es\/wp-json\/wp\/v2\/pages\/3088","targetHints":{"allow":["GET"]}}],"collection":[{"href":"https:\/\/buzios-vibe.com\/es\/wp-json\/wp\/v2\/pages"}],"about":[{"href":"https:\/\/buzios-vibe.com\/es\/wp-json\/wp\/v2\/types\/page"}],"author":[{"embeddable":true,"href":"https:\/\/buzios-vibe.com\/es\/wp-json\/wp\/v2\/users\/1"}],"replies":[{"embeddable":true,"href":"https:\/\/buzios-vibe.com\/es\/wp-json\/wp\/v2\/comments?post=3088"}],"version-history":[{"count":4,"href":"https:\/\/buzios-vibe.com\/es\/wp-json\/wp\/v2\/pages\/3088\/revisions"}],"predecessor-version":[{"id":3713,"href":"https:\/\/buzios-vibe.com\/es\/wp-json\/wp\/v2\/pages\/3088\/revisions\/3713"}],"wp:attachment":[{"href":"https:\/\/buzios-vibe.com\/es\/wp-json\/wp\/v2\/media?parent=3088"}],"curies":[{"name":"wp","href":"https:\/\/api.w.org\/{rel}","templated":true}]}}