{"id":3087,"date":"2023-09-05T11:10:12","date_gmt":"2023-09-05T14:10:12","guid":{"rendered":"https:\/\/buzios-vibe.com\/cultura-e-historia"},"modified":"2023-10-17T12:50:46","modified_gmt":"2023-10-17T15:50:46","slug":"cultura-e-historia","status":"publish","type":"page","link":"https:\/\/buzios-vibe.com\/es\/cultura-e-historia","title":{"rendered":"Cultura e Historia"},"content":{"rendered":"<div  class='flex_column av-38ka70-6a75953a90a2a2ed36ad84e0f8f79008 av_one_full  avia-builder-el-0  avia-builder-el-no-sibling  first flex_column_div  '     ><p>\n<style type=\"text\/css\" data-created_by=\"avia_inline_auto\" id=\"style-css-av-lm6dzgia-c27b38deb210147d47e540b384d4f0c8\">\n#top .av-special-heading.av-lm6dzgia-c27b38deb210147d47e540b384d4f0c8{\npadding-bottom:10px;\n}\nbody .av-special-heading.av-lm6dzgia-c27b38deb210147d47e540b384d4f0c8 .av-special-heading-tag .heading-char{\nfont-size:25px;\n}\n.av-special-heading.av-lm6dzgia-c27b38deb210147d47e540b384d4f0c8 .av-subheading{\nfont-size:15px;\n}\n<\/style>\n<div  class='av-special-heading av-lm6dzgia-c27b38deb210147d47e540b384d4f0c8 av-special-heading-h1  avia-builder-el-1  el_before_av_textblock  avia-builder-el-first '><h1 class='av-special-heading-tag'  itemprop=\"headline\"  >Cultura e Historia en B\u00fazios, Brasil<\/h1><div class=\"special-heading-border\"><div class=\"special-heading-inner-border\"><\/div><\/div><\/div><br \/>\n<section  class='av_textblock_section av-lm6dzzg9-e7361ebb449422db064bde8fdca6d374 '   itemscope=\"itemscope\" itemtype=\"https:\/\/schema.org\/CreativeWork\" ><div class='avia_textblock'  itemprop=\"text\" ><p>Sum\u00e9rjase en el rico tapiz de cultura e historia que envuelve la encantadora ciudad costera de B\u00fazios, Brasil. Aunque las playas y los paisajes naturales suelen acaparar toda la atenci\u00f3n, B\u00fazios es tambi\u00e9n un lugar cargado de significado hist\u00f3rico y riqueza cultural. Esta secci\u00f3n es su puerta de entrada para comprender las diversas influencias e historias que han dado forma a esta ciudad costera desde sus primeros d\u00edas como pueblo de pescadores hasta su estatus actual como destino cosmopolita.<\/p>\n<p>En esta categor\u00eda de Cultura e Historia, descubrir\u00e1:<\/p>\n<ul>\n<li><strong>Monumentos hist\u00f3ricos:<\/strong> Explore los monumentos, iglesias y otros lugares que cuentan el pasado hist\u00f3rico de B\u00fazios.<\/li>\n<li><strong>Influencias culturales:<\/strong> Conozca el rico tapiz de culturas que han influido en B\u00fazios, desde las comunidades ind\u00edgenas hasta los exploradores portugueses y los actuales residentes internacionales.<\/li>\n<li><strong>Arte y artesan\u00eda:<\/strong> Descubra la floreciente escena art\u00edstica local, desde galer\u00edas hasta mercados al aire libre con artesan\u00eda hecha a mano.<\/li>\n<li><strong>Fiestas y eventos locales:<\/strong> Conozca los festivales m\u00e1s importantes, desde celebraciones religiosas a actos culturales que unen a la comunidad.<\/li>\n<li><strong>El impacto de Brigitte Bardot:<\/strong> Descubra c\u00f3mo esta estrella del cine internacional puso a B\u00fazios en el mapa y su continua influencia en la ciudad.<\/li>\n<li><strong>M\u00fasica y danza:<\/strong> Explore la escena musical local, que abarca desde la samba tradicional hasta el pop brasile\u00f1o contempor\u00e1neo.<\/li>\n<li><strong>Patrimonio ind\u00edgena:<\/strong> Conozca el papel de los pueblos ind\u00edgenas en la formaci\u00f3n de la historia y la cultura de la zona.<\/li>\n<\/ul>\n<p>Si usted es un aficionado a la historia, un buitre de la cultura, o un viajero que busca profundizar su comprensi\u00f3n de su destino de vacaciones, esta categor\u00eda ofrece una mirada bien redondeada en el alma de B\u00fazios.<\/p>\n<\/div><\/section><br \/>\n<div  data-slideshow-options=\"{&quot;animation&quot;:&quot;fade&quot;,&quot;autoplay&quot;:false,&quot;loop_autoplay&quot;:&quot;once&quot;,&quot;interval&quot;:&quot;5&quot;,&quot;loop_manual&quot;:&quot;manual-once&quot;,&quot;autoplay_stopper&quot;:false,&quot;noNavigation&quot;:false,&quot;show_slide_delay&quot;:90}\" class='avia-content-slider avia-content-slider-active avia-content-slider1 avia-content-slider-odd  avia-builder-el-3  el_after_av_textblock  el_before_av_postslider  av-slideshow-ui av-control-default   av-no-slider-navigation av-slideshow-manual av-loop-once av-loop-manual-once '  itemscope=\"itemscope\" itemtype=\"https:\/\/schema.org\/Blog\" ><div class=\"avia-content-slider-inner\"><div class=\"slide-entry-wrap\"><article class='slide-entry flex_column  post-entry post-entry-3399 slide-entry-overview slide-loop-1 slide-parity-odd  av_one_third first real-thumbnail posttype-post post-format-standard'  itemscope=\"itemscope\" itemtype=\"https:\/\/schema.org\/CreativeWork\" ><a href='https:\/\/buzios-vibe.com\/es\/descubrir-el-pasado-hitos-historicos-que-visitar-en-buzios' data-rel='slide-1' class='slide-image' title='Descubrir el pasado: hitos hist\u00f3ricos que visitar en B\u00fazios'><img decoding=\"async\" width=\"495\" height=\"400\" src=\"https:\/\/buzios-vibe.com\/wp-content\/uploads\/2023\/09\/church_sant_anna_buzios_brazil_travel_blog-495x400.png\" class=\"wp-image-2752 avia-img-lazy-loading-not-2752 attachment-portfolio size-portfolio wp-post-image\" alt=\"\" srcset=\"https:\/\/buzios-vibe.com\/wp-content\/uploads\/2023\/09\/church_sant_anna_buzios_brazil_travel_blog-495x400.png 495w, https:\/\/buzios-vibe.com\/wp-content\/uploads\/2023\/09\/church_sant_anna_buzios_brazil_travel_blog-845x684.png 845w\" sizes=\"(max-width: 495px) 100vw, 495px\" \/><\/a><div class=\"slide-content\"><header class=\"entry-content-header\"><span class=\"blog-categories minor-meta\"><a href=\"https:\/\/buzios-vibe.com\/es\/category\/cultura-e-historia-en-buzios-brasil\" rel=\"tag\">Cultura e Historia en B\u00fazios, Brasil<\/a>  <\/span><h3 class='slide-entry-title entry-title '  itemprop=\"headline\" ><a href='https:\/\/buzios-vibe.com\/es\/descubrir-el-pasado-hitos-historicos-que-visitar-en-buzios' title='Descubrir el pasado: hitos hist\u00f3ricos que visitar en B\u00fazios'>Descubrir el pasado: hitos hist\u00f3ricos que visitar en B\u00fazios<\/a><\/h3><span class=\"av-vertical-delimiter\"><\/span><\/header><div class='slide-entry-excerpt entry-content'  itemprop=\"text\" >\nB\u00fazios, la emblem\u00e1tica ciudad costera de Brasil, es famosa por sus id\u00edlicas playas, sus deportes acu\u00e1ticos y su animado ambiente. Sin embargo, poca gente sabe que este vibrante destino tur\u00edstico alberga tambi\u00e9n una serie de monumentos\u2026<div class=\"read-more-link\"><a href=\"https:\/\/buzios-vibe.com\/es\/descubrir-el-pasado-hitos-historicos-que-visitar-en-buzios\" class=\"more-link\">Leer m\u00e1s<span class=\"more-link-arrow\"><\/span><\/a><\/div><\/div><\/div><footer class=\"entry-footer\"><div class=\"slide-meta\"><time class='slide-meta-time updated'  itemprop=\"datePublished\" datetime=\"2023-09-04T13:58:11-03:00\" >septiembre 4, 2023<\/time><div class=\"slide-meta-del\">\/<\/div><div class=\"slide-meta-comments\"><a href='https:\/\/buzios-vibe.com\/es\/descubrir-el-pasado-hitos-historicos-que-visitar-en-buzios#respond'>0 Comentarios<\/a><\/div><\/div><\/footer><span class='hidden'>\n\t\t\t\t<span class='av-structured-data'  itemprop=\"image\" itemscope=\"itemscope\" itemtype=\"https:\/\/schema.org\/ImageObject\" >\n\t\t\t\t\t\t<span itemprop='url'>https:\/\/buzios-vibe.com\/wp-content\/uploads\/2023\/09\/church_sant_anna_buzios_brazil_travel_blog.png<\/span>\n\t\t\t\t\t\t<span itemprop='height'>3024<\/span>\n\t\t\t\t\t\t<span itemprop='width'>4032<\/span>\n\t\t\t\t<\/span>\n\t\t\t\t<span class='av-structured-data'  itemprop=\"publisher\" itemtype=\"https:\/\/schema.org\/Organization\" itemscope=\"itemscope\" >\n\t\t\t\t\t\t<span itemprop='name'>Marrai<\/span>\n\t\t\t\t\t\t<span itemprop='logo' itemscope itemtype='https:\/\/schema.org\/ImageObject'>\n\t\t\t\t\t\t\t<span itemprop='url'>https:\/\/buzios-vibe.com\/wp-content\/uploads\/2023\/04\/cropped-Buzios_Vibe_Logo-300x100.png<\/span>\n\t\t\t\t\t\t<\/span>\n\t\t\t\t<\/span><span class='av-structured-data'  itemprop=\"author\" itemscope=\"itemscope\" itemtype=\"https:\/\/schema.org\/Person\" ><span itemprop='name'>Marrai<\/span><\/span><span class='av-structured-data'  itemprop=\"datePublished\" datetime=\"2023-09-05T11:10:12-03:00\" >2023-09-04 13:58:11<\/span><span class='av-structured-data'  itemprop=\"dateModified\" itemtype=\"https:\/\/schema.org\/dateModified\" >2024-11-15 15:34:33<\/span><span class='av-structured-data'  itemprop=\"mainEntityOfPage\" itemtype=\"https:\/\/schema.org\/mainEntityOfPage\" ><span itemprop='name'>Descubrir el pasado: hitos hist\u00f3ricos que visitar en B\u00fazios<\/span><\/span><\/span><\/article><article class='slide-entry flex_column  post-entry post-entry-3348 slide-entry-overview slide-loop-2 slide-parity-even  av_one_third  real-thumbnail posttype-post post-format-standard'  itemscope=\"itemscope\" itemtype=\"https:\/\/schema.org\/CreativeWork\" ><a href='https:\/\/buzios-vibe.com\/es\/brigitte-bardot-la-estrella-que-puso-a-buzios-en-el-mapa' data-rel='slide-1' class='slide-image' title='Brigitte Bardot: la estrella que puso a B\u00fazios en el mapa'><img decoding=\"async\" width=\"495\" height=\"400\" src=\"https:\/\/buzios-vibe.com\/wp-content\/uploads\/2023\/08\/brigitte_bardot_statue_buzios_brazil_travel_blog-495x400.png\" class=\"wp-image-2707 avia-img-lazy-loading-not-2707 attachment-portfolio size-portfolio wp-post-image\" alt=\"\" srcset=\"https:\/\/buzios-vibe.com\/wp-content\/uploads\/2023\/08\/brigitte_bardot_statue_buzios_brazil_travel_blog-495x400.png 495w, https:\/\/buzios-vibe.com\/wp-content\/uploads\/2023\/08\/brigitte_bardot_statue_buzios_brazil_travel_blog-845x684.png 845w\" sizes=\"(max-width: 495px) 100vw, 495px\" \/><\/a><div class=\"slide-content\"><header class=\"entry-content-header\"><span class=\"blog-categories minor-meta\"><a href=\"https:\/\/buzios-vibe.com\/es\/category\/cultura-e-historia-en-buzios-brasil\" rel=\"tag\">Cultura e Historia en B\u00fazios, Brasil<\/a>  <\/span><h3 class='slide-entry-title entry-title '  itemprop=\"headline\" ><a href='https:\/\/buzios-vibe.com\/es\/brigitte-bardot-la-estrella-que-puso-a-buzios-en-el-mapa' title='Brigitte Bardot: la estrella que puso a B\u00fazios en el mapa'>Brigitte Bardot: la estrella que puso a B\u00fazios en el mapa<\/a><\/h3><span class=\"av-vertical-delimiter\"><\/span><\/header><div class='slide-entry-excerpt entry-content'  itemprop=\"text\" >\nEn los a\u00f1os sesenta, la visita de la actriz francesa Brigitte Bardot transform\u00f3 el tranquilo pueblo pesquero de Arma\u00e7\u00e3o dos B\u00fazios (Brasil) en un centro tur\u00edstico internacional. El encanto de Bardot no se limitaba a la gran pantalla;\u2026<div class=\"read-more-link\"><a href=\"https:\/\/buzios-vibe.com\/es\/brigitte-bardot-la-estrella-que-puso-a-buzios-en-el-mapa\" class=\"more-link\">Leer m\u00e1s<span class=\"more-link-arrow\"><\/span><\/a><\/div><\/div><\/div><footer class=\"entry-footer\"><div class=\"slide-meta\"><time class='slide-meta-time updated'  itemprop=\"datePublished\" datetime=\"2023-08-31T10:46:11-03:00\" >agosto 31, 2023<\/time><div class=\"slide-meta-del\">\/<\/div><div class=\"slide-meta-comments\"><a href='https:\/\/buzios-vibe.com\/es\/brigitte-bardot-la-estrella-que-puso-a-buzios-en-el-mapa#respond'>0 Comentarios<\/a><\/div><\/div><\/footer><span class='hidden'>\n\t\t\t\t<span class='av-structured-data'  itemprop=\"image\" itemscope=\"itemscope\" itemtype=\"https:\/\/schema.org\/ImageObject\" >\n\t\t\t\t\t\t<span itemprop='url'>https:\/\/buzios-vibe.com\/wp-content\/uploads\/2023\/08\/brigitte_bardot_statue_buzios_brazil_travel_blog.png<\/span>\n\t\t\t\t\t\t<span itemprop='height'>3024<\/span>\n\t\t\t\t\t\t<span itemprop='width'>4032<\/span>\n\t\t\t\t<\/span>\n\t\t\t\t<span class='av-structured-data'  itemprop=\"publisher\" itemtype=\"https:\/\/schema.org\/Organization\" itemscope=\"itemscope\" >\n\t\t\t\t\t\t<span itemprop='name'>Marrai<\/span>\n\t\t\t\t\t\t<span itemprop='logo' itemscope itemtype='https:\/\/schema.org\/ImageObject'>\n\t\t\t\t\t\t\t<span itemprop='url'>https:\/\/buzios-vibe.com\/wp-content\/uploads\/2023\/04\/cropped-Buzios_Vibe_Logo-300x100.png<\/span>\n\t\t\t\t\t\t<\/span>\n\t\t\t\t<\/span><span class='av-structured-data'  itemprop=\"author\" itemscope=\"itemscope\" itemtype=\"https:\/\/schema.org\/Person\" ><span itemprop='name'>Marrai<\/span><\/span><span class='av-structured-data'  itemprop=\"datePublished\" datetime=\"2023-09-05T11:10:12-03:00\" >2023-08-31 10:46:11<\/span><span class='av-structured-data'  itemprop=\"dateModified\" itemtype=\"https:\/\/schema.org\/dateModified\" >2024-11-15 15:29:07<\/span><span class='av-structured-data'  itemprop=\"mainEntityOfPage\" itemtype=\"https:\/\/schema.org\/mainEntityOfPage\" ><span itemprop='name'>Brigitte Bardot: la estrella que puso a B\u00fazios en el mapa<\/span><\/span><\/span><\/article><article class='slide-entry flex_column  post-entry post-entry-3235 slide-entry-overview slide-loop-3 slide-parity-odd  post-entry-last  av_one_third  real-thumbnail posttype-post post-format-standard'  itemscope=\"itemscope\" itemtype=\"https:\/\/schema.org\/CreativeWork\" ><a href='https:\/\/buzios-vibe.com\/es\/la-fascinante-historia-de-buzios-de-pueblo-pesquero-a-glamurosa-ciudad-turistica' data-rel='slide-1' class='slide-image' title='La fascinante historia de B\u00fazios: De pueblo pesquero a glamurosa ciudad tur\u00edstica'><img decoding=\"async\" width=\"495\" height=\"400\" src=\"https:\/\/buzios-vibe.com\/wp-content\/uploads\/2023\/09\/tres_pescadores_buzios_brazil_travel_blog-495x400.png\" class=\"wp-image-2737 avia-img-lazy-loading-not-2737 attachment-portfolio size-portfolio wp-post-image\" alt=\"\" srcset=\"https:\/\/buzios-vibe.com\/wp-content\/uploads\/2023\/09\/tres_pescadores_buzios_brazil_travel_blog-495x400.png 495w, https:\/\/buzios-vibe.com\/wp-content\/uploads\/2023\/09\/tres_pescadores_buzios_brazil_travel_blog-845x684.png 845w\" sizes=\"(max-width: 495px) 100vw, 495px\" \/><\/a><div class=\"slide-content\"><header class=\"entry-content-header\"><span class=\"blog-categories minor-meta\"><a href=\"https:\/\/buzios-vibe.com\/es\/category\/cultura-e-historia-en-buzios-brasil\" rel=\"tag\">Cultura e Historia en B\u00fazios, Brasil<\/a>  <\/span><h3 class='slide-entry-title entry-title '  itemprop=\"headline\" ><a href='https:\/\/buzios-vibe.com\/es\/la-fascinante-historia-de-buzios-de-pueblo-pesquero-a-glamurosa-ciudad-turistica' title='La fascinante historia de B\u00fazios: De pueblo pesquero a glamurosa ciudad tur\u00edstica'>La fascinante historia de B\u00fazios: De pueblo pesquero a glamurosa ciudad tur\u00edstica<\/a><\/h3><span class=\"av-vertical-delimiter\"><\/span><\/header><div class='slide-entry-excerpt entry-content'  itemprop=\"text\" >\nArma\u00e7\u00e3o dos B\u00fazios, com\u00fanmente conocida como B\u00fazios, es hoy uno de los principales destinos tur\u00edsticos de Brasil, famoso por sus hermosas playas, sus complejos tur\u00edsticos de lujo y su vibrante vida nocturna. Sin embargo, la historia\u2026<div class=\"read-more-link\"><a href=\"https:\/\/buzios-vibe.com\/es\/la-fascinante-historia-de-buzios-de-pueblo-pesquero-a-glamurosa-ciudad-turistica\" class=\"more-link\">Leer m\u00e1s<span class=\"more-link-arrow\"><\/span><\/a><\/div><\/div><\/div><footer class=\"entry-footer\"><div class=\"slide-meta\"><time class='slide-meta-time updated'  itemprop=\"datePublished\" datetime=\"2023-08-29T09:40:39-03:00\" >agosto 29, 2023<\/time><div class=\"slide-meta-del\">\/<\/div><div class=\"slide-meta-comments\"><a href='https:\/\/buzios-vibe.com\/es\/la-fascinante-historia-de-buzios-de-pueblo-pesquero-a-glamurosa-ciudad-turistica#respond'>0 Comentarios<\/a><\/div><\/div><\/footer><span class='hidden'>\n\t\t\t\t<span class='av-structured-data'  itemprop=\"image\" itemscope=\"itemscope\" itemtype=\"https:\/\/schema.org\/ImageObject\" >\n\t\t\t\t\t\t<span itemprop='url'>https:\/\/buzios-vibe.com\/wp-content\/uploads\/2023\/09\/tres_pescadores_buzios_brazil_travel_blog.png<\/span>\n\t\t\t\t\t\t<span itemprop='height'>3024<\/span>\n\t\t\t\t\t\t<span itemprop='width'>4032<\/span>\n\t\t\t\t<\/span>\n\t\t\t\t<span class='av-structured-data'  itemprop=\"publisher\" itemtype=\"https:\/\/schema.org\/Organization\" itemscope=\"itemscope\" >\n\t\t\t\t\t\t<span itemprop='name'>Marrai<\/span>\n\t\t\t\t\t\t<span itemprop='logo' itemscope itemtype='https:\/\/schema.org\/ImageObject'>\n\t\t\t\t\t\t\t<span itemprop='url'>https:\/\/buzios-vibe.com\/wp-content\/uploads\/2023\/04\/cropped-Buzios_Vibe_Logo-300x100.png<\/span>\n\t\t\t\t\t\t<\/span>\n\t\t\t\t<\/span><span class='av-structured-data'  itemprop=\"author\" itemscope=\"itemscope\" itemtype=\"https:\/\/schema.org\/Person\" ><span itemprop='name'>Marrai<\/span><\/span><span class='av-structured-data'  itemprop=\"datePublished\" datetime=\"2023-09-05T11:10:12-03:00\" >2023-08-29 09:40:39<\/span><span class='av-structured-data'  itemprop=\"dateModified\" itemtype=\"https:\/\/schema.org\/dateModified\" >2024-11-15 15:15:40<\/span><span class='av-structured-data'  itemprop=\"mainEntityOfPage\" itemtype=\"https:\/\/schema.org\/mainEntityOfPage\" ><span itemprop='name'>La fascinante historia de B\u00fazios: De pueblo pesquero a glamurosa ciudad tur\u00edstica<\/span><\/span><\/span><\/article><\/div><\/div><\/div><br \/>\n<br \/>\n<br \/>\n<br \/>\n<\/p><\/div>\n","protected":false},"excerpt":{"rendered":"","protected":false},"author":1,"featured_media":0,"parent":0,"menu_order":0,"comment_status":"closed","ping_status":"closed","template":"","meta":{"footnotes":""},"class_list":["post-3087","page","type-page","status-publish","hentry"],"yoast_head":"<!-- This site is optimized with the Yoast SEO plugin v25.7 - https:\/\/yoast.com\/wordpress\/plugins\/seo\/ -->\n<title>Cultura e Historia de B\u00fazios: Descubra el coraz\u00f3n de esta aldea brasile\u00f1a<\/title>\n<meta name=\"description\" content=\"Viaje a trav\u00e9s de la rica historia y la vibrante cultura de B\u00fazios. Explore lugares emblem\u00e1ticos, sum\u00e9rjase en las influencias culturales, aprecie el arte local y mucho m\u00e1s. Desde su patrimonio ind\u00edgena hasta el impacto de Brigitte Bardot, obtenga una visi\u00f3n completa de lo que hace que B\u00fazios sea realmente especial.\" \/>\n<meta name=\"robots\" content=\"index, follow, max-snippet:-1, max-image-preview:large, max-video-preview:-1\" \/>\n<link rel=\"canonical\" href=\"https:\/\/buzios-vibe.com\/es\/cultura-e-historia\" \/>\n<meta property=\"og:locale\" content=\"es_ES\" \/>\n<meta property=\"og:type\" content=\"article\" \/>\n<meta property=\"og:title\" content=\"Cultura e Historia de B\u00fazios: Descubra el coraz\u00f3n de esta aldea brasile\u00f1a\" \/>\n<meta property=\"og:description\" content=\"Viaje a trav\u00e9s de la rica historia y la vibrante cultura de B\u00fazios. Explore lugares emblem\u00e1ticos, sum\u00e9rjase en las influencias culturales, aprecie el arte local y mucho m\u00e1s. Desde su patrimonio ind\u00edgena hasta el impacto de Brigitte Bardot, obtenga una visi\u00f3n completa de lo que hace que B\u00fazios sea realmente especial.\" \/>\n<meta property=\"og:url\" content=\"https:\/\/buzios-vibe.com\/es\/cultura-e-historia\" \/>\n<meta property=\"og:site_name\" content=\"Buzios Vibe - all you need to know about Buzios\" \/>\n<meta property=\"article:modified_time\" content=\"2023-10-17T15:50:46+00:00\" \/>\n<meta property=\"og:image\" content=\"https:\/\/buzios-vibe.com\/wp-content\/uploads\/2023\/10\/hotel_casas_brancas_buzios_brazil_travel_blog-1030x773.png\" \/>\n\t<meta property=\"og:image:width\" content=\"1030\" \/>\n\t<meta property=\"og:image:height\" content=\"773\" \/>\n\t<meta property=\"og:image:type\" content=\"image\/png\" \/>\n<meta name=\"twitter:card\" content=\"summary_large_image\" \/>\n<meta name=\"twitter:label1\" content=\"Tiempo de lectura\" \/>\n\t<meta name=\"twitter:data1\" content=\"3 minutos\" \/>\n<script type=\"application\/ld+json\" class=\"yoast-schema-graph\">{\"@context\":\"https:\/\/schema.org\",\"@graph\":[{\"@type\":\"WebPage\",\"@id\":\"https:\/\/buzios-vibe.com\/es\/cultura-e-historia\",\"url\":\"https:\/\/buzios-vibe.com\/es\/cultura-e-historia\",\"name\":\"Cultura e Historia de B\u00fazios: Descubra el coraz\u00f3n de esta aldea brasile\u00f1a\",\"isPartOf\":{\"@id\":\"https:\/\/buzios-vibe.com\/es#website\"},\"datePublished\":\"2023-09-05T14:10:12+00:00\",\"dateModified\":\"2023-10-17T15:50:46+00:00\",\"description\":\"Viaje a trav\u00e9s de la rica historia y la vibrante cultura de B\u00fazios. Explore lugares emblem\u00e1ticos, sum\u00e9rjase en las influencias culturales, aprecie el arte local y mucho m\u00e1s. Desde su patrimonio ind\u00edgena hasta el impacto de Brigitte Bardot, obtenga una visi\u00f3n completa de lo que hace que B\u00fazios sea realmente especial.\",\"breadcrumb\":{\"@id\":\"https:\/\/buzios-vibe.com\/es\/cultura-e-historia#breadcrumb\"},\"inLanguage\":\"es\",\"potentialAction\":[{\"@type\":\"ReadAction\",\"target\":[\"https:\/\/buzios-vibe.com\/es\/cultura-e-historia\"]}]},{\"@type\":\"BreadcrumbList\",\"@id\":\"https:\/\/buzios-vibe.com\/es\/cultura-e-historia#breadcrumb\",\"itemListElement\":[{\"@type\":\"ListItem\",\"position\":1,\"name\":\"Home\",\"item\":\"https:\/\/buzios-vibe.com\/es\"},{\"@type\":\"ListItem\",\"position\":2,\"name\":\"Cultura e Historia\"}]},{\"@type\":\"WebSite\",\"@id\":\"https:\/\/buzios-vibe.com\/es#website\",\"url\":\"https:\/\/buzios-vibe.com\/es\",\"name\":\"Buzios Vibe - all you need to know about Buzios\",\"description\":\"Buzios Vibe - all you need to know about Buzios\",\"potentialAction\":[{\"@type\":\"SearchAction\",\"target\":{\"@type\":\"EntryPoint\",\"urlTemplate\":\"https:\/\/buzios-vibe.com\/es?s={search_term_string}\"},\"query-input\":{\"@type\":\"PropertyValueSpecification\",\"valueRequired\":true,\"valueName\":\"search_term_string\"}}],\"inLanguage\":\"es\"}]}<\/script>\n<!-- \/ Yoast SEO plugin. -->","yoast_head_json":{"title":"Cultura e Historia de B\u00fazios: Descubra el coraz\u00f3n de esta aldea brasile\u00f1a","description":"Viaje a trav\u00e9s de la rica historia y la vibrante cultura de B\u00fazios. Explore lugares emblem\u00e1ticos, sum\u00e9rjase en las influencias culturales, aprecie el arte local y mucho m\u00e1s. Desde su patrimonio ind\u00edgena hasta el impacto de Brigitte Bardot, obtenga una visi\u00f3n completa de lo que hace que B\u00fazios sea realmente especial.","robots":{"index":"index","follow":"follow","max-snippet":"max-snippet:-1","max-image-preview":"max-image-preview:large","max-video-preview":"max-video-preview:-1"},"canonical":"https:\/\/buzios-vibe.com\/es\/cultura-e-historia","og_locale":"es_ES","og_type":"article","og_title":"Cultura e Historia de B\u00fazios: Descubra el coraz\u00f3n de esta aldea brasile\u00f1a","og_description":"Viaje a trav\u00e9s de la rica historia y la vibrante cultura de B\u00fazios. Explore lugares emblem\u00e1ticos, sum\u00e9rjase en las influencias culturales, aprecie el arte local y mucho m\u00e1s. Desde su patrimonio ind\u00edgena hasta el impacto de Brigitte Bardot, obtenga una visi\u00f3n completa de lo que hace que B\u00fazios sea realmente especial.","og_url":"https:\/\/buzios-vibe.com\/es\/cultura-e-historia","og_site_name":"Buzios Vibe - all you need to know about Buzios","article_modified_time":"2023-10-17T15:50:46+00:00","og_image":[{"width":1030,"height":773,"url":"https:\/\/buzios-vibe.com\/wp-content\/uploads\/2023\/10\/hotel_casas_brancas_buzios_brazil_travel_blog-1030x773.png","type":"image\/png"}],"twitter_card":"summary_large_image","twitter_misc":{"Tiempo de lectura":"3 minutos"},"schema":{"@context":"https:\/\/schema.org","@graph":[{"@type":"WebPage","@id":"https:\/\/buzios-vibe.com\/es\/cultura-e-historia","url":"https:\/\/buzios-vibe.com\/es\/cultura-e-historia","name":"Cultura e Historia de B\u00fazios: Descubra el coraz\u00f3n de esta aldea brasile\u00f1a","isPartOf":{"@id":"https:\/\/buzios-vibe.com\/es#website"},"datePublished":"2023-09-05T14:10:12+00:00","dateModified":"2023-10-17T15:50:46+00:00","description":"Viaje a trav\u00e9s de la rica historia y la vibrante cultura de B\u00fazios. Explore lugares emblem\u00e1ticos, sum\u00e9rjase en las influencias culturales, aprecie el arte local y mucho m\u00e1s. Desde su patrimonio ind\u00edgena hasta el impacto de Brigitte Bardot, obtenga una visi\u00f3n completa de lo que hace que B\u00fazios sea realmente especial.","breadcrumb":{"@id":"https:\/\/buzios-vibe.com\/es\/cultura-e-historia#breadcrumb"},"inLanguage":"es","potentialAction":[{"@type":"ReadAction","target":["https:\/\/buzios-vibe.com\/es\/cultura-e-historia"]}]},{"@type":"BreadcrumbList","@id":"https:\/\/buzios-vibe.com\/es\/cultura-e-historia#breadcrumb","itemListElement":[{"@type":"ListItem","position":1,"name":"Home","item":"https:\/\/buzios-vibe.com\/es"},{"@type":"ListItem","position":2,"name":"Cultura e Historia"}]},{"@type":"WebSite","@id":"https:\/\/buzios-vibe.com\/es#website","url":"https:\/\/buzios-vibe.com\/es","name":"Buzios Vibe - all you need to know about Buzios","description":"Buzios Vibe - all you need to know about Buzios","potentialAction":[{"@type":"SearchAction","target":{"@type":"EntryPoint","urlTemplate":"https:\/\/buzios-vibe.com\/es?s={search_term_string}"},"query-input":{"@type":"PropertyValueSpecification","valueRequired":true,"valueName":"search_term_string"}}],"inLanguage":"es"}]}},"_links":{"self":[{"href":"https:\/\/buzios-vibe.com\/es\/wp-json\/wp\/v2\/pages\/3087","targetHints":{"allow":["GET"]}}],"collection":[{"href":"https:\/\/buzios-vibe.com\/es\/wp-json\/wp\/v2\/pages"}],"about":[{"href":"https:\/\/buzios-vibe.com\/es\/wp-json\/wp\/v2\/types\/page"}],"author":[{"embeddable":true,"href":"https:\/\/buzios-vibe.com\/es\/wp-json\/wp\/v2\/users\/1"}],"replies":[{"embeddable":true,"href":"https:\/\/buzios-vibe.com\/es\/wp-json\/wp\/v2\/comments?post=3087"}],"version-history":[{"count":4,"href":"https:\/\/buzios-vibe.com\/es\/wp-json\/wp\/v2\/pages\/3087\/revisions"}],"predecessor-version":[{"id":3716,"href":"https:\/\/buzios-vibe.com\/es\/wp-json\/wp\/v2\/pages\/3087\/revisions\/3716"}],"wp:attachment":[{"href":"https:\/\/buzios-vibe.com\/es\/wp-json\/wp\/v2\/media?parent=3087"}],"curies":[{"name":"wp","href":"https:\/\/api.w.org\/{rel}","templated":true}]}}