{"id":3086,"date":"2023-09-05T11:16:26","date_gmt":"2023-09-05T14:16:26","guid":{"rendered":"https:\/\/buzios-vibe.com\/alojamiento"},"modified":"2024-11-15T15:32:20","modified_gmt":"2024-11-15T18:32:20","slug":"alojamiento","status":"publish","type":"page","link":"https:\/\/buzios-vibe.com\/es\/alojamiento","title":{"rendered":"Alojamiento"},"content":{"rendered":"<div  class='flex_column av-23j36r-234fdb38dbc7fd7f92753ad9a5c2ad24 av_one_full  avia-builder-el-0  avia-builder-el-no-sibling  first flex_column_div  '     ><p>\n<style type=\"text\/css\" data-created_by=\"avia_inline_auto\" id=\"style-css-av-lm6e7ufv-ea2601fcef1ada9b6c72db8107861322\">\n#top .av-special-heading.av-lm6e7ufv-ea2601fcef1ada9b6c72db8107861322{\npadding-bottom:10px;\n}\nbody .av-special-heading.av-lm6e7ufv-ea2601fcef1ada9b6c72db8107861322 .av-special-heading-tag .heading-char{\nfont-size:25px;\n}\n.av-special-heading.av-lm6e7ufv-ea2601fcef1ada9b6c72db8107861322 .av-subheading{\nfont-size:15px;\n}\n<\/style>\n<div  class='av-special-heading av-lm6e7ufv-ea2601fcef1ada9b6c72db8107861322 av-special-heading-h1  avia-builder-el-1  el_before_av_textblock  avia-builder-el-first '><h1 class='av-special-heading-tag'  itemprop=\"headline\"  >Alojamiento en B\u00fazios, Brasil<\/h1><div class=\"special-heading-border\"><div class=\"special-heading-inner-border\"><\/div><\/div><\/div><br \/>\n<section  class='av_textblock_section av-lm6e89hb-6efc60a12acb9e3a4623e3a4eec586df '   itemscope=\"itemscope\" itemtype=\"https:\/\/schema.org\/CreativeWork\" ><div class='avia_textblock'  itemprop=\"text\" ><p>\u00bfEst\u00e1 planeando un viaje a B\u00fazios y se pregunta d\u00f3nde alojarse? Est\u00e1s en el sitio adecuado. Nuestra categor\u00eda de Alojamiento en B\u00fazios es su gu\u00eda completa para encontrar el alojamiento perfecto que se adapte a sus gustos, necesidades y presupuesto. B\u00fazios ofrece una ecl\u00e9ctica mezcla de opciones de alojamiento para todo tipo de viajeros, desde lujosos resorts frente al mar con servicios de primera clase hasta acogedoras pousadas donde experimentar la aut\u00e9ntica hospitalidad brasile\u00f1a.<\/p>\n<p>En esta categor\u00eda, descubrir\u00e1:<\/p>\n<ul>\n<li>Resorts de <strong>lujo<\/strong>: Conozca los mejores resorts de B\u00fazios, con spas, playas privadas y restaurantes gourmet.<\/li>\n<li><strong>Hoteles boutique<\/strong>: Explore hoteles peque\u00f1os y elegantes que ofrecen una experiencia de viaje \u00fanica y personalizada.<\/li>\n<li><strong>Pousadas<\/strong>: Sum\u00e9rjase en establecimientos familiares que ofrecen un ambiente hogare\u00f1o y un toque local.<\/li>\n<li><strong>Albergues<\/strong>: Obt\u00e9n consejos sobre espacios comunes y econ\u00f3micos ideales para mochileros y viajeros en solitario.<\/li>\n<li><strong>Alquileres vacacionales<\/strong>: Su gu\u00eda de experiencias como en casa, ya sea una villa frente al mar o un pintoresco apartamento.<\/li>\n<li><strong>Estancias \u00fanicas<\/strong>: Desde caba\u00f1as y albergues ecol\u00f3gicos hasta casas de hu\u00e9spedes, descubra opciones menos conocidas para disfrutar de una experiencia de alojamiento \u00fanica.<\/li>\n<\/ul>\n<p>Tome decisiones fundamentadas con nuestras listas, rese\u00f1as de expertos y consejos de expertos, y encuentre el alojamiento que har\u00e1 que sus vacaciones en B\u00fazios sean realmente inolvidables.<\/p>\n<\/div><\/section><br \/>\n<div  data-slideshow-options=\"{&quot;animation&quot;:&quot;fade&quot;,&quot;autoplay&quot;:false,&quot;loop_autoplay&quot;:&quot;once&quot;,&quot;interval&quot;:&quot;5&quot;,&quot;loop_manual&quot;:&quot;manual-once&quot;,&quot;autoplay_stopper&quot;:false,&quot;noNavigation&quot;:false,&quot;show_slide_delay&quot;:90}\" class='avia-content-slider avia-content-slider-active avia-content-slider1 avia-content-slider-odd  avia-builder-el-3  el_after_av_textblock  el_before_av_postslider  av-slideshow-ui av-control-default   av-no-slider-navigation av-slideshow-manual av-loop-once av-loop-manual-once '  itemscope=\"itemscope\" itemtype=\"https:\/\/schema.org\/Blog\" ><div class=\"avia-content-slider-inner\"><div class=\"slide-entry-wrap\"><article class='slide-entry flex_column  post-entry post-entry-3578 slide-entry-overview slide-loop-1 slide-parity-odd  av_one_third first real-thumbnail posttype-post post-format-standard'  itemscope=\"itemscope\" itemtype=\"https:\/\/schema.org\/CreativeWork\" ><a href='https:\/\/buzios-vibe.com\/es\/top-6-lujosos-resorts-en-buzios-del-spa-a-la-cena-gourmet' data-rel='slide-1' class='slide-image' title='Top 6 Lujosos Resorts en B\u00fazios: Del spa a la cena gourmet'><img decoding=\"async\" width=\"495\" height=\"400\" src=\"https:\/\/buzios-vibe.com\/wp-content\/uploads\/2023\/10\/hotel_casas_brancas_buzios_brazil_travel_blog-495x400.png\" class=\"wp-image-3067 avia-img-lazy-loading-not-3067 attachment-portfolio size-portfolio wp-post-image\" alt=\"\" srcset=\"https:\/\/buzios-vibe.com\/wp-content\/uploads\/2023\/10\/hotel_casas_brancas_buzios_brazil_travel_blog-495x400.png 495w, https:\/\/buzios-vibe.com\/wp-content\/uploads\/2023\/10\/hotel_casas_brancas_buzios_brazil_travel_blog-845x684.png 845w\" sizes=\"(max-width: 495px) 100vw, 495px\" \/><\/a><div class=\"slide-content\"><header class=\"entry-content-header\"><span class=\"blog-categories minor-meta\"><a href=\"https:\/\/buzios-vibe.com\/es\/category\/alojamiento-en-buzios-brasil\" rel=\"tag\">Alojamiento en B\u00fazios, Brasil<\/a>  <\/span><h3 class='slide-entry-title entry-title '  itemprop=\"headline\" ><a href='https:\/\/buzios-vibe.com\/es\/top-6-lujosos-resorts-en-buzios-del-spa-a-la-cena-gourmet' title='Top 6 Lujosos Resorts en B\u00fazios: Del spa a la cena gourmet'>Top 6 Lujosos Resorts en B\u00fazios: Del spa a la cena gourmet<\/a><\/h3><span class=\"av-vertical-delimiter\"><\/span><\/header><div class='slide-entry-excerpt entry-content'  itemprop=\"text\" >\nB\u00fazios ofrece una gama de alojamientos de lujo para los viajeros que buscan las mejores experiencias. En este art\u00edculo, le presentaremos seis de los mejores resorts de Buzios que prometen una estancia para recordar.  \n\nSerena Buzios, 4 estrellas\u2026<div class=\"read-more-link\"><a href=\"https:\/\/buzios-vibe.com\/es\/top-6-lujosos-resorts-en-buzios-del-spa-a-la-cena-gourmet\" class=\"more-link\">Leer m\u00e1s<span class=\"more-link-arrow\"><\/span><\/a><\/div><\/div><\/div><footer class=\"entry-footer\"><div class=\"slide-meta\"><time class='slide-meta-time updated'  itemprop=\"datePublished\" datetime=\"2023-10-04T16:04:06-03:00\" >octubre 4, 2023<\/time><div class=\"slide-meta-del\">\/<\/div><div class=\"slide-meta-comments\"><a href='https:\/\/buzios-vibe.com\/es\/top-6-lujosos-resorts-en-buzios-del-spa-a-la-cena-gourmet#respond'>0 Comentarios<\/a><\/div><\/div><\/footer><span class='hidden'>\n\t\t\t\t<span class='av-structured-data'  itemprop=\"image\" itemscope=\"itemscope\" itemtype=\"https:\/\/schema.org\/ImageObject\" >\n\t\t\t\t\t\t<span itemprop='url'>https:\/\/buzios-vibe.com\/wp-content\/uploads\/2023\/10\/hotel_casas_brancas_buzios_brazil_travel_blog.png<\/span>\n\t\t\t\t\t\t<span itemprop='height'>3024<\/span>\n\t\t\t\t\t\t<span itemprop='width'>4032<\/span>\n\t\t\t\t<\/span>\n\t\t\t\t<span class='av-structured-data'  itemprop=\"publisher\" itemtype=\"https:\/\/schema.org\/Organization\" itemscope=\"itemscope\" >\n\t\t\t\t\t\t<span itemprop='name'>Marrai<\/span>\n\t\t\t\t\t\t<span itemprop='logo' itemscope itemtype='https:\/\/schema.org\/ImageObject'>\n\t\t\t\t\t\t\t<span itemprop='url'>https:\/\/buzios-vibe.com\/wp-content\/uploads\/2023\/04\/cropped-Buzios_Vibe_Logo-300x100.png<\/span>\n\t\t\t\t\t\t<\/span>\n\t\t\t\t<\/span><span class='av-structured-data'  itemprop=\"author\" itemscope=\"itemscope\" itemtype=\"https:\/\/schema.org\/Person\" ><span itemprop='name'>Marrai<\/span><\/span><span class='av-structured-data'  itemprop=\"datePublished\" datetime=\"2023-09-05T11:16:26-03:00\" >2023-10-04 16:04:06<\/span><span class='av-structured-data'  itemprop=\"dateModified\" itemtype=\"https:\/\/schema.org\/dateModified\" >2023-10-04 21:14:26<\/span><span class='av-structured-data'  itemprop=\"mainEntityOfPage\" itemtype=\"https:\/\/schema.org\/mainEntityOfPage\" ><span itemprop='name'>Top 6 Lujosos Resorts en B\u00fazios: Del spa a la cena gourmet<\/span><\/span><\/span><\/article><article class='slide-entry flex_column  post-entry post-entry-3576 slide-entry-overview slide-loop-2 slide-parity-even  av_one_third  real-thumbnail posttype-post post-format-standard'  itemscope=\"itemscope\" itemtype=\"https:\/\/schema.org\/CreativeWork\" ><a href='https:\/\/buzios-vibe.com\/es\/5-hoteles-en-la-playa-de-buzios-para-todos-los-bolsillos' data-rel='slide-1' class='slide-image' title='5 hoteles en la playa de B\u00fazios para todos los bolsillos'><img decoding=\"async\" width=\"495\" height=\"400\" src=\"https:\/\/buzios-vibe.com\/wp-content\/uploads\/2023\/09\/buzios_beach_praia_do_canto_center-495x400.png\" class=\"wp-image-2977 avia-img-lazy-loading-not-2977 attachment-portfolio size-portfolio wp-post-image\" alt=\"\" srcset=\"https:\/\/buzios-vibe.com\/wp-content\/uploads\/2023\/09\/buzios_beach_praia_do_canto_center-495x400.png 495w, https:\/\/buzios-vibe.com\/wp-content\/uploads\/2023\/09\/buzios_beach_praia_do_canto_center-845x684.png 845w\" sizes=\"(max-width: 495px) 100vw, 495px\" \/><\/a><div class=\"slide-content\"><header class=\"entry-content-header\"><span class=\"blog-categories minor-meta\"><a href=\"https:\/\/buzios-vibe.com\/es\/category\/alojamiento-en-buzios-brasil\" rel=\"tag\">Alojamiento en B\u00fazios, Brasil<\/a>  <\/span><h3 class='slide-entry-title entry-title '  itemprop=\"headline\" ><a href='https:\/\/buzios-vibe.com\/es\/5-hoteles-en-la-playa-de-buzios-para-todos-los-bolsillos' title='5 hoteles en la playa de B\u00fazios para todos los bolsillos'>5 hoteles en la playa de B\u00fazios para todos los bolsillos<\/a><\/h3><span class=\"av-vertical-delimiter\"><\/span><\/header><div class='slide-entry-excerpt entry-content'  itemprop=\"text\" >\n\u00bfEst\u00e1 buscando un hotel en primera l\u00ednea de playa en B\u00fazios? A continuaci\u00f3n, consulte nuestras recomendaciones de alojamientos situados directamente en estas arenosas costas. Si despertarse con el sonido de las olas y pisar la playa desde\u2026<div class=\"read-more-link\"><a href=\"https:\/\/buzios-vibe.com\/es\/5-hoteles-en-la-playa-de-buzios-para-todos-los-bolsillos\" class=\"more-link\">Leer m\u00e1s<span class=\"more-link-arrow\"><\/span><\/a><\/div><\/div><\/div><footer class=\"entry-footer\"><div class=\"slide-meta\"><time class='slide-meta-time updated'  itemprop=\"datePublished\" datetime=\"2023-10-02T16:10:46-03:00\" >octubre 2, 2023<\/time><div class=\"slide-meta-del\">\/<\/div><div class=\"slide-meta-comments\"><a href='https:\/\/buzios-vibe.com\/es\/5-hoteles-en-la-playa-de-buzios-para-todos-los-bolsillos#respond'>0 Comentarios<\/a><\/div><\/div><\/footer><span class='hidden'>\n\t\t\t\t<span class='av-structured-data'  itemprop=\"image\" itemscope=\"itemscope\" itemtype=\"https:\/\/schema.org\/ImageObject\" >\n\t\t\t\t\t\t<span itemprop='url'>https:\/\/buzios-vibe.com\/wp-content\/uploads\/2023\/09\/buzios_beach_praia_do_canto_center.png<\/span>\n\t\t\t\t\t\t<span itemprop='height'>2266<\/span>\n\t\t\t\t\t\t<span itemprop='width'>3022<\/span>\n\t\t\t\t<\/span>\n\t\t\t\t<span class='av-structured-data'  itemprop=\"publisher\" itemtype=\"https:\/\/schema.org\/Organization\" itemscope=\"itemscope\" >\n\t\t\t\t\t\t<span itemprop='name'>Marrai<\/span>\n\t\t\t\t\t\t<span itemprop='logo' itemscope itemtype='https:\/\/schema.org\/ImageObject'>\n\t\t\t\t\t\t\t<span itemprop='url'>https:\/\/buzios-vibe.com\/wp-content\/uploads\/2023\/04\/cropped-Buzios_Vibe_Logo-300x100.png<\/span>\n\t\t\t\t\t\t<\/span>\n\t\t\t\t<\/span><span class='av-structured-data'  itemprop=\"author\" itemscope=\"itemscope\" itemtype=\"https:\/\/schema.org\/Person\" ><span itemprop='name'>Marrai<\/span><\/span><span class='av-structured-data'  itemprop=\"datePublished\" datetime=\"2023-09-05T11:16:26-03:00\" >2023-10-02 16:10:46<\/span><span class='av-structured-data'  itemprop=\"dateModified\" itemtype=\"https:\/\/schema.org\/dateModified\" >2023-10-04 21:14:54<\/span><span class='av-structured-data'  itemprop=\"mainEntityOfPage\" itemtype=\"https:\/\/schema.org\/mainEntityOfPage\" ><span itemprop='name'>5 hoteles en la playa de B\u00fazios para todos los bolsillos<\/span><\/span><\/span><\/article><article class='slide-entry flex_column  post-entry post-entry-3352 slide-entry-overview slide-loop-3 slide-parity-odd  post-entry-last  av_one_third  real-thumbnail posttype-post post-format-standard'  itemscope=\"itemscope\" itemtype=\"https:\/\/schema.org\/CreativeWork\" ><a href='https:\/\/buzios-vibe.com\/es\/opciones-de-alojamiento-en-buzios-brasil-desde-lujosos-resorts-a-hostales-economicos' data-rel='slide-1' class='slide-image' title='Opciones de alojamiento en B\u00fazios, Brasil: Desde lujosos resorts a hostales econ\u00f3micos'><img decoding=\"async\" width=\"495\" height=\"400\" src=\"https:\/\/buzios-vibe.com\/wp-content\/uploads\/2023\/08\/hotel_in_buzios-495x400.png\" class=\"wp-image-2832 avia-img-lazy-loading-not-2832 attachment-portfolio size-portfolio wp-post-image\" alt=\"\" srcset=\"https:\/\/buzios-vibe.com\/wp-content\/uploads\/2023\/08\/hotel_in_buzios-495x400.png 495w, https:\/\/buzios-vibe.com\/wp-content\/uploads\/2023\/08\/hotel_in_buzios-845x684.png 845w\" sizes=\"(max-width: 495px) 100vw, 495px\" \/><\/a><div class=\"slide-content\"><header class=\"entry-content-header\"><span class=\"blog-categories minor-meta\"><a href=\"https:\/\/buzios-vibe.com\/es\/category\/alojamiento-en-buzios-brasil\" rel=\"tag\">Alojamiento en B\u00fazios, Brasil<\/a>  <\/span><h3 class='slide-entry-title entry-title '  itemprop=\"headline\" ><a href='https:\/\/buzios-vibe.com\/es\/opciones-de-alojamiento-en-buzios-brasil-desde-lujosos-resorts-a-hostales-economicos' title='Opciones de alojamiento en B\u00fazios, Brasil: Desde lujosos resorts a hostales econ\u00f3micos'>Opciones de alojamiento en B\u00fazios, Brasil: Desde lujosos resorts a hostales econ\u00f3micos<\/a><\/h3><span class=\"av-vertical-delimiter\"><\/span><\/header><div class='slide-entry-excerpt entry-content'  itemprop=\"text\" >\nArma\u00e7\u00e3o dos B\u00fazios, com\u00fanmente conocida como B\u00fazios, es una encantadora ciudad costera del estado brasile\u00f1o de R\u00edo de Janeiro que ofrece una amplia gama de opciones de alojamiento para todas las necesidades y presupuestos de los viajeros.\u2026<div class=\"read-more-link\"><a href=\"https:\/\/buzios-vibe.com\/es\/opciones-de-alojamiento-en-buzios-brasil-desde-lujosos-resorts-a-hostales-economicos\" class=\"more-link\">Leer m\u00e1s<span class=\"more-link-arrow\"><\/span><\/a><\/div><\/div><\/div><footer class=\"entry-footer\"><div class=\"slide-meta\"><time class='slide-meta-time updated'  itemprop=\"datePublished\" datetime=\"2023-08-31T10:48:58-03:00\" >agosto 31, 2023<\/time><div class=\"slide-meta-del\">\/<\/div><div class=\"slide-meta-comments\"><a href='https:\/\/buzios-vibe.com\/es\/opciones-de-alojamiento-en-buzios-brasil-desde-lujosos-resorts-a-hostales-economicos#respond'>0 Comentarios<\/a><\/div><\/div><\/footer><span class='hidden'>\n\t\t\t\t<span class='av-structured-data'  itemprop=\"image\" itemscope=\"itemscope\" itemtype=\"https:\/\/schema.org\/ImageObject\" >\n\t\t\t\t\t\t<span itemprop='url'>https:\/\/buzios-vibe.com\/wp-content\/uploads\/2023\/08\/hotel_in_buzios.png<\/span>\n\t\t\t\t\t\t<span itemprop='height'>2266<\/span>\n\t\t\t\t\t\t<span itemprop='width'>3022<\/span>\n\t\t\t\t<\/span>\n\t\t\t\t<span class='av-structured-data'  itemprop=\"publisher\" itemtype=\"https:\/\/schema.org\/Organization\" itemscope=\"itemscope\" >\n\t\t\t\t\t\t<span itemprop='name'>Marrai<\/span>\n\t\t\t\t\t\t<span itemprop='logo' itemscope itemtype='https:\/\/schema.org\/ImageObject'>\n\t\t\t\t\t\t\t<span itemprop='url'>https:\/\/buzios-vibe.com\/wp-content\/uploads\/2023\/04\/cropped-Buzios_Vibe_Logo-300x100.png<\/span>\n\t\t\t\t\t\t<\/span>\n\t\t\t\t<\/span><span class='av-structured-data'  itemprop=\"author\" itemscope=\"itemscope\" itemtype=\"https:\/\/schema.org\/Person\" ><span itemprop='name'>Marrai<\/span><\/span><span class='av-structured-data'  itemprop=\"datePublished\" datetime=\"2023-09-05T11:16:26-03:00\" >2023-08-31 10:48:58<\/span><span class='av-structured-data'  itemprop=\"dateModified\" itemtype=\"https:\/\/schema.org\/dateModified\" >2024-11-15 15:32:23<\/span><span class='av-structured-data'  itemprop=\"mainEntityOfPage\" itemtype=\"https:\/\/schema.org\/mainEntityOfPage\" ><span itemprop='name'>Opciones de alojamiento en B\u00fazios, Brasil: Desde lujosos resorts a hostales econ\u00f3micos<\/span><\/span><\/span><\/article><\/div><\/div><\/div><br \/>\n<br \/>\n<br \/>\n<br \/>\n<\/p><\/div>\n","protected":false},"excerpt":{"rendered":"","protected":false},"author":1,"featured_media":0,"parent":0,"menu_order":0,"comment_status":"closed","ping_status":"closed","template":"","meta":{"footnotes":""},"class_list":["post-3086","page","type-page","status-publish","hentry"],"yoast_head":"<!-- This site is optimized with the Yoast SEO plugin v25.7 - https:\/\/yoast.com\/wordpress\/plugins\/seo\/ -->\n<title>Gu\u00eda de Alojamiento en B\u00fazios: Desde resorts de lujo a estancias \u00fanicas<\/title>\n<meta name=\"description\" content=\"Descubre los mejores lugares para alojarse en B\u00fazios, Brasil. Desde opulentos resorts frente al mar y hoteles boutique hasta encantadoras pousadas y hostales econ\u00f3micos, encuentre el alojamiento perfecto adaptado a sus preferencias y presupuesto para vivir una experiencia inolvidable en B\u00fazios.\" \/>\n<meta name=\"robots\" content=\"index, follow, max-snippet:-1, max-image-preview:large, max-video-preview:-1\" \/>\n<link rel=\"canonical\" href=\"https:\/\/buzios-vibe.com\/es\/alojamiento\" \/>\n<meta property=\"og:locale\" content=\"es_ES\" \/>\n<meta property=\"og:type\" content=\"article\" \/>\n<meta property=\"og:title\" content=\"Gu\u00eda de Alojamiento en B\u00fazios: Desde resorts de lujo a estancias \u00fanicas\" \/>\n<meta property=\"og:description\" content=\"Descubre los mejores lugares para alojarse en B\u00fazios, Brasil. Desde opulentos resorts frente al mar y hoteles boutique hasta encantadoras pousadas y hostales econ\u00f3micos, encuentre el alojamiento perfecto adaptado a sus preferencias y presupuesto para vivir una experiencia inolvidable en B\u00fazios.\" \/>\n<meta property=\"og:url\" content=\"https:\/\/buzios-vibe.com\/es\/alojamiento\" \/>\n<meta property=\"og:site_name\" content=\"Buzios Vibe - all you need to know about Buzios\" \/>\n<meta property=\"article:modified_time\" content=\"2024-11-15T18:32:20+00:00\" \/>\n<meta property=\"og:image\" content=\"https:\/\/buzios-vibe.com\/wp-content\/uploads\/2023\/10\/hotel_casas_brancas_buzios_brazil_travel_blog-1030x773.png\" \/>\n\t<meta property=\"og:image:width\" content=\"1030\" \/>\n\t<meta property=\"og:image:height\" content=\"773\" \/>\n\t<meta property=\"og:image:type\" content=\"image\/png\" \/>\n<meta name=\"twitter:card\" content=\"summary_large_image\" \/>\n<meta name=\"twitter:label1\" content=\"Tiempo de lectura\" \/>\n\t<meta name=\"twitter:data1\" content=\"8 minutos\" \/>\n<script type=\"application\/ld+json\" class=\"yoast-schema-graph\">{\"@context\":\"https:\/\/schema.org\",\"@graph\":[{\"@type\":\"WebPage\",\"@id\":\"https:\/\/buzios-vibe.com\/es\/alojamiento\",\"url\":\"https:\/\/buzios-vibe.com\/es\/alojamiento\",\"name\":\"Gu\u00eda de Alojamiento en B\u00fazios: Desde resorts de lujo a estancias \u00fanicas\",\"isPartOf\":{\"@id\":\"https:\/\/buzios-vibe.com\/es#website\"},\"datePublished\":\"2023-09-05T14:16:26+00:00\",\"dateModified\":\"2024-11-15T18:32:20+00:00\",\"description\":\"Descubre los mejores lugares para alojarse en B\u00fazios, Brasil. Desde opulentos resorts frente al mar y hoteles boutique hasta encantadoras pousadas y hostales econ\u00f3micos, encuentre el alojamiento perfecto adaptado a sus preferencias y presupuesto para vivir una experiencia inolvidable en B\u00fazios.\",\"breadcrumb\":{\"@id\":\"https:\/\/buzios-vibe.com\/es\/alojamiento#breadcrumb\"},\"inLanguage\":\"es\",\"potentialAction\":[{\"@type\":\"ReadAction\",\"target\":[\"https:\/\/buzios-vibe.com\/es\/alojamiento\"]}]},{\"@type\":\"BreadcrumbList\",\"@id\":\"https:\/\/buzios-vibe.com\/es\/alojamiento#breadcrumb\",\"itemListElement\":[{\"@type\":\"ListItem\",\"position\":1,\"name\":\"Home\",\"item\":\"https:\/\/buzios-vibe.com\/es\"},{\"@type\":\"ListItem\",\"position\":2,\"name\":\"Alojamiento\"}]},{\"@type\":\"WebSite\",\"@id\":\"https:\/\/buzios-vibe.com\/es#website\",\"url\":\"https:\/\/buzios-vibe.com\/es\",\"name\":\"Buzios Vibe - all you need to know about Buzios\",\"description\":\"Buzios Vibe - all you need to know about Buzios\",\"potentialAction\":[{\"@type\":\"SearchAction\",\"target\":{\"@type\":\"EntryPoint\",\"urlTemplate\":\"https:\/\/buzios-vibe.com\/es?s={search_term_string}\"},\"query-input\":{\"@type\":\"PropertyValueSpecification\",\"valueRequired\":true,\"valueName\":\"search_term_string\"}}],\"inLanguage\":\"es\"}]}<\/script>\n<!-- \/ Yoast SEO plugin. -->","yoast_head_json":{"title":"Gu\u00eda de Alojamiento en B\u00fazios: Desde resorts de lujo a estancias \u00fanicas","description":"Descubre los mejores lugares para alojarse en B\u00fazios, Brasil. Desde opulentos resorts frente al mar y hoteles boutique hasta encantadoras pousadas y hostales econ\u00f3micos, encuentre el alojamiento perfecto adaptado a sus preferencias y presupuesto para vivir una experiencia inolvidable en B\u00fazios.","robots":{"index":"index","follow":"follow","max-snippet":"max-snippet:-1","max-image-preview":"max-image-preview:large","max-video-preview":"max-video-preview:-1"},"canonical":"https:\/\/buzios-vibe.com\/es\/alojamiento","og_locale":"es_ES","og_type":"article","og_title":"Gu\u00eda de Alojamiento en B\u00fazios: Desde resorts de lujo a estancias \u00fanicas","og_description":"Descubre los mejores lugares para alojarse en B\u00fazios, Brasil. Desde opulentos resorts frente al mar y hoteles boutique hasta encantadoras pousadas y hostales econ\u00f3micos, encuentre el alojamiento perfecto adaptado a sus preferencias y presupuesto para vivir una experiencia inolvidable en B\u00fazios.","og_url":"https:\/\/buzios-vibe.com\/es\/alojamiento","og_site_name":"Buzios Vibe - all you need to know about Buzios","article_modified_time":"2024-11-15T18:32:20+00:00","og_image":[{"width":1030,"height":773,"url":"https:\/\/buzios-vibe.com\/wp-content\/uploads\/2023\/10\/hotel_casas_brancas_buzios_brazil_travel_blog-1030x773.png","type":"image\/png"}],"twitter_card":"summary_large_image","twitter_misc":{"Tiempo de lectura":"8 minutos"},"schema":{"@context":"https:\/\/schema.org","@graph":[{"@type":"WebPage","@id":"https:\/\/buzios-vibe.com\/es\/alojamiento","url":"https:\/\/buzios-vibe.com\/es\/alojamiento","name":"Gu\u00eda de Alojamiento en B\u00fazios: Desde resorts de lujo a estancias \u00fanicas","isPartOf":{"@id":"https:\/\/buzios-vibe.com\/es#website"},"datePublished":"2023-09-05T14:16:26+00:00","dateModified":"2024-11-15T18:32:20+00:00","description":"Descubre los mejores lugares para alojarse en B\u00fazios, Brasil. Desde opulentos resorts frente al mar y hoteles boutique hasta encantadoras pousadas y hostales econ\u00f3micos, encuentre el alojamiento perfecto adaptado a sus preferencias y presupuesto para vivir una experiencia inolvidable en B\u00fazios.","breadcrumb":{"@id":"https:\/\/buzios-vibe.com\/es\/alojamiento#breadcrumb"},"inLanguage":"es","potentialAction":[{"@type":"ReadAction","target":["https:\/\/buzios-vibe.com\/es\/alojamiento"]}]},{"@type":"BreadcrumbList","@id":"https:\/\/buzios-vibe.com\/es\/alojamiento#breadcrumb","itemListElement":[{"@type":"ListItem","position":1,"name":"Home","item":"https:\/\/buzios-vibe.com\/es"},{"@type":"ListItem","position":2,"name":"Alojamiento"}]},{"@type":"WebSite","@id":"https:\/\/buzios-vibe.com\/es#website","url":"https:\/\/buzios-vibe.com\/es","name":"Buzios Vibe - all you need to know about Buzios","description":"Buzios Vibe - all you need to know about Buzios","potentialAction":[{"@type":"SearchAction","target":{"@type":"EntryPoint","urlTemplate":"https:\/\/buzios-vibe.com\/es?s={search_term_string}"},"query-input":{"@type":"PropertyValueSpecification","valueRequired":true,"valueName":"search_term_string"}}],"inLanguage":"es"}]}},"_links":{"self":[{"href":"https:\/\/buzios-vibe.com\/es\/wp-json\/wp\/v2\/pages\/3086","targetHints":{"allow":["GET"]}}],"collection":[{"href":"https:\/\/buzios-vibe.com\/es\/wp-json\/wp\/v2\/pages"}],"about":[{"href":"https:\/\/buzios-vibe.com\/es\/wp-json\/wp\/v2\/types\/page"}],"author":[{"embeddable":true,"href":"https:\/\/buzios-vibe.com\/es\/wp-json\/wp\/v2\/users\/1"}],"replies":[{"embeddable":true,"href":"https:\/\/buzios-vibe.com\/es\/wp-json\/wp\/v2\/comments?post=3086"}],"version-history":[{"count":1,"href":"https:\/\/buzios-vibe.com\/es\/wp-json\/wp\/v2\/pages\/3086\/revisions"}],"predecessor-version":[{"id":3095,"href":"https:\/\/buzios-vibe.com\/es\/wp-json\/wp\/v2\/pages\/3086\/revisions\/3095"}],"wp:attachment":[{"href":"https:\/\/buzios-vibe.com\/es\/wp-json\/wp\/v2\/media?parent=3086"}],"curies":[{"name":"wp","href":"https:\/\/api.w.org\/{rel}","templated":true}]}}