{"id":3074,"date":"2023-09-05T11:14:56","date_gmt":"2023-09-05T14:14:56","guid":{"rendered":"https:\/\/buzios-vibe.com\/essen-getraenke"},"modified":"2023-10-17T12:22:47","modified_gmt":"2023-10-17T15:22:47","slug":"essen-getraenke","status":"publish","type":"page","link":"https:\/\/buzios-vibe.com\/de\/essen-getraenke","title":{"rendered":"Essen &#038; Getr\u00e4nke"},"content":{"rendered":"<div  class='flex_column av-2z4cjl-7b2ae6dc39253611299deb859040d805 av_one_full  avia-builder-el-0  avia-builder-el-no-sibling  first flex_column_div  '     ><p>\n<style type=\"text\/css\" data-created_by=\"avia_inline_auto\" id=\"style-css-av-lm6e5y2p-d22b97856a996e4d13e27d4cde8aca58\">\n#top .av-special-heading.av-lm6e5y2p-d22b97856a996e4d13e27d4cde8aca58{\npadding-bottom:10px;\n}\nbody .av-special-heading.av-lm6e5y2p-d22b97856a996e4d13e27d4cde8aca58 .av-special-heading-tag .heading-char{\nfont-size:25px;\n}\n.av-special-heading.av-lm6e5y2p-d22b97856a996e4d13e27d4cde8aca58 .av-subheading{\nfont-size:15px;\n}\n<\/style>\n<div  class='av-special-heading av-lm6e5y2p-d22b97856a996e4d13e27d4cde8aca58 av-special-heading-h1  avia-builder-el-1  el_before_av_textblock  avia-builder-el-first '><h1 class='av-special-heading-tag'  itemprop=\"headline\"  >Essen <span class='special_amp'>&amp;<\/span> Getr\u00e4nke in B\u00fazios, Brazil<\/h1><div class=\"special-heading-border\"><div class=\"special-heading-inner-border\"><\/div><\/div><\/div><br \/>\n<section  class='av_textblock_section av-lm6e6ci8-680f9ed91ccadc4bfb8f5e520a7dd4e3 '   itemscope=\"itemscope\" itemtype=\"https:\/\/schema.org\/CreativeWork\" ><div class='avia_textblock'  itemprop=\"text\" ><p>Willkommen in der Kategorie Essen &amp; Trinken, wo wir die gastronomischen Wunder von B\u00fazios, Brasilien, erkunden &#8211; ein Reiseziel, das ebenso reich an Aromen wie an nat\u00fcrlicher Sch\u00f6nheit ist. An der malerischen K\u00fcste gelegen, bietet diese charmante Stadt eine kulinarische Reise, die so vielf\u00e4ltig und lebendig ist wie ihre Kultur. Von lokalem Street Food bis hin zu feinen kulinarischen Erlebnissen bietet B\u00fazios eine Vielzahl von M\u00f6glichkeiten, die Ihren Gaumen verf\u00fchren werden.<\/p>\n<p>In dieser k\u00f6stlich kuratierten Kategorie finden Sie:<\/p>\n<ul>\n<li><strong>Lokale K\u00fcche:<\/strong> Entdecken Sie die authentischen Aromen von B\u00fazios, von fangfrischen Meeresfr\u00fcchten bis zu traditionellen brasilianischen Gerichten wie Feijoada und Acaraj\u00e9.<\/li>\n<li><strong>Kulinarische Gen\u00fcsse:<\/strong> Informieren Sie sich \u00fcber die gehobenen Restaurants der Stadt, die Gourmetmen\u00fcs und einen atemberaubenden Blick auf das Meer bieten.<\/li>\n<li><strong>Caf\u00e9s am Strand:<\/strong> Schl\u00fcrfen Sie einen Caipirinha, w\u00e4hrend Sie die Meeresbrise genie\u00dfen. Wir f\u00fchren Sie zu den besten Pl\u00e4tzen.<\/li>\n<li><strong>Bars und Nachtleben:<\/strong> Von pulsierenden Samba-Bars bis zu entspannten Strand-Lounges &#8211; entdecken Sie das dynamische Nachtleben von B\u00fazios.<\/li>\n<li><strong>Street Food und Snacks:<\/strong> Hier erfahren Sie, wo Sie in der Stadt schnell, lecker und preiswert essen k\u00f6nnen.<\/li>\n<li><strong>Brauereien und Wein:<\/strong> Interessieren Sie sich f\u00fcr lokale Brauereien oder s\u00fcdamerikanische Weine? Wir haben das Richtige f\u00fcr Sie.<\/li>\n<\/ul>\n<p>Egal, ob Sie ein Feinschmecker auf der Suche nach exotischen Aromen sind, ein Paar, das ein romantisches Restaurant sucht, oder ein Reisender, der durch die K\u00fcche in die lokale Kultur eintauchen m\u00f6chte &#8211; diese Kategorie ist Ihr ultimativer Leitfaden zum Essen und Trinken in B\u00fazios. Guten Appetit und Sa\u00fade!<\/p>\n<\/div><\/section><br \/>\n<div  data-slideshow-options=\"{&quot;animation&quot;:&quot;fade&quot;,&quot;autoplay&quot;:false,&quot;loop_autoplay&quot;:&quot;once&quot;,&quot;interval&quot;:&quot;5&quot;,&quot;loop_manual&quot;:&quot;manual-once&quot;,&quot;autoplay_stopper&quot;:false,&quot;noNavigation&quot;:false,&quot;show_slide_delay&quot;:90}\" class='avia-content-slider avia-content-slider-active avia-content-slider1 avia-content-slider-odd  avia-builder-el-3  el_after_av_textblock  el_before_av_postslider  av-slideshow-ui av-control-default   av-no-slider-navigation av-slideshow-manual av-loop-once av-loop-manual-once '  itemscope=\"itemscope\" itemtype=\"https:\/\/schema.org\/Blog\" ><div class=\"avia-content-slider-inner\"><div class=\"slide-entry-wrap\"><article class='slide-entry flex_column  post-entry post-entry-3498 slide-entry-overview slide-loop-1 slide-parity-odd  av_one_third first real-thumbnail posttype-post post-format-standard'  itemscope=\"itemscope\" itemtype=\"https:\/\/schema.org\/CreativeWork\" ><a href='https:\/\/buzios-vibe.com\/de\/lokale-fruechte-die-sie-bei-einem-besuch-in-buzios-brasilien-unbedingt-probieren-muessen' data-rel='slide-1' class='slide-image' title='Lokale Fr\u00fcchte, die Sie bei einem Besuch in B\u00fazios, Brasilien, unbedingt probieren m\u00fcssen'><img decoding=\"async\" width=\"495\" height=\"400\" src=\"https:\/\/buzios-vibe.com\/wp-content\/uploads\/2023\/09\/papaya_mamao_buzios-495x400.png\" class=\"wp-image-2904 avia-img-lazy-loading-not-2904 attachment-portfolio size-portfolio wp-post-image\" alt=\"\" srcset=\"https:\/\/buzios-vibe.com\/wp-content\/uploads\/2023\/09\/papaya_mamao_buzios-495x400.png 495w, https:\/\/buzios-vibe.com\/wp-content\/uploads\/2023\/09\/papaya_mamao_buzios-845x684.png 845w\" sizes=\"(max-width: 495px) 100vw, 495px\" \/><\/a><div class=\"slide-content\"><header class=\"entry-content-header\"><span class=\"blog-categories minor-meta\"><a href=\"https:\/\/buzios-vibe.com\/de\/category\/essen-trinken-in-buzios-brasilien\" rel=\"tag\">Essen &amp; Trinken in B\u00fazios, Brasilien<\/a>  <\/span><h3 class='slide-entry-title entry-title '  itemprop=\"headline\" ><a href='https:\/\/buzios-vibe.com\/de\/lokale-fruechte-die-sie-bei-einem-besuch-in-buzios-brasilien-unbedingt-probieren-muessen' title='Lokale Fr\u00fcchte, die Sie bei einem Besuch in B\u00fazios, Brasilien, unbedingt probieren m\u00fcssen'>Lokale Fr\u00fcchte, die Sie bei einem Besuch in B\u00fazios, Brasilien, unbedingt probieren m\u00fcssen<\/a><\/h3><span class=\"av-vertical-delimiter\"><\/span><\/header><div class='slide-entry-excerpt entry-content'  itemprop=\"text\" >\nB\u00fazios, eine malerische K\u00fcstenstadt in Rio de Janeiro, Brasilien, ist mehr als nur ein tropisches Paradies mit unber\u00fchrten Str\u00e4nden. Es ist ein Ort, an dem das Land eine F\u00fclle von Fr\u00fcchten bietet, die Sie sich nicht entgehen lassen sollten.\u2026<div class=\"read-more-link\"><a href=\"https:\/\/buzios-vibe.com\/de\/lokale-fruechte-die-sie-bei-einem-besuch-in-buzios-brasilien-unbedingt-probieren-muessen\" class=\"more-link\">Weiterlesen<span class=\"more-link-arrow\"><\/span><\/a><\/div><\/div><\/div><footer class=\"entry-footer\"><div class=\"slide-meta\"><time class='slide-meta-time updated'  itemprop=\"datePublished\" datetime=\"2023-09-12T14:31:53-03:00\" >September 12, 2023<\/time><div class=\"slide-meta-del\">\/<\/div><div class=\"slide-meta-comments\"><a href='https:\/\/buzios-vibe.com\/de\/lokale-fruechte-die-sie-bei-einem-besuch-in-buzios-brasilien-unbedingt-probieren-muessen#respond'>0 Kommentare<\/a><\/div><\/div><\/footer><span class='hidden'>\n\t\t\t\t<span class='av-structured-data'  itemprop=\"image\" itemscope=\"itemscope\" itemtype=\"https:\/\/schema.org\/ImageObject\" >\n\t\t\t\t\t\t<span itemprop='url'>https:\/\/buzios-vibe.com\/wp-content\/uploads\/2023\/09\/papaya_mamao_buzios.png<\/span>\n\t\t\t\t\t\t<span itemprop='height'>1976<\/span>\n\t\t\t\t\t\t<span itemprop='width'>2634<\/span>\n\t\t\t\t<\/span>\n\t\t\t\t<span class='av-structured-data'  itemprop=\"publisher\" itemtype=\"https:\/\/schema.org\/Organization\" itemscope=\"itemscope\" >\n\t\t\t\t\t\t<span itemprop='name'>Marrai<\/span>\n\t\t\t\t\t\t<span itemprop='logo' itemscope itemtype='https:\/\/schema.org\/ImageObject'>\n\t\t\t\t\t\t\t<span itemprop='url'>https:\/\/buzios-vibe.com\/wp-content\/uploads\/2023\/04\/cropped-Buzios_Vibe_Logo-300x100.png<\/span>\n\t\t\t\t\t\t<\/span>\n\t\t\t\t<\/span><span class='av-structured-data'  itemprop=\"author\" itemscope=\"itemscope\" itemtype=\"https:\/\/schema.org\/Person\" ><span itemprop='name'>Marrai<\/span><\/span><span class='av-structured-data'  itemprop=\"datePublished\" datetime=\"2023-09-05T11:14:56-03:00\" >2023-09-12 14:31:53<\/span><span class='av-structured-data'  itemprop=\"dateModified\" itemtype=\"https:\/\/schema.org\/dateModified\" >2024-11-15 15:32:38<\/span><span class='av-structured-data'  itemprop=\"mainEntityOfPage\" itemtype=\"https:\/\/schema.org\/mainEntityOfPage\" ><span itemprop='name'>Lokale Fr\u00fcchte, die Sie bei einem Besuch in B\u00fazios, Brasilien, unbedingt probieren m\u00fcssen<\/span><\/span><\/span><\/article><article class='slide-entry flex_column  post-entry post-entry-3499 slide-entry-overview slide-loop-2 slide-parity-even  av_one_third  real-thumbnail posttype-post post-format-standard'  itemscope=\"itemscope\" itemtype=\"https:\/\/schema.org\/CreativeWork\" ><a href='https:\/\/buzios-vibe.com\/de\/eine-kulinarische-tour-das-unuebersehbare-street-food-der-straende-von-buzios' data-rel='slide-1' class='slide-image' title='Eine kulinarische Tour: Das un\u00fcbersehbare Street Food der Str\u00e4nde von B\u00fazios'><img decoding=\"async\" width=\"495\" height=\"400\" src=\"https:\/\/buzios-vibe.com\/wp-content\/uploads\/2023\/09\/Buzios_vendedor_acai_travel_blog-495x400.png\" class=\"wp-image-2639 avia-img-lazy-loading-not-2639 attachment-portfolio size-portfolio wp-post-image\" alt=\"\" srcset=\"https:\/\/buzios-vibe.com\/wp-content\/uploads\/2023\/09\/Buzios_vendedor_acai_travel_blog-495x400.png 495w, https:\/\/buzios-vibe.com\/wp-content\/uploads\/2023\/09\/Buzios_vendedor_acai_travel_blog-845x684.png 845w\" sizes=\"(max-width: 495px) 100vw, 495px\" \/><\/a><div class=\"slide-content\"><header class=\"entry-content-header\"><span class=\"blog-categories minor-meta\"><a href=\"https:\/\/buzios-vibe.com\/de\/category\/essen-trinken-in-buzios-brasilien\" rel=\"tag\">Essen &amp; Trinken in B\u00fazios, Brasilien<\/a>  <\/span><h3 class='slide-entry-title entry-title '  itemprop=\"headline\" ><a href='https:\/\/buzios-vibe.com\/de\/eine-kulinarische-tour-das-unuebersehbare-street-food-der-straende-von-buzios' title='Eine kulinarische Tour: Das un\u00fcbersehbare Street Food der Str\u00e4nde von B\u00fazios'>Eine kulinarische Tour: Das un\u00fcbersehbare Street Food der Str\u00e4nde von B\u00fazios<\/a><\/h3><span class=\"av-vertical-delimiter\"><\/span><\/header><div class='slide-entry-excerpt entry-content'  itemprop=\"text\" >\nDie atemberaubenden Str\u00e4nde von B\u00fazios in Brasilien sind weltweit bekannt, aber was einen Tag am Strand wirklich besonders macht, ist die gastronomische Reise, auf die Sie sich begeben k\u00f6nnen, ohne jemals den Sandstrand zu verlassen. Das\u2026<div class=\"read-more-link\"><a href=\"https:\/\/buzios-vibe.com\/de\/eine-kulinarische-tour-das-unuebersehbare-street-food-der-straende-von-buzios\" class=\"more-link\">Weiterlesen<span class=\"more-link-arrow\"><\/span><\/a><\/div><\/div><\/div><footer class=\"entry-footer\"><div class=\"slide-meta\"><time class='slide-meta-time updated'  itemprop=\"datePublished\" datetime=\"2023-09-05T15:16:39-03:00\" >September 5, 2023<\/time><div class=\"slide-meta-del\">\/<\/div><div class=\"slide-meta-comments\"><a href='https:\/\/buzios-vibe.com\/de\/eine-kulinarische-tour-das-unuebersehbare-street-food-der-straende-von-buzios#respond'>0 Kommentare<\/a><\/div><\/div><\/footer><span class='hidden'>\n\t\t\t\t<span class='av-structured-data'  itemprop=\"image\" itemscope=\"itemscope\" itemtype=\"https:\/\/schema.org\/ImageObject\" >\n\t\t\t\t\t\t<span itemprop='url'>https:\/\/buzios-vibe.com\/wp-content\/uploads\/2023\/09\/Buzios_vendedor_acai_travel_blog.png<\/span>\n\t\t\t\t\t\t<span itemprop='height'>2266<\/span>\n\t\t\t\t\t\t<span itemprop='width'>3022<\/span>\n\t\t\t\t<\/span>\n\t\t\t\t<span class='av-structured-data'  itemprop=\"publisher\" itemtype=\"https:\/\/schema.org\/Organization\" itemscope=\"itemscope\" >\n\t\t\t\t\t\t<span itemprop='name'>Marrai<\/span>\n\t\t\t\t\t\t<span itemprop='logo' itemscope itemtype='https:\/\/schema.org\/ImageObject'>\n\t\t\t\t\t\t\t<span itemprop='url'>https:\/\/buzios-vibe.com\/wp-content\/uploads\/2023\/04\/cropped-Buzios_Vibe_Logo-300x100.png<\/span>\n\t\t\t\t\t\t<\/span>\n\t\t\t\t<\/span><span class='av-structured-data'  itemprop=\"author\" itemscope=\"itemscope\" itemtype=\"https:\/\/schema.org\/Person\" ><span itemprop='name'>Marrai<\/span><\/span><span class='av-structured-data'  itemprop=\"datePublished\" datetime=\"2023-09-05T11:14:56-03:00\" >2023-09-05 15:16:39<\/span><span class='av-structured-data'  itemprop=\"dateModified\" itemtype=\"https:\/\/schema.org\/dateModified\" >2024-11-15 15:33:21<\/span><span class='av-structured-data'  itemprop=\"mainEntityOfPage\" itemtype=\"https:\/\/schema.org\/mainEntityOfPage\" ><span itemprop='name'>Eine kulinarische Tour: Das un\u00fcbersehbare Street Food der Str\u00e4nde von B\u00fazios<\/span><\/span><\/span><\/article><article class='slide-entry flex_column  post-entry post-entry-3439 slide-entry-overview slide-loop-3 slide-parity-odd  post-entry-last  av_one_third  real-thumbnail posttype-post post-format-standard'  itemscope=\"itemscope\" itemtype=\"https:\/\/schema.org\/CreativeWork\" ><a href='https:\/\/buzios-vibe.com\/de\/eine-kulinarische-reise-durch-buzios-entdecken-sie-die-aromen-von-brasiliens-kuestenjuwel' data-rel='slide-1' class='slide-image' title='Eine kulinarische Reise durch B\u00fazios: Entdecken Sie die Aromen von Brasiliens K\u00fcstenjuwel'><img decoding=\"async\" width=\"495\" height=\"400\" src=\"https:\/\/buzios-vibe.com\/wp-content\/uploads\/2023\/08\/Picanha_brazilian_food_blog-495x400.jpg\" class=\"wp-image-2629 avia-img-lazy-loading-not-2629 attachment-portfolio size-portfolio wp-post-image\" alt=\"\" srcset=\"https:\/\/buzios-vibe.com\/wp-content\/uploads\/2023\/08\/Picanha_brazilian_food_blog-495x400.jpg 495w, https:\/\/buzios-vibe.com\/wp-content\/uploads\/2023\/08\/Picanha_brazilian_food_blog-845x684.jpg 845w\" sizes=\"(max-width: 495px) 100vw, 495px\" \/><\/a><div class=\"slide-content\"><header class=\"entry-content-header\"><span class=\"blog-categories minor-meta\"><a href=\"https:\/\/buzios-vibe.com\/de\/category\/essen-trinken-in-buzios-brasilien\" rel=\"tag\">Essen &amp; Trinken in B\u00fazios, Brasilien<\/a>  <\/span><h3 class='slide-entry-title entry-title '  itemprop=\"headline\" ><a href='https:\/\/buzios-vibe.com\/de\/eine-kulinarische-reise-durch-buzios-entdecken-sie-die-aromen-von-brasiliens-kuestenjuwel' title='Eine kulinarische Reise durch B\u00fazios: Entdecken Sie die Aromen von Brasiliens K\u00fcstenjuwel'>Eine kulinarische Reise durch B\u00fazios: Entdecken Sie die Aromen von Brasiliens K\u00fcstenjuwel<\/a><\/h3><span class=\"av-vertical-delimiter\"><\/span><\/header><div class='slide-entry-excerpt entry-content'  itemprop=\"text\" >\nDie brasilianische K\u00fcstenstadt Arma\u00e7\u00e3o dos B\u00fazios, liebevoll B\u00fazios genannt, ist bekannt f\u00fcr ihre sch\u00f6nen Str\u00e4nde, ihre \u00fcppige Landschaft und ihre lebendige Kultur. Eines der weniger bekannten, aber nicht minder faszinierenden Attribute\u2026<div class=\"read-more-link\"><a href=\"https:\/\/buzios-vibe.com\/de\/eine-kulinarische-reise-durch-buzios-entdecken-sie-die-aromen-von-brasiliens-kuestenjuwel\" class=\"more-link\">Weiterlesen<span class=\"more-link-arrow\"><\/span><\/a><\/div><\/div><\/div><footer class=\"entry-footer\"><div class=\"slide-meta\"><time class='slide-meta-time updated'  itemprop=\"datePublished\" datetime=\"2023-08-30T10:44:11-03:00\" >August 30, 2023<\/time><div class=\"slide-meta-del\">\/<\/div><div class=\"slide-meta-comments\"><a href='https:\/\/buzios-vibe.com\/de\/eine-kulinarische-reise-durch-buzios-entdecken-sie-die-aromen-von-brasiliens-kuestenjuwel#respond'>0 Kommentare<\/a><\/div><\/div><\/footer><span class='hidden'>\n\t\t\t\t<span class='av-structured-data'  itemprop=\"image\" itemscope=\"itemscope\" itemtype=\"https:\/\/schema.org\/ImageObject\" >\n\t\t\t\t\t\t<span itemprop='url'>https:\/\/buzios-vibe.com\/wp-content\/uploads\/2023\/08\/Picanha_brazilian_food_blog-scaled.jpg<\/span>\n\t\t\t\t\t\t<span itemprop='height'>1707<\/span>\n\t\t\t\t\t\t<span itemprop='width'>2560<\/span>\n\t\t\t\t<\/span>\n\t\t\t\t<span class='av-structured-data'  itemprop=\"publisher\" itemtype=\"https:\/\/schema.org\/Organization\" itemscope=\"itemscope\" >\n\t\t\t\t\t\t<span itemprop='name'>Marrai<\/span>\n\t\t\t\t\t\t<span itemprop='logo' itemscope itemtype='https:\/\/schema.org\/ImageObject'>\n\t\t\t\t\t\t\t<span itemprop='url'>https:\/\/buzios-vibe.com\/wp-content\/uploads\/2023\/04\/cropped-Buzios_Vibe_Logo-300x100.png<\/span>\n\t\t\t\t\t\t<\/span>\n\t\t\t\t<\/span><span class='av-structured-data'  itemprop=\"author\" itemscope=\"itemscope\" itemtype=\"https:\/\/schema.org\/Person\" ><span itemprop='name'>Marrai<\/span><\/span><span class='av-structured-data'  itemprop=\"datePublished\" datetime=\"2023-09-05T11:14:56-03:00\" >2023-08-30 10:44:11<\/span><span class='av-structured-data'  itemprop=\"dateModified\" itemtype=\"https:\/\/schema.org\/dateModified\" >2024-11-15 15:28:09<\/span><span class='av-structured-data'  itemprop=\"mainEntityOfPage\" itemtype=\"https:\/\/schema.org\/mainEntityOfPage\" ><span itemprop='name'>Eine kulinarische Reise durch B\u00fazios: Entdecken Sie die Aromen von Brasiliens K\u00fcstenjuwel<\/span><\/span><\/span><\/article><\/div><\/div><\/div><br \/>\n<br \/>\n<br \/>\n<br \/>\n<\/p><\/div>\n","protected":false},"excerpt":{"rendered":"","protected":false},"author":1,"featured_media":0,"parent":0,"menu_order":0,"comment_status":"closed","ping_status":"closed","template":"","meta":{"footnotes":""},"class_list":["post-3074","page","type-page","status-publish","hentry"],"yoast_head":"<!-- This site is optimized with the Yoast SEO plugin v25.7 - https:\/\/yoast.com\/wordpress\/plugins\/seo\/ -->\n<title>B\u00fazios Speise- und Getr\u00e4nkef\u00fchrer: Genie\u00dfen Sie die kulinarischen K\u00f6stlichkeiten Brasiliens<\/title>\n<meta name=\"description\" content=\"Probieren Sie das beste Essen in B\u00fazios, Brasilien! Von lokalen Delikatessen und feinen Speisen bis hin zu Strandcaf\u00e9s und einem pulsierenden Nachtleben - entdecken Sie die vielf\u00e4ltige kulinarische Landschaft dieser charmanten K\u00fcstenstadt. Tauchen Sie ein in authentische Aromen, entdecken Sie Spitzenrestaurants und genie\u00dfen Sie das Beste der K\u00fcche B\u00fazios.\" \/>\n<meta name=\"robots\" content=\"index, follow, max-snippet:-1, max-image-preview:large, max-video-preview:-1\" \/>\n<link rel=\"canonical\" href=\"https:\/\/buzios-vibe.com\/de\/essen-getraenke\" \/>\n<meta property=\"og:locale\" content=\"de_DE\" \/>\n<meta property=\"og:type\" content=\"article\" \/>\n<meta property=\"og:title\" content=\"B\u00fazios Speise- und Getr\u00e4nkef\u00fchrer: Genie\u00dfen Sie die kulinarischen K\u00f6stlichkeiten Brasiliens\" \/>\n<meta property=\"og:description\" content=\"Probieren Sie das beste Essen in B\u00fazios, Brasilien! Von lokalen Delikatessen und feinen Speisen bis hin zu Strandcaf\u00e9s und einem pulsierenden Nachtleben - entdecken Sie die vielf\u00e4ltige kulinarische Landschaft dieser charmanten K\u00fcstenstadt. Tauchen Sie ein in authentische Aromen, entdecken Sie Spitzenrestaurants und genie\u00dfen Sie das Beste der K\u00fcche B\u00fazios.\" \/>\n<meta property=\"og:url\" content=\"https:\/\/buzios-vibe.com\/de\/essen-getraenke\" \/>\n<meta property=\"og:site_name\" content=\"Buzios Vibe - all you need to know about Buzios\" \/>\n<meta property=\"article:modified_time\" content=\"2023-10-17T15:22:47+00:00\" \/>\n<meta property=\"og:image\" content=\"https:\/\/buzios-vibe.com\/wp-content\/uploads\/2023\/10\/hotel_casas_brancas_buzios_brazil_travel_blog-1030x773.png\" \/>\n\t<meta property=\"og:image:width\" content=\"1030\" \/>\n\t<meta property=\"og:image:height\" content=\"773\" \/>\n\t<meta property=\"og:image:type\" content=\"image\/png\" \/>\n<meta name=\"twitter:card\" content=\"summary_large_image\" \/>\n<meta name=\"twitter:label1\" content=\"Gesch\u00e4tzte Lesezeit\" \/>\n\t<meta name=\"twitter:data1\" content=\"3\u00a0Minuten\" \/>\n<script type=\"application\/ld+json\" class=\"yoast-schema-graph\">{\"@context\":\"https:\/\/schema.org\",\"@graph\":[{\"@type\":\"WebPage\",\"@id\":\"https:\/\/buzios-vibe.com\/de\/essen-getraenke\",\"url\":\"https:\/\/buzios-vibe.com\/de\/essen-getraenke\",\"name\":\"B\u00fazios Speise- und Getr\u00e4nkef\u00fchrer: Genie\u00dfen Sie die kulinarischen K\u00f6stlichkeiten Brasiliens\",\"isPartOf\":{\"@id\":\"https:\/\/buzios-vibe.com\/de#website\"},\"datePublished\":\"2023-09-05T14:14:56+00:00\",\"dateModified\":\"2023-10-17T15:22:47+00:00\",\"description\":\"Probieren Sie das beste Essen in B\u00fazios, Brasilien! Von lokalen Delikatessen und feinen Speisen bis hin zu Strandcaf\u00e9s und einem pulsierenden Nachtleben - entdecken Sie die vielf\u00e4ltige kulinarische Landschaft dieser charmanten K\u00fcstenstadt. Tauchen Sie ein in authentische Aromen, entdecken Sie Spitzenrestaurants und genie\u00dfen Sie das Beste der K\u00fcche B\u00fazios.\",\"breadcrumb\":{\"@id\":\"https:\/\/buzios-vibe.com\/de\/essen-getraenke#breadcrumb\"},\"inLanguage\":\"de\",\"potentialAction\":[{\"@type\":\"ReadAction\",\"target\":[\"https:\/\/buzios-vibe.com\/de\/essen-getraenke\"]}]},{\"@type\":\"BreadcrumbList\",\"@id\":\"https:\/\/buzios-vibe.com\/de\/essen-getraenke#breadcrumb\",\"itemListElement\":[{\"@type\":\"ListItem\",\"position\":1,\"name\":\"Home\",\"item\":\"https:\/\/buzios-vibe.com\/de\"},{\"@type\":\"ListItem\",\"position\":2,\"name\":\"Essen &#038; Getr\u00e4nke\"}]},{\"@type\":\"WebSite\",\"@id\":\"https:\/\/buzios-vibe.com\/de#website\",\"url\":\"https:\/\/buzios-vibe.com\/de\",\"name\":\"Buzios Vibe - all you need to know about Buzios\",\"description\":\"Buzios Vibe - all you need to know about Buzios\",\"potentialAction\":[{\"@type\":\"SearchAction\",\"target\":{\"@type\":\"EntryPoint\",\"urlTemplate\":\"https:\/\/buzios-vibe.com\/de?s={search_term_string}\"},\"query-input\":{\"@type\":\"PropertyValueSpecification\",\"valueRequired\":true,\"valueName\":\"search_term_string\"}}],\"inLanguage\":\"de\"}]}<\/script>\n<!-- \/ Yoast SEO plugin. -->","yoast_head_json":{"title":"B\u00fazios Speise- und Getr\u00e4nkef\u00fchrer: Genie\u00dfen Sie die kulinarischen K\u00f6stlichkeiten Brasiliens","description":"Probieren Sie das beste Essen in B\u00fazios, Brasilien! Von lokalen Delikatessen und feinen Speisen bis hin zu Strandcaf\u00e9s und einem pulsierenden Nachtleben - entdecken Sie die vielf\u00e4ltige kulinarische Landschaft dieser charmanten K\u00fcstenstadt. Tauchen Sie ein in authentische Aromen, entdecken Sie Spitzenrestaurants und genie\u00dfen Sie das Beste der K\u00fcche B\u00fazios.","robots":{"index":"index","follow":"follow","max-snippet":"max-snippet:-1","max-image-preview":"max-image-preview:large","max-video-preview":"max-video-preview:-1"},"canonical":"https:\/\/buzios-vibe.com\/de\/essen-getraenke","og_locale":"de_DE","og_type":"article","og_title":"B\u00fazios Speise- und Getr\u00e4nkef\u00fchrer: Genie\u00dfen Sie die kulinarischen K\u00f6stlichkeiten Brasiliens","og_description":"Probieren Sie das beste Essen in B\u00fazios, Brasilien! Von lokalen Delikatessen und feinen Speisen bis hin zu Strandcaf\u00e9s und einem pulsierenden Nachtleben - entdecken Sie die vielf\u00e4ltige kulinarische Landschaft dieser charmanten K\u00fcstenstadt. Tauchen Sie ein in authentische Aromen, entdecken Sie Spitzenrestaurants und genie\u00dfen Sie das Beste der K\u00fcche B\u00fazios.","og_url":"https:\/\/buzios-vibe.com\/de\/essen-getraenke","og_site_name":"Buzios Vibe - all you need to know about Buzios","article_modified_time":"2023-10-17T15:22:47+00:00","og_image":[{"width":1030,"height":773,"url":"https:\/\/buzios-vibe.com\/wp-content\/uploads\/2023\/10\/hotel_casas_brancas_buzios_brazil_travel_blog-1030x773.png","type":"image\/png"}],"twitter_card":"summary_large_image","twitter_misc":{"Gesch\u00e4tzte Lesezeit":"3\u00a0Minuten"},"schema":{"@context":"https:\/\/schema.org","@graph":[{"@type":"WebPage","@id":"https:\/\/buzios-vibe.com\/de\/essen-getraenke","url":"https:\/\/buzios-vibe.com\/de\/essen-getraenke","name":"B\u00fazios Speise- und Getr\u00e4nkef\u00fchrer: Genie\u00dfen Sie die kulinarischen K\u00f6stlichkeiten Brasiliens","isPartOf":{"@id":"https:\/\/buzios-vibe.com\/de#website"},"datePublished":"2023-09-05T14:14:56+00:00","dateModified":"2023-10-17T15:22:47+00:00","description":"Probieren Sie das beste Essen in B\u00fazios, Brasilien! Von lokalen Delikatessen und feinen Speisen bis hin zu Strandcaf\u00e9s und einem pulsierenden Nachtleben - entdecken Sie die vielf\u00e4ltige kulinarische Landschaft dieser charmanten K\u00fcstenstadt. Tauchen Sie ein in authentische Aromen, entdecken Sie Spitzenrestaurants und genie\u00dfen Sie das Beste der K\u00fcche B\u00fazios.","breadcrumb":{"@id":"https:\/\/buzios-vibe.com\/de\/essen-getraenke#breadcrumb"},"inLanguage":"de","potentialAction":[{"@type":"ReadAction","target":["https:\/\/buzios-vibe.com\/de\/essen-getraenke"]}]},{"@type":"BreadcrumbList","@id":"https:\/\/buzios-vibe.com\/de\/essen-getraenke#breadcrumb","itemListElement":[{"@type":"ListItem","position":1,"name":"Home","item":"https:\/\/buzios-vibe.com\/de"},{"@type":"ListItem","position":2,"name":"Essen &#038; Getr\u00e4nke"}]},{"@type":"WebSite","@id":"https:\/\/buzios-vibe.com\/de#website","url":"https:\/\/buzios-vibe.com\/de","name":"Buzios Vibe - all you need to know about Buzios","description":"Buzios Vibe - all you need to know about Buzios","potentialAction":[{"@type":"SearchAction","target":{"@type":"EntryPoint","urlTemplate":"https:\/\/buzios-vibe.com\/de?s={search_term_string}"},"query-input":{"@type":"PropertyValueSpecification","valueRequired":true,"valueName":"search_term_string"}}],"inLanguage":"de"}]}},"_links":{"self":[{"href":"https:\/\/buzios-vibe.com\/de\/wp-json\/wp\/v2\/pages\/3074","targetHints":{"allow":["GET"]}}],"collection":[{"href":"https:\/\/buzios-vibe.com\/de\/wp-json\/wp\/v2\/pages"}],"about":[{"href":"https:\/\/buzios-vibe.com\/de\/wp-json\/wp\/v2\/types\/page"}],"author":[{"embeddable":true,"href":"https:\/\/buzios-vibe.com\/de\/wp-json\/wp\/v2\/users\/1"}],"replies":[{"embeddable":true,"href":"https:\/\/buzios-vibe.com\/de\/wp-json\/wp\/v2\/comments?post=3074"}],"version-history":[{"count":5,"href":"https:\/\/buzios-vibe.com\/de\/wp-json\/wp\/v2\/pages\/3074\/revisions"}],"predecessor-version":[{"id":3698,"href":"https:\/\/buzios-vibe.com\/de\/wp-json\/wp\/v2\/pages\/3074\/revisions\/3698"}],"wp:attachment":[{"href":"https:\/\/buzios-vibe.com\/de\/wp-json\/wp\/v2\/media?parent=3074"}],"curies":[{"name":"wp","href":"https:\/\/api.w.org\/{rel}","templated":true}]}}