{"id":3073,"date":"2023-09-05T11:16:26","date_gmt":"2023-09-05T14:16:26","guid":{"rendered":"https:\/\/buzios-vibe.com\/unterkunft"},"modified":"2024-11-15T15:32:11","modified_gmt":"2024-11-15T18:32:11","slug":"unterkunft","status":"publish","type":"page","link":"https:\/\/buzios-vibe.com\/de\/unterkunft","title":{"rendered":"Unterkunft"},"content":{"rendered":"<div  class='flex_column av-23j36r-234fdb38dbc7fd7f92753ad9a5c2ad24 av_one_full  avia-builder-el-0  avia-builder-el-no-sibling  first flex_column_div  '     ><p>\n<style type=\"text\/css\" data-created_by=\"avia_inline_auto\" id=\"style-css-av-lm6e7ufv-d14d9ff2d429b3abc09a1f58c51b856a\">\n#top .av-special-heading.av-lm6e7ufv-d14d9ff2d429b3abc09a1f58c51b856a{\npadding-bottom:10px;\n}\nbody .av-special-heading.av-lm6e7ufv-d14d9ff2d429b3abc09a1f58c51b856a .av-special-heading-tag .heading-char{\nfont-size:25px;\n}\n.av-special-heading.av-lm6e7ufv-d14d9ff2d429b3abc09a1f58c51b856a .av-subheading{\nfont-size:15px;\n}\n<\/style>\n<div  class='av-special-heading av-lm6e7ufv-d14d9ff2d429b3abc09a1f58c51b856a av-special-heading-h1  avia-builder-el-1  el_before_av_textblock  avia-builder-el-first '><h1 class='av-special-heading-tag'  itemprop=\"headline\"  >Unterkunft in B\u00fazios, Brasilien<\/h1><div class=\"special-heading-border\"><div class=\"special-heading-inner-border\"><\/div><\/div><\/div><br \/>\n<section  class='av_textblock_section av-lm6e89hb-6efc60a12acb9e3a4623e3a4eec586df '   itemscope=\"itemscope\" itemtype=\"https:\/\/schema.org\/CreativeWork\" ><div class='avia_textblock'  itemprop=\"text\" ><p>Sie planen eine Reise nach B\u00fazios und fragen sich, wo Sie \u00fcbernachten sollen? Hier sind Sie richtig! Unsere Kategorie Unterk\u00fcnfte in B\u00fazios ist Ihr umfassender Leitfaden, um die perfekte Unterkunft zu finden, die Ihrem Geschmack, Ihren Bed\u00fcrfnissen und Ihrem Budget entspricht. Von luxuri\u00f6sen Resorts direkt am Meer, die erstklassige Annehmlichkeiten bieten, bis hin zu gem\u00fctlichen Pousadas, in denen Sie die authentische brasilianische Gastfreundschaft erleben k\u00f6nnen, bietet B\u00fazios eine vielseitige Auswahl an Unterk\u00fcnften, die alle Arten von Reisenden ansprechen.<\/p>\n<p>In dieser Kategorie erfahren Sie mehr:<\/p>\n<ul>\n<li><strong>Luxus-Resorts<\/strong>: Informieren Sie sich \u00fcber die erstklassigen Resorts in B\u00fazios mit Spas, Privatstr\u00e4nden und Gourmetrestaurants.<\/li>\n<li><strong>Boutique-Hotels<\/strong>: Entdecken Sie kleine, schicke Hotels, die ein einzigartiges und pers\u00f6nliches Reiseerlebnis bieten.<\/li>\n<li><strong>Pousadas<\/strong>: Tauchen Sie ein in familiengef\u00fchrte Betriebe, die eine famili\u00e4re Atmosph\u00e4re und lokales Flair bieten.<\/li>\n<li><strong>Herbergen<\/strong>: Hier finden Sie Tipps zu preisg\u00fcnstigen Gemeinschaftsunterk\u00fcnften, die ideal f\u00fcr Rucksacktouristen und Alleinreisende sind.<\/li>\n<li><strong>Ferienvermietung<\/strong>: Ihr Wegweiser f\u00fcr Ihr Zuhause, ob es sich nun um eine Villa am Strand oder ein malerisches Apartment handelt.<\/li>\n<li><strong>Einzigartige Aufenthalte<\/strong>: Von H\u00fctten und \u00d6ko-Lodges bis hin zu G\u00e4steh\u00e4usern &#8211; entdecken Sie weniger bekannte M\u00f6glichkeiten f\u00fcr ein einzigartiges \u00dcbernachtungserlebnis.<\/li>\n<\/ul>\n<p>Treffen Sie mit Hilfe unserer Listen, Expertenbewertungen und Insider-Tipps fundierte Entscheidungen und finden Sie die Unterkunft, die Ihren Urlaub in B\u00fazios unvergesslich machen wird.<\/p>\n<\/div><\/section><br \/>\n<div  data-slideshow-options=\"{&quot;animation&quot;:&quot;fade&quot;,&quot;autoplay&quot;:false,&quot;loop_autoplay&quot;:&quot;once&quot;,&quot;interval&quot;:&quot;5&quot;,&quot;loop_manual&quot;:&quot;manual-once&quot;,&quot;autoplay_stopper&quot;:false,&quot;noNavigation&quot;:false,&quot;show_slide_delay&quot;:90}\" class='avia-content-slider avia-content-slider-active avia-content-slider1 avia-content-slider-odd  avia-builder-el-3  el_after_av_textblock  el_before_av_postslider  av-slideshow-ui av-control-default   av-no-slider-navigation av-slideshow-manual av-loop-once av-loop-manual-once '  itemscope=\"itemscope\" itemtype=\"https:\/\/schema.org\/Blog\" ><div class=\"avia-content-slider-inner\"><div class=\"slide-entry-wrap\"><article class='slide-entry flex_column  post-entry post-entry-3558 slide-entry-overview slide-loop-1 slide-parity-odd  av_one_third first real-thumbnail posttype-post post-format-standard'  itemscope=\"itemscope\" itemtype=\"https:\/\/schema.org\/CreativeWork\" ><a href='https:\/\/buzios-vibe.com\/de\/top-6-der-luxurioesen-resorts-in-buzios-vom-spa-bis-zum-gourmet-essen' data-rel='slide-1' class='slide-image' title='Top 6 der luxuri\u00f6sen Resorts in B\u00fazios: Vom Spa bis zum Gourmet-Essen'><img decoding=\"async\" width=\"495\" height=\"400\" src=\"https:\/\/buzios-vibe.com\/wp-content\/uploads\/2023\/10\/hotel_casas_brancas_buzios_brazil_travel_blog-495x400.png\" class=\"wp-image-3064 avia-img-lazy-loading-not-3064 attachment-portfolio size-portfolio wp-post-image\" alt=\"\" srcset=\"https:\/\/buzios-vibe.com\/wp-content\/uploads\/2023\/10\/hotel_casas_brancas_buzios_brazil_travel_blog-495x400.png 495w, https:\/\/buzios-vibe.com\/wp-content\/uploads\/2023\/10\/hotel_casas_brancas_buzios_brazil_travel_blog-845x684.png 845w\" sizes=\"(max-width: 495px) 100vw, 495px\" \/><\/a><div class=\"slide-content\"><header class=\"entry-content-header\"><span class=\"blog-categories minor-meta\"><a href=\"https:\/\/buzios-vibe.com\/de\/category\/unterkunft-in-buzios-brasilien\" rel=\"tag\">Unterkunft in B\u00fazios, Brasilien<\/a>  <\/span><h3 class='slide-entry-title entry-title '  itemprop=\"headline\" ><a href='https:\/\/buzios-vibe.com\/de\/top-6-der-luxurioesen-resorts-in-buzios-vom-spa-bis-zum-gourmet-essen' title='Top 6 der luxuri\u00f6sen Resorts in B\u00fazios: Vom Spa bis zum Gourmet-Essen'>Top 6 der luxuri\u00f6sen Resorts in B\u00fazios: Vom Spa bis zum Gourmet-Essen<\/a><\/h3><span class=\"av-vertical-delimiter\"><\/span><\/header><div class='slide-entry-excerpt entry-content'  itemprop=\"text\" >\nB\u00fazios bietet eine Reihe von luxuri\u00f6sen Unterk\u00fcnften f\u00fcr Reisende, die die besten Erfahrungen suchen. In diesem Artikel stellen wir Ihnen sechs der besten Resorts in Buzios vor, die einen unvergesslichen Aufenthalt versprechen.  \n\nSerena\u2026<div class=\"read-more-link\"><a href=\"https:\/\/buzios-vibe.com\/de\/top-6-der-luxurioesen-resorts-in-buzios-vom-spa-bis-zum-gourmet-essen\" class=\"more-link\">Weiterlesen<span class=\"more-link-arrow\"><\/span><\/a><\/div><\/div><\/div><footer class=\"entry-footer\"><div class=\"slide-meta\"><time class='slide-meta-time updated'  itemprop=\"datePublished\" datetime=\"2023-10-04T16:04:06-03:00\" >Oktober 4, 2023<\/time><div class=\"slide-meta-del\">\/<\/div><div class=\"slide-meta-comments\"><a href='https:\/\/buzios-vibe.com\/de\/top-6-der-luxurioesen-resorts-in-buzios-vom-spa-bis-zum-gourmet-essen#respond'>0 Kommentare<\/a><\/div><\/div><\/footer><span class='hidden'>\n\t\t\t\t<span class='av-structured-data'  itemprop=\"image\" itemscope=\"itemscope\" itemtype=\"https:\/\/schema.org\/ImageObject\" >\n\t\t\t\t\t\t<span itemprop='url'>https:\/\/buzios-vibe.com\/wp-content\/uploads\/2023\/10\/hotel_casas_brancas_buzios_brazil_travel_blog.png<\/span>\n\t\t\t\t\t\t<span itemprop='height'>3024<\/span>\n\t\t\t\t\t\t<span itemprop='width'>4032<\/span>\n\t\t\t\t<\/span>\n\t\t\t\t<span class='av-structured-data'  itemprop=\"publisher\" itemtype=\"https:\/\/schema.org\/Organization\" itemscope=\"itemscope\" >\n\t\t\t\t\t\t<span itemprop='name'>Marrai<\/span>\n\t\t\t\t\t\t<span itemprop='logo' itemscope itemtype='https:\/\/schema.org\/ImageObject'>\n\t\t\t\t\t\t\t<span itemprop='url'>https:\/\/buzios-vibe.com\/wp-content\/uploads\/2023\/04\/cropped-Buzios_Vibe_Logo-300x100.png<\/span>\n\t\t\t\t\t\t<\/span>\n\t\t\t\t<\/span><span class='av-structured-data'  itemprop=\"author\" itemscope=\"itemscope\" itemtype=\"https:\/\/schema.org\/Person\" ><span itemprop='name'>Marrai<\/span><\/span><span class='av-structured-data'  itemprop=\"datePublished\" datetime=\"2023-09-05T11:16:26-03:00\" >2023-10-04 16:04:06<\/span><span class='av-structured-data'  itemprop=\"dateModified\" itemtype=\"https:\/\/schema.org\/dateModified\" >2023-10-04 21:14:11<\/span><span class='av-structured-data'  itemprop=\"mainEntityOfPage\" itemtype=\"https:\/\/schema.org\/mainEntityOfPage\" ><span itemprop='name'>Top 6 der luxuri\u00f6sen Resorts in B\u00fazios: Vom Spa bis zum Gourmet-Essen<\/span><\/span><\/span><\/article><article class='slide-entry flex_column  post-entry post-entry-3559 slide-entry-overview slide-loop-2 slide-parity-even  av_one_third  real-thumbnail posttype-post post-format-standard'  itemscope=\"itemscope\" itemtype=\"https:\/\/schema.org\/CreativeWork\" ><a href='https:\/\/buzios-vibe.com\/de\/5-hotels-direkt-am-strand-in-buzios-fuer-jedes-budget' data-rel='slide-1' class='slide-image' title='5 Hotels direkt am Strand in B\u00fazios f\u00fcr jedes Budget'><img decoding=\"async\" width=\"495\" height=\"400\" src=\"https:\/\/buzios-vibe.com\/wp-content\/uploads\/2023\/09\/buzios_beach_praia_do_canto_center-495x400.png\" class=\"wp-image-2974 avia-img-lazy-loading-not-2974 attachment-portfolio size-portfolio wp-post-image\" alt=\"\" srcset=\"https:\/\/buzios-vibe.com\/wp-content\/uploads\/2023\/09\/buzios_beach_praia_do_canto_center-495x400.png 495w, https:\/\/buzios-vibe.com\/wp-content\/uploads\/2023\/09\/buzios_beach_praia_do_canto_center-845x684.png 845w\" sizes=\"(max-width: 495px) 100vw, 495px\" \/><\/a><div class=\"slide-content\"><header class=\"entry-content-header\"><span class=\"blog-categories minor-meta\"><a href=\"https:\/\/buzios-vibe.com\/de\/category\/unterkunft-in-buzios-brasilien\" rel=\"tag\">Unterkunft in B\u00fazios, Brasilien<\/a>  <\/span><h3 class='slide-entry-title entry-title '  itemprop=\"headline\" ><a href='https:\/\/buzios-vibe.com\/de\/5-hotels-direkt-am-strand-in-buzios-fuer-jedes-budget' title='5 Hotels direkt am Strand in B\u00fazios f\u00fcr jedes Budget'>5 Hotels direkt am Strand in B\u00fazios f\u00fcr jedes Budget<\/a><\/h3><span class=\"av-vertical-delimiter\"><\/span><\/header><div class='slide-entry-excerpt entry-content'  itemprop=\"text\" >\nSie suchen ein Hotel in Strandn\u00e4he in B\u00fazios? Dann pr\u00fcfen Sie unsere Empfehlungen f\u00fcr Unterk\u00fcnfte, die direkt an diesen Sandstr\u00e4nden liegen. Wenn Sie mit dem Rauschen der Wellen aufwachen und von Ihrem Hotel aus direkt an den Strand gehen\u2026<div class=\"read-more-link\"><a href=\"https:\/\/buzios-vibe.com\/de\/5-hotels-direkt-am-strand-in-buzios-fuer-jedes-budget\" class=\"more-link\">Weiterlesen<span class=\"more-link-arrow\"><\/span><\/a><\/div><\/div><\/div><footer class=\"entry-footer\"><div class=\"slide-meta\"><time class='slide-meta-time updated'  itemprop=\"datePublished\" datetime=\"2023-10-02T16:10:46-03:00\" >Oktober 2, 2023<\/time><div class=\"slide-meta-del\">\/<\/div><div class=\"slide-meta-comments\"><a href='https:\/\/buzios-vibe.com\/de\/5-hotels-direkt-am-strand-in-buzios-fuer-jedes-budget#respond'>0 Kommentare<\/a><\/div><\/div><\/footer><span class='hidden'>\n\t\t\t\t<span class='av-structured-data'  itemprop=\"image\" itemscope=\"itemscope\" itemtype=\"https:\/\/schema.org\/ImageObject\" >\n\t\t\t\t\t\t<span itemprop='url'>https:\/\/buzios-vibe.com\/wp-content\/uploads\/2023\/09\/buzios_beach_praia_do_canto_center.png<\/span>\n\t\t\t\t\t\t<span itemprop='height'>2266<\/span>\n\t\t\t\t\t\t<span itemprop='width'>3022<\/span>\n\t\t\t\t<\/span>\n\t\t\t\t<span class='av-structured-data'  itemprop=\"publisher\" itemtype=\"https:\/\/schema.org\/Organization\" itemscope=\"itemscope\" >\n\t\t\t\t\t\t<span itemprop='name'>Marrai<\/span>\n\t\t\t\t\t\t<span itemprop='logo' itemscope itemtype='https:\/\/schema.org\/ImageObject'>\n\t\t\t\t\t\t\t<span itemprop='url'>https:\/\/buzios-vibe.com\/wp-content\/uploads\/2023\/04\/cropped-Buzios_Vibe_Logo-300x100.png<\/span>\n\t\t\t\t\t\t<\/span>\n\t\t\t\t<\/span><span class='av-structured-data'  itemprop=\"author\" itemscope=\"itemscope\" itemtype=\"https:\/\/schema.org\/Person\" ><span itemprop='name'>Marrai<\/span><\/span><span class='av-structured-data'  itemprop=\"datePublished\" datetime=\"2023-09-05T11:16:26-03:00\" >2023-10-02 16:10:46<\/span><span class='av-structured-data'  itemprop=\"dateModified\" itemtype=\"https:\/\/schema.org\/dateModified\" >2023-10-04 21:14:09<\/span><span class='av-structured-data'  itemprop=\"mainEntityOfPage\" itemtype=\"https:\/\/schema.org\/mainEntityOfPage\" ><span itemprop='name'>5 Hotels direkt am Strand in B\u00fazios f\u00fcr jedes Budget<\/span><\/span><\/span><\/article><article class='slide-entry flex_column  post-entry post-entry-3422 slide-entry-overview slide-loop-3 slide-parity-odd  post-entry-last  av_one_third  real-thumbnail posttype-post post-format-standard'  itemscope=\"itemscope\" itemtype=\"https:\/\/schema.org\/CreativeWork\" ><a href='https:\/\/buzios-vibe.com\/de\/unterkunftsmoeglichkeiten-in-buzios-brasilien-von-luxus-resorts-bis-zu-preisguenstigen-hostels' data-rel='slide-1' class='slide-image' title='Unterkunftsm\u00f6glichkeiten in B\u00fazios, Brasilien: Von Luxus-Resorts bis zu preisg\u00fcnstigen Hostels'><img decoding=\"async\" width=\"495\" height=\"400\" src=\"https:\/\/buzios-vibe.com\/wp-content\/uploads\/2023\/08\/hotel_in_buzios-495x400.png\" class=\"wp-image-2829 avia-img-lazy-loading-not-2829 attachment-portfolio size-portfolio wp-post-image\" alt=\"\" srcset=\"https:\/\/buzios-vibe.com\/wp-content\/uploads\/2023\/08\/hotel_in_buzios-495x400.png 495w, https:\/\/buzios-vibe.com\/wp-content\/uploads\/2023\/08\/hotel_in_buzios-845x684.png 845w\" sizes=\"(max-width: 495px) 100vw, 495px\" \/><\/a><div class=\"slide-content\"><header class=\"entry-content-header\"><span class=\"blog-categories minor-meta\"><a href=\"https:\/\/buzios-vibe.com\/de\/category\/unterkunft-in-buzios-brasilien\" rel=\"tag\">Unterkunft in B\u00fazios, Brasilien<\/a>  <\/span><h3 class='slide-entry-title entry-title '  itemprop=\"headline\" ><a href='https:\/\/buzios-vibe.com\/de\/unterkunftsmoeglichkeiten-in-buzios-brasilien-von-luxus-resorts-bis-zu-preisguenstigen-hostels' title='Unterkunftsm\u00f6glichkeiten in B\u00fazios, Brasilien: Von Luxus-Resorts bis zu preisg\u00fcnstigen Hostels'>Unterkunftsm\u00f6glichkeiten in B\u00fazios, Brasilien: Von Luxus-Resorts bis zu preisg\u00fcnstigen Hostels<\/a><\/h3><span class=\"av-vertical-delimiter\"><\/span><\/header><div class='slide-entry-excerpt entry-content'  itemprop=\"text\" >\nArma\u00e7\u00e3o dos B\u00fazios, allgemein als B\u00fazios bekannt, ist eine charmante K\u00fcstenstadt im brasilianischen Bundesstaat Rio de Janeiro, die eine breite Palette von Unterkunftsm\u00f6glichkeiten f\u00fcr alle Bed\u00fcrfnisse und Budgets von Reisenden bietet.\u2026<div class=\"read-more-link\"><a href=\"https:\/\/buzios-vibe.com\/de\/unterkunftsmoeglichkeiten-in-buzios-brasilien-von-luxus-resorts-bis-zu-preisguenstigen-hostels\" class=\"more-link\">Weiterlesen<span class=\"more-link-arrow\"><\/span><\/a><\/div><\/div><\/div><footer class=\"entry-footer\"><div class=\"slide-meta\"><time class='slide-meta-time updated'  itemprop=\"datePublished\" datetime=\"2023-08-31T10:48:58-03:00\" >August 31, 2023<\/time><div class=\"slide-meta-del\">\/<\/div><div class=\"slide-meta-comments\"><a href='https:\/\/buzios-vibe.com\/de\/unterkunftsmoeglichkeiten-in-buzios-brasilien-von-luxus-resorts-bis-zu-preisguenstigen-hostels#respond'>0 Kommentare<\/a><\/div><\/div><\/footer><span class='hidden'>\n\t\t\t\t<span class='av-structured-data'  itemprop=\"image\" itemscope=\"itemscope\" itemtype=\"https:\/\/schema.org\/ImageObject\" >\n\t\t\t\t\t\t<span itemprop='url'>https:\/\/buzios-vibe.com\/wp-content\/uploads\/2023\/08\/hotel_in_buzios.png<\/span>\n\t\t\t\t\t\t<span itemprop='height'>2266<\/span>\n\t\t\t\t\t\t<span itemprop='width'>3022<\/span>\n\t\t\t\t<\/span>\n\t\t\t\t<span class='av-structured-data'  itemprop=\"publisher\" itemtype=\"https:\/\/schema.org\/Organization\" itemscope=\"itemscope\" >\n\t\t\t\t\t\t<span itemprop='name'>Marrai<\/span>\n\t\t\t\t\t\t<span itemprop='logo' itemscope itemtype='https:\/\/schema.org\/ImageObject'>\n\t\t\t\t\t\t\t<span itemprop='url'>https:\/\/buzios-vibe.com\/wp-content\/uploads\/2023\/04\/cropped-Buzios_Vibe_Logo-300x100.png<\/span>\n\t\t\t\t\t\t<\/span>\n\t\t\t\t<\/span><span class='av-structured-data'  itemprop=\"author\" itemscope=\"itemscope\" itemtype=\"https:\/\/schema.org\/Person\" ><span itemprop='name'>Marrai<\/span><\/span><span class='av-structured-data'  itemprop=\"datePublished\" datetime=\"2023-09-05T11:16:26-03:00\" >2023-08-31 10:48:58<\/span><span class='av-structured-data'  itemprop=\"dateModified\" itemtype=\"https:\/\/schema.org\/dateModified\" >2024-11-15 15:28:24<\/span><span class='av-structured-data'  itemprop=\"mainEntityOfPage\" itemtype=\"https:\/\/schema.org\/mainEntityOfPage\" ><span itemprop='name'>Unterkunftsm\u00f6glichkeiten in B\u00fazios, Brasilien: Von Luxus-Resorts bis zu preisg\u00fcnstigen Hostels<\/span><\/span><\/span><\/article><\/div><\/div><\/div><br \/>\n<br \/>\n<br \/>\n<br \/>\n<\/p><\/div>\n","protected":false},"excerpt":{"rendered":"","protected":false},"author":1,"featured_media":0,"parent":0,"menu_order":0,"comment_status":"closed","ping_status":"closed","template":"","meta":{"footnotes":""},"class_list":["post-3073","page","type-page","status-publish","hentry"],"yoast_head":"<!-- This site is optimized with the Yoast SEO plugin v25.7 - https:\/\/yoast.com\/wordpress\/plugins\/seo\/ -->\n<title>B\u00fazios Unterkunftsf\u00fchrer: Von luxuri\u00f6sen Resorts bis zu einzigartigen Unterk\u00fcnften<\/title>\n<meta name=\"description\" content=\"Entdecken Sie die besten Orte zum \u00dcbernachten in B\u00fazios, Brasilien. Von opulenten Resorts am Meer \u00fcber Boutique-Hotels bis hin zu charmanten Pousadas und preisg\u00fcnstigen Herbergen - finden Sie die perfekte Unterkunft, die auf Ihre Vorlieben und Ihr Budget zugeschnitten ist, um einen unvergesslichen Aufenthalt in B\u00fazios zu erleben.\" \/>\n<meta name=\"robots\" content=\"index, follow, max-snippet:-1, max-image-preview:large, max-video-preview:-1\" \/>\n<link rel=\"canonical\" href=\"https:\/\/buzios-vibe.com\/de\/unterkunft\" \/>\n<meta property=\"og:locale\" content=\"de_DE\" \/>\n<meta property=\"og:type\" content=\"article\" \/>\n<meta property=\"og:title\" content=\"B\u00fazios Unterkunftsf\u00fchrer: Von luxuri\u00f6sen Resorts bis zu einzigartigen Unterk\u00fcnften\" \/>\n<meta property=\"og:description\" content=\"Entdecken Sie die besten Orte zum \u00dcbernachten in B\u00fazios, Brasilien. Von opulenten Resorts am Meer \u00fcber Boutique-Hotels bis hin zu charmanten Pousadas und preisg\u00fcnstigen Herbergen - finden Sie die perfekte Unterkunft, die auf Ihre Vorlieben und Ihr Budget zugeschnitten ist, um einen unvergesslichen Aufenthalt in B\u00fazios zu erleben.\" \/>\n<meta property=\"og:url\" content=\"https:\/\/buzios-vibe.com\/de\/unterkunft\" \/>\n<meta property=\"og:site_name\" content=\"Buzios Vibe - all you need to know about Buzios\" \/>\n<meta property=\"article:modified_time\" content=\"2024-11-15T18:32:11+00:00\" \/>\n<meta property=\"og:image\" content=\"https:\/\/buzios-vibe.com\/wp-content\/uploads\/2023\/10\/hotel_casas_brancas_buzios_brazil_travel_blog-1030x773.png\" \/>\n\t<meta property=\"og:image:width\" content=\"1030\" \/>\n\t<meta property=\"og:image:height\" content=\"773\" \/>\n\t<meta property=\"og:image:type\" content=\"image\/png\" \/>\n<meta name=\"twitter:card\" content=\"summary_large_image\" \/>\n<meta name=\"twitter:label1\" content=\"Gesch\u00e4tzte Lesezeit\" \/>\n\t<meta name=\"twitter:data1\" content=\"8\u00a0Minuten\" \/>\n<script type=\"application\/ld+json\" class=\"yoast-schema-graph\">{\"@context\":\"https:\/\/schema.org\",\"@graph\":[{\"@type\":\"WebPage\",\"@id\":\"https:\/\/buzios-vibe.com\/de\/unterkunft\",\"url\":\"https:\/\/buzios-vibe.com\/de\/unterkunft\",\"name\":\"B\u00fazios Unterkunftsf\u00fchrer: Von luxuri\u00f6sen Resorts bis zu einzigartigen Unterk\u00fcnften\",\"isPartOf\":{\"@id\":\"https:\/\/buzios-vibe.com\/de#website\"},\"datePublished\":\"2023-09-05T14:16:26+00:00\",\"dateModified\":\"2024-11-15T18:32:11+00:00\",\"description\":\"Entdecken Sie die besten Orte zum \u00dcbernachten in B\u00fazios, Brasilien. Von opulenten Resorts am Meer \u00fcber Boutique-Hotels bis hin zu charmanten Pousadas und preisg\u00fcnstigen Herbergen - finden Sie die perfekte Unterkunft, die auf Ihre Vorlieben und Ihr Budget zugeschnitten ist, um einen unvergesslichen Aufenthalt in B\u00fazios zu erleben.\",\"breadcrumb\":{\"@id\":\"https:\/\/buzios-vibe.com\/de\/unterkunft#breadcrumb\"},\"inLanguage\":\"de\",\"potentialAction\":[{\"@type\":\"ReadAction\",\"target\":[\"https:\/\/buzios-vibe.com\/de\/unterkunft\"]}]},{\"@type\":\"BreadcrumbList\",\"@id\":\"https:\/\/buzios-vibe.com\/de\/unterkunft#breadcrumb\",\"itemListElement\":[{\"@type\":\"ListItem\",\"position\":1,\"name\":\"Home\",\"item\":\"https:\/\/buzios-vibe.com\/de\"},{\"@type\":\"ListItem\",\"position\":2,\"name\":\"Unterkunft\"}]},{\"@type\":\"WebSite\",\"@id\":\"https:\/\/buzios-vibe.com\/de#website\",\"url\":\"https:\/\/buzios-vibe.com\/de\",\"name\":\"Buzios Vibe - all you need to know about Buzios\",\"description\":\"Buzios Vibe - all you need to know about Buzios\",\"potentialAction\":[{\"@type\":\"SearchAction\",\"target\":{\"@type\":\"EntryPoint\",\"urlTemplate\":\"https:\/\/buzios-vibe.com\/de?s={search_term_string}\"},\"query-input\":{\"@type\":\"PropertyValueSpecification\",\"valueRequired\":true,\"valueName\":\"search_term_string\"}}],\"inLanguage\":\"de\"}]}<\/script>\n<!-- \/ Yoast SEO plugin. -->","yoast_head_json":{"title":"B\u00fazios Unterkunftsf\u00fchrer: Von luxuri\u00f6sen Resorts bis zu einzigartigen Unterk\u00fcnften","description":"Entdecken Sie die besten Orte zum \u00dcbernachten in B\u00fazios, Brasilien. Von opulenten Resorts am Meer \u00fcber Boutique-Hotels bis hin zu charmanten Pousadas und preisg\u00fcnstigen Herbergen - finden Sie die perfekte Unterkunft, die auf Ihre Vorlieben und Ihr Budget zugeschnitten ist, um einen unvergesslichen Aufenthalt in B\u00fazios zu erleben.","robots":{"index":"index","follow":"follow","max-snippet":"max-snippet:-1","max-image-preview":"max-image-preview:large","max-video-preview":"max-video-preview:-1"},"canonical":"https:\/\/buzios-vibe.com\/de\/unterkunft","og_locale":"de_DE","og_type":"article","og_title":"B\u00fazios Unterkunftsf\u00fchrer: Von luxuri\u00f6sen Resorts bis zu einzigartigen Unterk\u00fcnften","og_description":"Entdecken Sie die besten Orte zum \u00dcbernachten in B\u00fazios, Brasilien. Von opulenten Resorts am Meer \u00fcber Boutique-Hotels bis hin zu charmanten Pousadas und preisg\u00fcnstigen Herbergen - finden Sie die perfekte Unterkunft, die auf Ihre Vorlieben und Ihr Budget zugeschnitten ist, um einen unvergesslichen Aufenthalt in B\u00fazios zu erleben.","og_url":"https:\/\/buzios-vibe.com\/de\/unterkunft","og_site_name":"Buzios Vibe - all you need to know about Buzios","article_modified_time":"2024-11-15T18:32:11+00:00","og_image":[{"width":1030,"height":773,"url":"https:\/\/buzios-vibe.com\/wp-content\/uploads\/2023\/10\/hotel_casas_brancas_buzios_brazil_travel_blog-1030x773.png","type":"image\/png"}],"twitter_card":"summary_large_image","twitter_misc":{"Gesch\u00e4tzte Lesezeit":"8\u00a0Minuten"},"schema":{"@context":"https:\/\/schema.org","@graph":[{"@type":"WebPage","@id":"https:\/\/buzios-vibe.com\/de\/unterkunft","url":"https:\/\/buzios-vibe.com\/de\/unterkunft","name":"B\u00fazios Unterkunftsf\u00fchrer: Von luxuri\u00f6sen Resorts bis zu einzigartigen Unterk\u00fcnften","isPartOf":{"@id":"https:\/\/buzios-vibe.com\/de#website"},"datePublished":"2023-09-05T14:16:26+00:00","dateModified":"2024-11-15T18:32:11+00:00","description":"Entdecken Sie die besten Orte zum \u00dcbernachten in B\u00fazios, Brasilien. Von opulenten Resorts am Meer \u00fcber Boutique-Hotels bis hin zu charmanten Pousadas und preisg\u00fcnstigen Herbergen - finden Sie die perfekte Unterkunft, die auf Ihre Vorlieben und Ihr Budget zugeschnitten ist, um einen unvergesslichen Aufenthalt in B\u00fazios zu erleben.","breadcrumb":{"@id":"https:\/\/buzios-vibe.com\/de\/unterkunft#breadcrumb"},"inLanguage":"de","potentialAction":[{"@type":"ReadAction","target":["https:\/\/buzios-vibe.com\/de\/unterkunft"]}]},{"@type":"BreadcrumbList","@id":"https:\/\/buzios-vibe.com\/de\/unterkunft#breadcrumb","itemListElement":[{"@type":"ListItem","position":1,"name":"Home","item":"https:\/\/buzios-vibe.com\/de"},{"@type":"ListItem","position":2,"name":"Unterkunft"}]},{"@type":"WebSite","@id":"https:\/\/buzios-vibe.com\/de#website","url":"https:\/\/buzios-vibe.com\/de","name":"Buzios Vibe - all you need to know about Buzios","description":"Buzios Vibe - all you need to know about Buzios","potentialAction":[{"@type":"SearchAction","target":{"@type":"EntryPoint","urlTemplate":"https:\/\/buzios-vibe.com\/de?s={search_term_string}"},"query-input":{"@type":"PropertyValueSpecification","valueRequired":true,"valueName":"search_term_string"}}],"inLanguage":"de"}]}},"_links":{"self":[{"href":"https:\/\/buzios-vibe.com\/de\/wp-json\/wp\/v2\/pages\/3073","targetHints":{"allow":["GET"]}}],"collection":[{"href":"https:\/\/buzios-vibe.com\/de\/wp-json\/wp\/v2\/pages"}],"about":[{"href":"https:\/\/buzios-vibe.com\/de\/wp-json\/wp\/v2\/types\/page"}],"author":[{"embeddable":true,"href":"https:\/\/buzios-vibe.com\/de\/wp-json\/wp\/v2\/users\/1"}],"replies":[{"embeddable":true,"href":"https:\/\/buzios-vibe.com\/de\/wp-json\/wp\/v2\/comments?post=3073"}],"version-history":[{"count":1,"href":"https:\/\/buzios-vibe.com\/de\/wp-json\/wp\/v2\/pages\/3073\/revisions"}],"predecessor-version":[{"id":3078,"href":"https:\/\/buzios-vibe.com\/de\/wp-json\/wp\/v2\/pages\/3073\/revisions\/3078"}],"wp:attachment":[{"href":"https:\/\/buzios-vibe.com\/de\/wp-json\/wp\/v2\/media?parent=3073"}],"curies":[{"name":"wp","href":"https:\/\/api.w.org\/{rel}","templated":true}]}}