{"id":3069,"date":"2023-09-05T11:10:12","date_gmt":"2023-09-05T14:10:12","guid":{"rendered":"https:\/\/buzios-vibe.com\/kultur-und-geschichte"},"modified":"2023-10-17T12:25:54","modified_gmt":"2023-10-17T15:25:54","slug":"kultur-und-geschichte","status":"publish","type":"page","link":"https:\/\/buzios-vibe.com\/de\/kultur-und-geschichte","title":{"rendered":"Kultur und Geschichte"},"content":{"rendered":"<div  class='flex_column av-38ka70-6a75953a90a2a2ed36ad84e0f8f79008 av_one_full  avia-builder-el-0  avia-builder-el-no-sibling  first flex_column_div  '     ><p>\n<style type=\"text\/css\" data-created_by=\"avia_inline_auto\" id=\"style-css-av-lm6dzgia-e3c4cad33645c7ee9f96c15f9135ffd5\">\n#top .av-special-heading.av-lm6dzgia-e3c4cad33645c7ee9f96c15f9135ffd5{\npadding-bottom:10px;\n}\nbody .av-special-heading.av-lm6dzgia-e3c4cad33645c7ee9f96c15f9135ffd5 .av-special-heading-tag .heading-char{\nfont-size:25px;\n}\n.av-special-heading.av-lm6dzgia-e3c4cad33645c7ee9f96c15f9135ffd5 .av-subheading{\nfont-size:15px;\n}\n<\/style>\n<div  class='av-special-heading av-lm6dzgia-e3c4cad33645c7ee9f96c15f9135ffd5 av-special-heading-h1  avia-builder-el-1  el_before_av_textblock  avia-builder-el-first '><h1 class='av-special-heading-tag'  itemprop=\"headline\"  >Kultur <span class='special_amp'>&amp;<\/span> Geschichte in B\u00fazios, Brazil<\/h1><div class=\"special-heading-border\"><div class=\"special-heading-inner-border\"><\/div><\/div><\/div><br \/>\n<section  class='av_textblock_section av-lm6dzzg9-e7361ebb449422db064bde8fdca6d374 '   itemscope=\"itemscope\" itemtype=\"https:\/\/schema.org\/CreativeWork\" ><div class='avia_textblock'  itemprop=\"text\" ><p>Tauchen Sie ein in die reiche Kultur und Geschichte, die die charmante K\u00fcstenstadt B\u00fazios in Brasilien umgibt. W\u00e4hrend die Str\u00e4nde und Naturlandschaften oft im Rampenlicht stehen, ist B\u00fazios auch ein Ort, der von historischer Bedeutung und kulturellem Reichtum gepr\u00e4gt ist. In diesem Abschnitt erfahren Sie mehr \u00fcber die verschiedenen Einfl\u00fcsse und Geschichten, die diese Stadt am Meer gepr\u00e4gt haben &#8211; von ihren Anf\u00e4ngen als Fischerdorf bis zu ihrem heutigen Status als kosmopolitisches Reiseziel.<\/p>\n<p>In dieser Kategorie Kultur &amp; Geschichte erfahren Sie mehr:<\/p>\n<ul>\n<li><strong>Historische Wahrzeichen:<\/strong> Erkunden Sie die Denkm\u00e4ler, Kirchen und anderen St\u00e4tten, die von der bewegten Vergangenheit von B\u00fazios erz\u00e4hlen.<\/li>\n<li><strong>Kulturelle Einfl\u00fcsse:<\/strong> Erfahren Sie mehr \u00fcber die Vielfalt der Kulturen, die B\u00fazios beeinflusst haben, von den indigenen Gemeinschaften \u00fcber die portugiesischen Entdecker bis hin zu den internationalen Bewohnern von heute.<\/li>\n<li><strong>Kunst und Kunsthandwerk:<\/strong> Entdecken Sie die bl\u00fchende lokale Kunstszene, von Galerien bis hin zu Freiluftm\u00e4rkten, auf denen handgefertigtes Kunsthandwerk angeboten wird.<\/li>\n<li><strong>Lokale Festivals und Veranstaltungen:<\/strong> Informieren Sie sich \u00fcber die wichtigsten Feste, von religi\u00f6sen Feiern bis hin zu kulturellen Veranstaltungen, die die Gemeinschaft zusammenbringen.<\/li>\n<li><strong>Der Einfluss von Brigitte Bardot:<\/strong> Erfahren Sie, wie der internationale Filmstar B\u00fazios auf die Landkarte brachte und welchen Einfluss sie bis heute auf die Stadt hat.<\/li>\n<li><strong>Musik und Tanz:<\/strong> Erkunden Sie die lokale Musikszene, die von traditionellem Samba bis hin zu zeitgen\u00f6ssischem brasilianischem Pop reicht.<\/li>\n<li><strong>Indigenes Erbe:<\/strong> Gewinnen Sie einen Einblick in die Rolle der indigenen V\u00f6lker bei der Gestaltung der Geschichte und Kultur der Region.<\/li>\n<\/ul>\n<p>Egal, ob Sie ein Geschichtsliebhaber, ein Kulturinteressierter oder ein Reisender sind, der sein Verst\u00e4ndnis f\u00fcr sein Urlaubsziel vertiefen m\u00f6chte, diese Kategorie bietet Ihnen einen umfassenden Einblick in die Seele von B\u00fazios.<\/p>\n<\/div><\/section><br \/>\n<div  data-slideshow-options=\"{&quot;animation&quot;:&quot;fade&quot;,&quot;autoplay&quot;:false,&quot;loop_autoplay&quot;:&quot;once&quot;,&quot;interval&quot;:&quot;5&quot;,&quot;loop_manual&quot;:&quot;manual-once&quot;,&quot;autoplay_stopper&quot;:false,&quot;noNavigation&quot;:false,&quot;show_slide_delay&quot;:90}\" class='avia-content-slider avia-content-slider-active avia-content-slider1 avia-content-slider-odd  avia-builder-el-3  el_after_av_textblock  el_before_av_postslider  av-slideshow-ui av-control-default   av-no-slider-navigation av-slideshow-manual av-loop-once av-loop-manual-once '  itemscope=\"itemscope\" itemtype=\"https:\/\/schema.org\/Blog\" ><div class=\"avia-content-slider-inner\"><div class=\"slide-entry-wrap\"><article class='slide-entry flex_column  post-entry post-entry-3518 slide-entry-overview slide-loop-1 slide-parity-odd  av_one_third first real-thumbnail posttype-post post-format-standard'  itemscope=\"itemscope\" itemtype=\"https:\/\/schema.org\/CreativeWork\" ><a href='https:\/\/buzios-vibe.com\/de\/auf-entdeckungsreise-in-die-vergangenheit-historische-sehenswuerdigkeiten-in-buzios' data-rel='slide-1' class='slide-image' title='Auf Entdeckungsreise in die Vergangenheit: Historische Sehensw\u00fcrdigkeiten in B\u00fazios'><img decoding=\"async\" width=\"495\" height=\"400\" src=\"https:\/\/buzios-vibe.com\/wp-content\/uploads\/2023\/09\/church_sant_anna_buzios_brazil_travel_blog-495x400.png\" class=\"wp-image-2749 avia-img-lazy-loading-not-2749 attachment-portfolio size-portfolio wp-post-image\" alt=\"\" srcset=\"https:\/\/buzios-vibe.com\/wp-content\/uploads\/2023\/09\/church_sant_anna_buzios_brazil_travel_blog-495x400.png 495w, https:\/\/buzios-vibe.com\/wp-content\/uploads\/2023\/09\/church_sant_anna_buzios_brazil_travel_blog-845x684.png 845w\" sizes=\"(max-width: 495px) 100vw, 495px\" \/><\/a><div class=\"slide-content\"><header class=\"entry-content-header\"><span class=\"blog-categories minor-meta\"><a href=\"https:\/\/buzios-vibe.com\/de\/category\/kultur-geschichte-in-buzios-brasilien\" rel=\"tag\">Kultur &amp; Geschichte in B\u00fazios, Brasilien<\/a>  <\/span><h3 class='slide-entry-title entry-title '  itemprop=\"headline\" ><a href='https:\/\/buzios-vibe.com\/de\/auf-entdeckungsreise-in-die-vergangenheit-historische-sehenswuerdigkeiten-in-buzios' title='Auf Entdeckungsreise in die Vergangenheit: Historische Sehensw\u00fcrdigkeiten in B\u00fazios'>Auf Entdeckungsreise in die Vergangenheit: Historische Sehensw\u00fcrdigkeiten in B\u00fazios<\/a><\/h3><span class=\"av-vertical-delimiter\"><\/span><\/header><div class='slide-entry-excerpt entry-content'  itemprop=\"text\" >\nB\u00fazios, die ber\u00fchmte brasilianische K\u00fcstenstadt, ist weithin bekannt f\u00fcr ihre idyllischen Str\u00e4nde, ihre Wassersportm\u00f6glichkeiten und ihre lebhafte Atmosph\u00e4re. Die wenigsten wissen jedoch, dass dieses pulsierende Reiseziel auch eine Reihe\u2026<div class=\"read-more-link\"><a href=\"https:\/\/buzios-vibe.com\/de\/auf-entdeckungsreise-in-die-vergangenheit-historische-sehenswuerdigkeiten-in-buzios\" class=\"more-link\">Weiterlesen<span class=\"more-link-arrow\"><\/span><\/a><\/div><\/div><\/div><footer class=\"entry-footer\"><div class=\"slide-meta\"><time class='slide-meta-time updated'  itemprop=\"datePublished\" datetime=\"2023-09-04T13:58:11-03:00\" >September 4, 2023<\/time><div class=\"slide-meta-del\">\/<\/div><div class=\"slide-meta-comments\"><a href='https:\/\/buzios-vibe.com\/de\/auf-entdeckungsreise-in-die-vergangenheit-historische-sehenswuerdigkeiten-in-buzios#respond'>0 Kommentare<\/a><\/div><\/div><\/footer><span class='hidden'>\n\t\t\t\t<span class='av-structured-data'  itemprop=\"image\" itemscope=\"itemscope\" itemtype=\"https:\/\/schema.org\/ImageObject\" >\n\t\t\t\t\t\t<span itemprop='url'>https:\/\/buzios-vibe.com\/wp-content\/uploads\/2023\/09\/church_sant_anna_buzios_brazil_travel_blog.png<\/span>\n\t\t\t\t\t\t<span itemprop='height'>3024<\/span>\n\t\t\t\t\t\t<span itemprop='width'>4032<\/span>\n\t\t\t\t<\/span>\n\t\t\t\t<span class='av-structured-data'  itemprop=\"publisher\" itemtype=\"https:\/\/schema.org\/Organization\" itemscope=\"itemscope\" >\n\t\t\t\t\t\t<span itemprop='name'>Marrai<\/span>\n\t\t\t\t\t\t<span itemprop='logo' itemscope itemtype='https:\/\/schema.org\/ImageObject'>\n\t\t\t\t\t\t\t<span itemprop='url'>https:\/\/buzios-vibe.com\/wp-content\/uploads\/2023\/04\/cropped-Buzios_Vibe_Logo-300x100.png<\/span>\n\t\t\t\t\t\t<\/span>\n\t\t\t\t<\/span><span class='av-structured-data'  itemprop=\"author\" itemscope=\"itemscope\" itemtype=\"https:\/\/schema.org\/Person\" ><span itemprop='name'>Marrai<\/span><\/span><span class='av-structured-data'  itemprop=\"datePublished\" datetime=\"2023-09-05T11:10:12-03:00\" >2023-09-04 13:58:11<\/span><span class='av-structured-data'  itemprop=\"dateModified\" itemtype=\"https:\/\/schema.org\/dateModified\" >2024-11-15 15:34:26<\/span><span class='av-structured-data'  itemprop=\"mainEntityOfPage\" itemtype=\"https:\/\/schema.org\/mainEntityOfPage\" ><span itemprop='name'>Auf Entdeckungsreise in die Vergangenheit: Historische Sehensw\u00fcrdigkeiten in B\u00fazios<\/span><\/span><\/span><\/article><article class='slide-entry flex_column  post-entry post-entry-3445 slide-entry-overview slide-loop-2 slide-parity-even  av_one_third  real-thumbnail posttype-post post-format-standard'  itemscope=\"itemscope\" itemtype=\"https:\/\/schema.org\/CreativeWork\" ><a href='https:\/\/buzios-vibe.com\/de\/brigitte-bardot-der-star-der-buzios-auf-die-landkarte-brachte' data-rel='slide-1' class='slide-image' title='Brigitte Bardot: Der Star, der B\u00fazios auf die Landkarte brachte'><img decoding=\"async\" width=\"495\" height=\"400\" src=\"https:\/\/buzios-vibe.com\/wp-content\/uploads\/2023\/08\/brigitte_bardot_statue_buzios_brazil_travel_blog-495x400.png\" class=\"wp-image-2704 avia-img-lazy-loading-not-2704 attachment-portfolio size-portfolio wp-post-image\" alt=\"\" srcset=\"https:\/\/buzios-vibe.com\/wp-content\/uploads\/2023\/08\/brigitte_bardot_statue_buzios_brazil_travel_blog-495x400.png 495w, https:\/\/buzios-vibe.com\/wp-content\/uploads\/2023\/08\/brigitte_bardot_statue_buzios_brazil_travel_blog-845x684.png 845w\" sizes=\"(max-width: 495px) 100vw, 495px\" \/><\/a><div class=\"slide-content\"><header class=\"entry-content-header\"><span class=\"blog-categories minor-meta\"><a href=\"https:\/\/buzios-vibe.com\/de\/category\/kultur-geschichte-in-buzios-brasilien\" rel=\"tag\">Kultur &amp; Geschichte in B\u00fazios, Brasilien<\/a>  <\/span><h3 class='slide-entry-title entry-title '  itemprop=\"headline\" ><a href='https:\/\/buzios-vibe.com\/de\/brigitte-bardot-der-star-der-buzios-auf-die-landkarte-brachte' title='Brigitte Bardot: Der Star, der B\u00fazios auf die Landkarte brachte'>Brigitte Bardot: Der Star, der B\u00fazios auf die Landkarte brachte<\/a><\/h3><span class=\"av-vertical-delimiter\"><\/span><\/header><div class='slide-entry-excerpt entry-content'  itemprop=\"text\" >\nIn den 1960er Jahren verwandelte ein Besuch der franz\u00f6sischen Schauspielerin Brigitte Bardot das verschlafene Fischerdorf Arma\u00e7\u00e3o dos B\u00fazios in Brasilien in einen internationalen Touristen-Hotspot. Bardots Anziehungskraft beschr\u00e4nkte sich\u2026<div class=\"read-more-link\"><a href=\"https:\/\/buzios-vibe.com\/de\/brigitte-bardot-der-star-der-buzios-auf-die-landkarte-brachte\" class=\"more-link\">Weiterlesen<span class=\"more-link-arrow\"><\/span><\/a><\/div><\/div><\/div><footer class=\"entry-footer\"><div class=\"slide-meta\"><time class='slide-meta-time updated'  itemprop=\"datePublished\" datetime=\"2023-08-31T10:46:11-03:00\" >August 31, 2023<\/time><div class=\"slide-meta-del\">\/<\/div><div class=\"slide-meta-comments\"><a href='https:\/\/buzios-vibe.com\/de\/brigitte-bardot-der-star-der-buzios-auf-die-landkarte-brachte#respond'>0 Kommentare<\/a><\/div><\/div><\/footer><span class='hidden'>\n\t\t\t\t<span class='av-structured-data'  itemprop=\"image\" itemscope=\"itemscope\" itemtype=\"https:\/\/schema.org\/ImageObject\" >\n\t\t\t\t\t\t<span itemprop='url'>https:\/\/buzios-vibe.com\/wp-content\/uploads\/2023\/08\/brigitte_bardot_statue_buzios_brazil_travel_blog.png<\/span>\n\t\t\t\t\t\t<span itemprop='height'>3024<\/span>\n\t\t\t\t\t\t<span itemprop='width'>4032<\/span>\n\t\t\t\t<\/span>\n\t\t\t\t<span class='av-structured-data'  itemprop=\"publisher\" itemtype=\"https:\/\/schema.org\/Organization\" itemscope=\"itemscope\" >\n\t\t\t\t\t\t<span itemprop='name'>Marrai<\/span>\n\t\t\t\t\t\t<span itemprop='logo' itemscope itemtype='https:\/\/schema.org\/ImageObject'>\n\t\t\t\t\t\t\t<span itemprop='url'>https:\/\/buzios-vibe.com\/wp-content\/uploads\/2023\/04\/cropped-Buzios_Vibe_Logo-300x100.png<\/span>\n\t\t\t\t\t\t<\/span>\n\t\t\t\t<\/span><span class='av-structured-data'  itemprop=\"author\" itemscope=\"itemscope\" itemtype=\"https:\/\/schema.org\/Person\" ><span itemprop='name'>Marrai<\/span><\/span><span class='av-structured-data'  itemprop=\"datePublished\" datetime=\"2023-09-05T11:10:12-03:00\" >2023-08-31 10:46:11<\/span><span class='av-structured-data'  itemprop=\"dateModified\" itemtype=\"https:\/\/schema.org\/dateModified\" >2024-11-15 15:28:00<\/span><span class='av-structured-data'  itemprop=\"mainEntityOfPage\" itemtype=\"https:\/\/schema.org\/mainEntityOfPage\" ><span itemprop='name'>Brigitte Bardot: Der Star, der B\u00fazios auf die Landkarte brachte<\/span><\/span><\/span><\/article><article class='slide-entry flex_column  post-entry post-entry-3220 slide-entry-overview slide-loop-3 slide-parity-odd  post-entry-last  av_one_third  real-thumbnail posttype-post post-format-standard'  itemscope=\"itemscope\" itemtype=\"https:\/\/schema.org\/CreativeWork\" ><a href='https:\/\/buzios-vibe.com\/de\/die-faszinierende-geschichte-von-buzios-vom-fischerdorf-zum-glamouroesen-ferienort' data-rel='slide-1' class='slide-image' title='Die faszinierende Geschichte von B\u00fazios: Vom Fischerdorf zum glamour\u00f6sen Ferienort'><img decoding=\"async\" width=\"495\" height=\"400\" src=\"https:\/\/buzios-vibe.com\/wp-content\/uploads\/2023\/09\/tres_pescadores_buzios_brazil_travel_blog-495x400.png\" class=\"wp-image-2734 avia-img-lazy-loading-not-2734 attachment-portfolio size-portfolio wp-post-image\" alt=\"\" srcset=\"https:\/\/buzios-vibe.com\/wp-content\/uploads\/2023\/09\/tres_pescadores_buzios_brazil_travel_blog-495x400.png 495w, https:\/\/buzios-vibe.com\/wp-content\/uploads\/2023\/09\/tres_pescadores_buzios_brazil_travel_blog-845x684.png 845w\" sizes=\"(max-width: 495px) 100vw, 495px\" \/><\/a><div class=\"slide-content\"><header class=\"entry-content-header\"><span class=\"blog-categories minor-meta\"><a href=\"https:\/\/buzios-vibe.com\/de\/category\/kultur-geschichte-in-buzios-brasilien\" rel=\"tag\">Kultur &amp; Geschichte in B\u00fazios, Brasilien<\/a>  <\/span><h3 class='slide-entry-title entry-title '  itemprop=\"headline\" ><a href='https:\/\/buzios-vibe.com\/de\/die-faszinierende-geschichte-von-buzios-vom-fischerdorf-zum-glamouroesen-ferienort' title='Die faszinierende Geschichte von B\u00fazios: Vom Fischerdorf zum glamour\u00f6sen Ferienort'>Die faszinierende Geschichte von B\u00fazios: Vom Fischerdorf zum glamour\u00f6sen Ferienort<\/a><\/h3><span class=\"av-vertical-delimiter\"><\/span><\/header><div class='slide-entry-excerpt entry-content'  itemprop=\"text\" >\nArma\u00e7\u00e3o dos B\u00fazios, allgemein bekannt als B\u00fazios, ist heute als eines der wichtigsten Reiseziele Brasiliens bekannt, ber\u00fchmt f\u00fcr seine sch\u00f6nen Str\u00e4nde, gehobenen Resorts und sein pulsierendes Nachtleben. Doch die Geschichte dieses Ferienortes\u2026<div class=\"read-more-link\"><a href=\"https:\/\/buzios-vibe.com\/de\/die-faszinierende-geschichte-von-buzios-vom-fischerdorf-zum-glamouroesen-ferienort\" class=\"more-link\">Weiterlesen<span class=\"more-link-arrow\"><\/span><\/a><\/div><\/div><\/div><footer class=\"entry-footer\"><div class=\"slide-meta\"><time class='slide-meta-time updated'  itemprop=\"datePublished\" datetime=\"2023-08-29T09:40:39-03:00\" >August 29, 2023<\/time><div class=\"slide-meta-del\">\/<\/div><div class=\"slide-meta-comments\"><a href='https:\/\/buzios-vibe.com\/de\/die-faszinierende-geschichte-von-buzios-vom-fischerdorf-zum-glamouroesen-ferienort#respond'>0 Kommentare<\/a><\/div><\/div><\/footer><span class='hidden'>\n\t\t\t\t<span class='av-structured-data'  itemprop=\"image\" itemscope=\"itemscope\" itemtype=\"https:\/\/schema.org\/ImageObject\" >\n\t\t\t\t\t\t<span itemprop='url'>https:\/\/buzios-vibe.com\/wp-content\/uploads\/2023\/09\/tres_pescadores_buzios_brazil_travel_blog.png<\/span>\n\t\t\t\t\t\t<span itemprop='height'>3024<\/span>\n\t\t\t\t\t\t<span itemprop='width'>4032<\/span>\n\t\t\t\t<\/span>\n\t\t\t\t<span class='av-structured-data'  itemprop=\"publisher\" itemtype=\"https:\/\/schema.org\/Organization\" itemscope=\"itemscope\" >\n\t\t\t\t\t\t<span itemprop='name'>Marrai<\/span>\n\t\t\t\t\t\t<span itemprop='logo' itemscope itemtype='https:\/\/schema.org\/ImageObject'>\n\t\t\t\t\t\t\t<span itemprop='url'>https:\/\/buzios-vibe.com\/wp-content\/uploads\/2023\/04\/cropped-Buzios_Vibe_Logo-300x100.png<\/span>\n\t\t\t\t\t\t<\/span>\n\t\t\t\t<\/span><span class='av-structured-data'  itemprop=\"author\" itemscope=\"itemscope\" itemtype=\"https:\/\/schema.org\/Person\" ><span itemprop='name'>Marrai<\/span><\/span><span class='av-structured-data'  itemprop=\"datePublished\" datetime=\"2023-09-05T11:10:12-03:00\" >2023-08-29 09:40:39<\/span><span class='av-structured-data'  itemprop=\"dateModified\" itemtype=\"https:\/\/schema.org\/dateModified\" >2024-11-15 15:15:42<\/span><span class='av-structured-data'  itemprop=\"mainEntityOfPage\" itemtype=\"https:\/\/schema.org\/mainEntityOfPage\" ><span itemprop='name'>Die faszinierende Geschichte von B\u00fazios: Vom Fischerdorf zum glamour\u00f6sen Ferienort<\/span><\/span><\/span><\/article><\/div><\/div><\/div><br \/>\n<br \/>\n<br \/>\n<br \/>\n<\/p><\/div>\n","protected":false},"excerpt":{"rendered":"","protected":false},"author":1,"featured_media":0,"parent":0,"menu_order":0,"comment_status":"closed","ping_status":"closed","template":"","meta":{"footnotes":""},"class_list":["post-3069","page","type-page","status-publish","hentry"],"yoast_head":"<!-- This site is optimized with the Yoast SEO plugin v25.7 - https:\/\/yoast.com\/wordpress\/plugins\/seo\/ -->\n<title>B\u00fazios Kultur und Geschichte: Entdecken Sie das Herz dieses brasilianischen Dorfes<\/title>\n<meta name=\"description\" content=\"Eine Reise durch die reiche Geschichte und lebendige Kultur von B\u00fazios. Erkunden Sie Sehensw\u00fcrdigkeiten, tauchen Sie ein in kulturelle Einfl\u00fcsse, sch\u00e4tzen Sie die lokale Kunst und vieles mehr. Vom indigenen Erbe bis zum Einfluss von Brigitte Bardot erhalten Sie einen umfassenden \u00dcberblick \u00fcber das, was B\u00fazios so besonders macht.\" \/>\n<meta name=\"robots\" content=\"index, follow, max-snippet:-1, max-image-preview:large, max-video-preview:-1\" \/>\n<link rel=\"canonical\" href=\"https:\/\/buzios-vibe.com\/de\/kultur-und-geschichte\" \/>\n<meta property=\"og:locale\" content=\"de_DE\" \/>\n<meta property=\"og:type\" content=\"article\" \/>\n<meta property=\"og:title\" content=\"B\u00fazios Kultur und Geschichte: Entdecken Sie das Herz dieses brasilianischen Dorfes\" \/>\n<meta property=\"og:description\" content=\"Eine Reise durch die reiche Geschichte und lebendige Kultur von B\u00fazios. Erkunden Sie Sehensw\u00fcrdigkeiten, tauchen Sie ein in kulturelle Einfl\u00fcsse, sch\u00e4tzen Sie die lokale Kunst und vieles mehr. Vom indigenen Erbe bis zum Einfluss von Brigitte Bardot erhalten Sie einen umfassenden \u00dcberblick \u00fcber das, was B\u00fazios so besonders macht.\" \/>\n<meta property=\"og:url\" content=\"https:\/\/buzios-vibe.com\/de\/kultur-und-geschichte\" \/>\n<meta property=\"og:site_name\" content=\"Buzios Vibe - all you need to know about Buzios\" \/>\n<meta property=\"article:modified_time\" content=\"2023-10-17T15:25:54+00:00\" \/>\n<meta property=\"og:image\" content=\"https:\/\/buzios-vibe.com\/wp-content\/uploads\/2023\/10\/hotel_casas_brancas_buzios_brazil_travel_blog-1030x773.png\" \/>\n\t<meta property=\"og:image:width\" content=\"1030\" \/>\n\t<meta property=\"og:image:height\" content=\"773\" \/>\n\t<meta property=\"og:image:type\" content=\"image\/png\" \/>\n<meta name=\"twitter:card\" content=\"summary_large_image\" \/>\n<meta name=\"twitter:label1\" content=\"Gesch\u00e4tzte Lesezeit\" \/>\n\t<meta name=\"twitter:data1\" content=\"3\u00a0Minuten\" \/>\n<script type=\"application\/ld+json\" class=\"yoast-schema-graph\">{\"@context\":\"https:\/\/schema.org\",\"@graph\":[{\"@type\":\"WebPage\",\"@id\":\"https:\/\/buzios-vibe.com\/de\/kultur-und-geschichte\",\"url\":\"https:\/\/buzios-vibe.com\/de\/kultur-und-geschichte\",\"name\":\"B\u00fazios Kultur und Geschichte: Entdecken Sie das Herz dieses brasilianischen Dorfes\",\"isPartOf\":{\"@id\":\"https:\/\/buzios-vibe.com\/de#website\"},\"datePublished\":\"2023-09-05T14:10:12+00:00\",\"dateModified\":\"2023-10-17T15:25:54+00:00\",\"description\":\"Eine Reise durch die reiche Geschichte und lebendige Kultur von B\u00fazios. Erkunden Sie Sehensw\u00fcrdigkeiten, tauchen Sie ein in kulturelle Einfl\u00fcsse, sch\u00e4tzen Sie die lokale Kunst und vieles mehr. Vom indigenen Erbe bis zum Einfluss von Brigitte Bardot erhalten Sie einen umfassenden \u00dcberblick \u00fcber das, was B\u00fazios so besonders macht.\",\"breadcrumb\":{\"@id\":\"https:\/\/buzios-vibe.com\/de\/kultur-und-geschichte#breadcrumb\"},\"inLanguage\":\"de\",\"potentialAction\":[{\"@type\":\"ReadAction\",\"target\":[\"https:\/\/buzios-vibe.com\/de\/kultur-und-geschichte\"]}]},{\"@type\":\"BreadcrumbList\",\"@id\":\"https:\/\/buzios-vibe.com\/de\/kultur-und-geschichte#breadcrumb\",\"itemListElement\":[{\"@type\":\"ListItem\",\"position\":1,\"name\":\"Home\",\"item\":\"https:\/\/buzios-vibe.com\/de\"},{\"@type\":\"ListItem\",\"position\":2,\"name\":\"Kultur und Geschichte\"}]},{\"@type\":\"WebSite\",\"@id\":\"https:\/\/buzios-vibe.com\/de#website\",\"url\":\"https:\/\/buzios-vibe.com\/de\",\"name\":\"Buzios Vibe - all you need to know about Buzios\",\"description\":\"Buzios Vibe - all you need to know about Buzios\",\"potentialAction\":[{\"@type\":\"SearchAction\",\"target\":{\"@type\":\"EntryPoint\",\"urlTemplate\":\"https:\/\/buzios-vibe.com\/de?s={search_term_string}\"},\"query-input\":{\"@type\":\"PropertyValueSpecification\",\"valueRequired\":true,\"valueName\":\"search_term_string\"}}],\"inLanguage\":\"de\"}]}<\/script>\n<!-- \/ Yoast SEO plugin. -->","yoast_head_json":{"title":"B\u00fazios Kultur und Geschichte: Entdecken Sie das Herz dieses brasilianischen Dorfes","description":"Eine Reise durch die reiche Geschichte und lebendige Kultur von B\u00fazios. Erkunden Sie Sehensw\u00fcrdigkeiten, tauchen Sie ein in kulturelle Einfl\u00fcsse, sch\u00e4tzen Sie die lokale Kunst und vieles mehr. Vom indigenen Erbe bis zum Einfluss von Brigitte Bardot erhalten Sie einen umfassenden \u00dcberblick \u00fcber das, was B\u00fazios so besonders macht.","robots":{"index":"index","follow":"follow","max-snippet":"max-snippet:-1","max-image-preview":"max-image-preview:large","max-video-preview":"max-video-preview:-1"},"canonical":"https:\/\/buzios-vibe.com\/de\/kultur-und-geschichte","og_locale":"de_DE","og_type":"article","og_title":"B\u00fazios Kultur und Geschichte: Entdecken Sie das Herz dieses brasilianischen Dorfes","og_description":"Eine Reise durch die reiche Geschichte und lebendige Kultur von B\u00fazios. Erkunden Sie Sehensw\u00fcrdigkeiten, tauchen Sie ein in kulturelle Einfl\u00fcsse, sch\u00e4tzen Sie die lokale Kunst und vieles mehr. Vom indigenen Erbe bis zum Einfluss von Brigitte Bardot erhalten Sie einen umfassenden \u00dcberblick \u00fcber das, was B\u00fazios so besonders macht.","og_url":"https:\/\/buzios-vibe.com\/de\/kultur-und-geschichte","og_site_name":"Buzios Vibe - all you need to know about Buzios","article_modified_time":"2023-10-17T15:25:54+00:00","og_image":[{"width":1030,"height":773,"url":"https:\/\/buzios-vibe.com\/wp-content\/uploads\/2023\/10\/hotel_casas_brancas_buzios_brazil_travel_blog-1030x773.png","type":"image\/png"}],"twitter_card":"summary_large_image","twitter_misc":{"Gesch\u00e4tzte Lesezeit":"3\u00a0Minuten"},"schema":{"@context":"https:\/\/schema.org","@graph":[{"@type":"WebPage","@id":"https:\/\/buzios-vibe.com\/de\/kultur-und-geschichte","url":"https:\/\/buzios-vibe.com\/de\/kultur-und-geschichte","name":"B\u00fazios Kultur und Geschichte: Entdecken Sie das Herz dieses brasilianischen Dorfes","isPartOf":{"@id":"https:\/\/buzios-vibe.com\/de#website"},"datePublished":"2023-09-05T14:10:12+00:00","dateModified":"2023-10-17T15:25:54+00:00","description":"Eine Reise durch die reiche Geschichte und lebendige Kultur von B\u00fazios. Erkunden Sie Sehensw\u00fcrdigkeiten, tauchen Sie ein in kulturelle Einfl\u00fcsse, sch\u00e4tzen Sie die lokale Kunst und vieles mehr. Vom indigenen Erbe bis zum Einfluss von Brigitte Bardot erhalten Sie einen umfassenden \u00dcberblick \u00fcber das, was B\u00fazios so besonders macht.","breadcrumb":{"@id":"https:\/\/buzios-vibe.com\/de\/kultur-und-geschichte#breadcrumb"},"inLanguage":"de","potentialAction":[{"@type":"ReadAction","target":["https:\/\/buzios-vibe.com\/de\/kultur-und-geschichte"]}]},{"@type":"BreadcrumbList","@id":"https:\/\/buzios-vibe.com\/de\/kultur-und-geschichte#breadcrumb","itemListElement":[{"@type":"ListItem","position":1,"name":"Home","item":"https:\/\/buzios-vibe.com\/de"},{"@type":"ListItem","position":2,"name":"Kultur und Geschichte"}]},{"@type":"WebSite","@id":"https:\/\/buzios-vibe.com\/de#website","url":"https:\/\/buzios-vibe.com\/de","name":"Buzios Vibe - all you need to know about Buzios","description":"Buzios Vibe - all you need to know about Buzios","potentialAction":[{"@type":"SearchAction","target":{"@type":"EntryPoint","urlTemplate":"https:\/\/buzios-vibe.com\/de?s={search_term_string}"},"query-input":{"@type":"PropertyValueSpecification","valueRequired":true,"valueName":"search_term_string"}}],"inLanguage":"de"}]}},"_links":{"self":[{"href":"https:\/\/buzios-vibe.com\/de\/wp-json\/wp\/v2\/pages\/3069","targetHints":{"allow":["GET"]}}],"collection":[{"href":"https:\/\/buzios-vibe.com\/de\/wp-json\/wp\/v2\/pages"}],"about":[{"href":"https:\/\/buzios-vibe.com\/de\/wp-json\/wp\/v2\/types\/page"}],"author":[{"embeddable":true,"href":"https:\/\/buzios-vibe.com\/de\/wp-json\/wp\/v2\/users\/1"}],"replies":[{"embeddable":true,"href":"https:\/\/buzios-vibe.com\/de\/wp-json\/wp\/v2\/comments?post=3069"}],"version-history":[{"count":4,"href":"https:\/\/buzios-vibe.com\/de\/wp-json\/wp\/v2\/pages\/3069\/revisions"}],"predecessor-version":[{"id":3701,"href":"https:\/\/buzios-vibe.com\/de\/wp-json\/wp\/v2\/pages\/3069\/revisions\/3701"}],"wp:attachment":[{"href":"https:\/\/buzios-vibe.com\/de\/wp-json\/wp\/v2\/media?parent=3069"}],"curies":[{"name":"wp","href":"https:\/\/api.w.org\/{rel}","templated":true}]}}